{"id":71504,"date":"2023-06-23T13:28:09","date_gmt":"2023-06-23T11:28:09","guid":{"rendered":"https:\/\/l37.eu\/product\/street-dancer\/"},"modified":"2023-08-23T16:24:27","modified_gmt":"2023-08-23T14:24:27","slug":"street-dancer","status":"publish","type":"product","link":"https:\/\/l37.eu\/en\/product\/street-dancer\/","title":{"rendered":"STREET DANCER"},"content":{"rendered":"","protected":false},"excerpt":{"rendered":"","protected":false},"featured_media":71456,"comment_status":"closed","ping_status":"closed","template":"","meta":{"_acf_changed":false},"product_brand":[],"product_cat":[114],"product_tag":[],"class_list":{"0":"post-71504","1":"product","2":"type-product","3":"status-publish","4":"has-post-thumbnail","6":"product_cat-outlet","7":"pa_f4-wysokosccholewkidlarozmiar-48-en","8":"pa_kolor-niebieski-en","9":"pa_kolor-silver","10":"pa_material-jeans-en","11":"pa_material-skoranaturalna-en","12":"pa_material-skoralicowa-en","13":"pa_obwodcholewkidlarozmiaru37cm-21-en","14":"pa_podeszwa-tunis-rubber","15":"pa_podszewka-natural-leather","16":"pa_rodzaj-kozaki-en","17":"pa_size-36-en","18":"pa_size-37-en","19":"pa_size-38-en","20":"pa_size-39-en","21":"pa_size-40-en","22":"pa_size-41-en","23":"pa_tegosc-g-en","24":"pa_wysciolka-natural-leather","25":"pa_wysokoscobcasacm-10-en","26":"miinto-order","28":"first","29":"instock","30":"sale","31":"shipping-taxable","32":"purchasable","33":"product-type-variable"},"acf":[],"yoast_head":"<!-- This site is optimized with the Yoast SEO plugin v27.2 - https:\/\/yoast.com\/product\/yoast-seo-wordpress\/ -->\n<title>L37 - Niebieskie jeansowe kozaki STREET DANCER na szpilce<\/title>\n<meta name=\"description\" content=\"Kozaki do kolan STREET DANCER na szpilce. Wykonane z niebieskiego jeansu i srebrnej sk\u00f3ry licowej. Cholewka imituj\u0105ca nogawk\u0119 spodni - mocny trend sezonu!\" \/>\n<meta name=\"robots\" content=\"index, follow, max-snippet:-1, max-image-preview:large, max-video-preview:-1\" \/>\n<link rel=\"canonical\" href=\"https:\/\/l37.eu\/en\/product\/street-dancer\/\" \/>\n<meta property=\"og:locale\" content=\"en_US\" \/>\n<meta property=\"og:type\" content=\"article\" \/>\n<meta property=\"og:title\" content=\"L37 - Niebieskie jeansowe kozaki STREET DANCER na szpilce\" \/>\n<meta property=\"og:description\" content=\"Kozaki do kolan STREET DANCER na szpilce. Wykonane z niebieskiego jeansu i srebrnej sk\u00f3ry licowej. Cholewka imituj\u0105ca nogawk\u0119 spodni - mocny trend sezonu!\" \/>\n<meta property=\"og:url\" content=\"https:\/\/l37.eu\/en\/product\/street-dancer\/\" \/>\n<meta property=\"og:site_name\" content=\"L37 Handmade Shoes\" \/>\n<meta property=\"article:publisher\" content=\"https:\/\/www.facebook.com\/L37.eu\/\" \/>\n<meta property=\"article:modified_time\" content=\"2023-08-23T14:24:27+00:00\" \/>\n<meta property=\"og:image\" content=\"https:\/\/l37.eu\/wp-content\/uploads\/2023\/06\/3-1-2.jpg\" \/>\n\t<meta property=\"og:image:width\" content=\"1875\" \/>\n\t<meta property=\"og:image:height\" content=\"2500\" \/>\n\t<meta property=\"og:image:type\" content=\"image\/jpeg\" \/>\n<meta name=\"twitter:card\" content=\"summary_large_image\" \/>\n<script type=\"application\/ld+json\" class=\"yoast-schema-graph\">{\"@context\":\"https:\/\/schema.org\",\"@graph\":[{\"@type\":\"WebPage\",\"@id\":\"https:\/\/l37.eu\/en\/product\/street-dancer\/\",\"url\":\"https:\/\/l37.eu\/en\/product\/street-dancer\/\",\"name\":\"L37 - Niebieskie jeansowe kozaki STREET DANCER na szpilce\",\"isPartOf\":{\"@id\":\"https:\/\/l37.eu\/#website\"},\"primaryImageOfPage\":{\"@id\":\"https:\/\/l37.eu\/en\/product\/street-dancer\/#primaryimage\"},\"image\":{\"@id\":\"https:\/\/l37.eu\/en\/product\/street-dancer\/#primaryimage\"},\"thumbnailUrl\":\"https:\/\/l37.eu\/wp-content\/uploads\/2023\/06\/3-1-2.jpg\",\"datePublished\":\"2023-06-23T11:28:09+00:00\",\"dateModified\":\"2023-08-23T14:24:27+00:00\",\"description\":\"Kozaki do kolan STREET DANCER na szpilce. Wykonane z niebieskiego jeansu i srebrnej sk\u00f3ry licowej. Cholewka imituj\u0105ca nogawk\u0119 spodni - mocny trend sezonu!\",\"breadcrumb\":{\"@id\":\"https:\/\/l37.eu\/en\/product\/street-dancer\/#breadcrumb\"},\"inLanguage\":\"en-US\",\"potentialAction\":[{\"@type\":\"ReadAction\",\"target\":[\"https:\/\/l37.eu\/en\/product\/street-dancer\/\"]}]},{\"@type\":\"ImageObject\",\"inLanguage\":\"en-US\",\"@id\":\"https:\/\/l37.eu\/en\/product\/street-dancer\/#primaryimage\",\"url\":\"https:\/\/l37.eu\/wp-content\/uploads\/2023\/06\/3-1-2.jpg\",\"contentUrl\":\"https:\/\/l37.eu\/wp-content\/uploads\/2023\/06\/3-1-2.jpg\",\"width\":1875,\"height\":2500},{\"@type\":\"BreadcrumbList\",\"@id\":\"https:\/\/l37.eu\/en\/product\/street-dancer\/#breadcrumb\",\"itemListElement\":[{\"@type\":\"ListItem\",\"position\":1,\"name\":\"Home\",\"item\":\"https:\/\/l37.eu\/en\/\"},{\"@type\":\"ListItem\",\"position\":2,\"name\":\"Produkty\",\"item\":\"https:\/\/l37.eu\/shop\/\"},{\"@type\":\"ListItem\",\"position\":3,\"name\":\"STREET DANCER\"}]},{\"@type\":\"WebSite\",\"@id\":\"https:\/\/l37.eu\/#website\",\"url\":\"https:\/\/l37.eu\/\",\"name\":\"L37 - polska marka obuwia i torebek sk\u00f3rzanych\",\"description\":\"Discover the harmony between style and comfort in the latest collection of L37 Handmade Shoes for the spring-summer 2024 season. Inspired by nature and modern trends, this collection offers original design and exceptional comfort, emphasizing your personality in every step.\",\"publisher\":{\"@id\":\"https:\/\/l37.eu\/#organization\"},\"alternateName\":\"L37 - obuwie i galanteria sk\u00f3rzana\",\"potentialAction\":[{\"@type\":\"SearchAction\",\"target\":{\"@type\":\"EntryPoint\",\"urlTemplate\":\"https:\/\/l37.eu\/?s={search_term_string}\"},\"query-input\":{\"@type\":\"PropertyValueSpecification\",\"valueRequired\":true,\"valueName\":\"search_term_string\"}}],\"inLanguage\":\"en-US\"},{\"@type\":\"Organization\",\"@id\":\"https:\/\/l37.eu\/#organization\",\"name\":\"L37 - polska marka obuwia i torebek sk\u00f3rzanych\",\"url\":\"https:\/\/l37.eu\/\",\"logo\":{\"@type\":\"ImageObject\",\"inLanguage\":\"en-US\",\"@id\":\"https:\/\/l37.eu\/#\/schema\/logo\/image\/\",\"url\":\"\",\"contentUrl\":\"\",\"caption\":\"L37 - polska marka obuwia i torebek sk\u00f3rzanych\"},\"image\":{\"@id\":\"https:\/\/l37.eu\/#\/schema\/logo\/image\/\"},\"sameAs\":[\"https:\/\/www.facebook.com\/L37.eu\/\",\"https:\/\/www.instagram.com\/l37_official\/\"]}]}<\/script>\n<!-- \/ Yoast SEO plugin. -->","yoast_head_json":{"title":"L37 - Niebieskie jeansowe kozaki STREET DANCER na szpilce","description":"Kozaki do kolan STREET DANCER na szpilce. Wykonane z niebieskiego jeansu i srebrnej sk\u00f3ry licowej. Cholewka imituj\u0105ca nogawk\u0119 spodni - mocny trend sezonu!","robots":{"index":"index","follow":"follow","max-snippet":"max-snippet:-1","max-image-preview":"max-image-preview:large","max-video-preview":"max-video-preview:-1"},"canonical":"https:\/\/l37.eu\/en\/product\/street-dancer\/","og_locale":"en_US","og_type":"article","og_title":"L37 - Niebieskie jeansowe kozaki STREET DANCER na szpilce","og_description":"Kozaki do kolan STREET DANCER na szpilce. Wykonane z niebieskiego jeansu i srebrnej sk\u00f3ry licowej. Cholewka imituj\u0105ca nogawk\u0119 spodni - mocny trend sezonu!","og_url":"https:\/\/l37.eu\/en\/product\/street-dancer\/","og_site_name":"L37 Handmade Shoes","article_publisher":"https:\/\/www.facebook.com\/L37.eu\/","article_modified_time":"2023-08-23T14:24:27+00:00","og_image":[{"width":1875,"height":2500,"url":"https:\/\/l37.eu\/wp-content\/uploads\/2023\/06\/3-1-2.jpg","type":"image\/jpeg"}],"twitter_card":"summary_large_image","schema":{"@context":"https:\/\/schema.org","@graph":[{"@type":"WebPage","@id":"https:\/\/l37.eu\/en\/product\/street-dancer\/","url":"https:\/\/l37.eu\/en\/product\/street-dancer\/","name":"L37 - Niebieskie jeansowe kozaki STREET DANCER na szpilce","isPartOf":{"@id":"https:\/\/l37.eu\/#website"},"primaryImageOfPage":{"@id":"https:\/\/l37.eu\/en\/product\/street-dancer\/#primaryimage"},"image":{"@id":"https:\/\/l37.eu\/en\/product\/street-dancer\/#primaryimage"},"thumbnailUrl":"https:\/\/l37.eu\/wp-content\/uploads\/2023\/06\/3-1-2.jpg","datePublished":"2023-06-23T11:28:09+00:00","dateModified":"2023-08-23T14:24:27+00:00","description":"Kozaki do kolan STREET DANCER na szpilce. Wykonane z niebieskiego jeansu i srebrnej sk\u00f3ry licowej. Cholewka imituj\u0105ca nogawk\u0119 spodni - mocny trend sezonu!","breadcrumb":{"@id":"https:\/\/l37.eu\/en\/product\/street-dancer\/#breadcrumb"},"inLanguage":"en-US","potentialAction":[{"@type":"ReadAction","target":["https:\/\/l37.eu\/en\/product\/street-dancer\/"]}]},{"@type":"ImageObject","inLanguage":"en-US","@id":"https:\/\/l37.eu\/en\/product\/street-dancer\/#primaryimage","url":"https:\/\/l37.eu\/wp-content\/uploads\/2023\/06\/3-1-2.jpg","contentUrl":"https:\/\/l37.eu\/wp-content\/uploads\/2023\/06\/3-1-2.jpg","width":1875,"height":2500},{"@type":"BreadcrumbList","@id":"https:\/\/l37.eu\/en\/product\/street-dancer\/#breadcrumb","itemListElement":[{"@type":"ListItem","position":1,"name":"Home","item":"https:\/\/l37.eu\/en\/"},{"@type":"ListItem","position":2,"name":"Produkty","item":"https:\/\/l37.eu\/shop\/"},{"@type":"ListItem","position":3,"name":"STREET DANCER"}]},{"@type":"WebSite","@id":"https:\/\/l37.eu\/#website","url":"https:\/\/l37.eu\/","name":"L37 - polska marka obuwia i torebek sk\u00f3rzanych","description":"Discover the harmony between style and comfort in the latest collection of L37 Handmade Shoes for the spring-summer 2024 season. Inspired by nature and modern trends, this collection offers original design and exceptional comfort, emphasizing your personality in every step.","publisher":{"@id":"https:\/\/l37.eu\/#organization"},"alternateName":"L37 - obuwie i galanteria sk\u00f3rzana","potentialAction":[{"@type":"SearchAction","target":{"@type":"EntryPoint","urlTemplate":"https:\/\/l37.eu\/?s={search_term_string}"},"query-input":{"@type":"PropertyValueSpecification","valueRequired":true,"valueName":"search_term_string"}}],"inLanguage":"en-US"},{"@type":"Organization","@id":"https:\/\/l37.eu\/#organization","name":"L37 - polska marka obuwia i torebek sk\u00f3rzanych","url":"https:\/\/l37.eu\/","logo":{"@type":"ImageObject","inLanguage":"en-US","@id":"https:\/\/l37.eu\/#\/schema\/logo\/image\/","url":"","contentUrl":"","caption":"L37 - polska marka obuwia i torebek sk\u00f3rzanych"},"image":{"@id":"https:\/\/l37.eu\/#\/schema\/logo\/image\/"},"sameAs":["https:\/\/www.facebook.com\/L37.eu\/","https:\/\/www.instagram.com\/l37_official\/"]}]}},"_links":{"self":[{"href":"https:\/\/l37.eu\/en\/wp-json\/wp\/v2\/product\/71504","targetHints":{"allow":["GET"]}}],"collection":[{"href":"https:\/\/l37.eu\/en\/wp-json\/wp\/v2\/product"}],"about":[{"href":"https:\/\/l37.eu\/en\/wp-json\/wp\/v2\/types\/product"}],"replies":[{"embeddable":true,"href":"https:\/\/l37.eu\/en\/wp-json\/wp\/v2\/comments?post=71504"}],"wp:featuredmedia":[{"embeddable":true,"href":"https:\/\/l37.eu\/en\/wp-json\/wp\/v2\/media\/71456"}],"wp:attachment":[{"href":"https:\/\/l37.eu\/en\/wp-json\/wp\/v2\/media?parent=71504"}],"wp:term":[{"taxonomy":"product_brand","embeddable":true,"href":"https:\/\/l37.eu\/en\/wp-json\/wp\/v2\/product_brand?post=71504"},{"taxonomy":"product_cat","embeddable":true,"href":"https:\/\/l37.eu\/en\/wp-json\/wp\/v2\/product_cat?post=71504"},{"taxonomy":"product_tag","embeddable":true,"href":"https:\/\/l37.eu\/en\/wp-json\/wp\/v2\/product_tag?post=71504"}],"curies":[{"name":"wp","href":"https:\/\/api.w.org\/{rel}","templated":true}]}}