{"id":559459,"date":"2026-05-07T13:11:39","date_gmt":"2026-05-07T11:11:39","guid":{"rendered":"https:\/\/l37.eu\/?post_type=product&#038;p=559459"},"modified":"2026-05-07T13:40:38","modified_gmt":"2026-05-07T11:40:38","slug":"true-colors-mini-kopia-kopia-kopia","status":"publish","type":"product","link":"https:\/\/l37.eu\/en\/product\/true-colors-mini-kopia-kopia-kopia\/","title":{"rendered":"BREATHTAKING"},"content":{"rendered":"","protected":false},"excerpt":{"rendered":"<p>Stunning pony hair handbag with a Bambi pattern<\/p>\n","protected":false},"featured_media":559510,"comment_status":"closed","ping_status":"closed","template":"","meta":{"_acf_changed":false},"product_brand":[],"product_cat":[52,3032],"product_tag":[],"class_list":{"0":"post-559459","1":"product","2":"type-product","3":"status-publish","4":"has-post-thumbnail","6":"product_cat-bags-en","7":"product_cat-spring-summer-2026","8":"pa_glebokosc-12cm-en","9":"pa_kolor-beige-en","10":"pa_material-cowhide-rug","11":"pa_material-skoranaturalna-en","12":"pa_raczka-56cm-en","13":"pa_rodzaj-bag","14":"pa_szerokosc-28cm-en","15":"pa_wysokosc-39-cm-en","16":"miinto-order","18":"first","19":"outofstock","20":"shipping-taxable","21":"purchasable","22":"product-type-simple"},"acf":[],"yoast_head":"<!-- This site is optimized with the Yoast SEO plugin v27.5 - https:\/\/yoast.com\/product\/yoast-seo-wordpress\/ -->\n<title>BREATHTAKING - BAG - beige<\/title>\n<meta name=\"description\" content=\"BAG - BREATHTAKING - beige od L37 - polskiej marki galanterii sk\u00f3rzanej, kt\u00f3ra \u0142\u0105czy klasyczn\u0105 estetyk\u0119 z nowoczesnym podej\u015bciem do mody.\" \/>\n<meta name=\"robots\" content=\"index, follow, max-snippet:-1, max-image-preview:large, max-video-preview:-1\" \/>\n<link rel=\"canonical\" href=\"https:\/\/l37.eu\/en\/product\/true-colors-mini-kopia-kopia-kopia\/\" \/>\n<meta property=\"og:locale\" content=\"en_US\" \/>\n<meta property=\"og:type\" content=\"article\" \/>\n<meta property=\"og:title\" content=\"BREATHTAKING - BAG - beige\" \/>\n<meta property=\"og:description\" content=\"BAG - BREATHTAKING - beige od L37 - polskiej marki galanterii sk\u00f3rzanej, kt\u00f3ra \u0142\u0105czy klasyczn\u0105 estetyk\u0119 z nowoczesnym podej\u015bciem do mody.\" \/>\n<meta property=\"og:url\" content=\"https:\/\/l37.eu\/en\/product\/true-colors-mini-kopia-kopia-kopia\/\" \/>\n<meta property=\"og:site_name\" content=\"L37 Handmade Shoes\" \/>\n<meta property=\"article:publisher\" content=\"https:\/\/www.facebook.com\/L37.eu\/\" \/>\n<meta property=\"article:modified_time\" content=\"2026-05-07T11:40:38+00:00\" \/>\n<meta property=\"og:image\" content=\"https:\/\/l37.eu\/wp-content\/uploads\/2026\/04\/unnamed-5.jpg\" \/>\n\t<meta property=\"og:image:width\" content=\"500\" \/>\n\t<meta property=\"og:image:height\" content=\"250\" \/>\n\t<meta property=\"og:image:type\" content=\"image\/jpeg\" \/>\n<meta name=\"twitter:card\" content=\"summary_large_image\" \/>\n<script type=\"application\/ld+json\" class=\"yoast-schema-graph\">{\"@context\":\"https:\\\/\\\/schema.org\",\"@graph\":[{\"@type\":\"WebPage\",\"@id\":\"https:\\\/\\\/l37.eu\\\/en\\\/product\\\/true-colors-mini-kopia-kopia-kopia\\\/\",\"url\":\"https:\\\/\\\/l37.eu\\\/en\\\/product\\\/true-colors-mini-kopia-kopia-kopia\\\/\",\"name\":\"BREATHTAKING - BAG - beige\",\"isPartOf\":{\"@id\":\"https:\\\/\\\/l37.eu\\\/#website\"},\"primaryImageOfPage\":{\"@id\":\"https:\\\/\\\/l37.eu\\\/en\\\/product\\\/true-colors-mini-kopia-kopia-kopia\\\/#primaryimage\"},\"image\":{\"@id\":\"https:\\\/\\\/l37.eu\\\/en\\\/product\\\/true-colors-mini-kopia-kopia-kopia\\\/#primaryimage\"},\"thumbnailUrl\":\"https:\\\/\\\/l37.eu\\\/wp-content\\\/uploads\\\/2026\\\/05\\\/b2.webp\",\"datePublished\":\"2026-05-07T11:11:39+00:00\",\"dateModified\":\"2026-05-07T11:40:38+00:00\",\"description\":\"BAG - BREATHTAKING - beige od L37 - polskiej marki galanterii sk\u00f3rzanej, kt\u00f3ra \u0142\u0105czy klasyczn\u0105 estetyk\u0119 z nowoczesnym podej\u015bciem do mody.\",\"breadcrumb\":{\"@id\":\"https:\\\/\\\/l37.eu\\\/en\\\/product\\\/true-colors-mini-kopia-kopia-kopia\\\/#breadcrumb\"},\"inLanguage\":\"en-US\",\"potentialAction\":[{\"@type\":\"ReadAction\",\"target\":[\"https:\\\/\\\/l37.eu\\\/en\\\/product\\\/true-colors-mini-kopia-kopia-kopia\\\/\"]}]},{\"@type\":\"ImageObject\",\"inLanguage\":\"en-US\",\"@id\":\"https:\\\/\\\/l37.eu\\\/en\\\/product\\\/true-colors-mini-kopia-kopia-kopia\\\/#primaryimage\",\"url\":\"https:\\\/\\\/l37.eu\\\/wp-content\\\/uploads\\\/2026\\\/05\\\/b2.webp\",\"contentUrl\":\"https:\\\/\\\/l37.eu\\\/wp-content\\\/uploads\\\/2026\\\/05\\\/b2.webp\",\"width\":1792,\"height\":2400},{\"@type\":\"BreadcrumbList\",\"@id\":\"https:\\\/\\\/l37.eu\\\/en\\\/product\\\/true-colors-mini-kopia-kopia-kopia\\\/#breadcrumb\",\"itemListElement\":[{\"@type\":\"ListItem\",\"position\":1,\"name\":\"Home\",\"item\":\"https:\\\/\\\/l37.eu\\\/en\\\/\"},{\"@type\":\"ListItem\",\"position\":2,\"name\":\"Produkty\",\"item\":\"https:\\\/\\\/l37.eu\\\/shop\\\/\"},{\"@type\":\"ListItem\",\"position\":3,\"name\":\"BREATHTAKING\"}]},{\"@type\":\"WebSite\",\"@id\":\"https:\\\/\\\/l37.eu\\\/#website\",\"url\":\"https:\\\/\\\/l37.eu\\\/\",\"name\":\"L37 - polska marka obuwia i torebek sk\u00f3rzanych\",\"description\":\"Discover the harmony between style and comfort in the latest collection of L37 Handmade Shoes for the spring-summer 2024 season. Inspired by nature and modern trends, this collection offers original design and exceptional comfort, emphasizing your personality in every step.\",\"publisher\":{\"@id\":\"https:\\\/\\\/l37.eu\\\/#organization\"},\"alternateName\":\"L37 - obuwie i galanteria sk\u00f3rzana\",\"potentialAction\":[{\"@type\":\"SearchAction\",\"target\":{\"@type\":\"EntryPoint\",\"urlTemplate\":\"https:\\\/\\\/l37.eu\\\/?s={search_term_string}\"},\"query-input\":{\"@type\":\"PropertyValueSpecification\",\"valueRequired\":true,\"valueName\":\"search_term_string\"}}],\"inLanguage\":\"en-US\"},{\"@type\":\"Organization\",\"@id\":\"https:\\\/\\\/l37.eu\\\/#organization\",\"name\":\"L37 - polska marka obuwia i torebek sk\u00f3rzanych\",\"url\":\"https:\\\/\\\/l37.eu\\\/\",\"logo\":{\"@type\":\"ImageObject\",\"inLanguage\":\"en-US\",\"@id\":\"https:\\\/\\\/l37.eu\\\/#\\\/schema\\\/logo\\\/image\\\/\",\"url\":\"\",\"contentUrl\":\"\",\"caption\":\"L37 - polska marka obuwia i torebek sk\u00f3rzanych\"},\"image\":{\"@id\":\"https:\\\/\\\/l37.eu\\\/#\\\/schema\\\/logo\\\/image\\\/\"},\"sameAs\":[\"https:\\\/\\\/www.facebook.com\\\/L37.eu\\\/\",\"https:\\\/\\\/www.instagram.com\\\/l37_official\\\/\"]}]}<\/script>\n<!-- \/ Yoast SEO plugin. -->","yoast_head_json":{"title":"BREATHTAKING - BAG - beige","description":"BAG - BREATHTAKING - beige od L37 - polskiej marki galanterii sk\u00f3rzanej, kt\u00f3ra \u0142\u0105czy klasyczn\u0105 estetyk\u0119 z nowoczesnym podej\u015bciem do mody.","robots":{"index":"index","follow":"follow","max-snippet":"max-snippet:-1","max-image-preview":"max-image-preview:large","max-video-preview":"max-video-preview:-1"},"canonical":"https:\/\/l37.eu\/en\/product\/true-colors-mini-kopia-kopia-kopia\/","og_locale":"en_US","og_type":"article","og_title":"BREATHTAKING - BAG - beige","og_description":"BAG - BREATHTAKING - beige od L37 - polskiej marki galanterii sk\u00f3rzanej, kt\u00f3ra \u0142\u0105czy klasyczn\u0105 estetyk\u0119 z nowoczesnym podej\u015bciem do mody.","og_url":"https:\/\/l37.eu\/en\/product\/true-colors-mini-kopia-kopia-kopia\/","og_site_name":"L37 Handmade Shoes","article_publisher":"https:\/\/www.facebook.com\/L37.eu\/","article_modified_time":"2026-05-07T11:40:38+00:00","og_image":[{"width":500,"height":250,"url":"https:\/\/l37.eu\/wp-content\/uploads\/2026\/04\/unnamed-5.jpg","type":"image\/jpeg"}],"twitter_card":"summary_large_image","schema":{"@context":"https:\/\/schema.org","@graph":[{"@type":"WebPage","@id":"https:\/\/l37.eu\/en\/product\/true-colors-mini-kopia-kopia-kopia\/","url":"https:\/\/l37.eu\/en\/product\/true-colors-mini-kopia-kopia-kopia\/","name":"BREATHTAKING - BAG - beige","isPartOf":{"@id":"https:\/\/l37.eu\/#website"},"primaryImageOfPage":{"@id":"https:\/\/l37.eu\/en\/product\/true-colors-mini-kopia-kopia-kopia\/#primaryimage"},"image":{"@id":"https:\/\/l37.eu\/en\/product\/true-colors-mini-kopia-kopia-kopia\/#primaryimage"},"thumbnailUrl":"https:\/\/l37.eu\/wp-content\/uploads\/2026\/05\/b2.webp","datePublished":"2026-05-07T11:11:39+00:00","dateModified":"2026-05-07T11:40:38+00:00","description":"BAG - BREATHTAKING - beige od L37 - polskiej marki galanterii sk\u00f3rzanej, kt\u00f3ra \u0142\u0105czy klasyczn\u0105 estetyk\u0119 z nowoczesnym podej\u015bciem do mody.","breadcrumb":{"@id":"https:\/\/l37.eu\/en\/product\/true-colors-mini-kopia-kopia-kopia\/#breadcrumb"},"inLanguage":"en-US","potentialAction":[{"@type":"ReadAction","target":["https:\/\/l37.eu\/en\/product\/true-colors-mini-kopia-kopia-kopia\/"]}]},{"@type":"ImageObject","inLanguage":"en-US","@id":"https:\/\/l37.eu\/en\/product\/true-colors-mini-kopia-kopia-kopia\/#primaryimage","url":"https:\/\/l37.eu\/wp-content\/uploads\/2026\/05\/b2.webp","contentUrl":"https:\/\/l37.eu\/wp-content\/uploads\/2026\/05\/b2.webp","width":1792,"height":2400},{"@type":"BreadcrumbList","@id":"https:\/\/l37.eu\/en\/product\/true-colors-mini-kopia-kopia-kopia\/#breadcrumb","itemListElement":[{"@type":"ListItem","position":1,"name":"Home","item":"https:\/\/l37.eu\/en\/"},{"@type":"ListItem","position":2,"name":"Produkty","item":"https:\/\/l37.eu\/shop\/"},{"@type":"ListItem","position":3,"name":"BREATHTAKING"}]},{"@type":"WebSite","@id":"https:\/\/l37.eu\/#website","url":"https:\/\/l37.eu\/","name":"L37 - polska marka obuwia i torebek sk\u00f3rzanych","description":"Discover the harmony between style and comfort in the latest collection of L37 Handmade Shoes for the spring-summer 2024 season. Inspired by nature and modern trends, this collection offers original design and exceptional comfort, emphasizing your personality in every step.","publisher":{"@id":"https:\/\/l37.eu\/#organization"},"alternateName":"L37 - obuwie i galanteria sk\u00f3rzana","potentialAction":[{"@type":"SearchAction","target":{"@type":"EntryPoint","urlTemplate":"https:\/\/l37.eu\/?s={search_term_string}"},"query-input":{"@type":"PropertyValueSpecification","valueRequired":true,"valueName":"search_term_string"}}],"inLanguage":"en-US"},{"@type":"Organization","@id":"https:\/\/l37.eu\/#organization","name":"L37 - polska marka obuwia i torebek sk\u00f3rzanych","url":"https:\/\/l37.eu\/","logo":{"@type":"ImageObject","inLanguage":"en-US","@id":"https:\/\/l37.eu\/#\/schema\/logo\/image\/","url":"","contentUrl":"","caption":"L37 - polska marka obuwia i torebek sk\u00f3rzanych"},"image":{"@id":"https:\/\/l37.eu\/#\/schema\/logo\/image\/"},"sameAs":["https:\/\/www.facebook.com\/L37.eu\/","https:\/\/www.instagram.com\/l37_official\/"]}]}},"_links":{"self":[{"href":"https:\/\/l37.eu\/en\/wp-json\/wp\/v2\/product\/559459","targetHints":{"allow":["GET"]}}],"collection":[{"href":"https:\/\/l37.eu\/en\/wp-json\/wp\/v2\/product"}],"about":[{"href":"https:\/\/l37.eu\/en\/wp-json\/wp\/v2\/types\/product"}],"replies":[{"embeddable":true,"href":"https:\/\/l37.eu\/en\/wp-json\/wp\/v2\/comments?post=559459"}],"wp:featuredmedia":[{"embeddable":true,"href":"https:\/\/l37.eu\/en\/wp-json\/wp\/v2\/media\/559510"}],"wp:attachment":[{"href":"https:\/\/l37.eu\/en\/wp-json\/wp\/v2\/media?parent=559459"}],"wp:term":[{"taxonomy":"product_brand","embeddable":true,"href":"https:\/\/l37.eu\/en\/wp-json\/wp\/v2\/product_brand?post=559459"},{"taxonomy":"product_cat","embeddable":true,"href":"https:\/\/l37.eu\/en\/wp-json\/wp\/v2\/product_cat?post=559459"},{"taxonomy":"product_tag","embeddable":true,"href":"https:\/\/l37.eu\/en\/wp-json\/wp\/v2\/product_tag?post=559459"}],"curies":[{"name":"wp","href":"https:\/\/api.w.org\/{rel}","templated":true}]}}