{"id":511458,"date":"2026-03-10T16:02:20","date_gmt":"2026-03-10T15:02:20","guid":{"rendered":"https:\/\/l37.eu\/product\/a-slow-dance-away\/"},"modified":"2026-03-10T16:02:20","modified_gmt":"2026-03-10T15:02:20","slug":"a-slow-dance-away","status":"publish","type":"product","link":"https:\/\/l37.eu\/en\/product\/a-slow-dance-away\/","title":{"rendered":"A SLOW DANCE AWAY"},"content":{"rendered":"<p data-path-to-node=\"0\"><b data-path-to-node=\"0\" data-index-in-node=\"0\">A SLOW DANCE AWAY &#8211; LEATHER SHOES IN OFF-WHITE<\/b><\/p>\n<p data-path-to-node=\"1\"><b data-path-to-node=\"1\" data-index-in-node=\"0\">LIGHTNESS OF STEP AND MINIMALIST FORM<\/b><\/p>\n<p data-path-to-node=\"2\">The <b data-path-to-node=\"2\" data-index-in-node=\"4\">A SLOW DANCE AWAY<\/b> model is a tribute to comfort and subtle design. These dance-inspired jazz shoes in off-white are an ideal proposition for women who value light, flexible, and timeless footwear.<\/p>\n<ul data-path-to-node=\"3\">\n<li>\n<p data-path-to-node=\"3,0,0\"><b data-path-to-node=\"3,0,0\" data-index-in-node=\"0\">Exceptionally Soft Natural Leather:<\/b> The upper is made of high-quality grain leather in an off-white shade, which adapts to the foot like a second skin.<\/p>\n<\/li>\n<li>\n<p data-path-to-node=\"3,1,0\"><b data-path-to-node=\"3,1,0\" data-index-in-node=\"0\">Classic Lacing:<\/b> Subtle two-eyelet binding allows for a perfect fit, giving the shoes a characteristic &#8220;jazzy&#8221; look.<\/p>\n<\/li>\n<li>\n<p data-path-to-node=\"3,2,0\"><b data-path-to-node=\"3,2,0\" data-index-in-node=\"0\">Sleek Silhouette:<\/b> An almond toe and minimalist upper line optically slim the foot while maintaining a modern profile.<\/p>\n<\/li>\n<li>\n<p data-path-to-node=\"3,3,0\"><b data-path-to-node=\"3,3,0\" data-index-in-node=\"0\">&#8220;Soft &amp; Flex&#8221; Construction:<\/b> A soft heel without stiff inserts ensures maximum comfort and eliminates the risk of chafing, making them the perfect shoes for long walks.<\/p>\n<\/li>\n<li>\n<p data-path-to-node=\"3,4,0\"><b data-path-to-node=\"3,4,0\" data-index-in-node=\"0\">Contrasting Sole:<\/b> A thin, black sole made of flexible material provides great grip and creates an elegant contrast with the light leather.<\/p>\n<\/li>\n<\/ul>\n","protected":false},"excerpt":{"rendered":"<p>LEATHER JAZZ-STYLE SHOES IN OFF-WHITE<\/p>\n","protected":false},"featured_media":510428,"comment_status":"closed","ping_status":"closed","template":"","meta":{"_acf_changed":false},"product_brand":[],"product_cat":[3032],"product_tag":[],"class_list":{"0":"post-511458","1":"product","2":"type-product","3":"status-publish","4":"has-post-thumbnail","6":"product_cat-spring-summer-2026","7":"pa_kolor-white-en-2","8":"pa_material-skoranaturalna-en","9":"pa_material-sheep-leather","10":"pa_material-skoralicowa-en","11":"pa_podeszwa-rubber","12":"pa_podszewka-natural-leather","13":"pa_rodzaj-plaskie-en","14":"pa_rodzaj-shoes","15":"pa_size-36-en","16":"pa_size-37-en","17":"pa_size-38-en","18":"pa_size-39-en","19":"pa_size-40-en","20":"pa_size-41-en","21":"pa_tegosc-g-en","22":"pa_wysciolka-natural-leather","23":"pa_wysokoscobcasacm-1-en","24":"miinto-order","26":"first","27":"instock","28":"shipping-taxable","29":"purchasable","30":"product-type-variable"},"acf":[],"yoast_head":"<!-- This site is optimized with the Yoast SEO plugin v27.2 - https:\/\/yoast.com\/product\/yoast-seo-wordpress\/ -->\n<title>A SLOW DANCE AWAY - FLATS, SHOES - white<\/title>\n<meta name=\"description\" content=\"FLATS, SHOES - A SLOW DANCE AWAY - white od L37 - polskiej marki galanterii sk\u00f3rzanej, kt\u00f3ra \u0142\u0105czy klasyczn\u0105 estetyk\u0119 z nowoczesnym podej\u015bciem do mody.\" \/>\n<meta name=\"robots\" content=\"index, follow, max-snippet:-1, max-image-preview:large, max-video-preview:-1\" \/>\n<link rel=\"canonical\" href=\"https:\/\/l37.eu\/en\/product\/a-slow-dance-away\/\" \/>\n<meta property=\"og:locale\" content=\"en_US\" \/>\n<meta property=\"og:type\" content=\"article\" \/>\n<meta property=\"og:title\" content=\"A SLOW DANCE AWAY - FLATS, SHOES - white\" \/>\n<meta property=\"og:description\" content=\"FLATS, SHOES - A SLOW DANCE AWAY - white od L37 - polskiej marki galanterii sk\u00f3rzanej, kt\u00f3ra \u0142\u0105czy klasyczn\u0105 estetyk\u0119 z nowoczesnym podej\u015bciem do mody.\" \/>\n<meta property=\"og:url\" content=\"https:\/\/l37.eu\/en\/product\/a-slow-dance-away\/\" \/>\n<meta property=\"og:site_name\" content=\"L37 Handmade Shoes\" \/>\n<meta property=\"article:publisher\" content=\"https:\/\/www.facebook.com\/L37.eu\/\" \/>\n<meta property=\"og:image\" content=\"https:\/\/l37.eu\/wp-content\/uploads\/2026\/03\/P_ASDA_OFFWHITE-1.webp\" \/>\n\t<meta property=\"og:image:width\" content=\"1875\" \/>\n\t<meta property=\"og:image:height\" content=\"2500\" \/>\n\t<meta property=\"og:image:type\" content=\"image\/webp\" \/>\n<meta name=\"twitter:card\" content=\"summary_large_image\" \/>\n<meta name=\"twitter:label1\" content=\"Est. reading time\" \/>\n\t<meta name=\"twitter:data1\" content=\"1 minute\" \/>\n<script type=\"application\/ld+json\" class=\"yoast-schema-graph\">{\"@context\":\"https:\/\/schema.org\",\"@graph\":[{\"@type\":\"WebPage\",\"@id\":\"https:\/\/l37.eu\/en\/product\/a-slow-dance-away\/\",\"url\":\"https:\/\/l37.eu\/en\/product\/a-slow-dance-away\/\",\"name\":\"A SLOW DANCE AWAY - FLATS, SHOES - white\",\"isPartOf\":{\"@id\":\"https:\/\/l37.eu\/#website\"},\"primaryImageOfPage\":{\"@id\":\"https:\/\/l37.eu\/en\/product\/a-slow-dance-away\/#primaryimage\"},\"image\":{\"@id\":\"https:\/\/l37.eu\/en\/product\/a-slow-dance-away\/#primaryimage\"},\"thumbnailUrl\":\"https:\/\/l37.eu\/wp-content\/uploads\/2026\/03\/P_ASDA_OFFWHITE-1.webp\",\"datePublished\":\"2026-03-10T15:02:20+00:00\",\"description\":\"FLATS, SHOES - A SLOW DANCE AWAY - white od L37 - polskiej marki galanterii sk\u00f3rzanej, kt\u00f3ra \u0142\u0105czy klasyczn\u0105 estetyk\u0119 z nowoczesnym podej\u015bciem do mody.\",\"breadcrumb\":{\"@id\":\"https:\/\/l37.eu\/en\/product\/a-slow-dance-away\/#breadcrumb\"},\"inLanguage\":\"en-US\",\"potentialAction\":[{\"@type\":\"ReadAction\",\"target\":[\"https:\/\/l37.eu\/en\/product\/a-slow-dance-away\/\"]}]},{\"@type\":\"ImageObject\",\"inLanguage\":\"en-US\",\"@id\":\"https:\/\/l37.eu\/en\/product\/a-slow-dance-away\/#primaryimage\",\"url\":\"https:\/\/l37.eu\/wp-content\/uploads\/2026\/03\/P_ASDA_OFFWHITE-1.webp\",\"contentUrl\":\"https:\/\/l37.eu\/wp-content\/uploads\/2026\/03\/P_ASDA_OFFWHITE-1.webp\",\"width\":1875,\"height\":2500},{\"@type\":\"BreadcrumbList\",\"@id\":\"https:\/\/l37.eu\/en\/product\/a-slow-dance-away\/#breadcrumb\",\"itemListElement\":[{\"@type\":\"ListItem\",\"position\":1,\"name\":\"Home\",\"item\":\"https:\/\/l37.eu\/en\/\"},{\"@type\":\"ListItem\",\"position\":2,\"name\":\"Produkty\",\"item\":\"https:\/\/l37.eu\/shop\/\"},{\"@type\":\"ListItem\",\"position\":3,\"name\":\"A SLOW DANCE AWAY\"}]},{\"@type\":\"WebSite\",\"@id\":\"https:\/\/l37.eu\/#website\",\"url\":\"https:\/\/l37.eu\/\",\"name\":\"L37 - polska marka obuwia i torebek sk\u00f3rzanych\",\"description\":\"Discover the harmony between style and comfort in the latest collection of L37 Handmade Shoes for the spring-summer 2024 season. Inspired by nature and modern trends, this collection offers original design and exceptional comfort, emphasizing your personality in every step.\",\"publisher\":{\"@id\":\"https:\/\/l37.eu\/#organization\"},\"alternateName\":\"L37 - obuwie i galanteria sk\u00f3rzana\",\"potentialAction\":[{\"@type\":\"SearchAction\",\"target\":{\"@type\":\"EntryPoint\",\"urlTemplate\":\"https:\/\/l37.eu\/?s={search_term_string}\"},\"query-input\":{\"@type\":\"PropertyValueSpecification\",\"valueRequired\":true,\"valueName\":\"search_term_string\"}}],\"inLanguage\":\"en-US\"},{\"@type\":\"Organization\",\"@id\":\"https:\/\/l37.eu\/#organization\",\"name\":\"L37 - polska marka obuwia i torebek sk\u00f3rzanych\",\"url\":\"https:\/\/l37.eu\/\",\"logo\":{\"@type\":\"ImageObject\",\"inLanguage\":\"en-US\",\"@id\":\"https:\/\/l37.eu\/#\/schema\/logo\/image\/\",\"url\":\"\",\"contentUrl\":\"\",\"caption\":\"L37 - polska marka obuwia i torebek sk\u00f3rzanych\"},\"image\":{\"@id\":\"https:\/\/l37.eu\/#\/schema\/logo\/image\/\"},\"sameAs\":[\"https:\/\/www.facebook.com\/L37.eu\/\",\"https:\/\/www.instagram.com\/l37_official\/\"]}]}<\/script>\n<!-- \/ Yoast SEO plugin. -->","yoast_head_json":{"title":"A SLOW DANCE AWAY - FLATS, SHOES - white","description":"FLATS, SHOES - A SLOW DANCE AWAY - white od L37 - polskiej marki galanterii sk\u00f3rzanej, kt\u00f3ra \u0142\u0105czy klasyczn\u0105 estetyk\u0119 z nowoczesnym podej\u015bciem do mody.","robots":{"index":"index","follow":"follow","max-snippet":"max-snippet:-1","max-image-preview":"max-image-preview:large","max-video-preview":"max-video-preview:-1"},"canonical":"https:\/\/l37.eu\/en\/product\/a-slow-dance-away\/","og_locale":"en_US","og_type":"article","og_title":"A SLOW DANCE AWAY - FLATS, SHOES - white","og_description":"FLATS, SHOES - A SLOW DANCE AWAY - white od L37 - polskiej marki galanterii sk\u00f3rzanej, kt\u00f3ra \u0142\u0105czy klasyczn\u0105 estetyk\u0119 z nowoczesnym podej\u015bciem do mody.","og_url":"https:\/\/l37.eu\/en\/product\/a-slow-dance-away\/","og_site_name":"L37 Handmade Shoes","article_publisher":"https:\/\/www.facebook.com\/L37.eu\/","og_image":[{"width":1875,"height":2500,"url":"https:\/\/l37.eu\/wp-content\/uploads\/2026\/03\/P_ASDA_OFFWHITE-1.webp","type":"image\/webp"}],"twitter_card":"summary_large_image","twitter_misc":{"Est. reading time":"1 minute"},"schema":{"@context":"https:\/\/schema.org","@graph":[{"@type":"WebPage","@id":"https:\/\/l37.eu\/en\/product\/a-slow-dance-away\/","url":"https:\/\/l37.eu\/en\/product\/a-slow-dance-away\/","name":"A SLOW DANCE AWAY - FLATS, SHOES - white","isPartOf":{"@id":"https:\/\/l37.eu\/#website"},"primaryImageOfPage":{"@id":"https:\/\/l37.eu\/en\/product\/a-slow-dance-away\/#primaryimage"},"image":{"@id":"https:\/\/l37.eu\/en\/product\/a-slow-dance-away\/#primaryimage"},"thumbnailUrl":"https:\/\/l37.eu\/wp-content\/uploads\/2026\/03\/P_ASDA_OFFWHITE-1.webp","datePublished":"2026-03-10T15:02:20+00:00","description":"FLATS, SHOES - A SLOW DANCE AWAY - white od L37 - polskiej marki galanterii sk\u00f3rzanej, kt\u00f3ra \u0142\u0105czy klasyczn\u0105 estetyk\u0119 z nowoczesnym podej\u015bciem do mody.","breadcrumb":{"@id":"https:\/\/l37.eu\/en\/product\/a-slow-dance-away\/#breadcrumb"},"inLanguage":"en-US","potentialAction":[{"@type":"ReadAction","target":["https:\/\/l37.eu\/en\/product\/a-slow-dance-away\/"]}]},{"@type":"ImageObject","inLanguage":"en-US","@id":"https:\/\/l37.eu\/en\/product\/a-slow-dance-away\/#primaryimage","url":"https:\/\/l37.eu\/wp-content\/uploads\/2026\/03\/P_ASDA_OFFWHITE-1.webp","contentUrl":"https:\/\/l37.eu\/wp-content\/uploads\/2026\/03\/P_ASDA_OFFWHITE-1.webp","width":1875,"height":2500},{"@type":"BreadcrumbList","@id":"https:\/\/l37.eu\/en\/product\/a-slow-dance-away\/#breadcrumb","itemListElement":[{"@type":"ListItem","position":1,"name":"Home","item":"https:\/\/l37.eu\/en\/"},{"@type":"ListItem","position":2,"name":"Produkty","item":"https:\/\/l37.eu\/shop\/"},{"@type":"ListItem","position":3,"name":"A SLOW DANCE AWAY"}]},{"@type":"WebSite","@id":"https:\/\/l37.eu\/#website","url":"https:\/\/l37.eu\/","name":"L37 - polska marka obuwia i torebek sk\u00f3rzanych","description":"Discover the harmony between style and comfort in the latest collection of L37 Handmade Shoes for the spring-summer 2024 season. Inspired by nature and modern trends, this collection offers original design and exceptional comfort, emphasizing your personality in every step.","publisher":{"@id":"https:\/\/l37.eu\/#organization"},"alternateName":"L37 - obuwie i galanteria sk\u00f3rzana","potentialAction":[{"@type":"SearchAction","target":{"@type":"EntryPoint","urlTemplate":"https:\/\/l37.eu\/?s={search_term_string}"},"query-input":{"@type":"PropertyValueSpecification","valueRequired":true,"valueName":"search_term_string"}}],"inLanguage":"en-US"},{"@type":"Organization","@id":"https:\/\/l37.eu\/#organization","name":"L37 - polska marka obuwia i torebek sk\u00f3rzanych","url":"https:\/\/l37.eu\/","logo":{"@type":"ImageObject","inLanguage":"en-US","@id":"https:\/\/l37.eu\/#\/schema\/logo\/image\/","url":"","contentUrl":"","caption":"L37 - polska marka obuwia i torebek sk\u00f3rzanych"},"image":{"@id":"https:\/\/l37.eu\/#\/schema\/logo\/image\/"},"sameAs":["https:\/\/www.facebook.com\/L37.eu\/","https:\/\/www.instagram.com\/l37_official\/"]}]}},"_links":{"self":[{"href":"https:\/\/l37.eu\/en\/wp-json\/wp\/v2\/product\/511458","targetHints":{"allow":["GET"]}}],"collection":[{"href":"https:\/\/l37.eu\/en\/wp-json\/wp\/v2\/product"}],"about":[{"href":"https:\/\/l37.eu\/en\/wp-json\/wp\/v2\/types\/product"}],"replies":[{"embeddable":true,"href":"https:\/\/l37.eu\/en\/wp-json\/wp\/v2\/comments?post=511458"}],"wp:featuredmedia":[{"embeddable":true,"href":"https:\/\/l37.eu\/en\/wp-json\/wp\/v2\/media\/510428"}],"wp:attachment":[{"href":"https:\/\/l37.eu\/en\/wp-json\/wp\/v2\/media?parent=511458"}],"wp:term":[{"taxonomy":"product_brand","embeddable":true,"href":"https:\/\/l37.eu\/en\/wp-json\/wp\/v2\/product_brand?post=511458"},{"taxonomy":"product_cat","embeddable":true,"href":"https:\/\/l37.eu\/en\/wp-json\/wp\/v2\/product_cat?post=511458"},{"taxonomy":"product_tag","embeddable":true,"href":"https:\/\/l37.eu\/en\/wp-json\/wp\/v2\/product_tag?post=511458"}],"curies":[{"name":"wp","href":"https:\/\/api.w.org\/{rel}","templated":true}]}}