{"id":511447,"date":"2026-03-10T16:02:35","date_gmt":"2026-03-10T15:02:35","guid":{"rendered":"https:\/\/l37.eu\/product\/to-make-it-easier-4\/"},"modified":"2026-03-10T16:02:35","modified_gmt":"2026-03-10T15:02:35","slug":"to-make-it-easier-4","status":"publish","type":"product","link":"https:\/\/l37.eu\/en\/product\/to-make-it-easier-4\/","title":{"rendered":"TO MAKE IT EASIER"},"content":{"rendered":"<p data-path-to-node=\"0\"><b data-path-to-node=\"0\" data-index-in-node=\"0\">TO MAKE IT EASIER &#8211; PATENT LEATHER MOCCASINS IN DEEP BROWN<\/b><\/p>\n<p data-path-to-node=\"1\"><b data-path-to-node=\"1\" data-index-in-node=\"0\">NOBLE CLASSIC IN A CHOCOLATE EDITION<\/b><\/p>\n<p data-path-to-node=\"2\">The <b data-path-to-node=\"2\" data-index-in-node=\"4\">TO MAKE IT EASIER<\/b> model in a dark brown shade is a proposition for women who value refined elegance and artisanal precision. These classic penny loafer-style loafers are made of luxurious patent leather, which, thanks to the deep chocolate color, gains extraordinary multidimensionality and shine.<\/p>\n<ul data-path-to-node=\"3\">\n<li>\n<p data-path-to-node=\"3,0,0\"><b data-path-to-node=\"3,0,0\" data-index-in-node=\"0\">Luxurious Patent Leather:<\/b> Upper made of high-gloss natural leather in a noble, dark brown color, which is a perfect and warmer alternative to classic black.<\/p>\n<\/li>\n<li>\n<p data-path-to-node=\"3,1,0\"><b data-path-to-node=\"3,1,0\" data-index-in-node=\"0\">Iconic Penny Loafer Detail:<\/b> The characteristic strap with a cutout and traditional, distinct stitching emphasize the shoes&#8217; stylish pedigree and their timeless character.<\/p>\n<\/li>\n<li>\n<p data-path-to-node=\"3,2,0\"><b data-path-to-node=\"3,2,0\" data-index-in-node=\"0\">Comfortable Construction:<\/b> A stable, dark sole with a low heel ensures comfort during all-day wear, perfectly suiting the urban pace of life.<\/p>\n<\/li>\n<li>\n<p data-path-to-node=\"3,3,0\"><b data-path-to-node=\"3,3,0\" data-index-in-node=\"0\">Premium Class Interior:<\/b> The lining and insole made of natural leather with subtle L37 embossing ensure proper air circulation and softness with every step.<\/p>\n<\/li>\n<\/ul>\n","protected":false},"excerpt":{"rendered":"<p>CHOCOLATE MOCCASINS MADE OF NATURAL LEATHER<\/p>\n","protected":false},"featured_media":510630,"comment_status":"closed","ping_status":"closed","template":"","meta":{"_acf_changed":false},"product_brand":[],"product_cat":[18,3032],"product_tag":[],"class_list":{"0":"post-511447","1":"product","2":"type-product","3":"status-publish","4":"has-post-thumbnail","6":"product_cat-shop-online-en","7":"product_cat-spring-summer-2026","8":"pa_kolor-brown-en-2","9":"pa_material-skoranaturalna-en","10":"pa_material-skoralicowa-en","11":"pa_podeszwa-rubber","12":"pa_podszewka-natural-leather","13":"pa_rodzaj-plaskie-en","14":"pa_rodzaj-loafers","15":"pa_rodzaj-shoes","16":"pa_size-36-en","17":"pa_size-37-en","18":"pa_size-38-en","19":"pa_size-39-en","20":"pa_size-40-en","21":"pa_size-41-en","22":"pa_tegosc-g-en","23":"pa_wysciolka-natural-leather","24":"pa_wysokoscobcasacm-2-en","25":"miinto-order","27":"first","28":"instock","29":"shipping-taxable","30":"purchasable","31":"product-type-variable"},"acf":[],"yoast_head":"<!-- This site is optimized with the Yoast SEO plugin v27.2 - https:\/\/yoast.com\/product\/yoast-seo-wordpress\/ -->\n<title>TO MAKE IT EASIER - FLATS, LOAFERS, SHOES - brown<\/title>\n<meta name=\"description\" content=\"FLATS, LOAFERS, SHOES - TO MAKE IT EASIER - brown od L37 - polskiej marki galanterii sk\u00f3rzanej, kt\u00f3ra \u0142\u0105czy klasyczn\u0105 estetyk\u0119 z nowoczesnym podej\u015bciem do mody.\" \/>\n<meta name=\"robots\" content=\"index, follow, max-snippet:-1, max-image-preview:large, max-video-preview:-1\" \/>\n<link rel=\"canonical\" href=\"https:\/\/l37.eu\/en\/product\/to-make-it-easier-4\/\" \/>\n<meta property=\"og:locale\" content=\"en_US\" \/>\n<meta property=\"og:type\" content=\"article\" \/>\n<meta property=\"og:title\" content=\"TO MAKE IT EASIER - FLATS, LOAFERS, SHOES - brown\" \/>\n<meta property=\"og:description\" content=\"FLATS, LOAFERS, SHOES - TO MAKE IT EASIER - brown od L37 - polskiej marki galanterii sk\u00f3rzanej, kt\u00f3ra \u0142\u0105czy klasyczn\u0105 estetyk\u0119 z nowoczesnym podej\u015bciem do mody.\" \/>\n<meta property=\"og:url\" content=\"https:\/\/l37.eu\/en\/product\/to-make-it-easier-4\/\" \/>\n<meta property=\"og:site_name\" content=\"L37 Handmade Shoes\" \/>\n<meta property=\"article:publisher\" content=\"https:\/\/www.facebook.com\/L37.eu\/\" \/>\n<meta property=\"og:image\" content=\"https:\/\/l37.eu\/wp-content\/uploads\/2026\/03\/P_TMIE_DARKBROWN-1.webp\" \/>\n\t<meta property=\"og:image:width\" content=\"1875\" \/>\n\t<meta property=\"og:image:height\" content=\"2500\" \/>\n\t<meta property=\"og:image:type\" content=\"image\/webp\" \/>\n<meta name=\"twitter:card\" content=\"summary_large_image\" \/>\n<meta name=\"twitter:label1\" content=\"Est. reading time\" \/>\n\t<meta name=\"twitter:data1\" content=\"1 minute\" \/>\n<script type=\"application\/ld+json\" class=\"yoast-schema-graph\">{\"@context\":\"https:\/\/schema.org\",\"@graph\":[{\"@type\":\"WebPage\",\"@id\":\"https:\/\/l37.eu\/en\/product\/to-make-it-easier-4\/\",\"url\":\"https:\/\/l37.eu\/en\/product\/to-make-it-easier-4\/\",\"name\":\"TO MAKE IT EASIER - FLATS, LOAFERS, SHOES - brown\",\"isPartOf\":{\"@id\":\"https:\/\/l37.eu\/#website\"},\"primaryImageOfPage\":{\"@id\":\"https:\/\/l37.eu\/en\/product\/to-make-it-easier-4\/#primaryimage\"},\"image\":{\"@id\":\"https:\/\/l37.eu\/en\/product\/to-make-it-easier-4\/#primaryimage\"},\"thumbnailUrl\":\"https:\/\/l37.eu\/wp-content\/uploads\/2026\/03\/P_TMIE_DARKBROWN-1.webp\",\"datePublished\":\"2026-03-10T15:02:35+00:00\",\"description\":\"FLATS, LOAFERS, SHOES - TO MAKE IT EASIER - brown od L37 - polskiej marki galanterii sk\u00f3rzanej, kt\u00f3ra \u0142\u0105czy klasyczn\u0105 estetyk\u0119 z nowoczesnym podej\u015bciem do mody.\",\"breadcrumb\":{\"@id\":\"https:\/\/l37.eu\/en\/product\/to-make-it-easier-4\/#breadcrumb\"},\"inLanguage\":\"en-US\",\"potentialAction\":[{\"@type\":\"ReadAction\",\"target\":[\"https:\/\/l37.eu\/en\/product\/to-make-it-easier-4\/\"]}]},{\"@type\":\"ImageObject\",\"inLanguage\":\"en-US\",\"@id\":\"https:\/\/l37.eu\/en\/product\/to-make-it-easier-4\/#primaryimage\",\"url\":\"https:\/\/l37.eu\/wp-content\/uploads\/2026\/03\/P_TMIE_DARKBROWN-1.webp\",\"contentUrl\":\"https:\/\/l37.eu\/wp-content\/uploads\/2026\/03\/P_TMIE_DARKBROWN-1.webp\",\"width\":1875,\"height\":2500},{\"@type\":\"BreadcrumbList\",\"@id\":\"https:\/\/l37.eu\/en\/product\/to-make-it-easier-4\/#breadcrumb\",\"itemListElement\":[{\"@type\":\"ListItem\",\"position\":1,\"name\":\"Home\",\"item\":\"https:\/\/l37.eu\/en\/\"},{\"@type\":\"ListItem\",\"position\":2,\"name\":\"Produkty\",\"item\":\"https:\/\/l37.eu\/shop\/\"},{\"@type\":\"ListItem\",\"position\":3,\"name\":\"TO MAKE IT EASIER\"}]},{\"@type\":\"WebSite\",\"@id\":\"https:\/\/l37.eu\/#website\",\"url\":\"https:\/\/l37.eu\/\",\"name\":\"L37 - polska marka obuwia i torebek sk\u00f3rzanych\",\"description\":\"Discover the harmony between style and comfort in the latest collection of L37 Handmade Shoes for the spring-summer 2024 season. Inspired by nature and modern trends, this collection offers original design and exceptional comfort, emphasizing your personality in every step.\",\"publisher\":{\"@id\":\"https:\/\/l37.eu\/#organization\"},\"alternateName\":\"L37 - obuwie i galanteria sk\u00f3rzana\",\"potentialAction\":[{\"@type\":\"SearchAction\",\"target\":{\"@type\":\"EntryPoint\",\"urlTemplate\":\"https:\/\/l37.eu\/?s={search_term_string}\"},\"query-input\":{\"@type\":\"PropertyValueSpecification\",\"valueRequired\":true,\"valueName\":\"search_term_string\"}}],\"inLanguage\":\"en-US\"},{\"@type\":\"Organization\",\"@id\":\"https:\/\/l37.eu\/#organization\",\"name\":\"L37 - polska marka obuwia i torebek sk\u00f3rzanych\",\"url\":\"https:\/\/l37.eu\/\",\"logo\":{\"@type\":\"ImageObject\",\"inLanguage\":\"en-US\",\"@id\":\"https:\/\/l37.eu\/#\/schema\/logo\/image\/\",\"url\":\"\",\"contentUrl\":\"\",\"caption\":\"L37 - polska marka obuwia i torebek sk\u00f3rzanych\"},\"image\":{\"@id\":\"https:\/\/l37.eu\/#\/schema\/logo\/image\/\"},\"sameAs\":[\"https:\/\/www.facebook.com\/L37.eu\/\",\"https:\/\/www.instagram.com\/l37_official\/\"]}]}<\/script>\n<!-- \/ Yoast SEO plugin. -->","yoast_head_json":{"title":"TO MAKE IT EASIER - FLATS, LOAFERS, SHOES - brown","description":"FLATS, LOAFERS, SHOES - TO MAKE IT EASIER - brown od L37 - polskiej marki galanterii sk\u00f3rzanej, kt\u00f3ra \u0142\u0105czy klasyczn\u0105 estetyk\u0119 z nowoczesnym podej\u015bciem do mody.","robots":{"index":"index","follow":"follow","max-snippet":"max-snippet:-1","max-image-preview":"max-image-preview:large","max-video-preview":"max-video-preview:-1"},"canonical":"https:\/\/l37.eu\/en\/product\/to-make-it-easier-4\/","og_locale":"en_US","og_type":"article","og_title":"TO MAKE IT EASIER - FLATS, LOAFERS, SHOES - brown","og_description":"FLATS, LOAFERS, SHOES - TO MAKE IT EASIER - brown od L37 - polskiej marki galanterii sk\u00f3rzanej, kt\u00f3ra \u0142\u0105czy klasyczn\u0105 estetyk\u0119 z nowoczesnym podej\u015bciem do mody.","og_url":"https:\/\/l37.eu\/en\/product\/to-make-it-easier-4\/","og_site_name":"L37 Handmade Shoes","article_publisher":"https:\/\/www.facebook.com\/L37.eu\/","og_image":[{"width":1875,"height":2500,"url":"https:\/\/l37.eu\/wp-content\/uploads\/2026\/03\/P_TMIE_DARKBROWN-1.webp","type":"image\/webp"}],"twitter_card":"summary_large_image","twitter_misc":{"Est. reading time":"1 minute"},"schema":{"@context":"https:\/\/schema.org","@graph":[{"@type":"WebPage","@id":"https:\/\/l37.eu\/en\/product\/to-make-it-easier-4\/","url":"https:\/\/l37.eu\/en\/product\/to-make-it-easier-4\/","name":"TO MAKE IT EASIER - FLATS, LOAFERS, SHOES - brown","isPartOf":{"@id":"https:\/\/l37.eu\/#website"},"primaryImageOfPage":{"@id":"https:\/\/l37.eu\/en\/product\/to-make-it-easier-4\/#primaryimage"},"image":{"@id":"https:\/\/l37.eu\/en\/product\/to-make-it-easier-4\/#primaryimage"},"thumbnailUrl":"https:\/\/l37.eu\/wp-content\/uploads\/2026\/03\/P_TMIE_DARKBROWN-1.webp","datePublished":"2026-03-10T15:02:35+00:00","description":"FLATS, LOAFERS, SHOES - TO MAKE IT EASIER - brown od L37 - polskiej marki galanterii sk\u00f3rzanej, kt\u00f3ra \u0142\u0105czy klasyczn\u0105 estetyk\u0119 z nowoczesnym podej\u015bciem do mody.","breadcrumb":{"@id":"https:\/\/l37.eu\/en\/product\/to-make-it-easier-4\/#breadcrumb"},"inLanguage":"en-US","potentialAction":[{"@type":"ReadAction","target":["https:\/\/l37.eu\/en\/product\/to-make-it-easier-4\/"]}]},{"@type":"ImageObject","inLanguage":"en-US","@id":"https:\/\/l37.eu\/en\/product\/to-make-it-easier-4\/#primaryimage","url":"https:\/\/l37.eu\/wp-content\/uploads\/2026\/03\/P_TMIE_DARKBROWN-1.webp","contentUrl":"https:\/\/l37.eu\/wp-content\/uploads\/2026\/03\/P_TMIE_DARKBROWN-1.webp","width":1875,"height":2500},{"@type":"BreadcrumbList","@id":"https:\/\/l37.eu\/en\/product\/to-make-it-easier-4\/#breadcrumb","itemListElement":[{"@type":"ListItem","position":1,"name":"Home","item":"https:\/\/l37.eu\/en\/"},{"@type":"ListItem","position":2,"name":"Produkty","item":"https:\/\/l37.eu\/shop\/"},{"@type":"ListItem","position":3,"name":"TO MAKE IT EASIER"}]},{"@type":"WebSite","@id":"https:\/\/l37.eu\/#website","url":"https:\/\/l37.eu\/","name":"L37 - polska marka obuwia i torebek sk\u00f3rzanych","description":"Discover the harmony between style and comfort in the latest collection of L37 Handmade Shoes for the spring-summer 2024 season. Inspired by nature and modern trends, this collection offers original design and exceptional comfort, emphasizing your personality in every step.","publisher":{"@id":"https:\/\/l37.eu\/#organization"},"alternateName":"L37 - obuwie i galanteria sk\u00f3rzana","potentialAction":[{"@type":"SearchAction","target":{"@type":"EntryPoint","urlTemplate":"https:\/\/l37.eu\/?s={search_term_string}"},"query-input":{"@type":"PropertyValueSpecification","valueRequired":true,"valueName":"search_term_string"}}],"inLanguage":"en-US"},{"@type":"Organization","@id":"https:\/\/l37.eu\/#organization","name":"L37 - polska marka obuwia i torebek sk\u00f3rzanych","url":"https:\/\/l37.eu\/","logo":{"@type":"ImageObject","inLanguage":"en-US","@id":"https:\/\/l37.eu\/#\/schema\/logo\/image\/","url":"","contentUrl":"","caption":"L37 - polska marka obuwia i torebek sk\u00f3rzanych"},"image":{"@id":"https:\/\/l37.eu\/#\/schema\/logo\/image\/"},"sameAs":["https:\/\/www.facebook.com\/L37.eu\/","https:\/\/www.instagram.com\/l37_official\/"]}]}},"_links":{"self":[{"href":"https:\/\/l37.eu\/en\/wp-json\/wp\/v2\/product\/511447","targetHints":{"allow":["GET"]}}],"collection":[{"href":"https:\/\/l37.eu\/en\/wp-json\/wp\/v2\/product"}],"about":[{"href":"https:\/\/l37.eu\/en\/wp-json\/wp\/v2\/types\/product"}],"replies":[{"embeddable":true,"href":"https:\/\/l37.eu\/en\/wp-json\/wp\/v2\/comments?post=511447"}],"wp:featuredmedia":[{"embeddable":true,"href":"https:\/\/l37.eu\/en\/wp-json\/wp\/v2\/media\/510630"}],"wp:attachment":[{"href":"https:\/\/l37.eu\/en\/wp-json\/wp\/v2\/media?parent=511447"}],"wp:term":[{"taxonomy":"product_brand","embeddable":true,"href":"https:\/\/l37.eu\/en\/wp-json\/wp\/v2\/product_brand?post=511447"},{"taxonomy":"product_cat","embeddable":true,"href":"https:\/\/l37.eu\/en\/wp-json\/wp\/v2\/product_cat?post=511447"},{"taxonomy":"product_tag","embeddable":true,"href":"https:\/\/l37.eu\/en\/wp-json\/wp\/v2\/product_tag?post=511447"}],"curies":[{"name":"wp","href":"https:\/\/api.w.org\/{rel}","templated":true}]}}