{"id":503837,"date":"2026-02-25T13:18:18","date_gmt":"2026-02-25T12:18:18","guid":{"rendered":"https:\/\/l37.eu\/product\/golden-hours-we-had-2\/"},"modified":"2026-02-25T13:18:18","modified_gmt":"2026-02-25T12:18:18","slug":"golden-hours-we-had-2","status":"publish","type":"product","link":"https:\/\/l37.eu\/en\/product\/golden-hours-we-had-2\/","title":{"rendered":"GOLDEN HOURS WE HAD"},"content":{"rendered":"<h3 data-path-to-node=\"0\"><b data-path-to-node=\"0\" data-index-in-node=\"0\">Powdery Lightness and Artisanal Precision &#8211; GOLDEN HOURS WE HAD Ballerinas<\/b><\/h3>\n<p data-path-to-node=\"1\">The <b data-path-to-node=\"1\" data-index-in-node=\"4\">GOLDEN HOURS WE HAD<\/b> model in the <b data-path-to-node=\"1\" data-index-in-node=\"37\">Light Pink<\/b> edition is the epitome of subtlety and feminine grace. These unique ballerinas are crafted from the highest quality, incredibly soft natural leather in a delicate shade of powdery pink. Thanks to its velvety structure, the upper adapts perfectly to the foot, offering top-level comfort from the very first wear.<\/p>\n<p data-path-to-node=\"2\">The design stands out with its modern, slightly square toe and a subtle leather bow, which gives the shoes a romantic character. The flexible finish ensures that the ballerinas adhere perfectly to the foot, which, combined with the flat sole, makes them an ideal choice for the office, a walk, or an elegant meeting.<\/p>\n<p data-path-to-node=\"3\"><b data-path-to-node=\"3\" data-index-in-node=\"0\">Why choose the GOLDEN HOURS WE HAD Light Pink ballerinas?<\/b><\/p>\n<ul data-path-to-node=\"4\">\n<li>\n<p data-path-to-node=\"4,0,0\"><b data-path-to-node=\"4,0,0\" data-index-in-node=\"0\">Subtle Powdery Pink:<\/b> The delicate Light Pink shade is an excellent alternative to beige, visually elongating the leg and matching most summer stylings.<\/p>\n<\/li>\n<li>\n<p data-path-to-node=\"4,1,0\"><b data-path-to-node=\"4,1,0\" data-index-in-node=\"0\">Exceptional Softness:<\/b> The use of top-class natural leather guarantees flexibility and freedom of movement.<\/p>\n<\/li>\n<li>\n<p data-path-to-node=\"4,2,0\"><b data-path-to-node=\"4,2,0\" data-index-in-node=\"0\">Details with Character:<\/b> The leather bow and stylish stitching on the toe emphasize the model&#8217;s unique design.<\/p>\n<\/li>\n<li>\n<p data-path-to-node=\"4,3,0\"><b data-path-to-node=\"4,3,0\" data-index-in-node=\"0\">Comfort of a Flexible Upper:<\/b> The soft edge of the shoe stabilizes the foot without the risk of abrasions, ensuring your comfort throughout the day.<\/p>\n<\/li>\n<\/ul>\n","protected":false},"excerpt":{"rendered":"<p>Elegant light pink soft leather ballerinas with a bow detail<\/p>\n","protected":false},"featured_media":503244,"comment_status":"closed","ping_status":"closed","template":"","meta":{"_acf_changed":false},"product_brand":[],"product_cat":[18,3032],"product_tag":[],"class_list":{"0":"post-503837","1":"product","2":"type-product","3":"status-publish","4":"has-post-thumbnail","6":"product_cat-shop-online-en","7":"product_cat-spring-summer-2026","8":"pa_kolor-rozowy-en","9":"pa_material-skoranaturalna-en","10":"pa_material-sheep-leather","11":"pa_material-skoralicowa-en","12":"pa_podeszwa-rubber","13":"pa_podszewka-natural-leather","14":"pa_rodzaj-baleriny-en","15":"pa_rodzaj-plaskie-en","16":"pa_rodzaj-shoes","17":"pa_size-36-en","18":"pa_size-37-en","19":"pa_size-38-en","20":"pa_size-39-en","21":"pa_size-40-en","22":"pa_size-41-en","23":"pa_tegosc-g-en","24":"pa_wysciolka-natural-leather","25":"pa_wysokoscobcasacm-1-en","26":"miinto-order","28":"first","29":"instock","30":"shipping-taxable","31":"purchasable","32":"product-type-variable"},"acf":[],"yoast_head":"<!-- This site is optimized with the Yoast SEO plugin v27.2 - https:\/\/yoast.com\/product\/yoast-seo-wordpress\/ -->\n<title>GOLDEN HOURS WE HAD - BALLERINAS, FLATS, SHOES - r\u00f3\u017cowy<\/title>\n<meta name=\"description\" content=\"BALLERINAS, FLATS, SHOES - GOLDEN HOURS WE HAD - r\u00f3\u017cowy od L37 - polskiej marki galanterii sk\u00f3rzanej, kt\u00f3ra \u0142\u0105czy klasyczn\u0105 estetyk\u0119 z nowoczesnym podej\u015bciem do mody.\" \/>\n<meta name=\"robots\" content=\"index, follow, max-snippet:-1, max-image-preview:large, max-video-preview:-1\" \/>\n<link rel=\"canonical\" href=\"https:\/\/l37.eu\/en\/product\/golden-hours-we-had-2\/\" \/>\n<meta property=\"og:locale\" content=\"en_US\" \/>\n<meta property=\"og:type\" content=\"article\" \/>\n<meta property=\"og:title\" content=\"GOLDEN HOURS WE HAD - BALLERINAS, FLATS, SHOES - r\u00f3\u017cowy\" \/>\n<meta property=\"og:description\" content=\"BALLERINAS, FLATS, SHOES - GOLDEN HOURS WE HAD - r\u00f3\u017cowy od L37 - polskiej marki galanterii sk\u00f3rzanej, kt\u00f3ra \u0142\u0105czy klasyczn\u0105 estetyk\u0119 z nowoczesnym podej\u015bciem do mody.\" \/>\n<meta property=\"og:url\" content=\"https:\/\/l37.eu\/en\/product\/golden-hours-we-had-2\/\" \/>\n<meta property=\"og:site_name\" content=\"L37 Handmade Shoes\" \/>\n<meta property=\"article:publisher\" content=\"https:\/\/www.facebook.com\/L37.eu\/\" \/>\n<meta property=\"og:image\" content=\"https:\/\/l37.eu\/wp-content\/uploads\/2026\/02\/P_GHWH_LIGHTPINK-1.webp\" \/>\n\t<meta property=\"og:image:width\" content=\"1875\" \/>\n\t<meta property=\"og:image:height\" content=\"2500\" \/>\n\t<meta property=\"og:image:type\" content=\"image\/webp\" \/>\n<meta name=\"twitter:card\" content=\"summary_large_image\" \/>\n<meta name=\"twitter:label1\" content=\"Est. reading time\" \/>\n\t<meta name=\"twitter:data1\" content=\"1 minute\" \/>\n<script type=\"application\/ld+json\" class=\"yoast-schema-graph\">{\"@context\":\"https:\/\/schema.org\",\"@graph\":[{\"@type\":\"WebPage\",\"@id\":\"https:\/\/l37.eu\/en\/product\/golden-hours-we-had-2\/\",\"url\":\"https:\/\/l37.eu\/en\/product\/golden-hours-we-had-2\/\",\"name\":\"GOLDEN HOURS WE HAD - BALLERINAS, FLATS, SHOES - r\u00f3\u017cowy\",\"isPartOf\":{\"@id\":\"https:\/\/l37.eu\/#website\"},\"primaryImageOfPage\":{\"@id\":\"https:\/\/l37.eu\/en\/product\/golden-hours-we-had-2\/#primaryimage\"},\"image\":{\"@id\":\"https:\/\/l37.eu\/en\/product\/golden-hours-we-had-2\/#primaryimage\"},\"thumbnailUrl\":\"https:\/\/l37.eu\/wp-content\/uploads\/2026\/02\/P_GHWH_LIGHTPINK-1.webp\",\"datePublished\":\"2026-02-25T12:18:18+00:00\",\"description\":\"BALLERINAS, FLATS, SHOES - GOLDEN HOURS WE HAD - r\u00f3\u017cowy od L37 - polskiej marki galanterii sk\u00f3rzanej, kt\u00f3ra \u0142\u0105czy klasyczn\u0105 estetyk\u0119 z nowoczesnym podej\u015bciem do mody.\",\"breadcrumb\":{\"@id\":\"https:\/\/l37.eu\/en\/product\/golden-hours-we-had-2\/#breadcrumb\"},\"inLanguage\":\"en-US\",\"potentialAction\":[{\"@type\":\"ReadAction\",\"target\":[\"https:\/\/l37.eu\/en\/product\/golden-hours-we-had-2\/\"]}]},{\"@type\":\"ImageObject\",\"inLanguage\":\"en-US\",\"@id\":\"https:\/\/l37.eu\/en\/product\/golden-hours-we-had-2\/#primaryimage\",\"url\":\"https:\/\/l37.eu\/wp-content\/uploads\/2026\/02\/P_GHWH_LIGHTPINK-1.webp\",\"contentUrl\":\"https:\/\/l37.eu\/wp-content\/uploads\/2026\/02\/P_GHWH_LIGHTPINK-1.webp\",\"width\":1875,\"height\":2500},{\"@type\":\"BreadcrumbList\",\"@id\":\"https:\/\/l37.eu\/en\/product\/golden-hours-we-had-2\/#breadcrumb\",\"itemListElement\":[{\"@type\":\"ListItem\",\"position\":1,\"name\":\"Home\",\"item\":\"https:\/\/l37.eu\/en\/\"},{\"@type\":\"ListItem\",\"position\":2,\"name\":\"Produkty\",\"item\":\"https:\/\/l37.eu\/shop\/\"},{\"@type\":\"ListItem\",\"position\":3,\"name\":\"GOLDEN HOURS WE HAD\"}]},{\"@type\":\"WebSite\",\"@id\":\"https:\/\/l37.eu\/#website\",\"url\":\"https:\/\/l37.eu\/\",\"name\":\"L37 - polska marka obuwia i torebek sk\u00f3rzanych\",\"description\":\"Discover the harmony between style and comfort in the latest collection of L37 Handmade Shoes for the spring-summer 2024 season. Inspired by nature and modern trends, this collection offers original design and exceptional comfort, emphasizing your personality in every step.\",\"publisher\":{\"@id\":\"https:\/\/l37.eu\/#organization\"},\"alternateName\":\"L37 - obuwie i galanteria sk\u00f3rzana\",\"potentialAction\":[{\"@type\":\"SearchAction\",\"target\":{\"@type\":\"EntryPoint\",\"urlTemplate\":\"https:\/\/l37.eu\/?s={search_term_string}\"},\"query-input\":{\"@type\":\"PropertyValueSpecification\",\"valueRequired\":true,\"valueName\":\"search_term_string\"}}],\"inLanguage\":\"en-US\"},{\"@type\":\"Organization\",\"@id\":\"https:\/\/l37.eu\/#organization\",\"name\":\"L37 - polska marka obuwia i torebek sk\u00f3rzanych\",\"url\":\"https:\/\/l37.eu\/\",\"logo\":{\"@type\":\"ImageObject\",\"inLanguage\":\"en-US\",\"@id\":\"https:\/\/l37.eu\/#\/schema\/logo\/image\/\",\"url\":\"\",\"contentUrl\":\"\",\"caption\":\"L37 - polska marka obuwia i torebek sk\u00f3rzanych\"},\"image\":{\"@id\":\"https:\/\/l37.eu\/#\/schema\/logo\/image\/\"},\"sameAs\":[\"https:\/\/www.facebook.com\/L37.eu\/\",\"https:\/\/www.instagram.com\/l37_official\/\"]}]}<\/script>\n<!-- \/ Yoast SEO plugin. -->","yoast_head_json":{"title":"GOLDEN HOURS WE HAD - BALLERINAS, FLATS, SHOES - r\u00f3\u017cowy","description":"BALLERINAS, FLATS, SHOES - GOLDEN HOURS WE HAD - r\u00f3\u017cowy od L37 - polskiej marki galanterii sk\u00f3rzanej, kt\u00f3ra \u0142\u0105czy klasyczn\u0105 estetyk\u0119 z nowoczesnym podej\u015bciem do mody.","robots":{"index":"index","follow":"follow","max-snippet":"max-snippet:-1","max-image-preview":"max-image-preview:large","max-video-preview":"max-video-preview:-1"},"canonical":"https:\/\/l37.eu\/en\/product\/golden-hours-we-had-2\/","og_locale":"en_US","og_type":"article","og_title":"GOLDEN HOURS WE HAD - BALLERINAS, FLATS, SHOES - r\u00f3\u017cowy","og_description":"BALLERINAS, FLATS, SHOES - GOLDEN HOURS WE HAD - r\u00f3\u017cowy od L37 - polskiej marki galanterii sk\u00f3rzanej, kt\u00f3ra \u0142\u0105czy klasyczn\u0105 estetyk\u0119 z nowoczesnym podej\u015bciem do mody.","og_url":"https:\/\/l37.eu\/en\/product\/golden-hours-we-had-2\/","og_site_name":"L37 Handmade Shoes","article_publisher":"https:\/\/www.facebook.com\/L37.eu\/","og_image":[{"width":1875,"height":2500,"url":"https:\/\/l37.eu\/wp-content\/uploads\/2026\/02\/P_GHWH_LIGHTPINK-1.webp","type":"image\/webp"}],"twitter_card":"summary_large_image","twitter_misc":{"Est. reading time":"1 minute"},"schema":{"@context":"https:\/\/schema.org","@graph":[{"@type":"WebPage","@id":"https:\/\/l37.eu\/en\/product\/golden-hours-we-had-2\/","url":"https:\/\/l37.eu\/en\/product\/golden-hours-we-had-2\/","name":"GOLDEN HOURS WE HAD - BALLERINAS, FLATS, SHOES - r\u00f3\u017cowy","isPartOf":{"@id":"https:\/\/l37.eu\/#website"},"primaryImageOfPage":{"@id":"https:\/\/l37.eu\/en\/product\/golden-hours-we-had-2\/#primaryimage"},"image":{"@id":"https:\/\/l37.eu\/en\/product\/golden-hours-we-had-2\/#primaryimage"},"thumbnailUrl":"https:\/\/l37.eu\/wp-content\/uploads\/2026\/02\/P_GHWH_LIGHTPINK-1.webp","datePublished":"2026-02-25T12:18:18+00:00","description":"BALLERINAS, FLATS, SHOES - GOLDEN HOURS WE HAD - r\u00f3\u017cowy od L37 - polskiej marki galanterii sk\u00f3rzanej, kt\u00f3ra \u0142\u0105czy klasyczn\u0105 estetyk\u0119 z nowoczesnym podej\u015bciem do mody.","breadcrumb":{"@id":"https:\/\/l37.eu\/en\/product\/golden-hours-we-had-2\/#breadcrumb"},"inLanguage":"en-US","potentialAction":[{"@type":"ReadAction","target":["https:\/\/l37.eu\/en\/product\/golden-hours-we-had-2\/"]}]},{"@type":"ImageObject","inLanguage":"en-US","@id":"https:\/\/l37.eu\/en\/product\/golden-hours-we-had-2\/#primaryimage","url":"https:\/\/l37.eu\/wp-content\/uploads\/2026\/02\/P_GHWH_LIGHTPINK-1.webp","contentUrl":"https:\/\/l37.eu\/wp-content\/uploads\/2026\/02\/P_GHWH_LIGHTPINK-1.webp","width":1875,"height":2500},{"@type":"BreadcrumbList","@id":"https:\/\/l37.eu\/en\/product\/golden-hours-we-had-2\/#breadcrumb","itemListElement":[{"@type":"ListItem","position":1,"name":"Home","item":"https:\/\/l37.eu\/en\/"},{"@type":"ListItem","position":2,"name":"Produkty","item":"https:\/\/l37.eu\/shop\/"},{"@type":"ListItem","position":3,"name":"GOLDEN HOURS WE HAD"}]},{"@type":"WebSite","@id":"https:\/\/l37.eu\/#website","url":"https:\/\/l37.eu\/","name":"L37 - polska marka obuwia i torebek sk\u00f3rzanych","description":"Discover the harmony between style and comfort in the latest collection of L37 Handmade Shoes for the spring-summer 2024 season. Inspired by nature and modern trends, this collection offers original design and exceptional comfort, emphasizing your personality in every step.","publisher":{"@id":"https:\/\/l37.eu\/#organization"},"alternateName":"L37 - obuwie i galanteria sk\u00f3rzana","potentialAction":[{"@type":"SearchAction","target":{"@type":"EntryPoint","urlTemplate":"https:\/\/l37.eu\/?s={search_term_string}"},"query-input":{"@type":"PropertyValueSpecification","valueRequired":true,"valueName":"search_term_string"}}],"inLanguage":"en-US"},{"@type":"Organization","@id":"https:\/\/l37.eu\/#organization","name":"L37 - polska marka obuwia i torebek sk\u00f3rzanych","url":"https:\/\/l37.eu\/","logo":{"@type":"ImageObject","inLanguage":"en-US","@id":"https:\/\/l37.eu\/#\/schema\/logo\/image\/","url":"","contentUrl":"","caption":"L37 - polska marka obuwia i torebek sk\u00f3rzanych"},"image":{"@id":"https:\/\/l37.eu\/#\/schema\/logo\/image\/"},"sameAs":["https:\/\/www.facebook.com\/L37.eu\/","https:\/\/www.instagram.com\/l37_official\/"]}]}},"_links":{"self":[{"href":"https:\/\/l37.eu\/en\/wp-json\/wp\/v2\/product\/503837","targetHints":{"allow":["GET"]}}],"collection":[{"href":"https:\/\/l37.eu\/en\/wp-json\/wp\/v2\/product"}],"about":[{"href":"https:\/\/l37.eu\/en\/wp-json\/wp\/v2\/types\/product"}],"replies":[{"embeddable":true,"href":"https:\/\/l37.eu\/en\/wp-json\/wp\/v2\/comments?post=503837"}],"wp:featuredmedia":[{"embeddable":true,"href":"https:\/\/l37.eu\/en\/wp-json\/wp\/v2\/media\/503244"}],"wp:attachment":[{"href":"https:\/\/l37.eu\/en\/wp-json\/wp\/v2\/media?parent=503837"}],"wp:term":[{"taxonomy":"product_brand","embeddable":true,"href":"https:\/\/l37.eu\/en\/wp-json\/wp\/v2\/product_brand?post=503837"},{"taxonomy":"product_cat","embeddable":true,"href":"https:\/\/l37.eu\/en\/wp-json\/wp\/v2\/product_cat?post=503837"},{"taxonomy":"product_tag","embeddable":true,"href":"https:\/\/l37.eu\/en\/wp-json\/wp\/v2\/product_tag?post=503837"}],"curies":[{"name":"wp","href":"https:\/\/api.w.org\/{rel}","templated":true}]}}