{"id":503543,"date":"2026-02-25T13:18:26","date_gmt":"2026-02-25T12:18:26","guid":{"rendered":"https:\/\/l37.eu\/product\/all-at-once-3\/"},"modified":"2026-02-25T13:18:26","modified_gmt":"2026-02-25T12:18:26","slug":"all-at-once-3","status":"publish","type":"product","link":"https:\/\/l37.eu\/en\/product\/all-at-once-3\/","title":{"rendered":"ALL AT ONCE"},"content":{"rendered":"<h3 data-path-to-node=\"0\"><b data-path-to-node=\"0\" data-index-in-node=\"0\">Luxurious Simplicity and Artisanal Precision &#8211; ALL AT ONCE Mules<\/b><\/h3>\n<p data-path-to-node=\"1\">The <b data-path-to-node=\"1\" data-index-in-node=\"4\">ALL AT ONCE<\/b> model is the essence of modern minimalism. These unique <b data-path-to-node=\"1\" data-index-in-node=\"72\">mules<\/b> are crafted from the highest quality <b data-path-to-node=\"1\" data-index-in-node=\"115\">smooth grain leather<\/b>, characterized by a subtle sheen and remarkable softness. The closed upper with its clean, architectural lines makes these shoes a timeless wardrobe staple, fitting even the most demanding stylings.<\/p>\n<p data-path-to-node=\"2\">The open-heel design with a slightly tapered toe provides the elegance of loafers while maintaining the ease of summer footwear. A perfectly contoured leather insole and a flat sole guarantee comfort that you will appreciate during all-day wear in the city.<\/p>\n<p data-path-to-node=\"3\"><b data-path-to-node=\"3\" data-index-in-node=\"0\">Why choose the ALL AT ONCE model?<\/b><\/p>\n<ul data-path-to-node=\"4\">\n<li>\n<p data-path-to-node=\"4,0,0\"><b data-path-to-node=\"4,0,0\" data-index-in-node=\"0\">Noble Grain Leather:<\/b> A natural material with a smooth structure that ensures a luxurious look and ease of care.<\/p>\n<\/li>\n<li>\n<p data-path-to-node=\"4,1,0\"><b data-path-to-node=\"4,1,0\" data-index-in-node=\"0\">Architectural Form:<\/b> The absence of unnecessary stitching and ornaments highlights the high quality of craftsmanship and modern design.<\/p>\n<\/li>\n<li>\n<p data-path-to-node=\"4,2,0\"><b data-path-to-node=\"4,2,0\" data-index-in-node=\"0\">Color Versatility:<\/b> Available in classic black and deep brown \u2013 ideal for pairing with linen, silk, and classic denim.<\/p>\n<\/li>\n<li>\n<p data-path-to-node=\"4,3,0\"><b data-path-to-node=\"4,3,0\" data-index-in-node=\"0\">Mule Comfort:<\/b> The slip-on construction allows for quick and convenient dressing while offering full elegance.<\/p>\n<\/li>\n<\/ul>\n","protected":false},"excerpt":{"rendered":"<p>Minimalist smooth leather closed-toe mules<\/p>\n","protected":false},"featured_media":503180,"comment_status":"closed","ping_status":"closed","template":"","meta":{"_acf_changed":false},"product_brand":[],"product_cat":[18,3032],"product_tag":[],"class_list":{"0":"post-503543","1":"product","2":"type-product","3":"status-publish","4":"has-post-thumbnail","6":"product_cat-shop-online-en","7":"product_cat-spring-summer-2026","8":"pa_kolor-brown-en-2","9":"pa_material-skoranaturalna-en","10":"pa_material-skoralicowa-en","11":"pa_podeszwa-rubber","12":"pa_podszewka-natural-leather","13":"pa_rodzaj-klapki-en","14":"pa_size-36-en","15":"pa_size-37-en","16":"pa_size-38-en","17":"pa_size-39-en","18":"pa_size-40-en","19":"pa_size-41-en","20":"pa_size-42-en","21":"pa_tegosc-g-en","22":"pa_wysciolka-natural-leather","23":"pa_wysokoscobcasacm-1-en","24":"miinto-order","26":"first","27":"instock","28":"shipping-taxable","29":"purchasable","30":"product-type-variable"},"acf":[],"yoast_head":"<!-- This site is optimized with the Yoast SEO plugin v27.2 - https:\/\/yoast.com\/product\/yoast-seo-wordpress\/ -->\n<title>ALL AT ONCE - FLIP-FLOPS - brown<\/title>\n<meta name=\"description\" content=\"FLIP-FLOPS - ALL AT ONCE - brown od L37 - polskiej marki galanterii sk\u00f3rzanej, kt\u00f3ra \u0142\u0105czy klasyczn\u0105 estetyk\u0119 z nowoczesnym podej\u015bciem do mody.\" \/>\n<meta name=\"robots\" content=\"index, follow, max-snippet:-1, max-image-preview:large, max-video-preview:-1\" \/>\n<link rel=\"canonical\" href=\"https:\/\/l37.eu\/en\/product\/all-at-once-3\/\" \/>\n<meta property=\"og:locale\" content=\"en_US\" \/>\n<meta property=\"og:type\" content=\"article\" \/>\n<meta property=\"og:title\" content=\"ALL AT ONCE - FLIP-FLOPS - brown\" \/>\n<meta property=\"og:description\" content=\"FLIP-FLOPS - ALL AT ONCE - brown od L37 - polskiej marki galanterii sk\u00f3rzanej, kt\u00f3ra \u0142\u0105czy klasyczn\u0105 estetyk\u0119 z nowoczesnym podej\u015bciem do mody.\" \/>\n<meta property=\"og:url\" content=\"https:\/\/l37.eu\/en\/product\/all-at-once-3\/\" \/>\n<meta property=\"og:site_name\" content=\"L37 Handmade Shoes\" \/>\n<meta property=\"article:publisher\" content=\"https:\/\/www.facebook.com\/L37.eu\/\" \/>\n<meta property=\"og:image\" content=\"https:\/\/l37.eu\/wp-content\/uploads\/2026\/02\/S_ALLATO_DARKBROWN-1.webp\" \/>\n\t<meta property=\"og:image:width\" content=\"1875\" \/>\n\t<meta property=\"og:image:height\" content=\"2500\" \/>\n\t<meta property=\"og:image:type\" content=\"image\/webp\" \/>\n<meta name=\"twitter:card\" content=\"summary_large_image\" \/>\n<meta name=\"twitter:label1\" content=\"Est. reading time\" \/>\n\t<meta name=\"twitter:data1\" content=\"1 minute\" \/>\n<script type=\"application\/ld+json\" class=\"yoast-schema-graph\">{\"@context\":\"https:\/\/schema.org\",\"@graph\":[{\"@type\":\"WebPage\",\"@id\":\"https:\/\/l37.eu\/en\/product\/all-at-once-3\/\",\"url\":\"https:\/\/l37.eu\/en\/product\/all-at-once-3\/\",\"name\":\"ALL AT ONCE - FLIP-FLOPS - brown\",\"isPartOf\":{\"@id\":\"https:\/\/l37.eu\/#website\"},\"primaryImageOfPage\":{\"@id\":\"https:\/\/l37.eu\/en\/product\/all-at-once-3\/#primaryimage\"},\"image\":{\"@id\":\"https:\/\/l37.eu\/en\/product\/all-at-once-3\/#primaryimage\"},\"thumbnailUrl\":\"https:\/\/l37.eu\/wp-content\/uploads\/2026\/02\/S_ALLATO_DARKBROWN-1.webp\",\"datePublished\":\"2026-02-25T12:18:26+00:00\",\"description\":\"FLIP-FLOPS - ALL AT ONCE - brown od L37 - polskiej marki galanterii sk\u00f3rzanej, kt\u00f3ra \u0142\u0105czy klasyczn\u0105 estetyk\u0119 z nowoczesnym podej\u015bciem do mody.\",\"breadcrumb\":{\"@id\":\"https:\/\/l37.eu\/en\/product\/all-at-once-3\/#breadcrumb\"},\"inLanguage\":\"en-US\",\"potentialAction\":[{\"@type\":\"ReadAction\",\"target\":[\"https:\/\/l37.eu\/en\/product\/all-at-once-3\/\"]}]},{\"@type\":\"ImageObject\",\"inLanguage\":\"en-US\",\"@id\":\"https:\/\/l37.eu\/en\/product\/all-at-once-3\/#primaryimage\",\"url\":\"https:\/\/l37.eu\/wp-content\/uploads\/2026\/02\/S_ALLATO_DARKBROWN-1.webp\",\"contentUrl\":\"https:\/\/l37.eu\/wp-content\/uploads\/2026\/02\/S_ALLATO_DARKBROWN-1.webp\",\"width\":1875,\"height\":2500},{\"@type\":\"BreadcrumbList\",\"@id\":\"https:\/\/l37.eu\/en\/product\/all-at-once-3\/#breadcrumb\",\"itemListElement\":[{\"@type\":\"ListItem\",\"position\":1,\"name\":\"Home\",\"item\":\"https:\/\/l37.eu\/en\/\"},{\"@type\":\"ListItem\",\"position\":2,\"name\":\"Produkty\",\"item\":\"https:\/\/l37.eu\/shop\/\"},{\"@type\":\"ListItem\",\"position\":3,\"name\":\"ALL AT ONCE\"}]},{\"@type\":\"WebSite\",\"@id\":\"https:\/\/l37.eu\/#website\",\"url\":\"https:\/\/l37.eu\/\",\"name\":\"L37 - polska marka obuwia i torebek sk\u00f3rzanych\",\"description\":\"Discover the harmony between style and comfort in the latest collection of L37 Handmade Shoes for the spring-summer 2024 season. Inspired by nature and modern trends, this collection offers original design and exceptional comfort, emphasizing your personality in every step.\",\"publisher\":{\"@id\":\"https:\/\/l37.eu\/#organization\"},\"alternateName\":\"L37 - obuwie i galanteria sk\u00f3rzana\",\"potentialAction\":[{\"@type\":\"SearchAction\",\"target\":{\"@type\":\"EntryPoint\",\"urlTemplate\":\"https:\/\/l37.eu\/?s={search_term_string}\"},\"query-input\":{\"@type\":\"PropertyValueSpecification\",\"valueRequired\":true,\"valueName\":\"search_term_string\"}}],\"inLanguage\":\"en-US\"},{\"@type\":\"Organization\",\"@id\":\"https:\/\/l37.eu\/#organization\",\"name\":\"L37 - polska marka obuwia i torebek sk\u00f3rzanych\",\"url\":\"https:\/\/l37.eu\/\",\"logo\":{\"@type\":\"ImageObject\",\"inLanguage\":\"en-US\",\"@id\":\"https:\/\/l37.eu\/#\/schema\/logo\/image\/\",\"url\":\"\",\"contentUrl\":\"\",\"caption\":\"L37 - polska marka obuwia i torebek sk\u00f3rzanych\"},\"image\":{\"@id\":\"https:\/\/l37.eu\/#\/schema\/logo\/image\/\"},\"sameAs\":[\"https:\/\/www.facebook.com\/L37.eu\/\",\"https:\/\/www.instagram.com\/l37_official\/\"]}]}<\/script>\n<!-- \/ Yoast SEO plugin. -->","yoast_head_json":{"title":"ALL AT ONCE - FLIP-FLOPS - brown","description":"FLIP-FLOPS - ALL AT ONCE - brown od L37 - polskiej marki galanterii sk\u00f3rzanej, kt\u00f3ra \u0142\u0105czy klasyczn\u0105 estetyk\u0119 z nowoczesnym podej\u015bciem do mody.","robots":{"index":"index","follow":"follow","max-snippet":"max-snippet:-1","max-image-preview":"max-image-preview:large","max-video-preview":"max-video-preview:-1"},"canonical":"https:\/\/l37.eu\/en\/product\/all-at-once-3\/","og_locale":"en_US","og_type":"article","og_title":"ALL AT ONCE - FLIP-FLOPS - brown","og_description":"FLIP-FLOPS - ALL AT ONCE - brown od L37 - polskiej marki galanterii sk\u00f3rzanej, kt\u00f3ra \u0142\u0105czy klasyczn\u0105 estetyk\u0119 z nowoczesnym podej\u015bciem do mody.","og_url":"https:\/\/l37.eu\/en\/product\/all-at-once-3\/","og_site_name":"L37 Handmade Shoes","article_publisher":"https:\/\/www.facebook.com\/L37.eu\/","og_image":[{"width":1875,"height":2500,"url":"https:\/\/l37.eu\/wp-content\/uploads\/2026\/02\/S_ALLATO_DARKBROWN-1.webp","type":"image\/webp"}],"twitter_card":"summary_large_image","twitter_misc":{"Est. reading time":"1 minute"},"schema":{"@context":"https:\/\/schema.org","@graph":[{"@type":"WebPage","@id":"https:\/\/l37.eu\/en\/product\/all-at-once-3\/","url":"https:\/\/l37.eu\/en\/product\/all-at-once-3\/","name":"ALL AT ONCE - FLIP-FLOPS - brown","isPartOf":{"@id":"https:\/\/l37.eu\/#website"},"primaryImageOfPage":{"@id":"https:\/\/l37.eu\/en\/product\/all-at-once-3\/#primaryimage"},"image":{"@id":"https:\/\/l37.eu\/en\/product\/all-at-once-3\/#primaryimage"},"thumbnailUrl":"https:\/\/l37.eu\/wp-content\/uploads\/2026\/02\/S_ALLATO_DARKBROWN-1.webp","datePublished":"2026-02-25T12:18:26+00:00","description":"FLIP-FLOPS - ALL AT ONCE - brown od L37 - polskiej marki galanterii sk\u00f3rzanej, kt\u00f3ra \u0142\u0105czy klasyczn\u0105 estetyk\u0119 z nowoczesnym podej\u015bciem do mody.","breadcrumb":{"@id":"https:\/\/l37.eu\/en\/product\/all-at-once-3\/#breadcrumb"},"inLanguage":"en-US","potentialAction":[{"@type":"ReadAction","target":["https:\/\/l37.eu\/en\/product\/all-at-once-3\/"]}]},{"@type":"ImageObject","inLanguage":"en-US","@id":"https:\/\/l37.eu\/en\/product\/all-at-once-3\/#primaryimage","url":"https:\/\/l37.eu\/wp-content\/uploads\/2026\/02\/S_ALLATO_DARKBROWN-1.webp","contentUrl":"https:\/\/l37.eu\/wp-content\/uploads\/2026\/02\/S_ALLATO_DARKBROWN-1.webp","width":1875,"height":2500},{"@type":"BreadcrumbList","@id":"https:\/\/l37.eu\/en\/product\/all-at-once-3\/#breadcrumb","itemListElement":[{"@type":"ListItem","position":1,"name":"Home","item":"https:\/\/l37.eu\/en\/"},{"@type":"ListItem","position":2,"name":"Produkty","item":"https:\/\/l37.eu\/shop\/"},{"@type":"ListItem","position":3,"name":"ALL AT ONCE"}]},{"@type":"WebSite","@id":"https:\/\/l37.eu\/#website","url":"https:\/\/l37.eu\/","name":"L37 - polska marka obuwia i torebek sk\u00f3rzanych","description":"Discover the harmony between style and comfort in the latest collection of L37 Handmade Shoes for the spring-summer 2024 season. Inspired by nature and modern trends, this collection offers original design and exceptional comfort, emphasizing your personality in every step.","publisher":{"@id":"https:\/\/l37.eu\/#organization"},"alternateName":"L37 - obuwie i galanteria sk\u00f3rzana","potentialAction":[{"@type":"SearchAction","target":{"@type":"EntryPoint","urlTemplate":"https:\/\/l37.eu\/?s={search_term_string}"},"query-input":{"@type":"PropertyValueSpecification","valueRequired":true,"valueName":"search_term_string"}}],"inLanguage":"en-US"},{"@type":"Organization","@id":"https:\/\/l37.eu\/#organization","name":"L37 - polska marka obuwia i torebek sk\u00f3rzanych","url":"https:\/\/l37.eu\/","logo":{"@type":"ImageObject","inLanguage":"en-US","@id":"https:\/\/l37.eu\/#\/schema\/logo\/image\/","url":"","contentUrl":"","caption":"L37 - polska marka obuwia i torebek sk\u00f3rzanych"},"image":{"@id":"https:\/\/l37.eu\/#\/schema\/logo\/image\/"},"sameAs":["https:\/\/www.facebook.com\/L37.eu\/","https:\/\/www.instagram.com\/l37_official\/"]}]}},"_links":{"self":[{"href":"https:\/\/l37.eu\/en\/wp-json\/wp\/v2\/product\/503543","targetHints":{"allow":["GET"]}}],"collection":[{"href":"https:\/\/l37.eu\/en\/wp-json\/wp\/v2\/product"}],"about":[{"href":"https:\/\/l37.eu\/en\/wp-json\/wp\/v2\/types\/product"}],"replies":[{"embeddable":true,"href":"https:\/\/l37.eu\/en\/wp-json\/wp\/v2\/comments?post=503543"}],"wp:featuredmedia":[{"embeddable":true,"href":"https:\/\/l37.eu\/en\/wp-json\/wp\/v2\/media\/503180"}],"wp:attachment":[{"href":"https:\/\/l37.eu\/en\/wp-json\/wp\/v2\/media?parent=503543"}],"wp:term":[{"taxonomy":"product_brand","embeddable":true,"href":"https:\/\/l37.eu\/en\/wp-json\/wp\/v2\/product_brand?post=503543"},{"taxonomy":"product_cat","embeddable":true,"href":"https:\/\/l37.eu\/en\/wp-json\/wp\/v2\/product_cat?post=503543"},{"taxonomy":"product_tag","embeddable":true,"href":"https:\/\/l37.eu\/en\/wp-json\/wp\/v2\/product_tag?post=503543"}],"curies":[{"name":"wp","href":"https:\/\/api.w.org\/{rel}","templated":true}]}}