{"id":499538,"date":"2026-02-13T12:42:03","date_gmt":"2026-02-13T11:42:03","guid":{"rendered":"https:\/\/l37.eu\/product\/moon-parade-2\/"},"modified":"2026-04-09T08:51:06","modified_gmt":"2026-04-09T06:51:06","slug":"moon-parade-2","status":"publish","type":"product","link":"https:\/\/l37.eu\/en\/product\/moon-parade-2\/","title":{"rendered":"MOON PARADE"},"content":{"rendered":"<h3 data-path-to-node=\"1\"><b data-path-to-node=\"1\" data-index-in-node=\"0\">MOON PARADE &#8211; Artisanal Classics in Black<\/b><\/h3>\n<p data-path-to-node=\"2\">The black version of the <b data-path-to-node=\"2\" data-index-in-node=\"25\">MOON PARADE<\/b> model is the essence of minimalist design, created for women who value noble simplicity and reliable comfort. These classic moccasins are crafted from high-quality, smooth natural leather, which, thanks to its softness, perfectly adapts to the shape of the foot. The slender line of the upper, featuring delicate artisanal stitching on the toe, gives the shoes an elegant yet raw character.<\/p>\n<p data-path-to-node=\"3\"><b data-path-to-node=\"3\" data-index-in-node=\"0\">Why choose MOON PARADE?<\/b><\/p>\n<ul data-path-to-node=\"4\">\n<li>\n<p data-path-to-node=\"4,0,0\"><b data-path-to-node=\"4,0,0\" data-index-in-node=\"0\">Top-Quality Full-Grain Leather:<\/b> The deep black with a satin finish provides a luxurious look and exceptional durability.<\/p>\n<\/li>\n<li>\n<p data-path-to-node=\"4,1,0\"><b data-path-to-node=\"4,1,0\" data-index-in-node=\"0\">Flexible Flat Sole:<\/b> Guarantees natural freedom of movement and comfort that performs perfectly during an intensive day on the go.<\/p>\n<\/li>\n<li>\n<p data-path-to-node=\"4,2,0\"><b data-path-to-node=\"4,2,0\" data-index-in-node=\"0\">Versatile Style:<\/b> The black color and sparse form make these moccasins a perfect complement to both tailored trousers and casual jeans.<\/p>\n<\/li>\n<li>\n<p data-path-to-node=\"4,3,0\"><b data-path-to-node=\"4,3,0\" data-index-in-node=\"0\">Leather Interior:<\/b> The soft lining ensures proper ventilation and foot hygiene, providing a sense of lightness.<\/p>\n<\/li>\n<\/ul>\n","protected":false},"excerpt":{"rendered":"<p>BLACK SOFT NATURAL LEATHER MOCCASINS WITH A SLENDER SHAPE<\/p>\n","protected":false},"featured_media":498108,"comment_status":"closed","ping_status":"closed","template":"","meta":{"_acf_changed":false},"product_brand":[],"product_cat":[3032],"product_tag":[],"class_list":{"0":"post-499538","1":"product","2":"type-product","3":"status-publish","4":"has-post-thumbnail","6":"product_cat-spring-summer-2026","7":"pa_kolor-black-en-2","8":"pa_material-skoranaturalna-en","9":"pa_material-sheep-leather","10":"pa_material-skoralicowa-en","11":"pa_podeszwa-rubber","12":"pa_podszewka-natural-leather","13":"pa_rodzaj-plaskie-en","14":"pa_rodzaj-loafers","15":"pa_rodzaj-shoes","16":"pa_size-36-en","17":"pa_size-37-en","18":"pa_size-38-en","19":"pa_size-39-en","20":"pa_size-40-en","21":"pa_size-41-en","22":"pa_tegosc-g-en","23":"pa_wysciolka-natural-leather","24":"pa_wysokoscobcasacm-1-en","25":"miinto-order","27":"first","28":"instock","29":"shipping-taxable","30":"purchasable","31":"product-type-variable"},"acf":[],"yoast_head":"<!-- This site is optimized with the Yoast SEO plugin v27.2 - https:\/\/yoast.com\/product\/yoast-seo-wordpress\/ -->\n<title>MOON PARADE - FLATS, LOAFERS, SHOES - black<\/title>\n<meta name=\"description\" content=\"FLATS, LOAFERS, SHOES - MOON PARADE - black od L37 - polskiej marki galanterii sk\u00f3rzanej, kt\u00f3ra \u0142\u0105czy klasyczn\u0105 estetyk\u0119 z nowoczesnym podej\u015bciem do mody.\" \/>\n<meta name=\"robots\" content=\"index, follow, max-snippet:-1, max-image-preview:large, max-video-preview:-1\" \/>\n<link rel=\"canonical\" href=\"https:\/\/l37.eu\/en\/product\/moon-parade-2\/\" \/>\n<meta property=\"og:locale\" content=\"en_US\" \/>\n<meta property=\"og:type\" content=\"article\" \/>\n<meta property=\"og:title\" content=\"MOON PARADE - FLATS, LOAFERS, SHOES - black\" \/>\n<meta property=\"og:description\" content=\"FLATS, LOAFERS, SHOES - MOON PARADE - black od L37 - polskiej marki galanterii sk\u00f3rzanej, kt\u00f3ra \u0142\u0105czy klasyczn\u0105 estetyk\u0119 z nowoczesnym podej\u015bciem do mody.\" \/>\n<meta property=\"og:url\" content=\"https:\/\/l37.eu\/en\/product\/moon-parade-2\/\" \/>\n<meta property=\"og:site_name\" content=\"L37 Handmade Shoes\" \/>\n<meta property=\"article:publisher\" content=\"https:\/\/www.facebook.com\/L37.eu\/\" \/>\n<meta property=\"article:modified_time\" content=\"2026-04-09T06:51:06+00:00\" \/>\n<meta property=\"og:image\" content=\"https:\/\/l37.eu\/wp-content\/uploads\/2026\/02\/P_MOONPAR_BLACK-1.webp\" \/>\n\t<meta property=\"og:image:width\" content=\"1875\" \/>\n\t<meta property=\"og:image:height\" content=\"2500\" \/>\n\t<meta property=\"og:image:type\" content=\"image\/webp\" \/>\n<meta name=\"twitter:card\" content=\"summary_large_image\" \/>\n<meta name=\"twitter:label1\" content=\"Est. reading time\" \/>\n\t<meta name=\"twitter:data1\" content=\"1 minute\" \/>\n<script type=\"application\/ld+json\" class=\"yoast-schema-graph\">{\"@context\":\"https:\/\/schema.org\",\"@graph\":[{\"@type\":\"WebPage\",\"@id\":\"https:\/\/l37.eu\/en\/product\/moon-parade-2\/\",\"url\":\"https:\/\/l37.eu\/en\/product\/moon-parade-2\/\",\"name\":\"MOON PARADE - FLATS, LOAFERS, SHOES - black\",\"isPartOf\":{\"@id\":\"https:\/\/l37.eu\/#website\"},\"primaryImageOfPage\":{\"@id\":\"https:\/\/l37.eu\/en\/product\/moon-parade-2\/#primaryimage\"},\"image\":{\"@id\":\"https:\/\/l37.eu\/en\/product\/moon-parade-2\/#primaryimage\"},\"thumbnailUrl\":\"https:\/\/l37.eu\/wp-content\/uploads\/2026\/02\/P_MOONPAR_BLACK-1.webp\",\"datePublished\":\"2026-02-13T11:42:03+00:00\",\"dateModified\":\"2026-04-09T06:51:06+00:00\",\"description\":\"FLATS, LOAFERS, SHOES - MOON PARADE - black od L37 - polskiej marki galanterii sk\u00f3rzanej, kt\u00f3ra \u0142\u0105czy klasyczn\u0105 estetyk\u0119 z nowoczesnym podej\u015bciem do mody.\",\"breadcrumb\":{\"@id\":\"https:\/\/l37.eu\/en\/product\/moon-parade-2\/#breadcrumb\"},\"inLanguage\":\"en-US\",\"potentialAction\":[{\"@type\":\"ReadAction\",\"target\":[\"https:\/\/l37.eu\/en\/product\/moon-parade-2\/\"]}]},{\"@type\":\"ImageObject\",\"inLanguage\":\"en-US\",\"@id\":\"https:\/\/l37.eu\/en\/product\/moon-parade-2\/#primaryimage\",\"url\":\"https:\/\/l37.eu\/wp-content\/uploads\/2026\/02\/P_MOONPAR_BLACK-1.webp\",\"contentUrl\":\"https:\/\/l37.eu\/wp-content\/uploads\/2026\/02\/P_MOONPAR_BLACK-1.webp\",\"width\":1875,\"height\":2500,\"caption\":\"czarne-skorzane-mokasyny-damskie-kwadratowy-nosek-moon-parade.jpg\"},{\"@type\":\"BreadcrumbList\",\"@id\":\"https:\/\/l37.eu\/en\/product\/moon-parade-2\/#breadcrumb\",\"itemListElement\":[{\"@type\":\"ListItem\",\"position\":1,\"name\":\"Home\",\"item\":\"https:\/\/l37.eu\/en\/\"},{\"@type\":\"ListItem\",\"position\":2,\"name\":\"Produkty\",\"item\":\"https:\/\/l37.eu\/shop\/\"},{\"@type\":\"ListItem\",\"position\":3,\"name\":\"MOON PARADE\"}]},{\"@type\":\"WebSite\",\"@id\":\"https:\/\/l37.eu\/#website\",\"url\":\"https:\/\/l37.eu\/\",\"name\":\"L37 - polska marka obuwia i torebek sk\u00f3rzanych\",\"description\":\"Discover the harmony between style and comfort in the latest collection of L37 Handmade Shoes for the spring-summer 2024 season. Inspired by nature and modern trends, this collection offers original design and exceptional comfort, emphasizing your personality in every step.\",\"publisher\":{\"@id\":\"https:\/\/l37.eu\/#organization\"},\"alternateName\":\"L37 - obuwie i galanteria sk\u00f3rzana\",\"potentialAction\":[{\"@type\":\"SearchAction\",\"target\":{\"@type\":\"EntryPoint\",\"urlTemplate\":\"https:\/\/l37.eu\/?s={search_term_string}\"},\"query-input\":{\"@type\":\"PropertyValueSpecification\",\"valueRequired\":true,\"valueName\":\"search_term_string\"}}],\"inLanguage\":\"en-US\"},{\"@type\":\"Organization\",\"@id\":\"https:\/\/l37.eu\/#organization\",\"name\":\"L37 - polska marka obuwia i torebek sk\u00f3rzanych\",\"url\":\"https:\/\/l37.eu\/\",\"logo\":{\"@type\":\"ImageObject\",\"inLanguage\":\"en-US\",\"@id\":\"https:\/\/l37.eu\/#\/schema\/logo\/image\/\",\"url\":\"\",\"contentUrl\":\"\",\"caption\":\"L37 - polska marka obuwia i torebek sk\u00f3rzanych\"},\"image\":{\"@id\":\"https:\/\/l37.eu\/#\/schema\/logo\/image\/\"},\"sameAs\":[\"https:\/\/www.facebook.com\/L37.eu\/\",\"https:\/\/www.instagram.com\/l37_official\/\"]}]}<\/script>\n<!-- \/ Yoast SEO plugin. -->","yoast_head_json":{"title":"MOON PARADE - FLATS, LOAFERS, SHOES - black","description":"FLATS, LOAFERS, SHOES - MOON PARADE - black od L37 - polskiej marki galanterii sk\u00f3rzanej, kt\u00f3ra \u0142\u0105czy klasyczn\u0105 estetyk\u0119 z nowoczesnym podej\u015bciem do mody.","robots":{"index":"index","follow":"follow","max-snippet":"max-snippet:-1","max-image-preview":"max-image-preview:large","max-video-preview":"max-video-preview:-1"},"canonical":"https:\/\/l37.eu\/en\/product\/moon-parade-2\/","og_locale":"en_US","og_type":"article","og_title":"MOON PARADE - FLATS, LOAFERS, SHOES - black","og_description":"FLATS, LOAFERS, SHOES - MOON PARADE - black od L37 - polskiej marki galanterii sk\u00f3rzanej, kt\u00f3ra \u0142\u0105czy klasyczn\u0105 estetyk\u0119 z nowoczesnym podej\u015bciem do mody.","og_url":"https:\/\/l37.eu\/en\/product\/moon-parade-2\/","og_site_name":"L37 Handmade Shoes","article_publisher":"https:\/\/www.facebook.com\/L37.eu\/","article_modified_time":"2026-04-09T06:51:06+00:00","og_image":[{"width":1875,"height":2500,"url":"https:\/\/l37.eu\/wp-content\/uploads\/2026\/02\/P_MOONPAR_BLACK-1.webp","type":"image\/webp"}],"twitter_card":"summary_large_image","twitter_misc":{"Est. reading time":"1 minute"},"schema":{"@context":"https:\/\/schema.org","@graph":[{"@type":"WebPage","@id":"https:\/\/l37.eu\/en\/product\/moon-parade-2\/","url":"https:\/\/l37.eu\/en\/product\/moon-parade-2\/","name":"MOON PARADE - FLATS, LOAFERS, SHOES - black","isPartOf":{"@id":"https:\/\/l37.eu\/#website"},"primaryImageOfPage":{"@id":"https:\/\/l37.eu\/en\/product\/moon-parade-2\/#primaryimage"},"image":{"@id":"https:\/\/l37.eu\/en\/product\/moon-parade-2\/#primaryimage"},"thumbnailUrl":"https:\/\/l37.eu\/wp-content\/uploads\/2026\/02\/P_MOONPAR_BLACK-1.webp","datePublished":"2026-02-13T11:42:03+00:00","dateModified":"2026-04-09T06:51:06+00:00","description":"FLATS, LOAFERS, SHOES - MOON PARADE - black od L37 - polskiej marki galanterii sk\u00f3rzanej, kt\u00f3ra \u0142\u0105czy klasyczn\u0105 estetyk\u0119 z nowoczesnym podej\u015bciem do mody.","breadcrumb":{"@id":"https:\/\/l37.eu\/en\/product\/moon-parade-2\/#breadcrumb"},"inLanguage":"en-US","potentialAction":[{"@type":"ReadAction","target":["https:\/\/l37.eu\/en\/product\/moon-parade-2\/"]}]},{"@type":"ImageObject","inLanguage":"en-US","@id":"https:\/\/l37.eu\/en\/product\/moon-parade-2\/#primaryimage","url":"https:\/\/l37.eu\/wp-content\/uploads\/2026\/02\/P_MOONPAR_BLACK-1.webp","contentUrl":"https:\/\/l37.eu\/wp-content\/uploads\/2026\/02\/P_MOONPAR_BLACK-1.webp","width":1875,"height":2500,"caption":"czarne-skorzane-mokasyny-damskie-kwadratowy-nosek-moon-parade.jpg"},{"@type":"BreadcrumbList","@id":"https:\/\/l37.eu\/en\/product\/moon-parade-2\/#breadcrumb","itemListElement":[{"@type":"ListItem","position":1,"name":"Home","item":"https:\/\/l37.eu\/en\/"},{"@type":"ListItem","position":2,"name":"Produkty","item":"https:\/\/l37.eu\/shop\/"},{"@type":"ListItem","position":3,"name":"MOON PARADE"}]},{"@type":"WebSite","@id":"https:\/\/l37.eu\/#website","url":"https:\/\/l37.eu\/","name":"L37 - polska marka obuwia i torebek sk\u00f3rzanych","description":"Discover the harmony between style and comfort in the latest collection of L37 Handmade Shoes for the spring-summer 2024 season. Inspired by nature and modern trends, this collection offers original design and exceptional comfort, emphasizing your personality in every step.","publisher":{"@id":"https:\/\/l37.eu\/#organization"},"alternateName":"L37 - obuwie i galanteria sk\u00f3rzana","potentialAction":[{"@type":"SearchAction","target":{"@type":"EntryPoint","urlTemplate":"https:\/\/l37.eu\/?s={search_term_string}"},"query-input":{"@type":"PropertyValueSpecification","valueRequired":true,"valueName":"search_term_string"}}],"inLanguage":"en-US"},{"@type":"Organization","@id":"https:\/\/l37.eu\/#organization","name":"L37 - polska marka obuwia i torebek sk\u00f3rzanych","url":"https:\/\/l37.eu\/","logo":{"@type":"ImageObject","inLanguage":"en-US","@id":"https:\/\/l37.eu\/#\/schema\/logo\/image\/","url":"","contentUrl":"","caption":"L37 - polska marka obuwia i torebek sk\u00f3rzanych"},"image":{"@id":"https:\/\/l37.eu\/#\/schema\/logo\/image\/"},"sameAs":["https:\/\/www.facebook.com\/L37.eu\/","https:\/\/www.instagram.com\/l37_official\/"]}]}},"_links":{"self":[{"href":"https:\/\/l37.eu\/en\/wp-json\/wp\/v2\/product\/499538","targetHints":{"allow":["GET"]}}],"collection":[{"href":"https:\/\/l37.eu\/en\/wp-json\/wp\/v2\/product"}],"about":[{"href":"https:\/\/l37.eu\/en\/wp-json\/wp\/v2\/types\/product"}],"replies":[{"embeddable":true,"href":"https:\/\/l37.eu\/en\/wp-json\/wp\/v2\/comments?post=499538"}],"wp:featuredmedia":[{"embeddable":true,"href":"https:\/\/l37.eu\/en\/wp-json\/wp\/v2\/media\/498108"}],"wp:attachment":[{"href":"https:\/\/l37.eu\/en\/wp-json\/wp\/v2\/media?parent=499538"}],"wp:term":[{"taxonomy":"product_brand","embeddable":true,"href":"https:\/\/l37.eu\/en\/wp-json\/wp\/v2\/product_brand?post=499538"},{"taxonomy":"product_cat","embeddable":true,"href":"https:\/\/l37.eu\/en\/wp-json\/wp\/v2\/product_cat?post=499538"},{"taxonomy":"product_tag","embeddable":true,"href":"https:\/\/l37.eu\/en\/wp-json\/wp\/v2\/product_tag?post=499538"}],"curies":[{"name":"wp","href":"https:\/\/api.w.org\/{rel}","templated":true}]}}