{"id":259367,"date":"2025-10-17T15:24:38","date_gmt":"2025-10-17T13:24:38","guid":{"rendered":"https:\/\/l37.eu\/product\/across-the-lunar-wing\/"},"modified":"2025-12-23T12:36:37","modified_gmt":"2025-12-23T11:36:37","slug":"across-the-lunar-wing","status":"publish","type":"product","link":"https:\/\/l37.eu\/en\/product\/across-the-lunar-wing\/","title":{"rendered":"ACROSS THE LUNAR WING"},"content":{"rendered":"<p>Odkryj elegancj\u0119 i komfort z kolekcj\u0105 botk\u00f3w &#8220;Across The Lunar Wing&#8221;, kt\u00f3re \u0142\u0105cz\u0105 w sobie styl kowbojski z nowoczesnym designem. Wykonane z najwy\u017cszej jako\u015bci naturalnej sk\u00f3ry oraz delikatnego zamszu, te wyj\u0105tkowe buty zapewni\u0105 Ci nie tylko niesamowity wygl\u0105d, ale r\u00f3wnie\u017c pe\u0142ni\u0119 wygody przez ca\u0142y dzie\u0144. Wyj\u0105tkowo mi\u0119kka wy\u015bci\u00f3\u0142ka ze sk\u00f3ry naturalnej oraz polarowa podszewka chroni\u0105 Twoje stopy przed ch\u0142odem, a solidna podeszwa z wysokogatunkowego tworzywa sztucznego dba o doskona\u0142\u0105 przyczepno\u015b\u0107 i trwa\u0142o\u015b\u0107. Subtelny, 4-centymetrowy obcas dodaje delikatno\u015bci i elegancji ka\u017cdej stylizacji. Model dost\u0119pny w pi\u0119knym odcieniu br\u0105zu, kt\u00f3ry idealnie wpisuje si\u0119 w jesienno-zimowe trendy. Wybierz sw\u00f3j rozmiar spo\u015br\u00f3d dost\u0119pnej gamy 35-41 i poczuj si\u0119 wyj\u0105tkowo ka\u017cdego dnia.<\/p>\n","protected":false},"excerpt":{"rendered":"<p>SZLACHETNE ZAMSZOWE BOTKI W KOWBOJSKIM STYLU<\/p>\n","protected":false},"featured_media":259358,"comment_status":"closed","ping_status":"closed","template":"","meta":{"_acf_changed":false},"product_brand":[],"product_cat":[2804,3030],"product_tag":[],"class_list":{"0":"post-259367","1":"product","2":"type-product","3":"status-publish","4":"has-post-thumbnail","6":"product_cat-autumn-winter-2025-26","7":"product_cat-winter-sale","8":"pa_kolor-brown-en-2","9":"pa_material-skoranaturalna-en","10":"pa_material-zamsz-en","11":"pa_podeszwa-high-quality-synthetic-materials","12":"pa_podszewka-fleece","13":"pa_rodzaj-botki-en","14":"pa_rodzaj-cowboy-boots","15":"pa_size-35-en","16":"pa_size-36-en","17":"pa_size-37-en","18":"pa_size-38-en","19":"pa_size-39-en","20":"pa_size-40-en","21":"pa_size-41-en","22":"pa_tegosc-g-en","23":"pa_wysciolka-natural-leather","24":"pa_wysokoscobcasacm-4-en","25":"miinto-order","27":"first","28":"instock","29":"shipping-taxable","30":"purchasable","31":"product-type-variable"},"acf":[],"yoast_head":"<!-- This site is optimized with the Yoast SEO plugin v27.2 - https:\/\/yoast.com\/product\/yoast-seo-wordpress\/ -->\n<title>ACROSS THE LUNAR WING - BOOTS, COWBOY BOOTS - brown<\/title>\n<meta name=\"description\" content=\"BOOTS, COWBOY BOOTS - ACROSS THE LUNAR WING - brown od L37 - polskiej marki galanterii sk\u00f3rzanej, kt\u00f3ra \u0142\u0105czy klasyczn\u0105 estetyk\u0119 z nowoczesnym podej\u015bciem do mody.\" \/>\n<meta name=\"robots\" content=\"index, follow, max-snippet:-1, max-image-preview:large, max-video-preview:-1\" \/>\n<link rel=\"canonical\" href=\"https:\/\/l37.eu\/en\/product\/across-the-lunar-wing\/\" \/>\n<meta property=\"og:locale\" content=\"en_US\" \/>\n<meta property=\"og:type\" content=\"article\" \/>\n<meta property=\"og:title\" content=\"ACROSS THE LUNAR WING - BOOTS, COWBOY BOOTS - brown\" \/>\n<meta property=\"og:description\" content=\"BOOTS, COWBOY BOOTS - ACROSS THE LUNAR WING - brown od L37 - polskiej marki galanterii sk\u00f3rzanej, kt\u00f3ra \u0142\u0105czy klasyczn\u0105 estetyk\u0119 z nowoczesnym podej\u015bciem do mody.\" \/>\n<meta property=\"og:url\" content=\"https:\/\/l37.eu\/en\/product\/across-the-lunar-wing\/\" \/>\n<meta property=\"og:site_name\" content=\"L37 Handmade Shoes\" \/>\n<meta property=\"article:publisher\" content=\"https:\/\/www.facebook.com\/L37.eu\/\" \/>\n<meta property=\"article:modified_time\" content=\"2025-12-23T11:36:37+00:00\" \/>\n<meta property=\"og:image\" content=\"https:\/\/l37.eu\/wp-content\/uploads\/2025\/10\/SP2-1.jpg\" \/>\n\t<meta property=\"og:image:width\" content=\"1875\" \/>\n\t<meta property=\"og:image:height\" content=\"2500\" \/>\n\t<meta property=\"og:image:type\" content=\"image\/jpeg\" \/>\n<meta name=\"twitter:card\" content=\"summary_large_image\" \/>\n<meta name=\"twitter:label1\" content=\"Est. reading time\" \/>\n\t<meta name=\"twitter:data1\" content=\"1 minute\" \/>\n<script type=\"application\/ld+json\" class=\"yoast-schema-graph\">{\"@context\":\"https:\/\/schema.org\",\"@graph\":[{\"@type\":\"WebPage\",\"@id\":\"https:\/\/l37.eu\/en\/product\/across-the-lunar-wing\/\",\"url\":\"https:\/\/l37.eu\/en\/product\/across-the-lunar-wing\/\",\"name\":\"ACROSS THE LUNAR WING - BOOTS, COWBOY BOOTS - brown\",\"isPartOf\":{\"@id\":\"https:\/\/l37.eu\/#website\"},\"primaryImageOfPage\":{\"@id\":\"https:\/\/l37.eu\/en\/product\/across-the-lunar-wing\/#primaryimage\"},\"image\":{\"@id\":\"https:\/\/l37.eu\/en\/product\/across-the-lunar-wing\/#primaryimage\"},\"thumbnailUrl\":\"https:\/\/l37.eu\/wp-content\/uploads\/2025\/10\/SP2-1.jpg\",\"datePublished\":\"2025-10-17T13:24:38+00:00\",\"dateModified\":\"2025-12-23T11:36:37+00:00\",\"description\":\"BOOTS, COWBOY BOOTS - ACROSS THE LUNAR WING - brown od L37 - polskiej marki galanterii sk\u00f3rzanej, kt\u00f3ra \u0142\u0105czy klasyczn\u0105 estetyk\u0119 z nowoczesnym podej\u015bciem do mody.\",\"breadcrumb\":{\"@id\":\"https:\/\/l37.eu\/en\/product\/across-the-lunar-wing\/#breadcrumb\"},\"inLanguage\":\"en-US\",\"potentialAction\":[{\"@type\":\"ReadAction\",\"target\":[\"https:\/\/l37.eu\/en\/product\/across-the-lunar-wing\/\"]}]},{\"@type\":\"ImageObject\",\"inLanguage\":\"en-US\",\"@id\":\"https:\/\/l37.eu\/en\/product\/across-the-lunar-wing\/#primaryimage\",\"url\":\"https:\/\/l37.eu\/wp-content\/uploads\/2025\/10\/SP2-1.jpg\",\"contentUrl\":\"https:\/\/l37.eu\/wp-content\/uploads\/2025\/10\/SP2-1.jpg\",\"width\":1875,\"height\":2500},{\"@type\":\"BreadcrumbList\",\"@id\":\"https:\/\/l37.eu\/en\/product\/across-the-lunar-wing\/#breadcrumb\",\"itemListElement\":[{\"@type\":\"ListItem\",\"position\":1,\"name\":\"Home\",\"item\":\"https:\/\/l37.eu\/en\/\"},{\"@type\":\"ListItem\",\"position\":2,\"name\":\"Produkty\",\"item\":\"https:\/\/l37.eu\/shop\/\"},{\"@type\":\"ListItem\",\"position\":3,\"name\":\"ACROSS THE LUNAR WING\"}]},{\"@type\":\"WebSite\",\"@id\":\"https:\/\/l37.eu\/#website\",\"url\":\"https:\/\/l37.eu\/\",\"name\":\"L37 - polska marka obuwia i torebek sk\u00f3rzanych\",\"description\":\"Discover the harmony between style and comfort in the latest collection of L37 Handmade Shoes for the spring-summer 2024 season. Inspired by nature and modern trends, this collection offers original design and exceptional comfort, emphasizing your personality in every step.\",\"publisher\":{\"@id\":\"https:\/\/l37.eu\/#organization\"},\"alternateName\":\"L37 - obuwie i galanteria sk\u00f3rzana\",\"potentialAction\":[{\"@type\":\"SearchAction\",\"target\":{\"@type\":\"EntryPoint\",\"urlTemplate\":\"https:\/\/l37.eu\/?s={search_term_string}\"},\"query-input\":{\"@type\":\"PropertyValueSpecification\",\"valueRequired\":true,\"valueName\":\"search_term_string\"}}],\"inLanguage\":\"en-US\"},{\"@type\":\"Organization\",\"@id\":\"https:\/\/l37.eu\/#organization\",\"name\":\"L37 - polska marka obuwia i torebek sk\u00f3rzanych\",\"url\":\"https:\/\/l37.eu\/\",\"logo\":{\"@type\":\"ImageObject\",\"inLanguage\":\"en-US\",\"@id\":\"https:\/\/l37.eu\/#\/schema\/logo\/image\/\",\"url\":\"\",\"contentUrl\":\"\",\"caption\":\"L37 - polska marka obuwia i torebek sk\u00f3rzanych\"},\"image\":{\"@id\":\"https:\/\/l37.eu\/#\/schema\/logo\/image\/\"},\"sameAs\":[\"https:\/\/www.facebook.com\/L37.eu\/\",\"https:\/\/www.instagram.com\/l37_official\/\"]}]}<\/script>\n<!-- \/ Yoast SEO plugin. -->","yoast_head_json":{"title":"ACROSS THE LUNAR WING - BOOTS, COWBOY BOOTS - brown","description":"BOOTS, COWBOY BOOTS - ACROSS THE LUNAR WING - brown od L37 - polskiej marki galanterii sk\u00f3rzanej, kt\u00f3ra \u0142\u0105czy klasyczn\u0105 estetyk\u0119 z nowoczesnym podej\u015bciem do mody.","robots":{"index":"index","follow":"follow","max-snippet":"max-snippet:-1","max-image-preview":"max-image-preview:large","max-video-preview":"max-video-preview:-1"},"canonical":"https:\/\/l37.eu\/en\/product\/across-the-lunar-wing\/","og_locale":"en_US","og_type":"article","og_title":"ACROSS THE LUNAR WING - BOOTS, COWBOY BOOTS - brown","og_description":"BOOTS, COWBOY BOOTS - ACROSS THE LUNAR WING - brown od L37 - polskiej marki galanterii sk\u00f3rzanej, kt\u00f3ra \u0142\u0105czy klasyczn\u0105 estetyk\u0119 z nowoczesnym podej\u015bciem do mody.","og_url":"https:\/\/l37.eu\/en\/product\/across-the-lunar-wing\/","og_site_name":"L37 Handmade Shoes","article_publisher":"https:\/\/www.facebook.com\/L37.eu\/","article_modified_time":"2025-12-23T11:36:37+00:00","og_image":[{"width":1875,"height":2500,"url":"https:\/\/l37.eu\/wp-content\/uploads\/2025\/10\/SP2-1.jpg","type":"image\/jpeg"}],"twitter_card":"summary_large_image","twitter_misc":{"Est. reading time":"1 minute"},"schema":{"@context":"https:\/\/schema.org","@graph":[{"@type":"WebPage","@id":"https:\/\/l37.eu\/en\/product\/across-the-lunar-wing\/","url":"https:\/\/l37.eu\/en\/product\/across-the-lunar-wing\/","name":"ACROSS THE LUNAR WING - BOOTS, COWBOY BOOTS - brown","isPartOf":{"@id":"https:\/\/l37.eu\/#website"},"primaryImageOfPage":{"@id":"https:\/\/l37.eu\/en\/product\/across-the-lunar-wing\/#primaryimage"},"image":{"@id":"https:\/\/l37.eu\/en\/product\/across-the-lunar-wing\/#primaryimage"},"thumbnailUrl":"https:\/\/l37.eu\/wp-content\/uploads\/2025\/10\/SP2-1.jpg","datePublished":"2025-10-17T13:24:38+00:00","dateModified":"2025-12-23T11:36:37+00:00","description":"BOOTS, COWBOY BOOTS - ACROSS THE LUNAR WING - brown od L37 - polskiej marki galanterii sk\u00f3rzanej, kt\u00f3ra \u0142\u0105czy klasyczn\u0105 estetyk\u0119 z nowoczesnym podej\u015bciem do mody.","breadcrumb":{"@id":"https:\/\/l37.eu\/en\/product\/across-the-lunar-wing\/#breadcrumb"},"inLanguage":"en-US","potentialAction":[{"@type":"ReadAction","target":["https:\/\/l37.eu\/en\/product\/across-the-lunar-wing\/"]}]},{"@type":"ImageObject","inLanguage":"en-US","@id":"https:\/\/l37.eu\/en\/product\/across-the-lunar-wing\/#primaryimage","url":"https:\/\/l37.eu\/wp-content\/uploads\/2025\/10\/SP2-1.jpg","contentUrl":"https:\/\/l37.eu\/wp-content\/uploads\/2025\/10\/SP2-1.jpg","width":1875,"height":2500},{"@type":"BreadcrumbList","@id":"https:\/\/l37.eu\/en\/product\/across-the-lunar-wing\/#breadcrumb","itemListElement":[{"@type":"ListItem","position":1,"name":"Home","item":"https:\/\/l37.eu\/en\/"},{"@type":"ListItem","position":2,"name":"Produkty","item":"https:\/\/l37.eu\/shop\/"},{"@type":"ListItem","position":3,"name":"ACROSS THE LUNAR WING"}]},{"@type":"WebSite","@id":"https:\/\/l37.eu\/#website","url":"https:\/\/l37.eu\/","name":"L37 - polska marka obuwia i torebek sk\u00f3rzanych","description":"Discover the harmony between style and comfort in the latest collection of L37 Handmade Shoes for the spring-summer 2024 season. Inspired by nature and modern trends, this collection offers original design and exceptional comfort, emphasizing your personality in every step.","publisher":{"@id":"https:\/\/l37.eu\/#organization"},"alternateName":"L37 - obuwie i galanteria sk\u00f3rzana","potentialAction":[{"@type":"SearchAction","target":{"@type":"EntryPoint","urlTemplate":"https:\/\/l37.eu\/?s={search_term_string}"},"query-input":{"@type":"PropertyValueSpecification","valueRequired":true,"valueName":"search_term_string"}}],"inLanguage":"en-US"},{"@type":"Organization","@id":"https:\/\/l37.eu\/#organization","name":"L37 - polska marka obuwia i torebek sk\u00f3rzanych","url":"https:\/\/l37.eu\/","logo":{"@type":"ImageObject","inLanguage":"en-US","@id":"https:\/\/l37.eu\/#\/schema\/logo\/image\/","url":"","contentUrl":"","caption":"L37 - polska marka obuwia i torebek sk\u00f3rzanych"},"image":{"@id":"https:\/\/l37.eu\/#\/schema\/logo\/image\/"},"sameAs":["https:\/\/www.facebook.com\/L37.eu\/","https:\/\/www.instagram.com\/l37_official\/"]}]}},"_links":{"self":[{"href":"https:\/\/l37.eu\/en\/wp-json\/wp\/v2\/product\/259367","targetHints":{"allow":["GET"]}}],"collection":[{"href":"https:\/\/l37.eu\/en\/wp-json\/wp\/v2\/product"}],"about":[{"href":"https:\/\/l37.eu\/en\/wp-json\/wp\/v2\/types\/product"}],"replies":[{"embeddable":true,"href":"https:\/\/l37.eu\/en\/wp-json\/wp\/v2\/comments?post=259367"}],"wp:featuredmedia":[{"embeddable":true,"href":"https:\/\/l37.eu\/en\/wp-json\/wp\/v2\/media\/259358"}],"wp:attachment":[{"href":"https:\/\/l37.eu\/en\/wp-json\/wp\/v2\/media?parent=259367"}],"wp:term":[{"taxonomy":"product_brand","embeddable":true,"href":"https:\/\/l37.eu\/en\/wp-json\/wp\/v2\/product_brand?post=259367"},{"taxonomy":"product_cat","embeddable":true,"href":"https:\/\/l37.eu\/en\/wp-json\/wp\/v2\/product_cat?post=259367"},{"taxonomy":"product_tag","embeddable":true,"href":"https:\/\/l37.eu\/en\/wp-json\/wp\/v2\/product_tag?post=259367"}],"curies":[{"name":"wp","href":"https:\/\/api.w.org\/{rel}","templated":true}]}}