{"id":259307,"date":"2025-10-17T15:24:32","date_gmt":"2025-10-17T13:24:32","guid":{"rendered":"https:\/\/l37.eu\/product\/fill-me-up-3\/"},"modified":"2026-03-03T10:08:44","modified_gmt":"2026-03-03T09:08:44","slug":"holly-leaves-navy","status":"publish","type":"product","link":"https:\/\/l37.eu\/en\/product\/holly-leaves-navy\/","title":{"rendered":"HOLLY LEAVES"},"content":{"rendered":"<h3 data-path-to-node=\"0\"><b data-path-to-node=\"0\" data-index-in-node=\"0\">Discover Unique Elegance and Comfort with HOLLY LEAVES Ankle Boots<\/b><\/h3>\n<p data-path-to-node=\"1\">Discover unique elegance and comfort with our <b data-path-to-node=\"1\" data-index-in-node=\"46\">HOLLY LEAVES<\/b> ankle boots, which are sure to become an inseparable part of your daily wardrobe. These stylish cowboy boots, available in sizes <b data-path-to-node=\"1\" data-index-in-node=\"188\">35 to 41<\/b>, perfectly align with the latest trends while ensuring unparalleled wearing comfort.<\/p>\n<p data-path-to-node=\"2\">Crafted from the highest quality <b data-path-to-node=\"2\" data-index-in-node=\"33\">patent and natural leather<\/b>, our boots impress with their deep <b data-path-to-node=\"2\" data-index-in-node=\"95\">navy blue color<\/b>, adding a subtle glow to any outfit. Inside, you will find a soft <b data-path-to-node=\"2\" data-index-in-node=\"177\">natural leather insole<\/b> that ensures excellent comfort for your feet all day long. The <b data-path-to-node=\"2\" data-index-in-node=\"263\">fleece lining<\/b> provides pleasant warmth on cooler days, while the high-grade, solid sole guarantees a confident step on any surface.<\/p>\n<p data-path-to-node=\"3\"><b data-path-to-node=\"3\" data-index-in-node=\"0\">HOLLY LEAVES<\/b> ankle boots are a fusion of timeless elegance and modern design. Their universal <b data-path-to-node=\"3\" data-index-in-node=\"94\">G width<\/b> and <b data-path-to-node=\"3\" data-index-in-node=\"106\">4 cm heel<\/b> will enhance your silhouette while maintaining invaluable comfort. Choose our boots and give your styling a unique character!<\/p>\n","protected":false},"excerpt":{"rendered":"<p>CHIC NAVY BLUE PATENT LEATHER COWBOY BOOTS<\/p>\n","protected":false},"featured_media":506302,"comment_status":"closed","ping_status":"closed","template":"","meta":{"_acf_changed":false},"product_brand":[],"product_cat":[2804,3032],"product_tag":[],"class_list":{"0":"post-259307","1":"product","2":"type-product","3":"status-publish","4":"has-post-thumbnail","6":"product_cat-autumn-winter-2025-26","7":"product_cat-spring-summer-2026","8":"pa_kolor-granatowy-en","9":"pa_material-skoranaturalna-en","10":"pa_material-skora-lakierowa-en","11":"pa_podeszwa-high-quality-synthetic-materials","12":"pa_podszewka-fleece","13":"pa_rodzaj-botki-en","14":"pa_rodzaj-cowboy-boots","15":"pa_size-35-en","16":"pa_size-36-en","17":"pa_size-37-en","18":"pa_size-38-en","19":"pa_size-39-en","20":"pa_size-40-en","21":"pa_size-41-en","22":"pa_tegosc-g-en","23":"pa_wysciolka-natural-leather","24":"pa_wysokoscobcasacm-4-en","25":"miinto-order","27":"first","28":"instock","29":"shipping-taxable","30":"purchasable","31":"product-type-variable"},"acf":[],"yoast_head":"<!-- This site is optimized with the Yoast SEO plugin v27.2 - https:\/\/yoast.com\/product\/yoast-seo-wordpress\/ -->\n<title>HOLLY LEAVES - BOOTS, COWBOY BOOTS - granatowy<\/title>\n<meta name=\"description\" content=\"BOOTS, COWBOY BOOTS - HOLLY LEAVES - granatowy od L37 - polskiej marki galanterii sk\u00f3rzanej, kt\u00f3ra \u0142\u0105czy klasyczn\u0105 estetyk\u0119 z nowoczesnym podej\u015bciem do mody.\" \/>\n<meta name=\"robots\" content=\"index, follow, max-snippet:-1, max-image-preview:large, max-video-preview:-1\" \/>\n<link rel=\"canonical\" href=\"https:\/\/l37.eu\/en\/product\/holly-leaves-navy\/\" \/>\n<meta property=\"og:locale\" content=\"en_US\" \/>\n<meta property=\"og:type\" content=\"article\" \/>\n<meta property=\"og:title\" content=\"HOLLY LEAVES - BOOTS, COWBOY BOOTS - granatowy\" \/>\n<meta property=\"og:description\" content=\"BOOTS, COWBOY BOOTS - HOLLY LEAVES - granatowy od L37 - polskiej marki galanterii sk\u00f3rzanej, kt\u00f3ra \u0142\u0105czy klasyczn\u0105 estetyk\u0119 z nowoczesnym podej\u015bciem do mody.\" \/>\n<meta property=\"og:url\" content=\"https:\/\/l37.eu\/en\/product\/holly-leaves-navy\/\" \/>\n<meta property=\"og:site_name\" content=\"L37 Handmade Shoes\" \/>\n<meta property=\"article:publisher\" content=\"https:\/\/www.facebook.com\/L37.eu\/\" \/>\n<meta property=\"article:modified_time\" content=\"2026-03-03T09:08:44+00:00\" \/>\n<meta property=\"og:image\" content=\"https:\/\/l37.eu\/wp-content\/uploads\/2025\/10\/B_HL_NAVY-3.jpg\" \/>\n\t<meta property=\"og:image:width\" content=\"1875\" \/>\n\t<meta property=\"og:image:height\" content=\"2500\" \/>\n\t<meta property=\"og:image:type\" content=\"image\/jpeg\" \/>\n<meta name=\"twitter:card\" content=\"summary_large_image\" \/>\n<meta name=\"twitter:label1\" content=\"Est. reading time\" \/>\n\t<meta name=\"twitter:data1\" content=\"1 minute\" \/>\n<script type=\"application\/ld+json\" class=\"yoast-schema-graph\">{\"@context\":\"https:\/\/schema.org\",\"@graph\":[{\"@type\":\"WebPage\",\"@id\":\"https:\/\/l37.eu\/en\/product\/holly-leaves-navy\/\",\"url\":\"https:\/\/l37.eu\/en\/product\/holly-leaves-navy\/\",\"name\":\"HOLLY LEAVES - BOOTS, COWBOY BOOTS - granatowy\",\"isPartOf\":{\"@id\":\"https:\/\/l37.eu\/#website\"},\"primaryImageOfPage\":{\"@id\":\"https:\/\/l37.eu\/en\/product\/holly-leaves-navy\/#primaryimage\"},\"image\":{\"@id\":\"https:\/\/l37.eu\/en\/product\/holly-leaves-navy\/#primaryimage\"},\"thumbnailUrl\":\"https:\/\/l37.eu\/wp-content\/uploads\/2025\/10\/B_HL_NAVY-3-1.webp\",\"datePublished\":\"2025-10-17T13:24:32+00:00\",\"dateModified\":\"2026-03-03T09:08:44+00:00\",\"description\":\"BOOTS, COWBOY BOOTS - HOLLY LEAVES - granatowy od L37 - polskiej marki galanterii sk\u00f3rzanej, kt\u00f3ra \u0142\u0105czy klasyczn\u0105 estetyk\u0119 z nowoczesnym podej\u015bciem do mody.\",\"breadcrumb\":{\"@id\":\"https:\/\/l37.eu\/en\/product\/holly-leaves-navy\/#breadcrumb\"},\"inLanguage\":\"en-US\",\"potentialAction\":[{\"@type\":\"ReadAction\",\"target\":[\"https:\/\/l37.eu\/en\/product\/holly-leaves-navy\/\"]}]},{\"@type\":\"ImageObject\",\"inLanguage\":\"en-US\",\"@id\":\"https:\/\/l37.eu\/en\/product\/holly-leaves-navy\/#primaryimage\",\"url\":\"https:\/\/l37.eu\/wp-content\/uploads\/2025\/10\/B_HL_NAVY-3-1.webp\",\"contentUrl\":\"https:\/\/l37.eu\/wp-content\/uploads\/2025\/10\/B_HL_NAVY-3-1.webp\",\"width\":1875,\"height\":2500},{\"@type\":\"BreadcrumbList\",\"@id\":\"https:\/\/l37.eu\/en\/product\/holly-leaves-navy\/#breadcrumb\",\"itemListElement\":[{\"@type\":\"ListItem\",\"position\":1,\"name\":\"Home\",\"item\":\"https:\/\/l37.eu\/en\/\"},{\"@type\":\"ListItem\",\"position\":2,\"name\":\"Produkty\",\"item\":\"https:\/\/l37.eu\/shop\/\"},{\"@type\":\"ListItem\",\"position\":3,\"name\":\"HOLLY LEAVES\"}]},{\"@type\":\"WebSite\",\"@id\":\"https:\/\/l37.eu\/#website\",\"url\":\"https:\/\/l37.eu\/\",\"name\":\"L37 - polska marka obuwia i torebek sk\u00f3rzanych\",\"description\":\"Discover the harmony between style and comfort in the latest collection of L37 Handmade Shoes for the spring-summer 2024 season. Inspired by nature and modern trends, this collection offers original design and exceptional comfort, emphasizing your personality in every step.\",\"publisher\":{\"@id\":\"https:\/\/l37.eu\/#organization\"},\"alternateName\":\"L37 - obuwie i galanteria sk\u00f3rzana\",\"potentialAction\":[{\"@type\":\"SearchAction\",\"target\":{\"@type\":\"EntryPoint\",\"urlTemplate\":\"https:\/\/l37.eu\/?s={search_term_string}\"},\"query-input\":{\"@type\":\"PropertyValueSpecification\",\"valueRequired\":true,\"valueName\":\"search_term_string\"}}],\"inLanguage\":\"en-US\"},{\"@type\":\"Organization\",\"@id\":\"https:\/\/l37.eu\/#organization\",\"name\":\"L37 - polska marka obuwia i torebek sk\u00f3rzanych\",\"url\":\"https:\/\/l37.eu\/\",\"logo\":{\"@type\":\"ImageObject\",\"inLanguage\":\"en-US\",\"@id\":\"https:\/\/l37.eu\/#\/schema\/logo\/image\/\",\"url\":\"\",\"contentUrl\":\"\",\"caption\":\"L37 - polska marka obuwia i torebek sk\u00f3rzanych\"},\"image\":{\"@id\":\"https:\/\/l37.eu\/#\/schema\/logo\/image\/\"},\"sameAs\":[\"https:\/\/www.facebook.com\/L37.eu\/\",\"https:\/\/www.instagram.com\/l37_official\/\"]}]}<\/script>\n<!-- \/ Yoast SEO plugin. -->","yoast_head_json":{"title":"HOLLY LEAVES - BOOTS, COWBOY BOOTS - granatowy","description":"BOOTS, COWBOY BOOTS - HOLLY LEAVES - granatowy od L37 - polskiej marki galanterii sk\u00f3rzanej, kt\u00f3ra \u0142\u0105czy klasyczn\u0105 estetyk\u0119 z nowoczesnym podej\u015bciem do mody.","robots":{"index":"index","follow":"follow","max-snippet":"max-snippet:-1","max-image-preview":"max-image-preview:large","max-video-preview":"max-video-preview:-1"},"canonical":"https:\/\/l37.eu\/en\/product\/holly-leaves-navy\/","og_locale":"en_US","og_type":"article","og_title":"HOLLY LEAVES - BOOTS, COWBOY BOOTS - granatowy","og_description":"BOOTS, COWBOY BOOTS - HOLLY LEAVES - granatowy od L37 - polskiej marki galanterii sk\u00f3rzanej, kt\u00f3ra \u0142\u0105czy klasyczn\u0105 estetyk\u0119 z nowoczesnym podej\u015bciem do mody.","og_url":"https:\/\/l37.eu\/en\/product\/holly-leaves-navy\/","og_site_name":"L37 Handmade Shoes","article_publisher":"https:\/\/www.facebook.com\/L37.eu\/","article_modified_time":"2026-03-03T09:08:44+00:00","og_image":[{"width":1875,"height":2500,"url":"https:\/\/l37.eu\/wp-content\/uploads\/2025\/10\/B_HL_NAVY-3.jpg","type":"image\/jpeg"}],"twitter_card":"summary_large_image","twitter_misc":{"Est. reading time":"1 minute"},"schema":{"@context":"https:\/\/schema.org","@graph":[{"@type":"WebPage","@id":"https:\/\/l37.eu\/en\/product\/holly-leaves-navy\/","url":"https:\/\/l37.eu\/en\/product\/holly-leaves-navy\/","name":"HOLLY LEAVES - BOOTS, COWBOY BOOTS - granatowy","isPartOf":{"@id":"https:\/\/l37.eu\/#website"},"primaryImageOfPage":{"@id":"https:\/\/l37.eu\/en\/product\/holly-leaves-navy\/#primaryimage"},"image":{"@id":"https:\/\/l37.eu\/en\/product\/holly-leaves-navy\/#primaryimage"},"thumbnailUrl":"https:\/\/l37.eu\/wp-content\/uploads\/2025\/10\/B_HL_NAVY-3-1.webp","datePublished":"2025-10-17T13:24:32+00:00","dateModified":"2026-03-03T09:08:44+00:00","description":"BOOTS, COWBOY BOOTS - HOLLY LEAVES - granatowy od L37 - polskiej marki galanterii sk\u00f3rzanej, kt\u00f3ra \u0142\u0105czy klasyczn\u0105 estetyk\u0119 z nowoczesnym podej\u015bciem do mody.","breadcrumb":{"@id":"https:\/\/l37.eu\/en\/product\/holly-leaves-navy\/#breadcrumb"},"inLanguage":"en-US","potentialAction":[{"@type":"ReadAction","target":["https:\/\/l37.eu\/en\/product\/holly-leaves-navy\/"]}]},{"@type":"ImageObject","inLanguage":"en-US","@id":"https:\/\/l37.eu\/en\/product\/holly-leaves-navy\/#primaryimage","url":"https:\/\/l37.eu\/wp-content\/uploads\/2025\/10\/B_HL_NAVY-3-1.webp","contentUrl":"https:\/\/l37.eu\/wp-content\/uploads\/2025\/10\/B_HL_NAVY-3-1.webp","width":1875,"height":2500},{"@type":"BreadcrumbList","@id":"https:\/\/l37.eu\/en\/product\/holly-leaves-navy\/#breadcrumb","itemListElement":[{"@type":"ListItem","position":1,"name":"Home","item":"https:\/\/l37.eu\/en\/"},{"@type":"ListItem","position":2,"name":"Produkty","item":"https:\/\/l37.eu\/shop\/"},{"@type":"ListItem","position":3,"name":"HOLLY LEAVES"}]},{"@type":"WebSite","@id":"https:\/\/l37.eu\/#website","url":"https:\/\/l37.eu\/","name":"L37 - polska marka obuwia i torebek sk\u00f3rzanych","description":"Discover the harmony between style and comfort in the latest collection of L37 Handmade Shoes for the spring-summer 2024 season. Inspired by nature and modern trends, this collection offers original design and exceptional comfort, emphasizing your personality in every step.","publisher":{"@id":"https:\/\/l37.eu\/#organization"},"alternateName":"L37 - obuwie i galanteria sk\u00f3rzana","potentialAction":[{"@type":"SearchAction","target":{"@type":"EntryPoint","urlTemplate":"https:\/\/l37.eu\/?s={search_term_string}"},"query-input":{"@type":"PropertyValueSpecification","valueRequired":true,"valueName":"search_term_string"}}],"inLanguage":"en-US"},{"@type":"Organization","@id":"https:\/\/l37.eu\/#organization","name":"L37 - polska marka obuwia i torebek sk\u00f3rzanych","url":"https:\/\/l37.eu\/","logo":{"@type":"ImageObject","inLanguage":"en-US","@id":"https:\/\/l37.eu\/#\/schema\/logo\/image\/","url":"","contentUrl":"","caption":"L37 - polska marka obuwia i torebek sk\u00f3rzanych"},"image":{"@id":"https:\/\/l37.eu\/#\/schema\/logo\/image\/"},"sameAs":["https:\/\/www.facebook.com\/L37.eu\/","https:\/\/www.instagram.com\/l37_official\/"]}]}},"_links":{"self":[{"href":"https:\/\/l37.eu\/en\/wp-json\/wp\/v2\/product\/259307","targetHints":{"allow":["GET"]}}],"collection":[{"href":"https:\/\/l37.eu\/en\/wp-json\/wp\/v2\/product"}],"about":[{"href":"https:\/\/l37.eu\/en\/wp-json\/wp\/v2\/types\/product"}],"replies":[{"embeddable":true,"href":"https:\/\/l37.eu\/en\/wp-json\/wp\/v2\/comments?post=259307"}],"wp:featuredmedia":[{"embeddable":true,"href":"https:\/\/l37.eu\/en\/wp-json\/wp\/v2\/media\/506302"}],"wp:attachment":[{"href":"https:\/\/l37.eu\/en\/wp-json\/wp\/v2\/media?parent=259307"}],"wp:term":[{"taxonomy":"product_brand","embeddable":true,"href":"https:\/\/l37.eu\/en\/wp-json\/wp\/v2\/product_brand?post=259307"},{"taxonomy":"product_cat","embeddable":true,"href":"https:\/\/l37.eu\/en\/wp-json\/wp\/v2\/product_cat?post=259307"},{"taxonomy":"product_tag","embeddable":true,"href":"https:\/\/l37.eu\/en\/wp-json\/wp\/v2\/product_tag?post=259307"}],"curies":[{"name":"wp","href":"https:\/\/api.w.org\/{rel}","templated":true}]}}