{"id":256047,"date":"2025-07-08T11:53:48","date_gmt":"2025-07-08T09:53:48","guid":{"rendered":"https:\/\/l37.eu\/product\/a-few-stolen-moments\/"},"modified":"2026-03-22T10:38:16","modified_gmt":"2026-03-22T09:38:16","slug":"a-few-stolen-moments","status":"publish","type":"product","link":"https:\/\/l37.eu\/en\/product\/a-few-stolen-moments\/","title":{"rendered":"A FEW STOLEN MOMENTS"},"content":{"rendered":"<p>Odkryj elegancj\u0119 i wyrafinowany styl z naszymi botkami &#8220;A FEW STOLEN MOMENTS&#8221;. Doskona\u0142e po\u0142\u0105czenie klasyki i nowoczesno\u015bci, wykonane z najwy\u017cszej jako\u015bci sk\u00f3ry naturalnej, gwarantuj\u0105 komfort noszenia przez ca\u0142y dzie\u0144. Subtelny szpiczasty czubek oraz blokowy obcas o wysoko\u015bci 6 cm dodaj\u0105 charakteru i wysmuklaj\u0105 sylwetk\u0119. Nasze botki w uniwersalnym czarnym kolorze z \u0142atwo\u015bci\u0105 dopasujesz do ka\u017cdej stylizacji, podkre\u015blaj\u0105c swoj\u0105 indywidualno\u015b\u0107 i niepowtarzalny gust. Wykonane z dba\u0142o\u015bci\u0105 o ka\u017cdy detal, posiadaj\u0105 wygodn\u0105 wy\u015bci\u00f3\u0142k\u0119 i podszewk\u0119 z naturalnej sk\u00f3ry, dzi\u0119ki czemu obuwie doskonale dopasowuje si\u0119 do stopy. Niezale\u017cnie od tego, czy wybierasz si\u0119 na spotkanie biznesowe, czy na wieczorne wyj\u015bcie, te botki stan\u0105 si\u0119 niezast\u0105pionym elementem Twojej garderoby. Stormuj w nich pewnym siebie krokiem, ciesz\u0105c si\u0119 niepowtarzalnym stylem i wygod\u0105 ka\u017cdego dnia.<\/p>\n","protected":false},"excerpt":{"rendered":"<p>STYLOWE CZARNE KOWBOJKI Z METALOW\u0104 WSTAWK\u0104<\/p>\n","protected":false},"featured_media":227345,"comment_status":"closed","ping_status":"closed","template":"","meta":{"_acf_changed":false},"product_brand":[],"product_cat":[2804,3030],"product_tag":[],"class_list":{"0":"post-256047","1":"product","2":"type-product","3":"status-publish","4":"has-post-thumbnail","6":"product_cat-autumn-winter-2025-26","7":"product_cat-winter-sale","8":"pa_f4-wysokosccholewkidlarozmiar-15-en","9":"pa_kolor-black-en-2","10":"pa_material-skoranaturalna-en","11":"pa_material-skoralicowa-en","12":"pa_obwodcholewkidlarozmiaru37cm-31-en","13":"pa_podeszwa-high-quality-synthetic-materials","14":"pa_podszewka-natural-leather","15":"pa_rodzaj-botki-en","16":"pa_rodzaj-cowboy-boots","17":"pa_size-35-en","18":"pa_size-36-en","19":"pa_size-37-en","20":"pa_size-38-en","21":"pa_size-39-en","22":"pa_size-40-en","23":"pa_size-41-en","24":"pa_tegosc-g-en","25":"pa_wysciolka-natural-leather","26":"pa_wysokoscobcasacm-6-en","27":"pa_zapiecie-slip-on","28":"miinto-order","30":"first","31":"instock","32":"shipping-taxable","33":"purchasable","34":"product-type-variable"},"acf":[],"yoast_head":"<!-- This site is optimized with the Yoast SEO plugin v27.2 - https:\/\/yoast.com\/product\/yoast-seo-wordpress\/ -->\n<title>A FEW STOLEN MOMENTS - BOOTS, COWBOY BOOTS - black<\/title>\n<meta name=\"description\" content=\"BOOTS, COWBOY BOOTS - A FEW STOLEN MOMENTS - black od L37 - polskiej marki galanterii sk\u00f3rzanej, kt\u00f3ra \u0142\u0105czy klasyczn\u0105 estetyk\u0119 z nowoczesnym podej\u015bciem do mody.\" \/>\n<meta name=\"robots\" content=\"index, follow, max-snippet:-1, max-image-preview:large, max-video-preview:-1\" \/>\n<link rel=\"canonical\" href=\"https:\/\/l37.eu\/en\/product\/a-few-stolen-moments\/\" \/>\n<meta property=\"og:locale\" content=\"en_US\" \/>\n<meta property=\"og:type\" content=\"article\" \/>\n<meta property=\"og:title\" content=\"A FEW STOLEN MOMENTS - BOOTS, COWBOY BOOTS - black\" \/>\n<meta property=\"og:description\" content=\"BOOTS, COWBOY BOOTS - A FEW STOLEN MOMENTS - black od L37 - polskiej marki galanterii sk\u00f3rzanej, kt\u00f3ra \u0142\u0105czy klasyczn\u0105 estetyk\u0119 z nowoczesnym podej\u015bciem do mody.\" \/>\n<meta property=\"og:url\" content=\"https:\/\/l37.eu\/en\/product\/a-few-stolen-moments\/\" \/>\n<meta property=\"og:site_name\" content=\"L37 Handmade Shoes\" \/>\n<meta property=\"article:publisher\" content=\"https:\/\/www.facebook.com\/L37.eu\/\" \/>\n<meta property=\"article:modified_time\" content=\"2026-03-22T09:38:16+00:00\" \/>\n<meta property=\"og:image\" content=\"https:\/\/l37.eu\/wp-content\/uploads\/2025\/07\/B_AFSM_BLACK-1.jpg\" \/>\n\t<meta property=\"og:image:width\" content=\"1875\" \/>\n\t<meta property=\"og:image:height\" content=\"2500\" \/>\n\t<meta property=\"og:image:type\" content=\"image\/jpeg\" \/>\n<meta name=\"twitter:card\" content=\"summary_large_image\" \/>\n<meta name=\"twitter:label1\" content=\"Est. reading time\" \/>\n\t<meta name=\"twitter:data1\" content=\"1 minute\" \/>\n<script type=\"application\/ld+json\" class=\"yoast-schema-graph\">{\"@context\":\"https:\/\/schema.org\",\"@graph\":[{\"@type\":\"WebPage\",\"@id\":\"https:\/\/l37.eu\/en\/product\/a-few-stolen-moments\/\",\"url\":\"https:\/\/l37.eu\/en\/product\/a-few-stolen-moments\/\",\"name\":\"A FEW STOLEN MOMENTS - BOOTS, COWBOY BOOTS - black\",\"isPartOf\":{\"@id\":\"https:\/\/l37.eu\/#website\"},\"primaryImageOfPage\":{\"@id\":\"https:\/\/l37.eu\/en\/product\/a-few-stolen-moments\/#primaryimage\"},\"image\":{\"@id\":\"https:\/\/l37.eu\/en\/product\/a-few-stolen-moments\/#primaryimage\"},\"thumbnailUrl\":\"https:\/\/l37.eu\/wp-content\/uploads\/2025\/07\/B_AFSM_BLACK-1.jpg\",\"datePublished\":\"2025-07-08T09:53:48+00:00\",\"dateModified\":\"2026-03-22T09:38:16+00:00\",\"description\":\"BOOTS, COWBOY BOOTS - A FEW STOLEN MOMENTS - black od L37 - polskiej marki galanterii sk\u00f3rzanej, kt\u00f3ra \u0142\u0105czy klasyczn\u0105 estetyk\u0119 z nowoczesnym podej\u015bciem do mody.\",\"breadcrumb\":{\"@id\":\"https:\/\/l37.eu\/en\/product\/a-few-stolen-moments\/#breadcrumb\"},\"inLanguage\":\"en-US\",\"potentialAction\":[{\"@type\":\"ReadAction\",\"target\":[\"https:\/\/l37.eu\/en\/product\/a-few-stolen-moments\/\"]}]},{\"@type\":\"ImageObject\",\"inLanguage\":\"en-US\",\"@id\":\"https:\/\/l37.eu\/en\/product\/a-few-stolen-moments\/#primaryimage\",\"url\":\"https:\/\/l37.eu\/wp-content\/uploads\/2025\/07\/B_AFSM_BLACK-1.jpg\",\"contentUrl\":\"https:\/\/l37.eu\/wp-content\/uploads\/2025\/07\/B_AFSM_BLACK-1.jpg\",\"width\":1875,\"height\":2500},{\"@type\":\"BreadcrumbList\",\"@id\":\"https:\/\/l37.eu\/en\/product\/a-few-stolen-moments\/#breadcrumb\",\"itemListElement\":[{\"@type\":\"ListItem\",\"position\":1,\"name\":\"Home\",\"item\":\"https:\/\/l37.eu\/en\/\"},{\"@type\":\"ListItem\",\"position\":2,\"name\":\"Produkty\",\"item\":\"https:\/\/l37.eu\/shop\/\"},{\"@type\":\"ListItem\",\"position\":3,\"name\":\"A FEW STOLEN MOMENTS\"}]},{\"@type\":\"WebSite\",\"@id\":\"https:\/\/l37.eu\/#website\",\"url\":\"https:\/\/l37.eu\/\",\"name\":\"L37 - polska marka obuwia i torebek sk\u00f3rzanych\",\"description\":\"Discover the harmony between style and comfort in the latest collection of L37 Handmade Shoes for the spring-summer 2024 season. Inspired by nature and modern trends, this collection offers original design and exceptional comfort, emphasizing your personality in every step.\",\"publisher\":{\"@id\":\"https:\/\/l37.eu\/#organization\"},\"alternateName\":\"L37 - obuwie i galanteria sk\u00f3rzana\",\"potentialAction\":[{\"@type\":\"SearchAction\",\"target\":{\"@type\":\"EntryPoint\",\"urlTemplate\":\"https:\/\/l37.eu\/?s={search_term_string}\"},\"query-input\":{\"@type\":\"PropertyValueSpecification\",\"valueRequired\":true,\"valueName\":\"search_term_string\"}}],\"inLanguage\":\"en-US\"},{\"@type\":\"Organization\",\"@id\":\"https:\/\/l37.eu\/#organization\",\"name\":\"L37 - polska marka obuwia i torebek sk\u00f3rzanych\",\"url\":\"https:\/\/l37.eu\/\",\"logo\":{\"@type\":\"ImageObject\",\"inLanguage\":\"en-US\",\"@id\":\"https:\/\/l37.eu\/#\/schema\/logo\/image\/\",\"url\":\"\",\"contentUrl\":\"\",\"caption\":\"L37 - polska marka obuwia i torebek sk\u00f3rzanych\"},\"image\":{\"@id\":\"https:\/\/l37.eu\/#\/schema\/logo\/image\/\"},\"sameAs\":[\"https:\/\/www.facebook.com\/L37.eu\/\",\"https:\/\/www.instagram.com\/l37_official\/\"]}]}<\/script>\n<!-- \/ Yoast SEO plugin. -->","yoast_head_json":{"title":"A FEW STOLEN MOMENTS - BOOTS, COWBOY BOOTS - black","description":"BOOTS, COWBOY BOOTS - A FEW STOLEN MOMENTS - black od L37 - polskiej marki galanterii sk\u00f3rzanej, kt\u00f3ra \u0142\u0105czy klasyczn\u0105 estetyk\u0119 z nowoczesnym podej\u015bciem do mody.","robots":{"index":"index","follow":"follow","max-snippet":"max-snippet:-1","max-image-preview":"max-image-preview:large","max-video-preview":"max-video-preview:-1"},"canonical":"https:\/\/l37.eu\/en\/product\/a-few-stolen-moments\/","og_locale":"en_US","og_type":"article","og_title":"A FEW STOLEN MOMENTS - BOOTS, COWBOY BOOTS - black","og_description":"BOOTS, COWBOY BOOTS - A FEW STOLEN MOMENTS - black od L37 - polskiej marki galanterii sk\u00f3rzanej, kt\u00f3ra \u0142\u0105czy klasyczn\u0105 estetyk\u0119 z nowoczesnym podej\u015bciem do mody.","og_url":"https:\/\/l37.eu\/en\/product\/a-few-stolen-moments\/","og_site_name":"L37 Handmade Shoes","article_publisher":"https:\/\/www.facebook.com\/L37.eu\/","article_modified_time":"2026-03-22T09:38:16+00:00","og_image":[{"width":1875,"height":2500,"url":"https:\/\/l37.eu\/wp-content\/uploads\/2025\/07\/B_AFSM_BLACK-1.jpg","type":"image\/jpeg"}],"twitter_card":"summary_large_image","twitter_misc":{"Est. reading time":"1 minute"},"schema":{"@context":"https:\/\/schema.org","@graph":[{"@type":"WebPage","@id":"https:\/\/l37.eu\/en\/product\/a-few-stolen-moments\/","url":"https:\/\/l37.eu\/en\/product\/a-few-stolen-moments\/","name":"A FEW STOLEN MOMENTS - BOOTS, COWBOY BOOTS - black","isPartOf":{"@id":"https:\/\/l37.eu\/#website"},"primaryImageOfPage":{"@id":"https:\/\/l37.eu\/en\/product\/a-few-stolen-moments\/#primaryimage"},"image":{"@id":"https:\/\/l37.eu\/en\/product\/a-few-stolen-moments\/#primaryimage"},"thumbnailUrl":"https:\/\/l37.eu\/wp-content\/uploads\/2025\/07\/B_AFSM_BLACK-1.jpg","datePublished":"2025-07-08T09:53:48+00:00","dateModified":"2026-03-22T09:38:16+00:00","description":"BOOTS, COWBOY BOOTS - A FEW STOLEN MOMENTS - black od L37 - polskiej marki galanterii sk\u00f3rzanej, kt\u00f3ra \u0142\u0105czy klasyczn\u0105 estetyk\u0119 z nowoczesnym podej\u015bciem do mody.","breadcrumb":{"@id":"https:\/\/l37.eu\/en\/product\/a-few-stolen-moments\/#breadcrumb"},"inLanguage":"en-US","potentialAction":[{"@type":"ReadAction","target":["https:\/\/l37.eu\/en\/product\/a-few-stolen-moments\/"]}]},{"@type":"ImageObject","inLanguage":"en-US","@id":"https:\/\/l37.eu\/en\/product\/a-few-stolen-moments\/#primaryimage","url":"https:\/\/l37.eu\/wp-content\/uploads\/2025\/07\/B_AFSM_BLACK-1.jpg","contentUrl":"https:\/\/l37.eu\/wp-content\/uploads\/2025\/07\/B_AFSM_BLACK-1.jpg","width":1875,"height":2500},{"@type":"BreadcrumbList","@id":"https:\/\/l37.eu\/en\/product\/a-few-stolen-moments\/#breadcrumb","itemListElement":[{"@type":"ListItem","position":1,"name":"Home","item":"https:\/\/l37.eu\/en\/"},{"@type":"ListItem","position":2,"name":"Produkty","item":"https:\/\/l37.eu\/shop\/"},{"@type":"ListItem","position":3,"name":"A FEW STOLEN MOMENTS"}]},{"@type":"WebSite","@id":"https:\/\/l37.eu\/#website","url":"https:\/\/l37.eu\/","name":"L37 - polska marka obuwia i torebek sk\u00f3rzanych","description":"Discover the harmony between style and comfort in the latest collection of L37 Handmade Shoes for the spring-summer 2024 season. Inspired by nature and modern trends, this collection offers original design and exceptional comfort, emphasizing your personality in every step.","publisher":{"@id":"https:\/\/l37.eu\/#organization"},"alternateName":"L37 - obuwie i galanteria sk\u00f3rzana","potentialAction":[{"@type":"SearchAction","target":{"@type":"EntryPoint","urlTemplate":"https:\/\/l37.eu\/?s={search_term_string}"},"query-input":{"@type":"PropertyValueSpecification","valueRequired":true,"valueName":"search_term_string"}}],"inLanguage":"en-US"},{"@type":"Organization","@id":"https:\/\/l37.eu\/#organization","name":"L37 - polska marka obuwia i torebek sk\u00f3rzanych","url":"https:\/\/l37.eu\/","logo":{"@type":"ImageObject","inLanguage":"en-US","@id":"https:\/\/l37.eu\/#\/schema\/logo\/image\/","url":"","contentUrl":"","caption":"L37 - polska marka obuwia i torebek sk\u00f3rzanych"},"image":{"@id":"https:\/\/l37.eu\/#\/schema\/logo\/image\/"},"sameAs":["https:\/\/www.facebook.com\/L37.eu\/","https:\/\/www.instagram.com\/l37_official\/"]}]}},"_links":{"self":[{"href":"https:\/\/l37.eu\/en\/wp-json\/wp\/v2\/product\/256047","targetHints":{"allow":["GET"]}}],"collection":[{"href":"https:\/\/l37.eu\/en\/wp-json\/wp\/v2\/product"}],"about":[{"href":"https:\/\/l37.eu\/en\/wp-json\/wp\/v2\/types\/product"}],"replies":[{"embeddable":true,"href":"https:\/\/l37.eu\/en\/wp-json\/wp\/v2\/comments?post=256047"}],"wp:featuredmedia":[{"embeddable":true,"href":"https:\/\/l37.eu\/en\/wp-json\/wp\/v2\/media\/227345"}],"wp:attachment":[{"href":"https:\/\/l37.eu\/en\/wp-json\/wp\/v2\/media?parent=256047"}],"wp:term":[{"taxonomy":"product_brand","embeddable":true,"href":"https:\/\/l37.eu\/en\/wp-json\/wp\/v2\/product_brand?post=256047"},{"taxonomy":"product_cat","embeddable":true,"href":"https:\/\/l37.eu\/en\/wp-json\/wp\/v2\/product_cat?post=256047"},{"taxonomy":"product_tag","embeddable":true,"href":"https:\/\/l37.eu\/en\/wp-json\/wp\/v2\/product_tag?post=256047"}],"curies":[{"name":"wp","href":"https:\/\/api.w.org\/{rel}","templated":true}]}}