{"id":252873,"date":"2025-09-16T15:40:26","date_gmt":"2025-09-16T13:40:26","guid":{"rendered":"https:\/\/l37.eu\/product\/asteroid-belt\/"},"modified":"2026-01-18T07:54:30","modified_gmt":"2026-01-18T06:54:30","slug":"asteroid-belt","status":"publish","type":"product","link":"https:\/\/l37.eu\/en\/product\/asteroid-belt\/","title":{"rendered":"ASTEROID BELT"},"content":{"rendered":"<p>Odkryj niezr\u00f3wnan\u0105 elegancj\u0119 i styl dzi\u0119ki butom ASTEROID BELT. Te klasyczne kozaki, wykonane z najwy\u017cszej jako\u015bci sk\u00f3ry licowej oraz naturalnej, s\u0105 uosobieniem luksusu i wygody. Ich wy\u015bci\u00f3\u0142ka i podszewka z mi\u0119kkiego polaru zapewniaj\u0105 komfort cieplny nawet w najzimniejsze dni, podczas gdy klasyczny czarny kolor dodaje ka\u017cdej stylizacji wyj\u0105tkowego szyku. Z niskim obcasem o wysoko\u015bci 2 cm, te buty s\u0105 idealne dla kobiet ceni\u0105cych sobie praktyczno\u015b\u0107 i niepowtarzalny wygl\u0105d. Elastyczny obw\u00f3d cholewki, wynosz\u0105cy 39 cm dla rozmiaru 37, dostosowuje si\u0119 do kszta\u0142tu nogi, zapewniaj\u0105c perfekcyjne dopasowanie. Dzi\u0119ki wysokogatunkowej podeszwie, ASTEROID BELT oferuj\u0105 niezawodn\u0105 przyczepno\u015b\u0107 na ka\u017cdym pod\u0142o\u017cu. Te oficerki to nie tylko obuwie \u2013 to inwestycja w ponadczasow\u0105 elegancj\u0119, kt\u00f3ra dope\u0142ni Tw\u00f3j str\u00f3j na co dzie\u0144 i na specjalne okazje. Wybierz sw\u00f3j rozmiar z naszej r\u00f3\u017cnorodnej oferty i poczuj r\u00f3\u017cnic\u0119 premium.<\/p>\n","protected":false},"excerpt":{"rendered":"<p>MINIMALISTYCZNE CZARNE OFICERKI Z NATURALNEJ SK\u00d3RY<\/p>\n","protected":false},"featured_media":252864,"comment_status":"closed","ping_status":"closed","template":"","meta":{"_acf_changed":false},"product_brand":[],"product_cat":[2804,3030],"product_tag":[],"class_list":{"0":"post-252873","1":"product","2":"type-product","3":"status-publish","4":"has-post-thumbnail","6":"product_cat-autumn-winter-2025-26","7":"product_cat-winter-sale","8":"pa_f4-wysokosccholewkidlarozmiar-41-en","9":"pa_kolor-black-en-2","10":"pa_material-skoranaturalna-en","11":"pa_material-skoralicowa-en","12":"pa_obwodcholewkidlarozmiaru37cm-39-en","13":"pa_podeszwa-high-quality-synthetic-materials","14":"pa_podszewka-fleece","15":"pa_rodzaj-kozaki-en","16":"pa_rodzaj-jackboots","17":"pa_size-35-en","18":"pa_size-36-en","19":"pa_size-37-en","20":"pa_size-38-en","21":"pa_size-39-en","22":"pa_size-40-en","23":"pa_size-41-en","24":"pa_tegosc-g-en","25":"pa_wysciolka-natural-leather","26":"pa_wysokoscobcasacm-2-en","27":"miinto-order","29":"first","30":"instock","31":"shipping-taxable","32":"purchasable","33":"product-type-variable"},"acf":[],"yoast_head":"<!-- This site is optimized with the Yoast SEO plugin v27.2 - https:\/\/yoast.com\/product\/yoast-seo-wordpress\/ -->\n<title>ASTEROID BELT - HIGH BOOTS, JACKBOOTS - black<\/title>\n<meta name=\"description\" content=\"HIGH BOOTS, JACKBOOTS - ASTEROID BELT - black od L37 - polskiej marki galanterii sk\u00f3rzanej, kt\u00f3ra \u0142\u0105czy klasyczn\u0105 estetyk\u0119 z nowoczesnym podej\u015bciem do mody.\" \/>\n<meta name=\"robots\" content=\"index, follow, max-snippet:-1, max-image-preview:large, max-video-preview:-1\" \/>\n<link rel=\"canonical\" href=\"https:\/\/l37.eu\/en\/product\/asteroid-belt\/\" \/>\n<meta property=\"og:locale\" content=\"en_US\" \/>\n<meta property=\"og:type\" content=\"article\" \/>\n<meta property=\"og:title\" content=\"ASTEROID BELT - HIGH BOOTS, JACKBOOTS - black\" \/>\n<meta property=\"og:description\" content=\"HIGH BOOTS, JACKBOOTS - ASTEROID BELT - black od L37 - polskiej marki galanterii sk\u00f3rzanej, kt\u00f3ra \u0142\u0105czy klasyczn\u0105 estetyk\u0119 z nowoczesnym podej\u015bciem do mody.\" \/>\n<meta property=\"og:url\" content=\"https:\/\/l37.eu\/en\/product\/asteroid-belt\/\" \/>\n<meta property=\"og:site_name\" content=\"L37 Handmade Shoes\" \/>\n<meta property=\"article:publisher\" content=\"https:\/\/www.facebook.com\/L37.eu\/\" \/>\n<meta property=\"article:modified_time\" content=\"2026-01-18T06:54:30+00:00\" \/>\n<meta property=\"og:image\" content=\"https:\/\/l37.eu\/wp-content\/uploads\/2025\/09\/KOZ_ASTBEL_BLACK-3.jpg\" \/>\n\t<meta property=\"og:image:width\" content=\"1875\" \/>\n\t<meta property=\"og:image:height\" content=\"2500\" \/>\n\t<meta property=\"og:image:type\" content=\"image\/jpeg\" \/>\n<meta name=\"twitter:card\" content=\"summary_large_image\" \/>\n<meta name=\"twitter:label1\" content=\"Est. reading time\" \/>\n\t<meta name=\"twitter:data1\" content=\"1 minute\" \/>\n<script type=\"application\/ld+json\" class=\"yoast-schema-graph\">{\"@context\":\"https:\/\/schema.org\",\"@graph\":[{\"@type\":\"WebPage\",\"@id\":\"https:\/\/l37.eu\/en\/product\/asteroid-belt\/\",\"url\":\"https:\/\/l37.eu\/en\/product\/asteroid-belt\/\",\"name\":\"ASTEROID BELT - HIGH BOOTS, JACKBOOTS - black\",\"isPartOf\":{\"@id\":\"https:\/\/l37.eu\/#website\"},\"primaryImageOfPage\":{\"@id\":\"https:\/\/l37.eu\/en\/product\/asteroid-belt\/#primaryimage\"},\"image\":{\"@id\":\"https:\/\/l37.eu\/en\/product\/asteroid-belt\/#primaryimage\"},\"thumbnailUrl\":\"https:\/\/l37.eu\/wp-content\/uploads\/2025\/09\/KOZ_ASTBEL_BLACK-3.jpg\",\"datePublished\":\"2025-09-16T13:40:26+00:00\",\"dateModified\":\"2026-01-18T06:54:30+00:00\",\"description\":\"HIGH BOOTS, JACKBOOTS - ASTEROID BELT - black od L37 - polskiej marki galanterii sk\u00f3rzanej, kt\u00f3ra \u0142\u0105czy klasyczn\u0105 estetyk\u0119 z nowoczesnym podej\u015bciem do mody.\",\"breadcrumb\":{\"@id\":\"https:\/\/l37.eu\/en\/product\/asteroid-belt\/#breadcrumb\"},\"inLanguage\":\"en-US\",\"potentialAction\":[{\"@type\":\"ReadAction\",\"target\":[\"https:\/\/l37.eu\/en\/product\/asteroid-belt\/\"]}]},{\"@type\":\"ImageObject\",\"inLanguage\":\"en-US\",\"@id\":\"https:\/\/l37.eu\/en\/product\/asteroid-belt\/#primaryimage\",\"url\":\"https:\/\/l37.eu\/wp-content\/uploads\/2025\/09\/KOZ_ASTBEL_BLACK-3.jpg\",\"contentUrl\":\"https:\/\/l37.eu\/wp-content\/uploads\/2025\/09\/KOZ_ASTBEL_BLACK-3.jpg\",\"width\":1875,\"height\":2500},{\"@type\":\"BreadcrumbList\",\"@id\":\"https:\/\/l37.eu\/en\/product\/asteroid-belt\/#breadcrumb\",\"itemListElement\":[{\"@type\":\"ListItem\",\"position\":1,\"name\":\"Home\",\"item\":\"https:\/\/l37.eu\/en\/\"},{\"@type\":\"ListItem\",\"position\":2,\"name\":\"Produkty\",\"item\":\"https:\/\/l37.eu\/shop\/\"},{\"@type\":\"ListItem\",\"position\":3,\"name\":\"ASTEROID BELT\"}]},{\"@type\":\"WebSite\",\"@id\":\"https:\/\/l37.eu\/#website\",\"url\":\"https:\/\/l37.eu\/\",\"name\":\"L37 - polska marka obuwia i torebek sk\u00f3rzanych\",\"description\":\"Discover the harmony between style and comfort in the latest collection of L37 Handmade Shoes for the spring-summer 2024 season. Inspired by nature and modern trends, this collection offers original design and exceptional comfort, emphasizing your personality in every step.\",\"publisher\":{\"@id\":\"https:\/\/l37.eu\/#organization\"},\"alternateName\":\"L37 - obuwie i galanteria sk\u00f3rzana\",\"potentialAction\":[{\"@type\":\"SearchAction\",\"target\":{\"@type\":\"EntryPoint\",\"urlTemplate\":\"https:\/\/l37.eu\/?s={search_term_string}\"},\"query-input\":{\"@type\":\"PropertyValueSpecification\",\"valueRequired\":true,\"valueName\":\"search_term_string\"}}],\"inLanguage\":\"en-US\"},{\"@type\":\"Organization\",\"@id\":\"https:\/\/l37.eu\/#organization\",\"name\":\"L37 - polska marka obuwia i torebek sk\u00f3rzanych\",\"url\":\"https:\/\/l37.eu\/\",\"logo\":{\"@type\":\"ImageObject\",\"inLanguage\":\"en-US\",\"@id\":\"https:\/\/l37.eu\/#\/schema\/logo\/image\/\",\"url\":\"\",\"contentUrl\":\"\",\"caption\":\"L37 - polska marka obuwia i torebek sk\u00f3rzanych\"},\"image\":{\"@id\":\"https:\/\/l37.eu\/#\/schema\/logo\/image\/\"},\"sameAs\":[\"https:\/\/www.facebook.com\/L37.eu\/\",\"https:\/\/www.instagram.com\/l37_official\/\"]}]}<\/script>\n<!-- \/ Yoast SEO plugin. -->","yoast_head_json":{"title":"ASTEROID BELT - HIGH BOOTS, JACKBOOTS - black","description":"HIGH BOOTS, JACKBOOTS - ASTEROID BELT - black od L37 - polskiej marki galanterii sk\u00f3rzanej, kt\u00f3ra \u0142\u0105czy klasyczn\u0105 estetyk\u0119 z nowoczesnym podej\u015bciem do mody.","robots":{"index":"index","follow":"follow","max-snippet":"max-snippet:-1","max-image-preview":"max-image-preview:large","max-video-preview":"max-video-preview:-1"},"canonical":"https:\/\/l37.eu\/en\/product\/asteroid-belt\/","og_locale":"en_US","og_type":"article","og_title":"ASTEROID BELT - HIGH BOOTS, JACKBOOTS - black","og_description":"HIGH BOOTS, JACKBOOTS - ASTEROID BELT - black od L37 - polskiej marki galanterii sk\u00f3rzanej, kt\u00f3ra \u0142\u0105czy klasyczn\u0105 estetyk\u0119 z nowoczesnym podej\u015bciem do mody.","og_url":"https:\/\/l37.eu\/en\/product\/asteroid-belt\/","og_site_name":"L37 Handmade Shoes","article_publisher":"https:\/\/www.facebook.com\/L37.eu\/","article_modified_time":"2026-01-18T06:54:30+00:00","og_image":[{"width":1875,"height":2500,"url":"https:\/\/l37.eu\/wp-content\/uploads\/2025\/09\/KOZ_ASTBEL_BLACK-3.jpg","type":"image\/jpeg"}],"twitter_card":"summary_large_image","twitter_misc":{"Est. reading time":"1 minute"},"schema":{"@context":"https:\/\/schema.org","@graph":[{"@type":"WebPage","@id":"https:\/\/l37.eu\/en\/product\/asteroid-belt\/","url":"https:\/\/l37.eu\/en\/product\/asteroid-belt\/","name":"ASTEROID BELT - HIGH BOOTS, JACKBOOTS - black","isPartOf":{"@id":"https:\/\/l37.eu\/#website"},"primaryImageOfPage":{"@id":"https:\/\/l37.eu\/en\/product\/asteroid-belt\/#primaryimage"},"image":{"@id":"https:\/\/l37.eu\/en\/product\/asteroid-belt\/#primaryimage"},"thumbnailUrl":"https:\/\/l37.eu\/wp-content\/uploads\/2025\/09\/KOZ_ASTBEL_BLACK-3.jpg","datePublished":"2025-09-16T13:40:26+00:00","dateModified":"2026-01-18T06:54:30+00:00","description":"HIGH BOOTS, JACKBOOTS - ASTEROID BELT - black od L37 - polskiej marki galanterii sk\u00f3rzanej, kt\u00f3ra \u0142\u0105czy klasyczn\u0105 estetyk\u0119 z nowoczesnym podej\u015bciem do mody.","breadcrumb":{"@id":"https:\/\/l37.eu\/en\/product\/asteroid-belt\/#breadcrumb"},"inLanguage":"en-US","potentialAction":[{"@type":"ReadAction","target":["https:\/\/l37.eu\/en\/product\/asteroid-belt\/"]}]},{"@type":"ImageObject","inLanguage":"en-US","@id":"https:\/\/l37.eu\/en\/product\/asteroid-belt\/#primaryimage","url":"https:\/\/l37.eu\/wp-content\/uploads\/2025\/09\/KOZ_ASTBEL_BLACK-3.jpg","contentUrl":"https:\/\/l37.eu\/wp-content\/uploads\/2025\/09\/KOZ_ASTBEL_BLACK-3.jpg","width":1875,"height":2500},{"@type":"BreadcrumbList","@id":"https:\/\/l37.eu\/en\/product\/asteroid-belt\/#breadcrumb","itemListElement":[{"@type":"ListItem","position":1,"name":"Home","item":"https:\/\/l37.eu\/en\/"},{"@type":"ListItem","position":2,"name":"Produkty","item":"https:\/\/l37.eu\/shop\/"},{"@type":"ListItem","position":3,"name":"ASTEROID BELT"}]},{"@type":"WebSite","@id":"https:\/\/l37.eu\/#website","url":"https:\/\/l37.eu\/","name":"L37 - polska marka obuwia i torebek sk\u00f3rzanych","description":"Discover the harmony between style and comfort in the latest collection of L37 Handmade Shoes for the spring-summer 2024 season. Inspired by nature and modern trends, this collection offers original design and exceptional comfort, emphasizing your personality in every step.","publisher":{"@id":"https:\/\/l37.eu\/#organization"},"alternateName":"L37 - obuwie i galanteria sk\u00f3rzana","potentialAction":[{"@type":"SearchAction","target":{"@type":"EntryPoint","urlTemplate":"https:\/\/l37.eu\/?s={search_term_string}"},"query-input":{"@type":"PropertyValueSpecification","valueRequired":true,"valueName":"search_term_string"}}],"inLanguage":"en-US"},{"@type":"Organization","@id":"https:\/\/l37.eu\/#organization","name":"L37 - polska marka obuwia i torebek sk\u00f3rzanych","url":"https:\/\/l37.eu\/","logo":{"@type":"ImageObject","inLanguage":"en-US","@id":"https:\/\/l37.eu\/#\/schema\/logo\/image\/","url":"","contentUrl":"","caption":"L37 - polska marka obuwia i torebek sk\u00f3rzanych"},"image":{"@id":"https:\/\/l37.eu\/#\/schema\/logo\/image\/"},"sameAs":["https:\/\/www.facebook.com\/L37.eu\/","https:\/\/www.instagram.com\/l37_official\/"]}]}},"_links":{"self":[{"href":"https:\/\/l37.eu\/en\/wp-json\/wp\/v2\/product\/252873","targetHints":{"allow":["GET"]}}],"collection":[{"href":"https:\/\/l37.eu\/en\/wp-json\/wp\/v2\/product"}],"about":[{"href":"https:\/\/l37.eu\/en\/wp-json\/wp\/v2\/types\/product"}],"replies":[{"embeddable":true,"href":"https:\/\/l37.eu\/en\/wp-json\/wp\/v2\/comments?post=252873"}],"wp:featuredmedia":[{"embeddable":true,"href":"https:\/\/l37.eu\/en\/wp-json\/wp\/v2\/media\/252864"}],"wp:attachment":[{"href":"https:\/\/l37.eu\/en\/wp-json\/wp\/v2\/media?parent=252873"}],"wp:term":[{"taxonomy":"product_brand","embeddable":true,"href":"https:\/\/l37.eu\/en\/wp-json\/wp\/v2\/product_brand?post=252873"},{"taxonomy":"product_cat","embeddable":true,"href":"https:\/\/l37.eu\/en\/wp-json\/wp\/v2\/product_cat?post=252873"},{"taxonomy":"product_tag","embeddable":true,"href":"https:\/\/l37.eu\/en\/wp-json\/wp\/v2\/product_tag?post=252873"}],"curies":[{"name":"wp","href":"https:\/\/api.w.org\/{rel}","templated":true}]}}