{"id":252805,"date":"2025-09-16T15:40:25","date_gmt":"2025-09-16T13:40:25","guid":{"rendered":"https:\/\/l37.eu\/product\/mr-jones-maxi-6\/"},"modified":"2026-03-02T08:26:32","modified_gmt":"2026-03-02T07:26:32","slug":"mr-jones-maxi-6","status":"publish","type":"product","link":"https:\/\/l37.eu\/en\/product\/mr-jones-maxi-6\/","title":{"rendered":"MR JONES MAXI"},"content":{"rendered":"<p>Odkryj elegancj\u0119 i wygod\u0119 z naszymi wyj\u0105tkowymi kozakami MR JONES MAXI, kt\u00f3re idealnie \u0142\u0105cz\u0105 styl z funkcjonalno\u015bci\u0105. Te niezwyk\u0142e obuwie wykonane z najwy\u017cszej jako\u015bci sk\u00f3ry naturalnej oraz delikatnego zamszu, wniesie do Twojej garderoby odrobin\u0119 luksusu. Klasyczny, br\u0105zowy kolor doskonale komponuje si\u0119 z r\u00f3\u017cnymi stylizacjami \u2013 zar\u00f3wno codziennymi, jak i bardziej formalnymi.<\/p>\n<p>Zadbali\u015bmy o najwy\u017cszy komfort noszenia \u2013 wewn\u0119trzna wy\u015bci\u00f3\u0142ka z mi\u0119kkiej sk\u00f3ry naturalnej oraz polarowa podszewka otul\u0105 Twoje stopy przyjemnym uczuciem ciep\u0142a. Wysokogatunkowa podeszwa z tworzywa sztucznego zapewnia doskona\u0142\u0105 przyczepno\u015b\u0107 i trwa\u0142o\u015b\u0107, a niewielki, 2-centymetrowy obcas gwarantuje elegancj\u0119 bez rezygnacji z wygody.<\/p>\n<p>Wybierz kozaki MR JONES MAXI i przekonaj si\u0119, jak doskona\u0142a jako\u015b\u0107 materia\u0142\u00f3w oraz precyzyjne wykonanie wp\u0142ywaj\u0105 na Twoj\u0105 codzienn\u0105 wygod\u0119 i styl. To nie tylko buty, to inwestycja w Twoj\u0105 pewno\u015b\u0107 siebie i modowy wyraz osobowo\u015bci.<\/p>\n","protected":false},"excerpt":{"rendered":"<p>BR\u0104ZOWE OFICERKI WYKONANE Z ZAMSZU I SK\u00d3RY NATURALNEJ<\/p>\n","protected":false},"featured_media":252796,"comment_status":"closed","ping_status":"closed","template":"","meta":{"_acf_changed":false},"product_brand":[],"product_cat":[2804,3030],"product_tag":[],"class_list":{"0":"post-252805","1":"product","2":"type-product","3":"status-publish","4":"has-post-thumbnail","6":"product_cat-autumn-winter-2025-26","7":"product_cat-winter-sale","8":"pa_f4-wysokosccholewkidlarozmiar-47-en","9":"pa_kolor-brown-en-2","10":"pa_material-skoranaturalna-en","11":"pa_material-zamsz-en","12":"pa_obwodcholewkidlarozmiaru37cm-41-en","13":"pa_podeszwa-high-quality-synthetic-materials","14":"pa_podszewka-fleece","15":"pa_rodzaj-kozaki-en","16":"pa_rodzaj-jackboots","17":"pa_size-35-en","18":"pa_size-36-en","19":"pa_size-37-en","20":"pa_size-38-en","21":"pa_size-39-en","22":"pa_size-40-en","23":"pa_size-41-en","24":"pa_tegosc-g-en","25":"pa_wysciolka-natural-leather","26":"pa_wysokoscobcasacm-2-en","27":"miinto-order","29":"first","30":"instock","31":"shipping-taxable","32":"purchasable","33":"product-type-variable"},"acf":[],"yoast_head":"<!-- This site is optimized with the Yoast SEO plugin v27.2 - https:\/\/yoast.com\/product\/yoast-seo-wordpress\/ -->\n<title>MR JONES MAXI - HIGH BOOTS, JACKBOOTS - brown<\/title>\n<meta name=\"description\" content=\"HIGH BOOTS, JACKBOOTS - MR JONES MAXI - brown od L37 - polskiej marki galanterii sk\u00f3rzanej, kt\u00f3ra \u0142\u0105czy klasyczn\u0105 estetyk\u0119 z nowoczesnym podej\u015bciem do mody.\" \/>\n<meta name=\"robots\" content=\"index, follow, max-snippet:-1, max-image-preview:large, max-video-preview:-1\" \/>\n<link rel=\"canonical\" href=\"https:\/\/l37.eu\/en\/product\/mr-jones-maxi-6\/\" \/>\n<meta property=\"og:locale\" content=\"en_US\" \/>\n<meta property=\"og:type\" content=\"article\" \/>\n<meta property=\"og:title\" content=\"MR JONES MAXI - HIGH BOOTS, JACKBOOTS - brown\" \/>\n<meta property=\"og:description\" content=\"HIGH BOOTS, JACKBOOTS - MR JONES MAXI - brown od L37 - polskiej marki galanterii sk\u00f3rzanej, kt\u00f3ra \u0142\u0105czy klasyczn\u0105 estetyk\u0119 z nowoczesnym podej\u015bciem do mody.\" \/>\n<meta property=\"og:url\" content=\"https:\/\/l37.eu\/en\/product\/mr-jones-maxi-6\/\" \/>\n<meta property=\"og:site_name\" content=\"L37 Handmade Shoes\" \/>\n<meta property=\"article:publisher\" content=\"https:\/\/www.facebook.com\/L37.eu\/\" \/>\n<meta property=\"article:modified_time\" content=\"2026-03-02T07:26:32+00:00\" \/>\n<meta property=\"og:image\" content=\"https:\/\/l37.eu\/wp-content\/uploads\/2025\/09\/KOZ_MJM_DBRSUEDE-1.jpg\" \/>\n\t<meta property=\"og:image:width\" content=\"1875\" \/>\n\t<meta property=\"og:image:height\" content=\"2500\" \/>\n\t<meta property=\"og:image:type\" content=\"image\/jpeg\" \/>\n<meta name=\"twitter:card\" content=\"summary_large_image\" \/>\n<meta name=\"twitter:label1\" content=\"Est. reading time\" \/>\n\t<meta name=\"twitter:data1\" content=\"1 minute\" \/>\n<script type=\"application\/ld+json\" class=\"yoast-schema-graph\">{\"@context\":\"https:\/\/schema.org\",\"@graph\":[{\"@type\":\"WebPage\",\"@id\":\"https:\/\/l37.eu\/en\/product\/mr-jones-maxi-6\/\",\"url\":\"https:\/\/l37.eu\/en\/product\/mr-jones-maxi-6\/\",\"name\":\"MR JONES MAXI - HIGH BOOTS, JACKBOOTS - brown\",\"isPartOf\":{\"@id\":\"https:\/\/l37.eu\/#website\"},\"primaryImageOfPage\":{\"@id\":\"https:\/\/l37.eu\/en\/product\/mr-jones-maxi-6\/#primaryimage\"},\"image\":{\"@id\":\"https:\/\/l37.eu\/en\/product\/mr-jones-maxi-6\/#primaryimage\"},\"thumbnailUrl\":\"https:\/\/l37.eu\/wp-content\/uploads\/2025\/09\/KOZ_MJM_DBRSUEDE-1.jpg\",\"datePublished\":\"2025-09-16T13:40:25+00:00\",\"dateModified\":\"2026-03-02T07:26:32+00:00\",\"description\":\"HIGH BOOTS, JACKBOOTS - MR JONES MAXI - brown od L37 - polskiej marki galanterii sk\u00f3rzanej, kt\u00f3ra \u0142\u0105czy klasyczn\u0105 estetyk\u0119 z nowoczesnym podej\u015bciem do mody.\",\"breadcrumb\":{\"@id\":\"https:\/\/l37.eu\/en\/product\/mr-jones-maxi-6\/#breadcrumb\"},\"inLanguage\":\"en-US\",\"potentialAction\":[{\"@type\":\"ReadAction\",\"target\":[\"https:\/\/l37.eu\/en\/product\/mr-jones-maxi-6\/\"]}]},{\"@type\":\"ImageObject\",\"inLanguage\":\"en-US\",\"@id\":\"https:\/\/l37.eu\/en\/product\/mr-jones-maxi-6\/#primaryimage\",\"url\":\"https:\/\/l37.eu\/wp-content\/uploads\/2025\/09\/KOZ_MJM_DBRSUEDE-1.jpg\",\"contentUrl\":\"https:\/\/l37.eu\/wp-content\/uploads\/2025\/09\/KOZ_MJM_DBRSUEDE-1.jpg\",\"width\":1875,\"height\":2500},{\"@type\":\"BreadcrumbList\",\"@id\":\"https:\/\/l37.eu\/en\/product\/mr-jones-maxi-6\/#breadcrumb\",\"itemListElement\":[{\"@type\":\"ListItem\",\"position\":1,\"name\":\"Home\",\"item\":\"https:\/\/l37.eu\/en\/\"},{\"@type\":\"ListItem\",\"position\":2,\"name\":\"Produkty\",\"item\":\"https:\/\/l37.eu\/shop\/\"},{\"@type\":\"ListItem\",\"position\":3,\"name\":\"MR JONES MAXI\"}]},{\"@type\":\"WebSite\",\"@id\":\"https:\/\/l37.eu\/#website\",\"url\":\"https:\/\/l37.eu\/\",\"name\":\"L37 - polska marka obuwia i torebek sk\u00f3rzanych\",\"description\":\"Discover the harmony between style and comfort in the latest collection of L37 Handmade Shoes for the spring-summer 2024 season. Inspired by nature and modern trends, this collection offers original design and exceptional comfort, emphasizing your personality in every step.\",\"publisher\":{\"@id\":\"https:\/\/l37.eu\/#organization\"},\"alternateName\":\"L37 - obuwie i galanteria sk\u00f3rzana\",\"potentialAction\":[{\"@type\":\"SearchAction\",\"target\":{\"@type\":\"EntryPoint\",\"urlTemplate\":\"https:\/\/l37.eu\/?s={search_term_string}\"},\"query-input\":{\"@type\":\"PropertyValueSpecification\",\"valueRequired\":true,\"valueName\":\"search_term_string\"}}],\"inLanguage\":\"en-US\"},{\"@type\":\"Organization\",\"@id\":\"https:\/\/l37.eu\/#organization\",\"name\":\"L37 - polska marka obuwia i torebek sk\u00f3rzanych\",\"url\":\"https:\/\/l37.eu\/\",\"logo\":{\"@type\":\"ImageObject\",\"inLanguage\":\"en-US\",\"@id\":\"https:\/\/l37.eu\/#\/schema\/logo\/image\/\",\"url\":\"\",\"contentUrl\":\"\",\"caption\":\"L37 - polska marka obuwia i torebek sk\u00f3rzanych\"},\"image\":{\"@id\":\"https:\/\/l37.eu\/#\/schema\/logo\/image\/\"},\"sameAs\":[\"https:\/\/www.facebook.com\/L37.eu\/\",\"https:\/\/www.instagram.com\/l37_official\/\"]}]}<\/script>\n<!-- \/ Yoast SEO plugin. -->","yoast_head_json":{"title":"MR JONES MAXI - HIGH BOOTS, JACKBOOTS - brown","description":"HIGH BOOTS, JACKBOOTS - MR JONES MAXI - brown od L37 - polskiej marki galanterii sk\u00f3rzanej, kt\u00f3ra \u0142\u0105czy klasyczn\u0105 estetyk\u0119 z nowoczesnym podej\u015bciem do mody.","robots":{"index":"index","follow":"follow","max-snippet":"max-snippet:-1","max-image-preview":"max-image-preview:large","max-video-preview":"max-video-preview:-1"},"canonical":"https:\/\/l37.eu\/en\/product\/mr-jones-maxi-6\/","og_locale":"en_US","og_type":"article","og_title":"MR JONES MAXI - HIGH BOOTS, JACKBOOTS - brown","og_description":"HIGH BOOTS, JACKBOOTS - MR JONES MAXI - brown od L37 - polskiej marki galanterii sk\u00f3rzanej, kt\u00f3ra \u0142\u0105czy klasyczn\u0105 estetyk\u0119 z nowoczesnym podej\u015bciem do mody.","og_url":"https:\/\/l37.eu\/en\/product\/mr-jones-maxi-6\/","og_site_name":"L37 Handmade Shoes","article_publisher":"https:\/\/www.facebook.com\/L37.eu\/","article_modified_time":"2026-03-02T07:26:32+00:00","og_image":[{"width":1875,"height":2500,"url":"https:\/\/l37.eu\/wp-content\/uploads\/2025\/09\/KOZ_MJM_DBRSUEDE-1.jpg","type":"image\/jpeg"}],"twitter_card":"summary_large_image","twitter_misc":{"Est. reading time":"1 minute"},"schema":{"@context":"https:\/\/schema.org","@graph":[{"@type":"WebPage","@id":"https:\/\/l37.eu\/en\/product\/mr-jones-maxi-6\/","url":"https:\/\/l37.eu\/en\/product\/mr-jones-maxi-6\/","name":"MR JONES MAXI - HIGH BOOTS, JACKBOOTS - brown","isPartOf":{"@id":"https:\/\/l37.eu\/#website"},"primaryImageOfPage":{"@id":"https:\/\/l37.eu\/en\/product\/mr-jones-maxi-6\/#primaryimage"},"image":{"@id":"https:\/\/l37.eu\/en\/product\/mr-jones-maxi-6\/#primaryimage"},"thumbnailUrl":"https:\/\/l37.eu\/wp-content\/uploads\/2025\/09\/KOZ_MJM_DBRSUEDE-1.jpg","datePublished":"2025-09-16T13:40:25+00:00","dateModified":"2026-03-02T07:26:32+00:00","description":"HIGH BOOTS, JACKBOOTS - MR JONES MAXI - brown od L37 - polskiej marki galanterii sk\u00f3rzanej, kt\u00f3ra \u0142\u0105czy klasyczn\u0105 estetyk\u0119 z nowoczesnym podej\u015bciem do mody.","breadcrumb":{"@id":"https:\/\/l37.eu\/en\/product\/mr-jones-maxi-6\/#breadcrumb"},"inLanguage":"en-US","potentialAction":[{"@type":"ReadAction","target":["https:\/\/l37.eu\/en\/product\/mr-jones-maxi-6\/"]}]},{"@type":"ImageObject","inLanguage":"en-US","@id":"https:\/\/l37.eu\/en\/product\/mr-jones-maxi-6\/#primaryimage","url":"https:\/\/l37.eu\/wp-content\/uploads\/2025\/09\/KOZ_MJM_DBRSUEDE-1.jpg","contentUrl":"https:\/\/l37.eu\/wp-content\/uploads\/2025\/09\/KOZ_MJM_DBRSUEDE-1.jpg","width":1875,"height":2500},{"@type":"BreadcrumbList","@id":"https:\/\/l37.eu\/en\/product\/mr-jones-maxi-6\/#breadcrumb","itemListElement":[{"@type":"ListItem","position":1,"name":"Home","item":"https:\/\/l37.eu\/en\/"},{"@type":"ListItem","position":2,"name":"Produkty","item":"https:\/\/l37.eu\/shop\/"},{"@type":"ListItem","position":3,"name":"MR JONES MAXI"}]},{"@type":"WebSite","@id":"https:\/\/l37.eu\/#website","url":"https:\/\/l37.eu\/","name":"L37 - polska marka obuwia i torebek sk\u00f3rzanych","description":"Discover the harmony between style and comfort in the latest collection of L37 Handmade Shoes for the spring-summer 2024 season. Inspired by nature and modern trends, this collection offers original design and exceptional comfort, emphasizing your personality in every step.","publisher":{"@id":"https:\/\/l37.eu\/#organization"},"alternateName":"L37 - obuwie i galanteria sk\u00f3rzana","potentialAction":[{"@type":"SearchAction","target":{"@type":"EntryPoint","urlTemplate":"https:\/\/l37.eu\/?s={search_term_string}"},"query-input":{"@type":"PropertyValueSpecification","valueRequired":true,"valueName":"search_term_string"}}],"inLanguage":"en-US"},{"@type":"Organization","@id":"https:\/\/l37.eu\/#organization","name":"L37 - polska marka obuwia i torebek sk\u00f3rzanych","url":"https:\/\/l37.eu\/","logo":{"@type":"ImageObject","inLanguage":"en-US","@id":"https:\/\/l37.eu\/#\/schema\/logo\/image\/","url":"","contentUrl":"","caption":"L37 - polska marka obuwia i torebek sk\u00f3rzanych"},"image":{"@id":"https:\/\/l37.eu\/#\/schema\/logo\/image\/"},"sameAs":["https:\/\/www.facebook.com\/L37.eu\/","https:\/\/www.instagram.com\/l37_official\/"]}]}},"_links":{"self":[{"href":"https:\/\/l37.eu\/en\/wp-json\/wp\/v2\/product\/252805","targetHints":{"allow":["GET"]}}],"collection":[{"href":"https:\/\/l37.eu\/en\/wp-json\/wp\/v2\/product"}],"about":[{"href":"https:\/\/l37.eu\/en\/wp-json\/wp\/v2\/types\/product"}],"replies":[{"embeddable":true,"href":"https:\/\/l37.eu\/en\/wp-json\/wp\/v2\/comments?post=252805"}],"wp:featuredmedia":[{"embeddable":true,"href":"https:\/\/l37.eu\/en\/wp-json\/wp\/v2\/media\/252796"}],"wp:attachment":[{"href":"https:\/\/l37.eu\/en\/wp-json\/wp\/v2\/media?parent=252805"}],"wp:term":[{"taxonomy":"product_brand","embeddable":true,"href":"https:\/\/l37.eu\/en\/wp-json\/wp\/v2\/product_brand?post=252805"},{"taxonomy":"product_cat","embeddable":true,"href":"https:\/\/l37.eu\/en\/wp-json\/wp\/v2\/product_cat?post=252805"},{"taxonomy":"product_tag","embeddable":true,"href":"https:\/\/l37.eu\/en\/wp-json\/wp\/v2\/product_tag?post=252805"}],"curies":[{"name":"wp","href":"https:\/\/api.w.org\/{rel}","templated":true}]}}