{"id":252783,"date":"2025-09-16T15:40:18","date_gmt":"2025-09-16T13:40:18","guid":{"rendered":"https:\/\/l37.eu\/product\/by-chance\/"},"modified":"2025-12-23T12:36:54","modified_gmt":"2025-12-23T11:36:54","slug":"by-chance","status":"publish","type":"product","link":"https:\/\/l37.eu\/en\/product\/by-chance\/","title":{"rendered":"BY CHANCE"},"content":{"rendered":"<p>Odkryj niepowtarzalny styl i komfort z naszymi kozakami BY CHANCE, kt\u00f3re \u0142\u0105cz\u0105 najwy\u017csz\u0105 jako\u015b\u0107 wykonania z elegancj\u0105. Stworzone z naturalnej sk\u00f3ry i delikatnego zamszu, zapewniaj\u0105 wyj\u0105tkow\u0105 mi\u0119kko\u015b\u0107 oraz trwa\u0142o\u015b\u0107. Wn\u0119trze z naturalnej sk\u00f3ry i wy\u015bci\u00f3\u0142ka z polaru zapewniaj\u0105 komfort cieplny nawet podczas ch\u0142odniejszych dni. Idealne na ka\u017cd\u0105 okazj\u0119 \u2013 od codziennego u\u017cytku po eleganckie wyj\u015bcia.<\/p>\n<p>Subtelny, 3-centymetrowy obcas dodaje elegancji, jednocze\u015bnie zapewniaj\u0105c wygod\u0119 noszenia przez ca\u0142y dzie\u0144. Wyj\u0105tkowa podeszwa wykonana z wysokiej jako\u015bci tworzywa sztucznego gwarantuje trwa\u0142o\u015b\u0107 i przyczepno\u015b\u0107 na r\u00f3\u017cnych nawierzchniach. Kozaki w klasycznym czarnym kolorze doskonale komponuj\u0105 si\u0119 z ka\u017cd\u0105 stylizacj\u0105, a r\u00f3\u017cnorodno\u015b\u0107 dost\u0119pnych rozmiar\u00f3w pozwala znale\u017a\u0107 idealnie dopasowane obuwie.<\/p>\n<p>Postaw na nowoczesn\u0105 elegancj\u0119 i nietuzinkowy design, wybieraj\u0105c muszkieterki BY CHANCE. Tw\u00f3j nieod\u0142\u0105czny towarzysz w modowych przygodach!<\/p>\n","protected":false},"excerpt":{"rendered":"<p>KLASYCZNE CZARNE MUSZKIETERKI WYKONANE ZE SK\u00d3RY NATURALNEJ<\/p>\n","protected":false},"featured_media":252774,"comment_status":"closed","ping_status":"closed","template":"","meta":{"_acf_changed":false},"product_brand":[],"product_cat":[2804,3030],"product_tag":[],"class_list":{"0":"post-252783","1":"product","2":"type-product","3":"status-publish","4":"has-post-thumbnail","6":"product_cat-autumn-winter-2025-26","7":"product_cat-winter-sale","8":"pa_f4-wysokosccholewkidlarozmiar-48-en","9":"pa_kolor-black-en-2","10":"pa_material-skoranaturalna-en","11":"pa_material-zamsz-en","12":"pa_obwodcholewkidlarozmiaru37cm-40-en","13":"pa_podeszwa-high-quality-synthetic-materials","14":"pa_podszewka-fleece","15":"pa_rodzaj-kozaki-en","16":"pa_rodzaj-muszkieterki-en","17":"pa_size-35-en","18":"pa_size-36-en","19":"pa_size-37-en","20":"pa_size-38-en","21":"pa_size-39-en","22":"pa_size-40-en","23":"pa_size-41-en","24":"pa_tegosc-g-en","25":"pa_wysciolka-natural-leather","26":"pa_wysokoscobcasacm-3-en","27":"miinto-order","29":"first","30":"instock","31":"shipping-taxable","32":"purchasable","33":"product-type-variable"},"acf":[],"yoast_head":"<!-- This site is optimized with the Yoast SEO plugin v27.2 - https:\/\/yoast.com\/product\/yoast-seo-wordpress\/ -->\n<title>BY CHANCE - HIGH BOOTS, MUSZKIETERKI - black<\/title>\n<meta name=\"description\" content=\"HIGH BOOTS, MUSZKIETERKI - BY CHANCE - black od L37 - polskiej marki galanterii sk\u00f3rzanej, kt\u00f3ra \u0142\u0105czy klasyczn\u0105 estetyk\u0119 z nowoczesnym podej\u015bciem do mody.\" \/>\n<meta name=\"robots\" content=\"index, follow, max-snippet:-1, max-image-preview:large, max-video-preview:-1\" \/>\n<link rel=\"canonical\" href=\"https:\/\/l37.eu\/en\/product\/by-chance\/\" \/>\n<meta property=\"og:locale\" content=\"en_US\" \/>\n<meta property=\"og:type\" content=\"article\" \/>\n<meta property=\"og:title\" content=\"BY CHANCE - HIGH BOOTS, MUSZKIETERKI - black\" \/>\n<meta property=\"og:description\" content=\"HIGH BOOTS, MUSZKIETERKI - BY CHANCE - black od L37 - polskiej marki galanterii sk\u00f3rzanej, kt\u00f3ra \u0142\u0105czy klasyczn\u0105 estetyk\u0119 z nowoczesnym podej\u015bciem do mody.\" \/>\n<meta property=\"og:url\" content=\"https:\/\/l37.eu\/en\/product\/by-chance\/\" \/>\n<meta property=\"og:site_name\" content=\"L37 Handmade Shoes\" \/>\n<meta property=\"article:publisher\" content=\"https:\/\/www.facebook.com\/L37.eu\/\" \/>\n<meta property=\"article:modified_time\" content=\"2025-12-23T11:36:54+00:00\" \/>\n<meta property=\"og:image\" content=\"https:\/\/l37.eu\/wp-content\/uploads\/2025\/09\/KOZ_BYCH_BLACK-3.jpg\" \/>\n\t<meta property=\"og:image:width\" content=\"1875\" \/>\n\t<meta property=\"og:image:height\" content=\"2500\" \/>\n\t<meta property=\"og:image:type\" content=\"image\/jpeg\" \/>\n<meta name=\"twitter:card\" content=\"summary_large_image\" \/>\n<meta name=\"twitter:label1\" content=\"Est. reading time\" \/>\n\t<meta name=\"twitter:data1\" content=\"1 minute\" \/>\n<script type=\"application\/ld+json\" class=\"yoast-schema-graph\">{\"@context\":\"https:\/\/schema.org\",\"@graph\":[{\"@type\":\"WebPage\",\"@id\":\"https:\/\/l37.eu\/en\/product\/by-chance\/\",\"url\":\"https:\/\/l37.eu\/en\/product\/by-chance\/\",\"name\":\"BY CHANCE - HIGH BOOTS, MUSZKIETERKI - black\",\"isPartOf\":{\"@id\":\"https:\/\/l37.eu\/#website\"},\"primaryImageOfPage\":{\"@id\":\"https:\/\/l37.eu\/en\/product\/by-chance\/#primaryimage\"},\"image\":{\"@id\":\"https:\/\/l37.eu\/en\/product\/by-chance\/#primaryimage\"},\"thumbnailUrl\":\"https:\/\/l37.eu\/wp-content\/uploads\/2025\/09\/KOZ_BYCH_BLACK-3.jpg\",\"datePublished\":\"2025-09-16T13:40:18+00:00\",\"dateModified\":\"2025-12-23T11:36:54+00:00\",\"description\":\"HIGH BOOTS, MUSZKIETERKI - BY CHANCE - black od L37 - polskiej marki galanterii sk\u00f3rzanej, kt\u00f3ra \u0142\u0105czy klasyczn\u0105 estetyk\u0119 z nowoczesnym podej\u015bciem do mody.\",\"breadcrumb\":{\"@id\":\"https:\/\/l37.eu\/en\/product\/by-chance\/#breadcrumb\"},\"inLanguage\":\"en-US\",\"potentialAction\":[{\"@type\":\"ReadAction\",\"target\":[\"https:\/\/l37.eu\/en\/product\/by-chance\/\"]}]},{\"@type\":\"ImageObject\",\"inLanguage\":\"en-US\",\"@id\":\"https:\/\/l37.eu\/en\/product\/by-chance\/#primaryimage\",\"url\":\"https:\/\/l37.eu\/wp-content\/uploads\/2025\/09\/KOZ_BYCH_BLACK-3.jpg\",\"contentUrl\":\"https:\/\/l37.eu\/wp-content\/uploads\/2025\/09\/KOZ_BYCH_BLACK-3.jpg\",\"width\":1875,\"height\":2500},{\"@type\":\"BreadcrumbList\",\"@id\":\"https:\/\/l37.eu\/en\/product\/by-chance\/#breadcrumb\",\"itemListElement\":[{\"@type\":\"ListItem\",\"position\":1,\"name\":\"Home\",\"item\":\"https:\/\/l37.eu\/en\/\"},{\"@type\":\"ListItem\",\"position\":2,\"name\":\"Produkty\",\"item\":\"https:\/\/l37.eu\/shop\/\"},{\"@type\":\"ListItem\",\"position\":3,\"name\":\"BY CHANCE\"}]},{\"@type\":\"WebSite\",\"@id\":\"https:\/\/l37.eu\/#website\",\"url\":\"https:\/\/l37.eu\/\",\"name\":\"L37 - polska marka obuwia i torebek sk\u00f3rzanych\",\"description\":\"Discover the harmony between style and comfort in the latest collection of L37 Handmade Shoes for the spring-summer 2024 season. Inspired by nature and modern trends, this collection offers original design and exceptional comfort, emphasizing your personality in every step.\",\"publisher\":{\"@id\":\"https:\/\/l37.eu\/#organization\"},\"alternateName\":\"L37 - obuwie i galanteria sk\u00f3rzana\",\"potentialAction\":[{\"@type\":\"SearchAction\",\"target\":{\"@type\":\"EntryPoint\",\"urlTemplate\":\"https:\/\/l37.eu\/?s={search_term_string}\"},\"query-input\":{\"@type\":\"PropertyValueSpecification\",\"valueRequired\":true,\"valueName\":\"search_term_string\"}}],\"inLanguage\":\"en-US\"},{\"@type\":\"Organization\",\"@id\":\"https:\/\/l37.eu\/#organization\",\"name\":\"L37 - polska marka obuwia i torebek sk\u00f3rzanych\",\"url\":\"https:\/\/l37.eu\/\",\"logo\":{\"@type\":\"ImageObject\",\"inLanguage\":\"en-US\",\"@id\":\"https:\/\/l37.eu\/#\/schema\/logo\/image\/\",\"url\":\"\",\"contentUrl\":\"\",\"caption\":\"L37 - polska marka obuwia i torebek sk\u00f3rzanych\"},\"image\":{\"@id\":\"https:\/\/l37.eu\/#\/schema\/logo\/image\/\"},\"sameAs\":[\"https:\/\/www.facebook.com\/L37.eu\/\",\"https:\/\/www.instagram.com\/l37_official\/\"]}]}<\/script>\n<!-- \/ Yoast SEO plugin. -->","yoast_head_json":{"title":"BY CHANCE - HIGH BOOTS, MUSZKIETERKI - black","description":"HIGH BOOTS, MUSZKIETERKI - BY CHANCE - black od L37 - polskiej marki galanterii sk\u00f3rzanej, kt\u00f3ra \u0142\u0105czy klasyczn\u0105 estetyk\u0119 z nowoczesnym podej\u015bciem do mody.","robots":{"index":"index","follow":"follow","max-snippet":"max-snippet:-1","max-image-preview":"max-image-preview:large","max-video-preview":"max-video-preview:-1"},"canonical":"https:\/\/l37.eu\/en\/product\/by-chance\/","og_locale":"en_US","og_type":"article","og_title":"BY CHANCE - HIGH BOOTS, MUSZKIETERKI - black","og_description":"HIGH BOOTS, MUSZKIETERKI - BY CHANCE - black od L37 - polskiej marki galanterii sk\u00f3rzanej, kt\u00f3ra \u0142\u0105czy klasyczn\u0105 estetyk\u0119 z nowoczesnym podej\u015bciem do mody.","og_url":"https:\/\/l37.eu\/en\/product\/by-chance\/","og_site_name":"L37 Handmade Shoes","article_publisher":"https:\/\/www.facebook.com\/L37.eu\/","article_modified_time":"2025-12-23T11:36:54+00:00","og_image":[{"width":1875,"height":2500,"url":"https:\/\/l37.eu\/wp-content\/uploads\/2025\/09\/KOZ_BYCH_BLACK-3.jpg","type":"image\/jpeg"}],"twitter_card":"summary_large_image","twitter_misc":{"Est. reading time":"1 minute"},"schema":{"@context":"https:\/\/schema.org","@graph":[{"@type":"WebPage","@id":"https:\/\/l37.eu\/en\/product\/by-chance\/","url":"https:\/\/l37.eu\/en\/product\/by-chance\/","name":"BY CHANCE - HIGH BOOTS, MUSZKIETERKI - black","isPartOf":{"@id":"https:\/\/l37.eu\/#website"},"primaryImageOfPage":{"@id":"https:\/\/l37.eu\/en\/product\/by-chance\/#primaryimage"},"image":{"@id":"https:\/\/l37.eu\/en\/product\/by-chance\/#primaryimage"},"thumbnailUrl":"https:\/\/l37.eu\/wp-content\/uploads\/2025\/09\/KOZ_BYCH_BLACK-3.jpg","datePublished":"2025-09-16T13:40:18+00:00","dateModified":"2025-12-23T11:36:54+00:00","description":"HIGH BOOTS, MUSZKIETERKI - BY CHANCE - black od L37 - polskiej marki galanterii sk\u00f3rzanej, kt\u00f3ra \u0142\u0105czy klasyczn\u0105 estetyk\u0119 z nowoczesnym podej\u015bciem do mody.","breadcrumb":{"@id":"https:\/\/l37.eu\/en\/product\/by-chance\/#breadcrumb"},"inLanguage":"en-US","potentialAction":[{"@type":"ReadAction","target":["https:\/\/l37.eu\/en\/product\/by-chance\/"]}]},{"@type":"ImageObject","inLanguage":"en-US","@id":"https:\/\/l37.eu\/en\/product\/by-chance\/#primaryimage","url":"https:\/\/l37.eu\/wp-content\/uploads\/2025\/09\/KOZ_BYCH_BLACK-3.jpg","contentUrl":"https:\/\/l37.eu\/wp-content\/uploads\/2025\/09\/KOZ_BYCH_BLACK-3.jpg","width":1875,"height":2500},{"@type":"BreadcrumbList","@id":"https:\/\/l37.eu\/en\/product\/by-chance\/#breadcrumb","itemListElement":[{"@type":"ListItem","position":1,"name":"Home","item":"https:\/\/l37.eu\/en\/"},{"@type":"ListItem","position":2,"name":"Produkty","item":"https:\/\/l37.eu\/shop\/"},{"@type":"ListItem","position":3,"name":"BY CHANCE"}]},{"@type":"WebSite","@id":"https:\/\/l37.eu\/#website","url":"https:\/\/l37.eu\/","name":"L37 - polska marka obuwia i torebek sk\u00f3rzanych","description":"Discover the harmony between style and comfort in the latest collection of L37 Handmade Shoes for the spring-summer 2024 season. Inspired by nature and modern trends, this collection offers original design and exceptional comfort, emphasizing your personality in every step.","publisher":{"@id":"https:\/\/l37.eu\/#organization"},"alternateName":"L37 - obuwie i galanteria sk\u00f3rzana","potentialAction":[{"@type":"SearchAction","target":{"@type":"EntryPoint","urlTemplate":"https:\/\/l37.eu\/?s={search_term_string}"},"query-input":{"@type":"PropertyValueSpecification","valueRequired":true,"valueName":"search_term_string"}}],"inLanguage":"en-US"},{"@type":"Organization","@id":"https:\/\/l37.eu\/#organization","name":"L37 - polska marka obuwia i torebek sk\u00f3rzanych","url":"https:\/\/l37.eu\/","logo":{"@type":"ImageObject","inLanguage":"en-US","@id":"https:\/\/l37.eu\/#\/schema\/logo\/image\/","url":"","contentUrl":"","caption":"L37 - polska marka obuwia i torebek sk\u00f3rzanych"},"image":{"@id":"https:\/\/l37.eu\/#\/schema\/logo\/image\/"},"sameAs":["https:\/\/www.facebook.com\/L37.eu\/","https:\/\/www.instagram.com\/l37_official\/"]}]}},"_links":{"self":[{"href":"https:\/\/l37.eu\/en\/wp-json\/wp\/v2\/product\/252783","targetHints":{"allow":["GET"]}}],"collection":[{"href":"https:\/\/l37.eu\/en\/wp-json\/wp\/v2\/product"}],"about":[{"href":"https:\/\/l37.eu\/en\/wp-json\/wp\/v2\/types\/product"}],"replies":[{"embeddable":true,"href":"https:\/\/l37.eu\/en\/wp-json\/wp\/v2\/comments?post=252783"}],"wp:featuredmedia":[{"embeddable":true,"href":"https:\/\/l37.eu\/en\/wp-json\/wp\/v2\/media\/252774"}],"wp:attachment":[{"href":"https:\/\/l37.eu\/en\/wp-json\/wp\/v2\/media?parent=252783"}],"wp:term":[{"taxonomy":"product_brand","embeddable":true,"href":"https:\/\/l37.eu\/en\/wp-json\/wp\/v2\/product_brand?post=252783"},{"taxonomy":"product_cat","embeddable":true,"href":"https:\/\/l37.eu\/en\/wp-json\/wp\/v2\/product_cat?post=252783"},{"taxonomy":"product_tag","embeddable":true,"href":"https:\/\/l37.eu\/en\/wp-json\/wp\/v2\/product_tag?post=252783"}],"curies":[{"name":"wp","href":"https:\/\/api.w.org\/{rel}","templated":true}]}}