{"id":252761,"date":"2025-09-16T15:40:18","date_gmt":"2025-09-16T13:40:18","guid":{"rendered":"https:\/\/l37.eu\/product\/the-right-to-be-free\/"},"modified":"2025-12-23T12:36:53","modified_gmt":"2025-12-23T11:36:53","slug":"the-right-to-be-free","status":"publish","type":"product","link":"https:\/\/l37.eu\/en\/product\/the-right-to-be-free\/","title":{"rendered":"THE RIGHT TO BE FREE"},"content":{"rendered":"<p>Odkryj sw\u00f3j niepowtarzalny styl dzi\u0119ki naszym wyj\u0105tkowym butom &#8220;THE RIGHT TO BE FREE&#8221;. Te ol\u015bniewaj\u0105ce kowbojki-koza\u00e7ki wykonane s\u0105 z najwy\u017cszej jako\u015bci naturalnej sk\u00f3ry oraz delikatnego zamszu, co nadaje im niebywa\u0142ej elegancji i trwa\u0142o\u015bci. Dzi\u0119ki br\u0105zowej kolorystyce wprowadz\u0105 do Twojej garderoby odrobin\u0119 klasycznego szyku, idealnie komponuj\u0105c si\u0119 z r\u00f3\u017cnorodnymi stylizacjami.<\/p>\n<p>Ka\u017cdy krok b\u0119dzie wygodny i pewny dzi\u0119ki wysokogatunkowej podeszwie z tworzywa sztucznego, a mi\u0119kka polarowa podszewka zadba o komfort i ciep\u0142o w ch\u0142odniejsze dni. Obcas o wysoko\u015bci 6 cm subtelnie podkre\u015bli Twoj\u0105 sylwetk\u0119, zapewniaj\u0105c jednocze\u015bnie stabilno\u015b\u0107 i wygod\u0119 noszenia.<\/p>\n<p>Nie czekaj, wyra\u017a swoj\u0105 wolno\u015b\u0107 i niezale\u017cno\u015b\u0107 z naszymi kowbojkami-koza\u00e7kami, kt\u00f3re stan\u0105 si\u0119 Twoim ulubionym uzupe\u0142nieniem ka\u017cdej stylizacji!<\/p>\n","protected":false},"excerpt":{"rendered":"<p>KULTOWE BR\u0104ZOWE KOZAKI ZE SK\u00d3RY NATURALNEJ<\/p>\n","protected":false},"featured_media":252754,"comment_status":"closed","ping_status":"closed","template":"","meta":{"_acf_changed":false},"product_brand":[],"product_cat":[2804,3030],"product_tag":[],"class_list":{"0":"post-252761","1":"product","2":"type-product","3":"status-publish","4":"has-post-thumbnail","6":"product_cat-autumn-winter-2025-26","7":"product_cat-winter-sale","8":"pa_f4-wysokosccholewkidlarozmiar-39-en","9":"pa_kolor-brown-en-2","10":"pa_material-skoranaturalna-en","11":"pa_material-zamsz-en","12":"pa_obwodcholewkidlarozmiaru37cm-38-en","13":"pa_podeszwa-high-quality-synthetic-materials","14":"pa_podszewka-fleece","15":"pa_rodzaj-cowboy-boots","16":"pa_rodzaj-kozaki-en","17":"pa_size-35-en","18":"pa_size-36-en","19":"pa_size-37-en","20":"pa_size-38-en","21":"pa_size-39-en","22":"pa_size-40-en","23":"pa_size-41-en","24":"pa_tegosc-g-en","25":"pa_wysciolka-natural-leather","26":"pa_wysokoscobcasacm-6-en","27":"miinto-order","29":"first","30":"instock","31":"shipping-taxable","32":"purchasable","33":"product-type-variable"},"acf":[],"yoast_head":"<!-- This site is optimized with the Yoast SEO plugin v27.2 - https:\/\/yoast.com\/product\/yoast-seo-wordpress\/ -->\n<title>THE RIGHT TO BE FREE - COWBOY BOOTS, HIGH BOOTS - brown<\/title>\n<meta name=\"description\" content=\"COWBOY BOOTS, HIGH BOOTS - THE RIGHT TO BE FREE - brown od L37 - polskiej marki galanterii sk\u00f3rzanej, kt\u00f3ra \u0142\u0105czy klasyczn\u0105 estetyk\u0119 z nowoczesnym podej\u015bciem do mody.\" \/>\n<meta name=\"robots\" content=\"index, follow, max-snippet:-1, max-image-preview:large, max-video-preview:-1\" \/>\n<link rel=\"canonical\" href=\"https:\/\/l37.eu\/en\/product\/the-right-to-be-free\/\" \/>\n<meta property=\"og:locale\" content=\"en_US\" \/>\n<meta property=\"og:type\" content=\"article\" \/>\n<meta property=\"og:title\" content=\"THE RIGHT TO BE FREE - COWBOY BOOTS, HIGH BOOTS - brown\" \/>\n<meta property=\"og:description\" content=\"COWBOY BOOTS, HIGH BOOTS - THE RIGHT TO BE FREE - brown od L37 - polskiej marki galanterii sk\u00f3rzanej, kt\u00f3ra \u0142\u0105czy klasyczn\u0105 estetyk\u0119 z nowoczesnym podej\u015bciem do mody.\" \/>\n<meta property=\"og:url\" content=\"https:\/\/l37.eu\/en\/product\/the-right-to-be-free\/\" \/>\n<meta property=\"og:site_name\" content=\"L37 Handmade Shoes\" \/>\n<meta property=\"article:publisher\" content=\"https:\/\/www.facebook.com\/L37.eu\/\" \/>\n<meta property=\"article:modified_time\" content=\"2025-12-23T11:36:53+00:00\" \/>\n<meta property=\"og:image\" content=\"https:\/\/l37.eu\/wp-content\/uploads\/2025\/09\/KOZ_TRTBF_DBROWN-2.jpg\" \/>\n\t<meta property=\"og:image:width\" content=\"1875\" \/>\n\t<meta property=\"og:image:height\" content=\"2500\" \/>\n\t<meta property=\"og:image:type\" content=\"image\/jpeg\" \/>\n<meta name=\"twitter:card\" content=\"summary_large_image\" \/>\n<meta name=\"twitter:label1\" content=\"Est. reading time\" \/>\n\t<meta name=\"twitter:data1\" content=\"1 minute\" \/>\n<script type=\"application\/ld+json\" class=\"yoast-schema-graph\">{\"@context\":\"https:\/\/schema.org\",\"@graph\":[{\"@type\":\"WebPage\",\"@id\":\"https:\/\/l37.eu\/en\/product\/the-right-to-be-free\/\",\"url\":\"https:\/\/l37.eu\/en\/product\/the-right-to-be-free\/\",\"name\":\"THE RIGHT TO BE FREE - COWBOY BOOTS, HIGH BOOTS - brown\",\"isPartOf\":{\"@id\":\"https:\/\/l37.eu\/#website\"},\"primaryImageOfPage\":{\"@id\":\"https:\/\/l37.eu\/en\/product\/the-right-to-be-free\/#primaryimage\"},\"image\":{\"@id\":\"https:\/\/l37.eu\/en\/product\/the-right-to-be-free\/#primaryimage\"},\"thumbnailUrl\":\"https:\/\/l37.eu\/wp-content\/uploads\/2025\/09\/KOZ_TRTBF_DBROWN-2.jpg\",\"datePublished\":\"2025-09-16T13:40:18+00:00\",\"dateModified\":\"2025-12-23T11:36:53+00:00\",\"description\":\"COWBOY BOOTS, HIGH BOOTS - THE RIGHT TO BE FREE - brown od L37 - polskiej marki galanterii sk\u00f3rzanej, kt\u00f3ra \u0142\u0105czy klasyczn\u0105 estetyk\u0119 z nowoczesnym podej\u015bciem do mody.\",\"breadcrumb\":{\"@id\":\"https:\/\/l37.eu\/en\/product\/the-right-to-be-free\/#breadcrumb\"},\"inLanguage\":\"en-US\",\"potentialAction\":[{\"@type\":\"ReadAction\",\"target\":[\"https:\/\/l37.eu\/en\/product\/the-right-to-be-free\/\"]}]},{\"@type\":\"ImageObject\",\"inLanguage\":\"en-US\",\"@id\":\"https:\/\/l37.eu\/en\/product\/the-right-to-be-free\/#primaryimage\",\"url\":\"https:\/\/l37.eu\/wp-content\/uploads\/2025\/09\/KOZ_TRTBF_DBROWN-2.jpg\",\"contentUrl\":\"https:\/\/l37.eu\/wp-content\/uploads\/2025\/09\/KOZ_TRTBF_DBROWN-2.jpg\",\"width\":1875,\"height\":2500},{\"@type\":\"BreadcrumbList\",\"@id\":\"https:\/\/l37.eu\/en\/product\/the-right-to-be-free\/#breadcrumb\",\"itemListElement\":[{\"@type\":\"ListItem\",\"position\":1,\"name\":\"Home\",\"item\":\"https:\/\/l37.eu\/en\/\"},{\"@type\":\"ListItem\",\"position\":2,\"name\":\"Produkty\",\"item\":\"https:\/\/l37.eu\/shop\/\"},{\"@type\":\"ListItem\",\"position\":3,\"name\":\"THE RIGHT TO BE FREE\"}]},{\"@type\":\"WebSite\",\"@id\":\"https:\/\/l37.eu\/#website\",\"url\":\"https:\/\/l37.eu\/\",\"name\":\"L37 - polska marka obuwia i torebek sk\u00f3rzanych\",\"description\":\"Discover the harmony between style and comfort in the latest collection of L37 Handmade Shoes for the spring-summer 2024 season. Inspired by nature and modern trends, this collection offers original design and exceptional comfort, emphasizing your personality in every step.\",\"publisher\":{\"@id\":\"https:\/\/l37.eu\/#organization\"},\"alternateName\":\"L37 - obuwie i galanteria sk\u00f3rzana\",\"potentialAction\":[{\"@type\":\"SearchAction\",\"target\":{\"@type\":\"EntryPoint\",\"urlTemplate\":\"https:\/\/l37.eu\/?s={search_term_string}\"},\"query-input\":{\"@type\":\"PropertyValueSpecification\",\"valueRequired\":true,\"valueName\":\"search_term_string\"}}],\"inLanguage\":\"en-US\"},{\"@type\":\"Organization\",\"@id\":\"https:\/\/l37.eu\/#organization\",\"name\":\"L37 - polska marka obuwia i torebek sk\u00f3rzanych\",\"url\":\"https:\/\/l37.eu\/\",\"logo\":{\"@type\":\"ImageObject\",\"inLanguage\":\"en-US\",\"@id\":\"https:\/\/l37.eu\/#\/schema\/logo\/image\/\",\"url\":\"\",\"contentUrl\":\"\",\"caption\":\"L37 - polska marka obuwia i torebek sk\u00f3rzanych\"},\"image\":{\"@id\":\"https:\/\/l37.eu\/#\/schema\/logo\/image\/\"},\"sameAs\":[\"https:\/\/www.facebook.com\/L37.eu\/\",\"https:\/\/www.instagram.com\/l37_official\/\"]}]}<\/script>\n<!-- \/ Yoast SEO plugin. -->","yoast_head_json":{"title":"THE RIGHT TO BE FREE - COWBOY BOOTS, HIGH BOOTS - brown","description":"COWBOY BOOTS, HIGH BOOTS - THE RIGHT TO BE FREE - brown od L37 - polskiej marki galanterii sk\u00f3rzanej, kt\u00f3ra \u0142\u0105czy klasyczn\u0105 estetyk\u0119 z nowoczesnym podej\u015bciem do mody.","robots":{"index":"index","follow":"follow","max-snippet":"max-snippet:-1","max-image-preview":"max-image-preview:large","max-video-preview":"max-video-preview:-1"},"canonical":"https:\/\/l37.eu\/en\/product\/the-right-to-be-free\/","og_locale":"en_US","og_type":"article","og_title":"THE RIGHT TO BE FREE - COWBOY BOOTS, HIGH BOOTS - brown","og_description":"COWBOY BOOTS, HIGH BOOTS - THE RIGHT TO BE FREE - brown od L37 - polskiej marki galanterii sk\u00f3rzanej, kt\u00f3ra \u0142\u0105czy klasyczn\u0105 estetyk\u0119 z nowoczesnym podej\u015bciem do mody.","og_url":"https:\/\/l37.eu\/en\/product\/the-right-to-be-free\/","og_site_name":"L37 Handmade Shoes","article_publisher":"https:\/\/www.facebook.com\/L37.eu\/","article_modified_time":"2025-12-23T11:36:53+00:00","og_image":[{"width":1875,"height":2500,"url":"https:\/\/l37.eu\/wp-content\/uploads\/2025\/09\/KOZ_TRTBF_DBROWN-2.jpg","type":"image\/jpeg"}],"twitter_card":"summary_large_image","twitter_misc":{"Est. reading time":"1 minute"},"schema":{"@context":"https:\/\/schema.org","@graph":[{"@type":"WebPage","@id":"https:\/\/l37.eu\/en\/product\/the-right-to-be-free\/","url":"https:\/\/l37.eu\/en\/product\/the-right-to-be-free\/","name":"THE RIGHT TO BE FREE - COWBOY BOOTS, HIGH BOOTS - brown","isPartOf":{"@id":"https:\/\/l37.eu\/#website"},"primaryImageOfPage":{"@id":"https:\/\/l37.eu\/en\/product\/the-right-to-be-free\/#primaryimage"},"image":{"@id":"https:\/\/l37.eu\/en\/product\/the-right-to-be-free\/#primaryimage"},"thumbnailUrl":"https:\/\/l37.eu\/wp-content\/uploads\/2025\/09\/KOZ_TRTBF_DBROWN-2.jpg","datePublished":"2025-09-16T13:40:18+00:00","dateModified":"2025-12-23T11:36:53+00:00","description":"COWBOY BOOTS, HIGH BOOTS - THE RIGHT TO BE FREE - brown od L37 - polskiej marki galanterii sk\u00f3rzanej, kt\u00f3ra \u0142\u0105czy klasyczn\u0105 estetyk\u0119 z nowoczesnym podej\u015bciem do mody.","breadcrumb":{"@id":"https:\/\/l37.eu\/en\/product\/the-right-to-be-free\/#breadcrumb"},"inLanguage":"en-US","potentialAction":[{"@type":"ReadAction","target":["https:\/\/l37.eu\/en\/product\/the-right-to-be-free\/"]}]},{"@type":"ImageObject","inLanguage":"en-US","@id":"https:\/\/l37.eu\/en\/product\/the-right-to-be-free\/#primaryimage","url":"https:\/\/l37.eu\/wp-content\/uploads\/2025\/09\/KOZ_TRTBF_DBROWN-2.jpg","contentUrl":"https:\/\/l37.eu\/wp-content\/uploads\/2025\/09\/KOZ_TRTBF_DBROWN-2.jpg","width":1875,"height":2500},{"@type":"BreadcrumbList","@id":"https:\/\/l37.eu\/en\/product\/the-right-to-be-free\/#breadcrumb","itemListElement":[{"@type":"ListItem","position":1,"name":"Home","item":"https:\/\/l37.eu\/en\/"},{"@type":"ListItem","position":2,"name":"Produkty","item":"https:\/\/l37.eu\/shop\/"},{"@type":"ListItem","position":3,"name":"THE RIGHT TO BE FREE"}]},{"@type":"WebSite","@id":"https:\/\/l37.eu\/#website","url":"https:\/\/l37.eu\/","name":"L37 - polska marka obuwia i torebek sk\u00f3rzanych","description":"Discover the harmony between style and comfort in the latest collection of L37 Handmade Shoes for the spring-summer 2024 season. Inspired by nature and modern trends, this collection offers original design and exceptional comfort, emphasizing your personality in every step.","publisher":{"@id":"https:\/\/l37.eu\/#organization"},"alternateName":"L37 - obuwie i galanteria sk\u00f3rzana","potentialAction":[{"@type":"SearchAction","target":{"@type":"EntryPoint","urlTemplate":"https:\/\/l37.eu\/?s={search_term_string}"},"query-input":{"@type":"PropertyValueSpecification","valueRequired":true,"valueName":"search_term_string"}}],"inLanguage":"en-US"},{"@type":"Organization","@id":"https:\/\/l37.eu\/#organization","name":"L37 - polska marka obuwia i torebek sk\u00f3rzanych","url":"https:\/\/l37.eu\/","logo":{"@type":"ImageObject","inLanguage":"en-US","@id":"https:\/\/l37.eu\/#\/schema\/logo\/image\/","url":"","contentUrl":"","caption":"L37 - polska marka obuwia i torebek sk\u00f3rzanych"},"image":{"@id":"https:\/\/l37.eu\/#\/schema\/logo\/image\/"},"sameAs":["https:\/\/www.facebook.com\/L37.eu\/","https:\/\/www.instagram.com\/l37_official\/"]}]}},"_links":{"self":[{"href":"https:\/\/l37.eu\/en\/wp-json\/wp\/v2\/product\/252761","targetHints":{"allow":["GET"]}}],"collection":[{"href":"https:\/\/l37.eu\/en\/wp-json\/wp\/v2\/product"}],"about":[{"href":"https:\/\/l37.eu\/en\/wp-json\/wp\/v2\/types\/product"}],"replies":[{"embeddable":true,"href":"https:\/\/l37.eu\/en\/wp-json\/wp\/v2\/comments?post=252761"}],"wp:featuredmedia":[{"embeddable":true,"href":"https:\/\/l37.eu\/en\/wp-json\/wp\/v2\/media\/252754"}],"wp:attachment":[{"href":"https:\/\/l37.eu\/en\/wp-json\/wp\/v2\/media?parent=252761"}],"wp:term":[{"taxonomy":"product_brand","embeddable":true,"href":"https:\/\/l37.eu\/en\/wp-json\/wp\/v2\/product_brand?post=252761"},{"taxonomy":"product_cat","embeddable":true,"href":"https:\/\/l37.eu\/en\/wp-json\/wp\/v2\/product_cat?post=252761"},{"taxonomy":"product_tag","embeddable":true,"href":"https:\/\/l37.eu\/en\/wp-json\/wp\/v2\/product_tag?post=252761"}],"curies":[{"name":"wp","href":"https:\/\/api.w.org\/{rel}","templated":true}]}}