{"id":252538,"date":"2025-09-16T15:39:45","date_gmt":"2025-09-16T13:39:45","guid":{"rendered":"https:\/\/l37.eu\/product\/just-cant-explain\/"},"modified":"2025-12-23T12:37:08","modified_gmt":"2025-12-23T11:37:08","slug":"just-cant-explain","status":"publish","type":"product","link":"https:\/\/l37.eu\/en\/product\/just-cant-explain\/","title":{"rendered":"JUST CAN&#8217;T EXPLAIN"},"content":{"rendered":"<p>Poznaj elegancj\u0119 i komfort w jednym \u2013 przedstawiamy botki kowbojki JUST CAN&#8217;T EXPLAIN, kt\u00f3re stanowi\u0105 doskona\u0142e po\u0142\u0105czenie stylu i wygody. Wykonane z najwy\u017cszej jako\u015bci sk\u00f3ry licowej oraz sk\u00f3ry naturalnej, te czarne botki to must-have w garderobie ka\u017cdej kobiety ceni\u0105cej sobie wyj\u0105tkowy design i trwa\u0142o\u015b\u0107.<\/p>\n<p>Wn\u0119trze wy\u015bcielone mi\u0119kk\u0105 sk\u00f3r\u0105 naturaln\u0105 oraz podszewk\u0105 z polarowego materia\u0142u sprawia, \u017ce Twoje stopy b\u0119d\u0105 czu\u0142y si\u0119 komfortowo przez ca\u0142y dzie\u0144, niezale\u017cnie od temperatury. Dzi\u0119ki t\u0119go\u015bci G i solidnemu obcasowi o wysoko\u015bci 7 cm, te botki zapewniaj\u0105 stabilno\u015b\u0107 i podkre\u015blaj\u0105 kobiecy wygl\u0105d.<\/p>\n<p>Zainwestuj w jako\u015b\u0107, kt\u00f3ra przetrwa wiele sezon\u00f3w, dzi\u0119ki podeszwie z wysokogatunkowego tworzywa sztucznego odpornej na niesprzyjaj\u0105ce warunki pogodowe. Wybierz swoje nowe ulubione botki w jednym z dost\u0119pnych rozmiar\u00f3w i wyr\u00f3\u017cnij si\u0119 na ulicy unikalnym stylem.<\/p>\n","protected":false},"excerpt":{"rendered":"<p>UNIWERSALNE KOWBOJKI ZE SK\u00d3RY LICOWEJ<\/p>\n","protected":false},"featured_media":252529,"comment_status":"closed","ping_status":"closed","template":"","meta":{"_acf_changed":false},"product_brand":[],"product_cat":[2804,3030],"product_tag":[],"class_list":{"0":"post-252538","1":"product","2":"type-product","3":"status-publish","4":"has-post-thumbnail","6":"product_cat-autumn-winter-2025-26","7":"product_cat-winter-sale","8":"pa_f4-wysokosccholewkidlarozmiar-13-en","9":"pa_kolor-black-en-2","10":"pa_material-skoranaturalna-en","11":"pa_material-skoralicowa-en","12":"pa_obwodcholewkidlarozmiaru37cm-30-en","13":"pa_podeszwa-high-quality-synthetic-materials","14":"pa_podszewka-fleece","15":"pa_rodzaj-botki-en","16":"pa_rodzaj-cowboy-boots","17":"pa_size-35-en","18":"pa_size-36-en","19":"pa_size-37-en","20":"pa_size-38-en","21":"pa_size-39-en","22":"pa_size-40-en","23":"pa_size-41-en","24":"pa_tegosc-g-en","25":"pa_wysciolka-natural-leather","26":"pa_wysokoscobcasacm-7-en","27":"miinto-order","29":"first","30":"instock","31":"shipping-taxable","32":"purchasable","33":"product-type-variable"},"acf":[],"yoast_head":"<!-- This site is optimized with the Yoast SEO plugin v27.2 - https:\/\/yoast.com\/product\/yoast-seo-wordpress\/ -->\n<title>JUST CAN&#039;T EXPLAIN - BOOTS, COWBOY BOOTS - black<\/title>\n<meta name=\"description\" content=\"BOOTS, COWBOY BOOTS - JUST CAN&#039;T EXPLAIN - black od L37 - polskiej marki galanterii sk\u00f3rzanej, kt\u00f3ra \u0142\u0105czy klasyczn\u0105 estetyk\u0119 z nowoczesnym podej\u015bciem do mody.\" \/>\n<meta name=\"robots\" content=\"index, follow, max-snippet:-1, max-image-preview:large, max-video-preview:-1\" \/>\n<link rel=\"canonical\" href=\"https:\/\/l37.eu\/en\/product\/just-cant-explain\/\" \/>\n<meta property=\"og:locale\" content=\"en_US\" \/>\n<meta property=\"og:type\" content=\"article\" \/>\n<meta property=\"og:title\" content=\"JUST CAN&#039;T EXPLAIN - BOOTS, COWBOY BOOTS - black\" \/>\n<meta property=\"og:description\" content=\"BOOTS, COWBOY BOOTS - JUST CAN&#039;T EXPLAIN - black od L37 - polskiej marki galanterii sk\u00f3rzanej, kt\u00f3ra \u0142\u0105czy klasyczn\u0105 estetyk\u0119 z nowoczesnym podej\u015bciem do mody.\" \/>\n<meta property=\"og:url\" content=\"https:\/\/l37.eu\/en\/product\/just-cant-explain\/\" \/>\n<meta property=\"og:site_name\" content=\"L37 Handmade Shoes\" \/>\n<meta property=\"article:publisher\" content=\"https:\/\/www.facebook.com\/L37.eu\/\" \/>\n<meta property=\"article:modified_time\" content=\"2025-12-23T11:37:08+00:00\" \/>\n<meta property=\"og:image\" content=\"https:\/\/l37.eu\/wp-content\/uploads\/2025\/09\/B_JCE_BLACK-1.jpg\" \/>\n\t<meta property=\"og:image:width\" content=\"1875\" \/>\n\t<meta property=\"og:image:height\" content=\"2500\" \/>\n\t<meta property=\"og:image:type\" content=\"image\/jpeg\" \/>\n<meta name=\"twitter:card\" content=\"summary_large_image\" \/>\n<meta name=\"twitter:label1\" content=\"Est. reading time\" \/>\n\t<meta name=\"twitter:data1\" content=\"1 minute\" \/>\n<script type=\"application\/ld+json\" class=\"yoast-schema-graph\">{\"@context\":\"https:\/\/schema.org\",\"@graph\":[{\"@type\":\"WebPage\",\"@id\":\"https:\/\/l37.eu\/en\/product\/just-cant-explain\/\",\"url\":\"https:\/\/l37.eu\/en\/product\/just-cant-explain\/\",\"name\":\"JUST CAN'T EXPLAIN - BOOTS, COWBOY BOOTS - black\",\"isPartOf\":{\"@id\":\"https:\/\/l37.eu\/#website\"},\"primaryImageOfPage\":{\"@id\":\"https:\/\/l37.eu\/en\/product\/just-cant-explain\/#primaryimage\"},\"image\":{\"@id\":\"https:\/\/l37.eu\/en\/product\/just-cant-explain\/#primaryimage\"},\"thumbnailUrl\":\"https:\/\/l37.eu\/wp-content\/uploads\/2025\/09\/B_JCE_BLACK-1.jpg\",\"datePublished\":\"2025-09-16T13:39:45+00:00\",\"dateModified\":\"2025-12-23T11:37:08+00:00\",\"description\":\"BOOTS, COWBOY BOOTS - JUST CAN'T EXPLAIN - black od L37 - polskiej marki galanterii sk\u00f3rzanej, kt\u00f3ra \u0142\u0105czy klasyczn\u0105 estetyk\u0119 z nowoczesnym podej\u015bciem do mody.\",\"breadcrumb\":{\"@id\":\"https:\/\/l37.eu\/en\/product\/just-cant-explain\/#breadcrumb\"},\"inLanguage\":\"en-US\",\"potentialAction\":[{\"@type\":\"ReadAction\",\"target\":[\"https:\/\/l37.eu\/en\/product\/just-cant-explain\/\"]}]},{\"@type\":\"ImageObject\",\"inLanguage\":\"en-US\",\"@id\":\"https:\/\/l37.eu\/en\/product\/just-cant-explain\/#primaryimage\",\"url\":\"https:\/\/l37.eu\/wp-content\/uploads\/2025\/09\/B_JCE_BLACK-1.jpg\",\"contentUrl\":\"https:\/\/l37.eu\/wp-content\/uploads\/2025\/09\/B_JCE_BLACK-1.jpg\",\"width\":1875,\"height\":2500},{\"@type\":\"BreadcrumbList\",\"@id\":\"https:\/\/l37.eu\/en\/product\/just-cant-explain\/#breadcrumb\",\"itemListElement\":[{\"@type\":\"ListItem\",\"position\":1,\"name\":\"Home\",\"item\":\"https:\/\/l37.eu\/en\/\"},{\"@type\":\"ListItem\",\"position\":2,\"name\":\"Produkty\",\"item\":\"https:\/\/l37.eu\/shop\/\"},{\"@type\":\"ListItem\",\"position\":3,\"name\":\"JUST CAN&#8217;T EXPLAIN\"}]},{\"@type\":\"WebSite\",\"@id\":\"https:\/\/l37.eu\/#website\",\"url\":\"https:\/\/l37.eu\/\",\"name\":\"L37 - polska marka obuwia i torebek sk\u00f3rzanych\",\"description\":\"Discover the harmony between style and comfort in the latest collection of L37 Handmade Shoes for the spring-summer 2024 season. Inspired by nature and modern trends, this collection offers original design and exceptional comfort, emphasizing your personality in every step.\",\"publisher\":{\"@id\":\"https:\/\/l37.eu\/#organization\"},\"alternateName\":\"L37 - obuwie i galanteria sk\u00f3rzana\",\"potentialAction\":[{\"@type\":\"SearchAction\",\"target\":{\"@type\":\"EntryPoint\",\"urlTemplate\":\"https:\/\/l37.eu\/?s={search_term_string}\"},\"query-input\":{\"@type\":\"PropertyValueSpecification\",\"valueRequired\":true,\"valueName\":\"search_term_string\"}}],\"inLanguage\":\"en-US\"},{\"@type\":\"Organization\",\"@id\":\"https:\/\/l37.eu\/#organization\",\"name\":\"L37 - polska marka obuwia i torebek sk\u00f3rzanych\",\"url\":\"https:\/\/l37.eu\/\",\"logo\":{\"@type\":\"ImageObject\",\"inLanguage\":\"en-US\",\"@id\":\"https:\/\/l37.eu\/#\/schema\/logo\/image\/\",\"url\":\"\",\"contentUrl\":\"\",\"caption\":\"L37 - polska marka obuwia i torebek sk\u00f3rzanych\"},\"image\":{\"@id\":\"https:\/\/l37.eu\/#\/schema\/logo\/image\/\"},\"sameAs\":[\"https:\/\/www.facebook.com\/L37.eu\/\",\"https:\/\/www.instagram.com\/l37_official\/\"]}]}<\/script>\n<!-- \/ Yoast SEO plugin. -->","yoast_head_json":{"title":"JUST CAN'T EXPLAIN - BOOTS, COWBOY BOOTS - black","description":"BOOTS, COWBOY BOOTS - JUST CAN'T EXPLAIN - black od L37 - polskiej marki galanterii sk\u00f3rzanej, kt\u00f3ra \u0142\u0105czy klasyczn\u0105 estetyk\u0119 z nowoczesnym podej\u015bciem do mody.","robots":{"index":"index","follow":"follow","max-snippet":"max-snippet:-1","max-image-preview":"max-image-preview:large","max-video-preview":"max-video-preview:-1"},"canonical":"https:\/\/l37.eu\/en\/product\/just-cant-explain\/","og_locale":"en_US","og_type":"article","og_title":"JUST CAN'T EXPLAIN - BOOTS, COWBOY BOOTS - black","og_description":"BOOTS, COWBOY BOOTS - JUST CAN'T EXPLAIN - black od L37 - polskiej marki galanterii sk\u00f3rzanej, kt\u00f3ra \u0142\u0105czy klasyczn\u0105 estetyk\u0119 z nowoczesnym podej\u015bciem do mody.","og_url":"https:\/\/l37.eu\/en\/product\/just-cant-explain\/","og_site_name":"L37 Handmade Shoes","article_publisher":"https:\/\/www.facebook.com\/L37.eu\/","article_modified_time":"2025-12-23T11:37:08+00:00","og_image":[{"width":1875,"height":2500,"url":"https:\/\/l37.eu\/wp-content\/uploads\/2025\/09\/B_JCE_BLACK-1.jpg","type":"image\/jpeg"}],"twitter_card":"summary_large_image","twitter_misc":{"Est. reading time":"1 minute"},"schema":{"@context":"https:\/\/schema.org","@graph":[{"@type":"WebPage","@id":"https:\/\/l37.eu\/en\/product\/just-cant-explain\/","url":"https:\/\/l37.eu\/en\/product\/just-cant-explain\/","name":"JUST CAN'T EXPLAIN - BOOTS, COWBOY BOOTS - black","isPartOf":{"@id":"https:\/\/l37.eu\/#website"},"primaryImageOfPage":{"@id":"https:\/\/l37.eu\/en\/product\/just-cant-explain\/#primaryimage"},"image":{"@id":"https:\/\/l37.eu\/en\/product\/just-cant-explain\/#primaryimage"},"thumbnailUrl":"https:\/\/l37.eu\/wp-content\/uploads\/2025\/09\/B_JCE_BLACK-1.jpg","datePublished":"2025-09-16T13:39:45+00:00","dateModified":"2025-12-23T11:37:08+00:00","description":"BOOTS, COWBOY BOOTS - JUST CAN'T EXPLAIN - black od L37 - polskiej marki galanterii sk\u00f3rzanej, kt\u00f3ra \u0142\u0105czy klasyczn\u0105 estetyk\u0119 z nowoczesnym podej\u015bciem do mody.","breadcrumb":{"@id":"https:\/\/l37.eu\/en\/product\/just-cant-explain\/#breadcrumb"},"inLanguage":"en-US","potentialAction":[{"@type":"ReadAction","target":["https:\/\/l37.eu\/en\/product\/just-cant-explain\/"]}]},{"@type":"ImageObject","inLanguage":"en-US","@id":"https:\/\/l37.eu\/en\/product\/just-cant-explain\/#primaryimage","url":"https:\/\/l37.eu\/wp-content\/uploads\/2025\/09\/B_JCE_BLACK-1.jpg","contentUrl":"https:\/\/l37.eu\/wp-content\/uploads\/2025\/09\/B_JCE_BLACK-1.jpg","width":1875,"height":2500},{"@type":"BreadcrumbList","@id":"https:\/\/l37.eu\/en\/product\/just-cant-explain\/#breadcrumb","itemListElement":[{"@type":"ListItem","position":1,"name":"Home","item":"https:\/\/l37.eu\/en\/"},{"@type":"ListItem","position":2,"name":"Produkty","item":"https:\/\/l37.eu\/shop\/"},{"@type":"ListItem","position":3,"name":"JUST CAN&#8217;T EXPLAIN"}]},{"@type":"WebSite","@id":"https:\/\/l37.eu\/#website","url":"https:\/\/l37.eu\/","name":"L37 - polska marka obuwia i torebek sk\u00f3rzanych","description":"Discover the harmony between style and comfort in the latest collection of L37 Handmade Shoes for the spring-summer 2024 season. Inspired by nature and modern trends, this collection offers original design and exceptional comfort, emphasizing your personality in every step.","publisher":{"@id":"https:\/\/l37.eu\/#organization"},"alternateName":"L37 - obuwie i galanteria sk\u00f3rzana","potentialAction":[{"@type":"SearchAction","target":{"@type":"EntryPoint","urlTemplate":"https:\/\/l37.eu\/?s={search_term_string}"},"query-input":{"@type":"PropertyValueSpecification","valueRequired":true,"valueName":"search_term_string"}}],"inLanguage":"en-US"},{"@type":"Organization","@id":"https:\/\/l37.eu\/#organization","name":"L37 - polska marka obuwia i torebek sk\u00f3rzanych","url":"https:\/\/l37.eu\/","logo":{"@type":"ImageObject","inLanguage":"en-US","@id":"https:\/\/l37.eu\/#\/schema\/logo\/image\/","url":"","contentUrl":"","caption":"L37 - polska marka obuwia i torebek sk\u00f3rzanych"},"image":{"@id":"https:\/\/l37.eu\/#\/schema\/logo\/image\/"},"sameAs":["https:\/\/www.facebook.com\/L37.eu\/","https:\/\/www.instagram.com\/l37_official\/"]}]}},"_links":{"self":[{"href":"https:\/\/l37.eu\/en\/wp-json\/wp\/v2\/product\/252538","targetHints":{"allow":["GET"]}}],"collection":[{"href":"https:\/\/l37.eu\/en\/wp-json\/wp\/v2\/product"}],"about":[{"href":"https:\/\/l37.eu\/en\/wp-json\/wp\/v2\/types\/product"}],"replies":[{"embeddable":true,"href":"https:\/\/l37.eu\/en\/wp-json\/wp\/v2\/comments?post=252538"}],"wp:featuredmedia":[{"embeddable":true,"href":"https:\/\/l37.eu\/en\/wp-json\/wp\/v2\/media\/252529"}],"wp:attachment":[{"href":"https:\/\/l37.eu\/en\/wp-json\/wp\/v2\/media?parent=252538"}],"wp:term":[{"taxonomy":"product_brand","embeddable":true,"href":"https:\/\/l37.eu\/en\/wp-json\/wp\/v2\/product_brand?post=252538"},{"taxonomy":"product_cat","embeddable":true,"href":"https:\/\/l37.eu\/en\/wp-json\/wp\/v2\/product_cat?post=252538"},{"taxonomy":"product_tag","embeddable":true,"href":"https:\/\/l37.eu\/en\/wp-json\/wp\/v2\/product_tag?post=252538"}],"curies":[{"name":"wp","href":"https:\/\/api.w.org\/{rel}","templated":true}]}}