{"id":252382,"date":"2025-09-16T15:39:59","date_gmt":"2025-09-16T13:39:59","guid":{"rendered":"https:\/\/l37.eu\/product\/texas-wind\/"},"modified":"2025-10-22T16:00:43","modified_gmt":"2025-10-22T14:00:43","slug":"texas-wind","status":"publish","type":"product","link":"https:\/\/l37.eu\/en\/product\/texas-wind\/","title":{"rendered":"TEXAS WIND"},"content":{"rendered":"<p>Poznaj TEXAS WIND &#8211; idealne po\u0142\u0105czenie stylu, komfortu i jako\u015bci. Te unikalne botki kowbojki zosta\u0142y zaprojektowane z my\u015bl\u0105 o tych, kt\u00f3rzy ceni\u0105 sobie modny wygl\u0105d i wygod\u0119 na ka\u017cdym kroku. Wykonane z najwy\u017cszej jako\u015bci sk\u00f3ry naturalnej i delikatnego zamszu, zapewniaj\u0105 trwa\u0142o\u015b\u0107 i elegancj\u0119. Wy\u015bci\u00f3\u0142ka ze sk\u00f3ry naturalnej gwarantuje komfort przez ca\u0142y dzie\u0144, a polarowa podszewka dodaje ciep\u0142a w ch\u0142odniejsze dni.<\/p>\n<p>Czarne botki TEXAS WIND wyposa\u017cone s\u0105 w wysokogatunkow\u0105 podeszw\u0119 z tworzywa sztucznego, kt\u00f3ra zapewnia doskona\u0142\u0105 przyczepno\u015b\u0107 i stabilno\u015b\u0107. Obcas o wysoko\u015bci 5 cm dodaje subtelnego wyrazu Twojej sylwetce, jednocze\u015bnie nie rezygnuj\u0105c z komfortu. Dost\u0119pne w standardowej t\u0119go\u015bci G, idealnie dopasowuj\u0105 si\u0119 do kszta\u0142tu stopy, a ich wysoko\u015b\u0107 cholewki i obw\u00f3d zosta\u0142y zaprojektowane tak, aby zapewni\u0107 optymalne wsparcie i wygod\u0119.<\/p>\n<p>Bez wzgl\u0119du na to, czy wybierasz si\u0119 na miasto, do pracy, czy na wieczorne wyj\u015bcie, botki TEXAS WIND stan\u0105 si\u0119 Twoim niezawodnym towarzyszem. Ich klasyczny design w czarnym kolorze doskonale komponuje si\u0119 z r\u00f3\u017cnymi stylizacjami, dodaj\u0105c im odrobin\u0119 dzikiego, zachodniego uroku. Dodaj TEXAS WIND do swojej kolekcji i odkryj now\u0105 jako\u015b\u0107 w obuwiu, kt\u00f3ra pozostawia trwa\u0142e wra\u017cenie.<\/p>\n","protected":false},"excerpt":{"rendered":"<p>CZARNE KOWBOJKI NA NISKIM OBCASIE WYKONSNE Z ZAMSZU<\/p>\n","protected":false},"featured_media":252375,"comment_status":"closed","ping_status":"closed","template":"","meta":{"_acf_changed":false},"product_brand":[],"product_cat":[2804],"product_tag":[],"class_list":{"0":"post-252382","1":"product","2":"type-product","3":"status-publish","4":"has-post-thumbnail","6":"product_cat-autumn-winter-2025-26","7":"pa_f4-wysokosccholewkidlarozmiar-12-en","8":"pa_kolor-black-en-2","9":"pa_material-skoranaturalna-en","10":"pa_material-zamsz-en","11":"pa_obwodcholewkidlarozmiaru37cm-31-en","12":"pa_podeszwa-high-quality-synthetic-materials","13":"pa_podszewka-fleece","14":"pa_rodzaj-botki-en","15":"pa_rodzaj-cowboy-boots","16":"pa_size-35-en","17":"pa_size-36-en","18":"pa_size-37-en","19":"pa_size-38-en","20":"pa_size-39-en","21":"pa_size-40-en","22":"pa_size-41-en","23":"pa_tegosc-g-en","24":"pa_wysciolka-natural-leather","25":"pa_wysokoscobcasacm-5-en","26":"miinto-order","28":"first","29":"instock","30":"shipping-taxable","31":"purchasable","32":"product-type-variable"},"acf":[],"yoast_head":"<!-- This site is optimized with the Yoast SEO plugin v27.2 - https:\/\/yoast.com\/product\/yoast-seo-wordpress\/ -->\n<title>TEXAS WIND - BOOTS, COWBOY BOOTS - black<\/title>\n<meta name=\"description\" content=\"BOOTS, COWBOY BOOTS - TEXAS WIND - black od L37 - polskiej marki galanterii sk\u00f3rzanej, kt\u00f3ra \u0142\u0105czy klasyczn\u0105 estetyk\u0119 z nowoczesnym podej\u015bciem do mody.\" \/>\n<meta name=\"robots\" content=\"index, follow, max-snippet:-1, max-image-preview:large, max-video-preview:-1\" \/>\n<link rel=\"canonical\" href=\"https:\/\/l37.eu\/en\/product\/texas-wind\/\" \/>\n<meta property=\"og:locale\" content=\"en_US\" \/>\n<meta property=\"og:type\" content=\"article\" \/>\n<meta property=\"og:title\" content=\"TEXAS WIND - BOOTS, COWBOY BOOTS - black\" \/>\n<meta property=\"og:description\" content=\"BOOTS, COWBOY BOOTS - TEXAS WIND - black od L37 - polskiej marki galanterii sk\u00f3rzanej, kt\u00f3ra \u0142\u0105czy klasyczn\u0105 estetyk\u0119 z nowoczesnym podej\u015bciem do mody.\" \/>\n<meta property=\"og:url\" content=\"https:\/\/l37.eu\/en\/product\/texas-wind\/\" \/>\n<meta property=\"og:site_name\" content=\"L37 Handmade Shoes\" \/>\n<meta property=\"article:publisher\" content=\"https:\/\/www.facebook.com\/L37.eu\/\" \/>\n<meta property=\"article:modified_time\" content=\"2025-10-22T14:00:43+00:00\" \/>\n<meta property=\"og:image\" content=\"https:\/\/l37.eu\/wp-content\/uploads\/2025\/09\/SP7-2.jpg\" \/>\n\t<meta property=\"og:image:width\" content=\"1875\" \/>\n\t<meta property=\"og:image:height\" content=\"2500\" \/>\n\t<meta property=\"og:image:type\" content=\"image\/jpeg\" \/>\n<meta name=\"twitter:card\" content=\"summary_large_image\" \/>\n<meta name=\"twitter:label1\" content=\"Est. reading time\" \/>\n\t<meta name=\"twitter:data1\" content=\"1 minute\" \/>\n<script type=\"application\/ld+json\" class=\"yoast-schema-graph\">{\"@context\":\"https:\/\/schema.org\",\"@graph\":[{\"@type\":\"WebPage\",\"@id\":\"https:\/\/l37.eu\/en\/product\/texas-wind\/\",\"url\":\"https:\/\/l37.eu\/en\/product\/texas-wind\/\",\"name\":\"TEXAS WIND - BOOTS, COWBOY BOOTS - black\",\"isPartOf\":{\"@id\":\"https:\/\/l37.eu\/#website\"},\"primaryImageOfPage\":{\"@id\":\"https:\/\/l37.eu\/en\/product\/texas-wind\/#primaryimage\"},\"image\":{\"@id\":\"https:\/\/l37.eu\/en\/product\/texas-wind\/#primaryimage\"},\"thumbnailUrl\":\"https:\/\/l37.eu\/wp-content\/uploads\/2025\/09\/SP7-2.jpg\",\"datePublished\":\"2025-09-16T13:39:59+00:00\",\"dateModified\":\"2025-10-22T14:00:43+00:00\",\"description\":\"BOOTS, COWBOY BOOTS - TEXAS WIND - black od L37 - polskiej marki galanterii sk\u00f3rzanej, kt\u00f3ra \u0142\u0105czy klasyczn\u0105 estetyk\u0119 z nowoczesnym podej\u015bciem do mody.\",\"breadcrumb\":{\"@id\":\"https:\/\/l37.eu\/en\/product\/texas-wind\/#breadcrumb\"},\"inLanguage\":\"en-US\",\"potentialAction\":[{\"@type\":\"ReadAction\",\"target\":[\"https:\/\/l37.eu\/en\/product\/texas-wind\/\"]}]},{\"@type\":\"ImageObject\",\"inLanguage\":\"en-US\",\"@id\":\"https:\/\/l37.eu\/en\/product\/texas-wind\/#primaryimage\",\"url\":\"https:\/\/l37.eu\/wp-content\/uploads\/2025\/09\/SP7-2.jpg\",\"contentUrl\":\"https:\/\/l37.eu\/wp-content\/uploads\/2025\/09\/SP7-2.jpg\",\"width\":1875,\"height\":2500},{\"@type\":\"BreadcrumbList\",\"@id\":\"https:\/\/l37.eu\/en\/product\/texas-wind\/#breadcrumb\",\"itemListElement\":[{\"@type\":\"ListItem\",\"position\":1,\"name\":\"Home\",\"item\":\"https:\/\/l37.eu\/en\/\"},{\"@type\":\"ListItem\",\"position\":2,\"name\":\"Produkty\",\"item\":\"https:\/\/l37.eu\/shop\/\"},{\"@type\":\"ListItem\",\"position\":3,\"name\":\"TEXAS WIND\"}]},{\"@type\":\"WebSite\",\"@id\":\"https:\/\/l37.eu\/#website\",\"url\":\"https:\/\/l37.eu\/\",\"name\":\"L37 - polska marka obuwia i torebek sk\u00f3rzanych\",\"description\":\"Discover the harmony between style and comfort in the latest collection of L37 Handmade Shoes for the spring-summer 2024 season. Inspired by nature and modern trends, this collection offers original design and exceptional comfort, emphasizing your personality in every step.\",\"publisher\":{\"@id\":\"https:\/\/l37.eu\/#organization\"},\"alternateName\":\"L37 - obuwie i galanteria sk\u00f3rzana\",\"potentialAction\":[{\"@type\":\"SearchAction\",\"target\":{\"@type\":\"EntryPoint\",\"urlTemplate\":\"https:\/\/l37.eu\/?s={search_term_string}\"},\"query-input\":{\"@type\":\"PropertyValueSpecification\",\"valueRequired\":true,\"valueName\":\"search_term_string\"}}],\"inLanguage\":\"en-US\"},{\"@type\":\"Organization\",\"@id\":\"https:\/\/l37.eu\/#organization\",\"name\":\"L37 - polska marka obuwia i torebek sk\u00f3rzanych\",\"url\":\"https:\/\/l37.eu\/\",\"logo\":{\"@type\":\"ImageObject\",\"inLanguage\":\"en-US\",\"@id\":\"https:\/\/l37.eu\/#\/schema\/logo\/image\/\",\"url\":\"\",\"contentUrl\":\"\",\"caption\":\"L37 - polska marka obuwia i torebek sk\u00f3rzanych\"},\"image\":{\"@id\":\"https:\/\/l37.eu\/#\/schema\/logo\/image\/\"},\"sameAs\":[\"https:\/\/www.facebook.com\/L37.eu\/\",\"https:\/\/www.instagram.com\/l37_official\/\"]}]}<\/script>\n<!-- \/ Yoast SEO plugin. -->","yoast_head_json":{"title":"TEXAS WIND - BOOTS, COWBOY BOOTS - black","description":"BOOTS, COWBOY BOOTS - TEXAS WIND - black od L37 - polskiej marki galanterii sk\u00f3rzanej, kt\u00f3ra \u0142\u0105czy klasyczn\u0105 estetyk\u0119 z nowoczesnym podej\u015bciem do mody.","robots":{"index":"index","follow":"follow","max-snippet":"max-snippet:-1","max-image-preview":"max-image-preview:large","max-video-preview":"max-video-preview:-1"},"canonical":"https:\/\/l37.eu\/en\/product\/texas-wind\/","og_locale":"en_US","og_type":"article","og_title":"TEXAS WIND - BOOTS, COWBOY BOOTS - black","og_description":"BOOTS, COWBOY BOOTS - TEXAS WIND - black od L37 - polskiej marki galanterii sk\u00f3rzanej, kt\u00f3ra \u0142\u0105czy klasyczn\u0105 estetyk\u0119 z nowoczesnym podej\u015bciem do mody.","og_url":"https:\/\/l37.eu\/en\/product\/texas-wind\/","og_site_name":"L37 Handmade Shoes","article_publisher":"https:\/\/www.facebook.com\/L37.eu\/","article_modified_time":"2025-10-22T14:00:43+00:00","og_image":[{"width":1875,"height":2500,"url":"https:\/\/l37.eu\/wp-content\/uploads\/2025\/09\/SP7-2.jpg","type":"image\/jpeg"}],"twitter_card":"summary_large_image","twitter_misc":{"Est. reading time":"1 minute"},"schema":{"@context":"https:\/\/schema.org","@graph":[{"@type":"WebPage","@id":"https:\/\/l37.eu\/en\/product\/texas-wind\/","url":"https:\/\/l37.eu\/en\/product\/texas-wind\/","name":"TEXAS WIND - BOOTS, COWBOY BOOTS - black","isPartOf":{"@id":"https:\/\/l37.eu\/#website"},"primaryImageOfPage":{"@id":"https:\/\/l37.eu\/en\/product\/texas-wind\/#primaryimage"},"image":{"@id":"https:\/\/l37.eu\/en\/product\/texas-wind\/#primaryimage"},"thumbnailUrl":"https:\/\/l37.eu\/wp-content\/uploads\/2025\/09\/SP7-2.jpg","datePublished":"2025-09-16T13:39:59+00:00","dateModified":"2025-10-22T14:00:43+00:00","description":"BOOTS, COWBOY BOOTS - TEXAS WIND - black od L37 - polskiej marki galanterii sk\u00f3rzanej, kt\u00f3ra \u0142\u0105czy klasyczn\u0105 estetyk\u0119 z nowoczesnym podej\u015bciem do mody.","breadcrumb":{"@id":"https:\/\/l37.eu\/en\/product\/texas-wind\/#breadcrumb"},"inLanguage":"en-US","potentialAction":[{"@type":"ReadAction","target":["https:\/\/l37.eu\/en\/product\/texas-wind\/"]}]},{"@type":"ImageObject","inLanguage":"en-US","@id":"https:\/\/l37.eu\/en\/product\/texas-wind\/#primaryimage","url":"https:\/\/l37.eu\/wp-content\/uploads\/2025\/09\/SP7-2.jpg","contentUrl":"https:\/\/l37.eu\/wp-content\/uploads\/2025\/09\/SP7-2.jpg","width":1875,"height":2500},{"@type":"BreadcrumbList","@id":"https:\/\/l37.eu\/en\/product\/texas-wind\/#breadcrumb","itemListElement":[{"@type":"ListItem","position":1,"name":"Home","item":"https:\/\/l37.eu\/en\/"},{"@type":"ListItem","position":2,"name":"Produkty","item":"https:\/\/l37.eu\/shop\/"},{"@type":"ListItem","position":3,"name":"TEXAS WIND"}]},{"@type":"WebSite","@id":"https:\/\/l37.eu\/#website","url":"https:\/\/l37.eu\/","name":"L37 - polska marka obuwia i torebek sk\u00f3rzanych","description":"Discover the harmony between style and comfort in the latest collection of L37 Handmade Shoes for the spring-summer 2024 season. Inspired by nature and modern trends, this collection offers original design and exceptional comfort, emphasizing your personality in every step.","publisher":{"@id":"https:\/\/l37.eu\/#organization"},"alternateName":"L37 - obuwie i galanteria sk\u00f3rzana","potentialAction":[{"@type":"SearchAction","target":{"@type":"EntryPoint","urlTemplate":"https:\/\/l37.eu\/?s={search_term_string}"},"query-input":{"@type":"PropertyValueSpecification","valueRequired":true,"valueName":"search_term_string"}}],"inLanguage":"en-US"},{"@type":"Organization","@id":"https:\/\/l37.eu\/#organization","name":"L37 - polska marka obuwia i torebek sk\u00f3rzanych","url":"https:\/\/l37.eu\/","logo":{"@type":"ImageObject","inLanguage":"en-US","@id":"https:\/\/l37.eu\/#\/schema\/logo\/image\/","url":"","contentUrl":"","caption":"L37 - polska marka obuwia i torebek sk\u00f3rzanych"},"image":{"@id":"https:\/\/l37.eu\/#\/schema\/logo\/image\/"},"sameAs":["https:\/\/www.facebook.com\/L37.eu\/","https:\/\/www.instagram.com\/l37_official\/"]}]}},"_links":{"self":[{"href":"https:\/\/l37.eu\/en\/wp-json\/wp\/v2\/product\/252382","targetHints":{"allow":["GET"]}}],"collection":[{"href":"https:\/\/l37.eu\/en\/wp-json\/wp\/v2\/product"}],"about":[{"href":"https:\/\/l37.eu\/en\/wp-json\/wp\/v2\/types\/product"}],"replies":[{"embeddable":true,"href":"https:\/\/l37.eu\/en\/wp-json\/wp\/v2\/comments?post=252382"}],"wp:featuredmedia":[{"embeddable":true,"href":"https:\/\/l37.eu\/en\/wp-json\/wp\/v2\/media\/252375"}],"wp:attachment":[{"href":"https:\/\/l37.eu\/en\/wp-json\/wp\/v2\/media?parent=252382"}],"wp:term":[{"taxonomy":"product_brand","embeddable":true,"href":"https:\/\/l37.eu\/en\/wp-json\/wp\/v2\/product_brand?post=252382"},{"taxonomy":"product_cat","embeddable":true,"href":"https:\/\/l37.eu\/en\/wp-json\/wp\/v2\/product_cat?post=252382"},{"taxonomy":"product_tag","embeddable":true,"href":"https:\/\/l37.eu\/en\/wp-json\/wp\/v2\/product_tag?post=252382"}],"curies":[{"name":"wp","href":"https:\/\/api.w.org\/{rel}","templated":true}]}}