{"id":252306,"date":"2025-09-16T15:39:51","date_gmt":"2025-09-16T13:39:51","guid":{"rendered":"https:\/\/l37.eu\/product\/dark-side-bloom\/"},"modified":"2025-12-23T12:37:06","modified_gmt":"2025-12-23T11:37:06","slug":"dark-side-bloom","status":"publish","type":"product","link":"https:\/\/l37.eu\/en\/product\/dark-side-bloom\/","title":{"rendered":"DARK SIDE BLOOM"},"content":{"rendered":"<p>Przedstawiamy wyj\u0105tkowe botki DARK SIDE BLOOM, kt\u00f3re \u0142\u0105cz\u0105 w sobie elegancj\u0119 i wygod\u0119. Te pi\u0119kne, czarne botki wykonane s\u0105 z najwy\u017cszej jako\u015bci sk\u00f3ry licowej oraz naturalnej, zapewniaj\u0105c trwa\u0142o\u015b\u0107 i komfort noszenia. Stylowy design podkre\u015blony obcasem o wysoko\u015bci 6 cm dodaje ka\u017cdej stylizacji nowoczesnego charakteru, a polarowa podszewka zapewni ciep\u0142o w ch\u0142odniejsze dni.<\/p>\n<p>Dost\u0119pne w szerokim zakresie rozmiar\u00f3w od 35 do 41, idealnie dopasowuj\u0105 si\u0119 do ka\u017cdego kobiecego kroku dzi\u0119ki odpowiednio wyprofilowanej t\u0119go\u015bci G. Wysokogatunkowa podeszwa z tworzywa sztucznego gwarantuje stabilno\u015b\u0107 na r\u00f3\u017cnych nawierzchniach. Niezale\u017cnie od okazji, botki DARK SIDE BLOOM stan\u0105 si\u0119 nieod\u0142\u0105cznym elementem Twojej garderoby, podkre\u015blaj\u0105c Tw\u00f3j indywidualny styl. Wybierz luksus i komfort na co dzie\u0144 z DARK SIDE BLOOM.<\/p>\n","protected":false},"excerpt":{"rendered":"<p>ZACHWYCAJ\u0104CE BOTKI ZE SK\u00d3RY LICOWEJ NA NISKIM OBCASIE<\/p>\n","protected":false},"featured_media":252299,"comment_status":"closed","ping_status":"closed","template":"","meta":{"_acf_changed":false},"product_brand":[],"product_cat":[2804,3030],"product_tag":[],"class_list":{"0":"post-252306","1":"product","2":"type-product","3":"status-publish","4":"has-post-thumbnail","6":"product_cat-autumn-winter-2025-26","7":"product_cat-winter-sale","8":"pa_kolor-black-en-2","9":"pa_material-skoranaturalna-en","10":"pa_material-skoralicowa-en","11":"pa_podeszwa-high-quality-synthetic-materials","12":"pa_podszewka-fleece","13":"pa_rodzaj-botki-en","14":"pa_size-35-en","15":"pa_size-36-en","16":"pa_size-37-en","17":"pa_size-38-en","18":"pa_size-39-en","19":"pa_size-40-en","20":"pa_size-41-en","21":"pa_tegosc-g-en","22":"pa_wysciolka-natural-leather","23":"pa_wysokoscobcasacm-6-en","24":"miinto-order","26":"first","27":"instock","28":"shipping-taxable","29":"purchasable","30":"product-type-variable"},"acf":[],"yoast_head":"<!-- This site is optimized with the Yoast SEO plugin v27.2 - https:\/\/yoast.com\/product\/yoast-seo-wordpress\/ -->\n<title>DARK SIDE BLOOM - BOOTS - black<\/title>\n<meta name=\"description\" content=\"BOOTS - DARK SIDE BLOOM - black od L37 - polskiej marki galanterii sk\u00f3rzanej, kt\u00f3ra \u0142\u0105czy klasyczn\u0105 estetyk\u0119 z nowoczesnym podej\u015bciem do mody.\" \/>\n<meta name=\"robots\" content=\"index, follow, max-snippet:-1, max-image-preview:large, max-video-preview:-1\" \/>\n<link rel=\"canonical\" href=\"https:\/\/l37.eu\/en\/product\/dark-side-bloom\/\" \/>\n<meta property=\"og:locale\" content=\"en_US\" \/>\n<meta property=\"og:type\" content=\"article\" \/>\n<meta property=\"og:title\" content=\"DARK SIDE BLOOM - BOOTS - black\" \/>\n<meta property=\"og:description\" content=\"BOOTS - DARK SIDE BLOOM - black od L37 - polskiej marki galanterii sk\u00f3rzanej, kt\u00f3ra \u0142\u0105czy klasyczn\u0105 estetyk\u0119 z nowoczesnym podej\u015bciem do mody.\" \/>\n<meta property=\"og:url\" content=\"https:\/\/l37.eu\/en\/product\/dark-side-bloom\/\" \/>\n<meta property=\"og:site_name\" content=\"L37 Handmade Shoes\" \/>\n<meta property=\"article:publisher\" content=\"https:\/\/www.facebook.com\/L37.eu\/\" \/>\n<meta property=\"article:modified_time\" content=\"2025-12-23T11:37:06+00:00\" \/>\n<meta property=\"og:image\" content=\"https:\/\/l37.eu\/wp-content\/uploads\/2025\/09\/SP11-2.jpg\" \/>\n\t<meta property=\"og:image:width\" content=\"1875\" \/>\n\t<meta property=\"og:image:height\" content=\"2500\" \/>\n\t<meta property=\"og:image:type\" content=\"image\/jpeg\" \/>\n<meta name=\"twitter:card\" content=\"summary_large_image\" \/>\n<meta name=\"twitter:label1\" content=\"Est. reading time\" \/>\n\t<meta name=\"twitter:data1\" content=\"1 minute\" \/>\n<script type=\"application\/ld+json\" class=\"yoast-schema-graph\">{\"@context\":\"https:\/\/schema.org\",\"@graph\":[{\"@type\":\"WebPage\",\"@id\":\"https:\/\/l37.eu\/en\/product\/dark-side-bloom\/\",\"url\":\"https:\/\/l37.eu\/en\/product\/dark-side-bloom\/\",\"name\":\"DARK SIDE BLOOM - BOOTS - black\",\"isPartOf\":{\"@id\":\"https:\/\/l37.eu\/#website\"},\"primaryImageOfPage\":{\"@id\":\"https:\/\/l37.eu\/en\/product\/dark-side-bloom\/#primaryimage\"},\"image\":{\"@id\":\"https:\/\/l37.eu\/en\/product\/dark-side-bloom\/#primaryimage\"},\"thumbnailUrl\":\"https:\/\/l37.eu\/wp-content\/uploads\/2025\/09\/SP11-2.jpg\",\"datePublished\":\"2025-09-16T13:39:51+00:00\",\"dateModified\":\"2025-12-23T11:37:06+00:00\",\"description\":\"BOOTS - DARK SIDE BLOOM - black od L37 - polskiej marki galanterii sk\u00f3rzanej, kt\u00f3ra \u0142\u0105czy klasyczn\u0105 estetyk\u0119 z nowoczesnym podej\u015bciem do mody.\",\"breadcrumb\":{\"@id\":\"https:\/\/l37.eu\/en\/product\/dark-side-bloom\/#breadcrumb\"},\"inLanguage\":\"en-US\",\"potentialAction\":[{\"@type\":\"ReadAction\",\"target\":[\"https:\/\/l37.eu\/en\/product\/dark-side-bloom\/\"]}]},{\"@type\":\"ImageObject\",\"inLanguage\":\"en-US\",\"@id\":\"https:\/\/l37.eu\/en\/product\/dark-side-bloom\/#primaryimage\",\"url\":\"https:\/\/l37.eu\/wp-content\/uploads\/2025\/09\/SP11-2.jpg\",\"contentUrl\":\"https:\/\/l37.eu\/wp-content\/uploads\/2025\/09\/SP11-2.jpg\",\"width\":1875,\"height\":2500},{\"@type\":\"BreadcrumbList\",\"@id\":\"https:\/\/l37.eu\/en\/product\/dark-side-bloom\/#breadcrumb\",\"itemListElement\":[{\"@type\":\"ListItem\",\"position\":1,\"name\":\"Home\",\"item\":\"https:\/\/l37.eu\/en\/\"},{\"@type\":\"ListItem\",\"position\":2,\"name\":\"Produkty\",\"item\":\"https:\/\/l37.eu\/shop\/\"},{\"@type\":\"ListItem\",\"position\":3,\"name\":\"DARK SIDE BLOOM\"}]},{\"@type\":\"WebSite\",\"@id\":\"https:\/\/l37.eu\/#website\",\"url\":\"https:\/\/l37.eu\/\",\"name\":\"L37 - polska marka obuwia i torebek sk\u00f3rzanych\",\"description\":\"Discover the harmony between style and comfort in the latest collection of L37 Handmade Shoes for the spring-summer 2024 season. Inspired by nature and modern trends, this collection offers original design and exceptional comfort, emphasizing your personality in every step.\",\"publisher\":{\"@id\":\"https:\/\/l37.eu\/#organization\"},\"alternateName\":\"L37 - obuwie i galanteria sk\u00f3rzana\",\"potentialAction\":[{\"@type\":\"SearchAction\",\"target\":{\"@type\":\"EntryPoint\",\"urlTemplate\":\"https:\/\/l37.eu\/?s={search_term_string}\"},\"query-input\":{\"@type\":\"PropertyValueSpecification\",\"valueRequired\":true,\"valueName\":\"search_term_string\"}}],\"inLanguage\":\"en-US\"},{\"@type\":\"Organization\",\"@id\":\"https:\/\/l37.eu\/#organization\",\"name\":\"L37 - polska marka obuwia i torebek sk\u00f3rzanych\",\"url\":\"https:\/\/l37.eu\/\",\"logo\":{\"@type\":\"ImageObject\",\"inLanguage\":\"en-US\",\"@id\":\"https:\/\/l37.eu\/#\/schema\/logo\/image\/\",\"url\":\"\",\"contentUrl\":\"\",\"caption\":\"L37 - polska marka obuwia i torebek sk\u00f3rzanych\"},\"image\":{\"@id\":\"https:\/\/l37.eu\/#\/schema\/logo\/image\/\"},\"sameAs\":[\"https:\/\/www.facebook.com\/L37.eu\/\",\"https:\/\/www.instagram.com\/l37_official\/\"]}]}<\/script>\n<!-- \/ Yoast SEO plugin. -->","yoast_head_json":{"title":"DARK SIDE BLOOM - BOOTS - black","description":"BOOTS - DARK SIDE BLOOM - black od L37 - polskiej marki galanterii sk\u00f3rzanej, kt\u00f3ra \u0142\u0105czy klasyczn\u0105 estetyk\u0119 z nowoczesnym podej\u015bciem do mody.","robots":{"index":"index","follow":"follow","max-snippet":"max-snippet:-1","max-image-preview":"max-image-preview:large","max-video-preview":"max-video-preview:-1"},"canonical":"https:\/\/l37.eu\/en\/product\/dark-side-bloom\/","og_locale":"en_US","og_type":"article","og_title":"DARK SIDE BLOOM - BOOTS - black","og_description":"BOOTS - DARK SIDE BLOOM - black od L37 - polskiej marki galanterii sk\u00f3rzanej, kt\u00f3ra \u0142\u0105czy klasyczn\u0105 estetyk\u0119 z nowoczesnym podej\u015bciem do mody.","og_url":"https:\/\/l37.eu\/en\/product\/dark-side-bloom\/","og_site_name":"L37 Handmade Shoes","article_publisher":"https:\/\/www.facebook.com\/L37.eu\/","article_modified_time":"2025-12-23T11:37:06+00:00","og_image":[{"width":1875,"height":2500,"url":"https:\/\/l37.eu\/wp-content\/uploads\/2025\/09\/SP11-2.jpg","type":"image\/jpeg"}],"twitter_card":"summary_large_image","twitter_misc":{"Est. reading time":"1 minute"},"schema":{"@context":"https:\/\/schema.org","@graph":[{"@type":"WebPage","@id":"https:\/\/l37.eu\/en\/product\/dark-side-bloom\/","url":"https:\/\/l37.eu\/en\/product\/dark-side-bloom\/","name":"DARK SIDE BLOOM - BOOTS - black","isPartOf":{"@id":"https:\/\/l37.eu\/#website"},"primaryImageOfPage":{"@id":"https:\/\/l37.eu\/en\/product\/dark-side-bloom\/#primaryimage"},"image":{"@id":"https:\/\/l37.eu\/en\/product\/dark-side-bloom\/#primaryimage"},"thumbnailUrl":"https:\/\/l37.eu\/wp-content\/uploads\/2025\/09\/SP11-2.jpg","datePublished":"2025-09-16T13:39:51+00:00","dateModified":"2025-12-23T11:37:06+00:00","description":"BOOTS - DARK SIDE BLOOM - black od L37 - polskiej marki galanterii sk\u00f3rzanej, kt\u00f3ra \u0142\u0105czy klasyczn\u0105 estetyk\u0119 z nowoczesnym podej\u015bciem do mody.","breadcrumb":{"@id":"https:\/\/l37.eu\/en\/product\/dark-side-bloom\/#breadcrumb"},"inLanguage":"en-US","potentialAction":[{"@type":"ReadAction","target":["https:\/\/l37.eu\/en\/product\/dark-side-bloom\/"]}]},{"@type":"ImageObject","inLanguage":"en-US","@id":"https:\/\/l37.eu\/en\/product\/dark-side-bloom\/#primaryimage","url":"https:\/\/l37.eu\/wp-content\/uploads\/2025\/09\/SP11-2.jpg","contentUrl":"https:\/\/l37.eu\/wp-content\/uploads\/2025\/09\/SP11-2.jpg","width":1875,"height":2500},{"@type":"BreadcrumbList","@id":"https:\/\/l37.eu\/en\/product\/dark-side-bloom\/#breadcrumb","itemListElement":[{"@type":"ListItem","position":1,"name":"Home","item":"https:\/\/l37.eu\/en\/"},{"@type":"ListItem","position":2,"name":"Produkty","item":"https:\/\/l37.eu\/shop\/"},{"@type":"ListItem","position":3,"name":"DARK SIDE BLOOM"}]},{"@type":"WebSite","@id":"https:\/\/l37.eu\/#website","url":"https:\/\/l37.eu\/","name":"L37 - polska marka obuwia i torebek sk\u00f3rzanych","description":"Discover the harmony between style and comfort in the latest collection of L37 Handmade Shoes for the spring-summer 2024 season. Inspired by nature and modern trends, this collection offers original design and exceptional comfort, emphasizing your personality in every step.","publisher":{"@id":"https:\/\/l37.eu\/#organization"},"alternateName":"L37 - obuwie i galanteria sk\u00f3rzana","potentialAction":[{"@type":"SearchAction","target":{"@type":"EntryPoint","urlTemplate":"https:\/\/l37.eu\/?s={search_term_string}"},"query-input":{"@type":"PropertyValueSpecification","valueRequired":true,"valueName":"search_term_string"}}],"inLanguage":"en-US"},{"@type":"Organization","@id":"https:\/\/l37.eu\/#organization","name":"L37 - polska marka obuwia i torebek sk\u00f3rzanych","url":"https:\/\/l37.eu\/","logo":{"@type":"ImageObject","inLanguage":"en-US","@id":"https:\/\/l37.eu\/#\/schema\/logo\/image\/","url":"","contentUrl":"","caption":"L37 - polska marka obuwia i torebek sk\u00f3rzanych"},"image":{"@id":"https:\/\/l37.eu\/#\/schema\/logo\/image\/"},"sameAs":["https:\/\/www.facebook.com\/L37.eu\/","https:\/\/www.instagram.com\/l37_official\/"]}]}},"_links":{"self":[{"href":"https:\/\/l37.eu\/en\/wp-json\/wp\/v2\/product\/252306","targetHints":{"allow":["GET"]}}],"collection":[{"href":"https:\/\/l37.eu\/en\/wp-json\/wp\/v2\/product"}],"about":[{"href":"https:\/\/l37.eu\/en\/wp-json\/wp\/v2\/types\/product"}],"replies":[{"embeddable":true,"href":"https:\/\/l37.eu\/en\/wp-json\/wp\/v2\/comments?post=252306"}],"wp:featuredmedia":[{"embeddable":true,"href":"https:\/\/l37.eu\/en\/wp-json\/wp\/v2\/media\/252299"}],"wp:attachment":[{"href":"https:\/\/l37.eu\/en\/wp-json\/wp\/v2\/media?parent=252306"}],"wp:term":[{"taxonomy":"product_brand","embeddable":true,"href":"https:\/\/l37.eu\/en\/wp-json\/wp\/v2\/product_brand?post=252306"},{"taxonomy":"product_cat","embeddable":true,"href":"https:\/\/l37.eu\/en\/wp-json\/wp\/v2\/product_cat?post=252306"},{"taxonomy":"product_tag","embeddable":true,"href":"https:\/\/l37.eu\/en\/wp-json\/wp\/v2\/product_tag?post=252306"}],"curies":[{"name":"wp","href":"https:\/\/api.w.org\/{rel}","templated":true}]}}