{"id":252214,"date":"2025-09-16T15:39:37","date_gmt":"2025-09-16T13:39:37","guid":{"rendered":"https:\/\/l37.eu\/product\/flashback-6\/"},"modified":"2025-12-23T12:37:12","modified_gmt":"2025-12-23T11:37:12","slug":"flashback-6","status":"publish","type":"product","link":"https:\/\/l37.eu\/en\/product\/flashback-6\/","title":{"rendered":"FLASHBACK"},"content":{"rendered":"<p>Odkryj stylow\u0105 elegancj\u0119 i niepowtarzalny komfort z naszymi botkami Flashback &#8211; idealnym wyborem na ch\u0142odniejsze dni! Zaprojektowane z my\u015bl\u0105 o nowoczesnej kobiecie, \u0142\u0105cz\u0105 w sobie klasyczny kowbojski design z nowoczesnymi detalami i ponadczasow\u0105 estetyk\u0105. Dzi\u0119ki wykonaniu z wysokiej jako\u015bci sk\u00f3ry naturalnej oraz zamszu, zapewniaj\u0105 nie tylko wygod\u0119 noszenia, ale r\u00f3wnie\u017c zachwycaj\u0105 swoj\u0105 trwa\u0142o\u015bci\u0105.<\/p>\n<p>Ich subtelny br\u0105zowy odcie\u0144 doskonale komponuje si\u0119 z jesiennymi stylizacjami, a wk\u0142adka z naturalnej sk\u00f3ry gwarantuje uczucie \u015bwie\u017co\u015bci przez ca\u0142y dzie\u0144. Zim\u0105 docenisz wewn\u0119trzn\u0105 podszewk\u0119 z polaru, kt\u00f3ra otuli Twoje stopy ciep\u0142em, zapewniaj\u0105c jednocze\u015bnie prawid\u0142ow\u0105 wentylacj\u0119.<\/p>\n<p>Stabilny obcas o wysoko\u015bci 4 cm oraz t\u0119go\u015b\u0107 G sprawiaj\u0105, \u017ce Flashback to pewny krok na ka\u017cdej powierzchni. Srebrne okucia dodaj\u0105 ca\u0142o\u015bci eleganckiego akcentu. Dodatkowo, cholewka o wysoko\u015bci 13 cm w rozmiarze 37 oraz obw\u00f3d 28 cm zapewniaj\u0105 idealne dopasowanie, podkre\u015blaj\u0105c subtelno\u015b\u0107 i wdzi\u0119k kobiecej \u0142ydki.<\/p>\n<p>Wzboga\u0107 swoj\u0105 garderob\u0119 o te wyj\u0105tkowe botki, kt\u00f3re stan\u0105 si\u0119 niezast\u0105pionym towarzyszem Twoich jesiennych i zimowych stylizacji. Flashback \u2013 klasyka spotyka nowoczesno\u015b\u0107. Czy odwa\u017cysz si\u0119 na krok w kierunku doskona\u0142o\u015bci?<\/p>\n","protected":false},"excerpt":{"rendered":"<p>KARMELOWE KOWBOJKI INSIROWANE KLASYK\u0104<\/p>\n","protected":false},"featured_media":252201,"comment_status":"closed","ping_status":"closed","template":"","meta":{"_acf_changed":false},"product_brand":[],"product_cat":[2804,3030],"product_tag":[],"class_list":{"0":"post-252214","1":"product","2":"type-product","3":"status-publish","4":"has-post-thumbnail","6":"product_cat-autumn-winter-2025-26","7":"product_cat-winter-sale","8":"pa_f4-wysokosccholewkidlarozmiar-13-en","9":"pa_kolor-brown-en-2","10":"pa_material-skoranaturalna-en","11":"pa_material-zamsz-en","12":"pa_obwodcholewkidlarozmiaru37cm-28-en","13":"pa_okucia-srebro-en","14":"pa_podeszwa-high-quality-synthetic-materials","15":"pa_podszewka-fleece","16":"pa_rodzaj-botki-en","17":"pa_rodzaj-cowboy-boots","18":"pa_size-35-en","19":"pa_size-36-en","20":"pa_size-37-en","21":"pa_size-38-en","22":"pa_size-39-en","23":"pa_size-40-en","24":"pa_size-41-en","25":"pa_tegosc-g-en","26":"pa_wysciolka-natural-leather","27":"pa_wysokoscobcasacm-4-en","28":"miinto-order","30":"first","31":"outofstock","32":"shipping-taxable","33":"purchasable","34":"product-type-variable"},"acf":[],"yoast_head":"<!-- This site is optimized with the Yoast SEO plugin v27.2 - https:\/\/yoast.com\/product\/yoast-seo-wordpress\/ -->\n<title>FLASHBACK - BOOTS, COWBOY BOOTS - brown<\/title>\n<meta name=\"description\" content=\"BOOTS, COWBOY BOOTS - FLASHBACK - brown od L37 - polskiej marki galanterii sk\u00f3rzanej, kt\u00f3ra \u0142\u0105czy klasyczn\u0105 estetyk\u0119 z nowoczesnym podej\u015bciem do mody.\" \/>\n<meta name=\"robots\" content=\"index, follow, max-snippet:-1, max-image-preview:large, max-video-preview:-1\" \/>\n<link rel=\"canonical\" href=\"https:\/\/l37.eu\/en\/product\/flashback-6\/\" \/>\n<meta property=\"og:locale\" content=\"en_US\" \/>\n<meta property=\"og:type\" content=\"article\" \/>\n<meta property=\"og:title\" content=\"FLASHBACK - BOOTS, COWBOY BOOTS - brown\" \/>\n<meta property=\"og:description\" content=\"BOOTS, COWBOY BOOTS - FLASHBACK - brown od L37 - polskiej marki galanterii sk\u00f3rzanej, kt\u00f3ra \u0142\u0105czy klasyczn\u0105 estetyk\u0119 z nowoczesnym podej\u015bciem do mody.\" \/>\n<meta property=\"og:url\" content=\"https:\/\/l37.eu\/en\/product\/flashback-6\/\" \/>\n<meta property=\"og:site_name\" content=\"L37 Handmade Shoes\" \/>\n<meta property=\"article:publisher\" content=\"https:\/\/www.facebook.com\/L37.eu\/\" \/>\n<meta property=\"article:modified_time\" content=\"2025-12-23T11:37:12+00:00\" \/>\n<meta property=\"og:image\" content=\"https:\/\/l37.eu\/wp-content\/uploads\/2025\/09\/B_FLBCK_CAMEL-3.jpg\" \/>\n\t<meta property=\"og:image:width\" content=\"1875\" \/>\n\t<meta property=\"og:image:height\" content=\"2500\" \/>\n\t<meta property=\"og:image:type\" content=\"image\/jpeg\" \/>\n<meta name=\"twitter:card\" content=\"summary_large_image\" \/>\n<meta name=\"twitter:label1\" content=\"Est. reading time\" \/>\n\t<meta name=\"twitter:data1\" content=\"1 minute\" \/>\n<script type=\"application\/ld+json\" class=\"yoast-schema-graph\">{\"@context\":\"https:\/\/schema.org\",\"@graph\":[{\"@type\":\"WebPage\",\"@id\":\"https:\/\/l37.eu\/en\/product\/flashback-6\/\",\"url\":\"https:\/\/l37.eu\/en\/product\/flashback-6\/\",\"name\":\"FLASHBACK - BOOTS, COWBOY BOOTS - brown\",\"isPartOf\":{\"@id\":\"https:\/\/l37.eu\/#website\"},\"primaryImageOfPage\":{\"@id\":\"https:\/\/l37.eu\/en\/product\/flashback-6\/#primaryimage\"},\"image\":{\"@id\":\"https:\/\/l37.eu\/en\/product\/flashback-6\/#primaryimage\"},\"thumbnailUrl\":\"https:\/\/l37.eu\/wp-content\/uploads\/2025\/09\/B_FLBCK_CAMEL-3.jpg\",\"datePublished\":\"2025-09-16T13:39:37+00:00\",\"dateModified\":\"2025-12-23T11:37:12+00:00\",\"description\":\"BOOTS, COWBOY BOOTS - FLASHBACK - brown od L37 - polskiej marki galanterii sk\u00f3rzanej, kt\u00f3ra \u0142\u0105czy klasyczn\u0105 estetyk\u0119 z nowoczesnym podej\u015bciem do mody.\",\"breadcrumb\":{\"@id\":\"https:\/\/l37.eu\/en\/product\/flashback-6\/#breadcrumb\"},\"inLanguage\":\"en-US\",\"potentialAction\":[{\"@type\":\"ReadAction\",\"target\":[\"https:\/\/l37.eu\/en\/product\/flashback-6\/\"]}]},{\"@type\":\"ImageObject\",\"inLanguage\":\"en-US\",\"@id\":\"https:\/\/l37.eu\/en\/product\/flashback-6\/#primaryimage\",\"url\":\"https:\/\/l37.eu\/wp-content\/uploads\/2025\/09\/B_FLBCK_CAMEL-3.jpg\",\"contentUrl\":\"https:\/\/l37.eu\/wp-content\/uploads\/2025\/09\/B_FLBCK_CAMEL-3.jpg\",\"width\":1875,\"height\":2500},{\"@type\":\"BreadcrumbList\",\"@id\":\"https:\/\/l37.eu\/en\/product\/flashback-6\/#breadcrumb\",\"itemListElement\":[{\"@type\":\"ListItem\",\"position\":1,\"name\":\"Home\",\"item\":\"https:\/\/l37.eu\/en\/\"},{\"@type\":\"ListItem\",\"position\":2,\"name\":\"Produkty\",\"item\":\"https:\/\/l37.eu\/shop\/\"},{\"@type\":\"ListItem\",\"position\":3,\"name\":\"FLASHBACK\"}]},{\"@type\":\"WebSite\",\"@id\":\"https:\/\/l37.eu\/#website\",\"url\":\"https:\/\/l37.eu\/\",\"name\":\"L37 - polska marka obuwia i torebek sk\u00f3rzanych\",\"description\":\"Discover the harmony between style and comfort in the latest collection of L37 Handmade Shoes for the spring-summer 2024 season. Inspired by nature and modern trends, this collection offers original design and exceptional comfort, emphasizing your personality in every step.\",\"publisher\":{\"@id\":\"https:\/\/l37.eu\/#organization\"},\"alternateName\":\"L37 - obuwie i galanteria sk\u00f3rzana\",\"potentialAction\":[{\"@type\":\"SearchAction\",\"target\":{\"@type\":\"EntryPoint\",\"urlTemplate\":\"https:\/\/l37.eu\/?s={search_term_string}\"},\"query-input\":{\"@type\":\"PropertyValueSpecification\",\"valueRequired\":true,\"valueName\":\"search_term_string\"}}],\"inLanguage\":\"en-US\"},{\"@type\":\"Organization\",\"@id\":\"https:\/\/l37.eu\/#organization\",\"name\":\"L37 - polska marka obuwia i torebek sk\u00f3rzanych\",\"url\":\"https:\/\/l37.eu\/\",\"logo\":{\"@type\":\"ImageObject\",\"inLanguage\":\"en-US\",\"@id\":\"https:\/\/l37.eu\/#\/schema\/logo\/image\/\",\"url\":\"\",\"contentUrl\":\"\",\"caption\":\"L37 - polska marka obuwia i torebek sk\u00f3rzanych\"},\"image\":{\"@id\":\"https:\/\/l37.eu\/#\/schema\/logo\/image\/\"},\"sameAs\":[\"https:\/\/www.facebook.com\/L37.eu\/\",\"https:\/\/www.instagram.com\/l37_official\/\"]}]}<\/script>\n<!-- \/ Yoast SEO plugin. -->","yoast_head_json":{"title":"FLASHBACK - BOOTS, COWBOY BOOTS - brown","description":"BOOTS, COWBOY BOOTS - FLASHBACK - brown od L37 - polskiej marki galanterii sk\u00f3rzanej, kt\u00f3ra \u0142\u0105czy klasyczn\u0105 estetyk\u0119 z nowoczesnym podej\u015bciem do mody.","robots":{"index":"index","follow":"follow","max-snippet":"max-snippet:-1","max-image-preview":"max-image-preview:large","max-video-preview":"max-video-preview:-1"},"canonical":"https:\/\/l37.eu\/en\/product\/flashback-6\/","og_locale":"en_US","og_type":"article","og_title":"FLASHBACK - BOOTS, COWBOY BOOTS - brown","og_description":"BOOTS, COWBOY BOOTS - FLASHBACK - brown od L37 - polskiej marki galanterii sk\u00f3rzanej, kt\u00f3ra \u0142\u0105czy klasyczn\u0105 estetyk\u0119 z nowoczesnym podej\u015bciem do mody.","og_url":"https:\/\/l37.eu\/en\/product\/flashback-6\/","og_site_name":"L37 Handmade Shoes","article_publisher":"https:\/\/www.facebook.com\/L37.eu\/","article_modified_time":"2025-12-23T11:37:12+00:00","og_image":[{"width":1875,"height":2500,"url":"https:\/\/l37.eu\/wp-content\/uploads\/2025\/09\/B_FLBCK_CAMEL-3.jpg","type":"image\/jpeg"}],"twitter_card":"summary_large_image","twitter_misc":{"Est. reading time":"1 minute"},"schema":{"@context":"https:\/\/schema.org","@graph":[{"@type":"WebPage","@id":"https:\/\/l37.eu\/en\/product\/flashback-6\/","url":"https:\/\/l37.eu\/en\/product\/flashback-6\/","name":"FLASHBACK - BOOTS, COWBOY BOOTS - brown","isPartOf":{"@id":"https:\/\/l37.eu\/#website"},"primaryImageOfPage":{"@id":"https:\/\/l37.eu\/en\/product\/flashback-6\/#primaryimage"},"image":{"@id":"https:\/\/l37.eu\/en\/product\/flashback-6\/#primaryimage"},"thumbnailUrl":"https:\/\/l37.eu\/wp-content\/uploads\/2025\/09\/B_FLBCK_CAMEL-3.jpg","datePublished":"2025-09-16T13:39:37+00:00","dateModified":"2025-12-23T11:37:12+00:00","description":"BOOTS, COWBOY BOOTS - FLASHBACK - brown od L37 - polskiej marki galanterii sk\u00f3rzanej, kt\u00f3ra \u0142\u0105czy klasyczn\u0105 estetyk\u0119 z nowoczesnym podej\u015bciem do mody.","breadcrumb":{"@id":"https:\/\/l37.eu\/en\/product\/flashback-6\/#breadcrumb"},"inLanguage":"en-US","potentialAction":[{"@type":"ReadAction","target":["https:\/\/l37.eu\/en\/product\/flashback-6\/"]}]},{"@type":"ImageObject","inLanguage":"en-US","@id":"https:\/\/l37.eu\/en\/product\/flashback-6\/#primaryimage","url":"https:\/\/l37.eu\/wp-content\/uploads\/2025\/09\/B_FLBCK_CAMEL-3.jpg","contentUrl":"https:\/\/l37.eu\/wp-content\/uploads\/2025\/09\/B_FLBCK_CAMEL-3.jpg","width":1875,"height":2500},{"@type":"BreadcrumbList","@id":"https:\/\/l37.eu\/en\/product\/flashback-6\/#breadcrumb","itemListElement":[{"@type":"ListItem","position":1,"name":"Home","item":"https:\/\/l37.eu\/en\/"},{"@type":"ListItem","position":2,"name":"Produkty","item":"https:\/\/l37.eu\/shop\/"},{"@type":"ListItem","position":3,"name":"FLASHBACK"}]},{"@type":"WebSite","@id":"https:\/\/l37.eu\/#website","url":"https:\/\/l37.eu\/","name":"L37 - polska marka obuwia i torebek sk\u00f3rzanych","description":"Discover the harmony between style and comfort in the latest collection of L37 Handmade Shoes for the spring-summer 2024 season. Inspired by nature and modern trends, this collection offers original design and exceptional comfort, emphasizing your personality in every step.","publisher":{"@id":"https:\/\/l37.eu\/#organization"},"alternateName":"L37 - obuwie i galanteria sk\u00f3rzana","potentialAction":[{"@type":"SearchAction","target":{"@type":"EntryPoint","urlTemplate":"https:\/\/l37.eu\/?s={search_term_string}"},"query-input":{"@type":"PropertyValueSpecification","valueRequired":true,"valueName":"search_term_string"}}],"inLanguage":"en-US"},{"@type":"Organization","@id":"https:\/\/l37.eu\/#organization","name":"L37 - polska marka obuwia i torebek sk\u00f3rzanych","url":"https:\/\/l37.eu\/","logo":{"@type":"ImageObject","inLanguage":"en-US","@id":"https:\/\/l37.eu\/#\/schema\/logo\/image\/","url":"","contentUrl":"","caption":"L37 - polska marka obuwia i torebek sk\u00f3rzanych"},"image":{"@id":"https:\/\/l37.eu\/#\/schema\/logo\/image\/"},"sameAs":["https:\/\/www.facebook.com\/L37.eu\/","https:\/\/www.instagram.com\/l37_official\/"]}]}},"_links":{"self":[{"href":"https:\/\/l37.eu\/en\/wp-json\/wp\/v2\/product\/252214","targetHints":{"allow":["GET"]}}],"collection":[{"href":"https:\/\/l37.eu\/en\/wp-json\/wp\/v2\/product"}],"about":[{"href":"https:\/\/l37.eu\/en\/wp-json\/wp\/v2\/types\/product"}],"replies":[{"embeddable":true,"href":"https:\/\/l37.eu\/en\/wp-json\/wp\/v2\/comments?post=252214"}],"wp:featuredmedia":[{"embeddable":true,"href":"https:\/\/l37.eu\/en\/wp-json\/wp\/v2\/media\/252201"}],"wp:attachment":[{"href":"https:\/\/l37.eu\/en\/wp-json\/wp\/v2\/media?parent=252214"}],"wp:term":[{"taxonomy":"product_brand","embeddable":true,"href":"https:\/\/l37.eu\/en\/wp-json\/wp\/v2\/product_brand?post=252214"},{"taxonomy":"product_cat","embeddable":true,"href":"https:\/\/l37.eu\/en\/wp-json\/wp\/v2\/product_cat?post=252214"},{"taxonomy":"product_tag","embeddable":true,"href":"https:\/\/l37.eu\/en\/wp-json\/wp\/v2\/product_tag?post=252214"}],"curies":[{"name":"wp","href":"https:\/\/api.w.org\/{rel}","templated":true}]}}