{"id":250504,"date":"2025-09-11T14:56:27","date_gmt":"2025-09-11T12:56:27","guid":{"rendered":"https:\/\/l37.eu\/product\/somebody-told-me-7\/"},"modified":"2025-12-23T18:09:18","modified_gmt":"2025-12-23T17:09:18","slug":"somebody-told-me-7","status":"publish","type":"product","link":"https:\/\/l37.eu\/en\/product\/somebody-told-me-7\/","title":{"rendered":"SOMEBODY TOLD ME"},"content":{"rendered":"<p>Odkryj elegancj\u0119 i wygod\u0119 z naszymi kozakami &#8220;Somebody Told Me&#8221;, kt\u00f3re idealnie dope\u0142ni\u0105 Twoj\u0105 jesienno-zimow\u0105 stylizacj\u0119. Wykonane z najwy\u017cszej jako\u015bci sk\u00f3ry licowej i naturalnej, w kolorze g\u0142\u0119bokiego bordo, te buty wyr\u00f3\u017cniaj\u0105 si\u0119 nie tylko wyj\u0105tkowym wygl\u0105dem, ale tak\u017ce trwa\u0142o\u015bci\u0105 i komfortem noszenia.<\/p>\n<p>Stylowa podszewka z polaru zapewni Ci ciep\u0142o nawet w najch\u0142odniejsze dni, a wy\u015bci\u00f3\u0142ka z naturalnej sk\u00f3ry zadba o to, by Twoje stopy oddycha\u0142y swobodnie przez ca\u0142y dzie\u0144. Dzi\u0119ki wysokogatunkowej podeszwie ze sztucznego tworzywa, model ten oferuje doskona\u0142\u0105 przyczepno\u015b\u0107 i stabilno\u015b\u0107 na ka\u017cdej nawierzchni.<\/p>\n<p>Te kozaki charakteryzuje nie tylko pi\u0119kno, ale tak\u017ce praktyczno\u015b\u0107 \u2014 t\u0119go\u015b\u0107 G zapewnia wygod\u0119 noszenia niezale\u017cnie od sytuacji. Smuk\u0142y obcas o wysoko\u015bci 7 cm nadaje sylwetce lekko\u015bci, podczas gdy cholewka o wysoko\u015bci 42 cm dopasowuje si\u0119 idealnie do nogi, podkre\u015blaj\u0105c jej kszta\u0142t.<\/p>\n<p>Wybierz &#8220;Somebody Told Me&#8221; i zyskaj pewno\u015b\u0107 siebie oraz wyj\u0105tkowy komfort noszenia na co dzie\u0144!<\/p>\n","protected":false},"excerpt":{"rendered":"<p>OSZA\u0141AMIAJ\u0104CE BORDOWE KOZAKI WYKONANE ZE SKORY LICOWEJ<\/p>\n","protected":false},"featured_media":250491,"comment_status":"closed","ping_status":"closed","template":"","meta":{"_acf_changed":false},"product_brand":[],"product_cat":[2804,3027,3030],"product_tag":[],"class_list":{"0":"post-250504","1":"product","2":"type-product","3":"status-publish","4":"has-post-thumbnail","6":"product_cat-autumn-winter-2025-26","7":"product_cat-festive-shoes","8":"product_cat-winter-sale","9":"pa_f4-wysokosccholewkidlarozmiar-42-en","10":"pa_kolor-claret","11":"pa_material-skoranaturalna-en","12":"pa_material-skoralicowa-en","13":"pa_obwodcholewkidlarozmiaru37cm-39-en","14":"pa_podeszwa-high-quality-synthetic-materials","15":"pa_podszewka-fleece","16":"pa_rodzaj-kozaki-en","17":"pa_size-35-en","18":"pa_size-36-en","19":"pa_size-37-en","20":"pa_size-38-en","21":"pa_size-39-en","22":"pa_size-40-en","23":"pa_size-41-en","24":"pa_tegosc-g-en","25":"pa_wysciolka-natural-leather","26":"pa_wysokoscobcasacm-7-en","27":"miinto-order","29":"first","30":"instock","31":"shipping-taxable","32":"purchasable","33":"product-type-variable"},"acf":[],"yoast_head":"<!-- This site is optimized with the Yoast SEO plugin v27.2 - https:\/\/yoast.com\/product\/yoast-seo-wordpress\/ -->\n<title>SOMEBODY TOLD ME - HIGH BOOTS - claret<\/title>\n<meta name=\"description\" content=\"HIGH BOOTS - SOMEBODY TOLD ME - claret od L37 - polskiej marki galanterii sk\u00f3rzanej, kt\u00f3ra \u0142\u0105czy klasyczn\u0105 estetyk\u0119 z nowoczesnym podej\u015bciem do mody.\" \/>\n<meta name=\"robots\" content=\"index, follow, max-snippet:-1, max-image-preview:large, max-video-preview:-1\" \/>\n<link rel=\"canonical\" href=\"https:\/\/l37.eu\/en\/product\/somebody-told-me-7\/\" \/>\n<meta property=\"og:locale\" content=\"en_US\" \/>\n<meta property=\"og:type\" content=\"article\" \/>\n<meta property=\"og:title\" content=\"SOMEBODY TOLD ME - HIGH BOOTS - claret\" \/>\n<meta property=\"og:description\" content=\"HIGH BOOTS - SOMEBODY TOLD ME - claret od L37 - polskiej marki galanterii sk\u00f3rzanej, kt\u00f3ra \u0142\u0105czy klasyczn\u0105 estetyk\u0119 z nowoczesnym podej\u015bciem do mody.\" \/>\n<meta property=\"og:url\" content=\"https:\/\/l37.eu\/en\/product\/somebody-told-me-7\/\" \/>\n<meta property=\"og:site_name\" content=\"L37 Handmade Shoes\" \/>\n<meta property=\"article:publisher\" content=\"https:\/\/www.facebook.com\/L37.eu\/\" \/>\n<meta property=\"article:modified_time\" content=\"2025-12-23T17:09:18+00:00\" \/>\n<meta property=\"og:image\" content=\"https:\/\/l37.eu\/wp-content\/uploads\/2025\/09\/KOZ_SOTM_BURGCRO-1.jpg\" \/>\n\t<meta property=\"og:image:width\" content=\"1875\" \/>\n\t<meta property=\"og:image:height\" content=\"2500\" \/>\n\t<meta property=\"og:image:type\" content=\"image\/jpeg\" \/>\n<meta name=\"twitter:card\" content=\"summary_large_image\" \/>\n<meta name=\"twitter:label1\" content=\"Est. reading time\" \/>\n\t<meta name=\"twitter:data1\" content=\"1 minute\" \/>\n<script type=\"application\/ld+json\" class=\"yoast-schema-graph\">{\"@context\":\"https:\/\/schema.org\",\"@graph\":[{\"@type\":\"WebPage\",\"@id\":\"https:\/\/l37.eu\/en\/product\/somebody-told-me-7\/\",\"url\":\"https:\/\/l37.eu\/en\/product\/somebody-told-me-7\/\",\"name\":\"SOMEBODY TOLD ME - HIGH BOOTS - claret\",\"isPartOf\":{\"@id\":\"https:\/\/l37.eu\/#website\"},\"primaryImageOfPage\":{\"@id\":\"https:\/\/l37.eu\/en\/product\/somebody-told-me-7\/#primaryimage\"},\"image\":{\"@id\":\"https:\/\/l37.eu\/en\/product\/somebody-told-me-7\/#primaryimage\"},\"thumbnailUrl\":\"https:\/\/l37.eu\/wp-content\/uploads\/2025\/09\/KOZ_SOTM_BURGCRO-1.jpg\",\"datePublished\":\"2025-09-11T12:56:27+00:00\",\"dateModified\":\"2025-12-23T17:09:18+00:00\",\"description\":\"HIGH BOOTS - SOMEBODY TOLD ME - claret od L37 - polskiej marki galanterii sk\u00f3rzanej, kt\u00f3ra \u0142\u0105czy klasyczn\u0105 estetyk\u0119 z nowoczesnym podej\u015bciem do mody.\",\"breadcrumb\":{\"@id\":\"https:\/\/l37.eu\/en\/product\/somebody-told-me-7\/#breadcrumb\"},\"inLanguage\":\"en-US\",\"potentialAction\":[{\"@type\":\"ReadAction\",\"target\":[\"https:\/\/l37.eu\/en\/product\/somebody-told-me-7\/\"]}]},{\"@type\":\"ImageObject\",\"inLanguage\":\"en-US\",\"@id\":\"https:\/\/l37.eu\/en\/product\/somebody-told-me-7\/#primaryimage\",\"url\":\"https:\/\/l37.eu\/wp-content\/uploads\/2025\/09\/KOZ_SOTM_BURGCRO-1.jpg\",\"contentUrl\":\"https:\/\/l37.eu\/wp-content\/uploads\/2025\/09\/KOZ_SOTM_BURGCRO-1.jpg\",\"width\":1875,\"height\":2500},{\"@type\":\"BreadcrumbList\",\"@id\":\"https:\/\/l37.eu\/en\/product\/somebody-told-me-7\/#breadcrumb\",\"itemListElement\":[{\"@type\":\"ListItem\",\"position\":1,\"name\":\"Home\",\"item\":\"https:\/\/l37.eu\/en\/\"},{\"@type\":\"ListItem\",\"position\":2,\"name\":\"Produkty\",\"item\":\"https:\/\/l37.eu\/shop\/\"},{\"@type\":\"ListItem\",\"position\":3,\"name\":\"SOMEBODY TOLD ME\"}]},{\"@type\":\"WebSite\",\"@id\":\"https:\/\/l37.eu\/#website\",\"url\":\"https:\/\/l37.eu\/\",\"name\":\"L37 - polska marka obuwia i torebek sk\u00f3rzanych\",\"description\":\"Discover the harmony between style and comfort in the latest collection of L37 Handmade Shoes for the spring-summer 2024 season. Inspired by nature and modern trends, this collection offers original design and exceptional comfort, emphasizing your personality in every step.\",\"publisher\":{\"@id\":\"https:\/\/l37.eu\/#organization\"},\"alternateName\":\"L37 - obuwie i galanteria sk\u00f3rzana\",\"potentialAction\":[{\"@type\":\"SearchAction\",\"target\":{\"@type\":\"EntryPoint\",\"urlTemplate\":\"https:\/\/l37.eu\/?s={search_term_string}\"},\"query-input\":{\"@type\":\"PropertyValueSpecification\",\"valueRequired\":true,\"valueName\":\"search_term_string\"}}],\"inLanguage\":\"en-US\"},{\"@type\":\"Organization\",\"@id\":\"https:\/\/l37.eu\/#organization\",\"name\":\"L37 - polska marka obuwia i torebek sk\u00f3rzanych\",\"url\":\"https:\/\/l37.eu\/\",\"logo\":{\"@type\":\"ImageObject\",\"inLanguage\":\"en-US\",\"@id\":\"https:\/\/l37.eu\/#\/schema\/logo\/image\/\",\"url\":\"\",\"contentUrl\":\"\",\"caption\":\"L37 - polska marka obuwia i torebek sk\u00f3rzanych\"},\"image\":{\"@id\":\"https:\/\/l37.eu\/#\/schema\/logo\/image\/\"},\"sameAs\":[\"https:\/\/www.facebook.com\/L37.eu\/\",\"https:\/\/www.instagram.com\/l37_official\/\"]}]}<\/script>\n<!-- \/ Yoast SEO plugin. -->","yoast_head_json":{"title":"SOMEBODY TOLD ME - HIGH BOOTS - claret","description":"HIGH BOOTS - SOMEBODY TOLD ME - claret od L37 - polskiej marki galanterii sk\u00f3rzanej, kt\u00f3ra \u0142\u0105czy klasyczn\u0105 estetyk\u0119 z nowoczesnym podej\u015bciem do mody.","robots":{"index":"index","follow":"follow","max-snippet":"max-snippet:-1","max-image-preview":"max-image-preview:large","max-video-preview":"max-video-preview:-1"},"canonical":"https:\/\/l37.eu\/en\/product\/somebody-told-me-7\/","og_locale":"en_US","og_type":"article","og_title":"SOMEBODY TOLD ME - HIGH BOOTS - claret","og_description":"HIGH BOOTS - SOMEBODY TOLD ME - claret od L37 - polskiej marki galanterii sk\u00f3rzanej, kt\u00f3ra \u0142\u0105czy klasyczn\u0105 estetyk\u0119 z nowoczesnym podej\u015bciem do mody.","og_url":"https:\/\/l37.eu\/en\/product\/somebody-told-me-7\/","og_site_name":"L37 Handmade Shoes","article_publisher":"https:\/\/www.facebook.com\/L37.eu\/","article_modified_time":"2025-12-23T17:09:18+00:00","og_image":[{"width":1875,"height":2500,"url":"https:\/\/l37.eu\/wp-content\/uploads\/2025\/09\/KOZ_SOTM_BURGCRO-1.jpg","type":"image\/jpeg"}],"twitter_card":"summary_large_image","twitter_misc":{"Est. reading time":"1 minute"},"schema":{"@context":"https:\/\/schema.org","@graph":[{"@type":"WebPage","@id":"https:\/\/l37.eu\/en\/product\/somebody-told-me-7\/","url":"https:\/\/l37.eu\/en\/product\/somebody-told-me-7\/","name":"SOMEBODY TOLD ME - HIGH BOOTS - claret","isPartOf":{"@id":"https:\/\/l37.eu\/#website"},"primaryImageOfPage":{"@id":"https:\/\/l37.eu\/en\/product\/somebody-told-me-7\/#primaryimage"},"image":{"@id":"https:\/\/l37.eu\/en\/product\/somebody-told-me-7\/#primaryimage"},"thumbnailUrl":"https:\/\/l37.eu\/wp-content\/uploads\/2025\/09\/KOZ_SOTM_BURGCRO-1.jpg","datePublished":"2025-09-11T12:56:27+00:00","dateModified":"2025-12-23T17:09:18+00:00","description":"HIGH BOOTS - SOMEBODY TOLD ME - claret od L37 - polskiej marki galanterii sk\u00f3rzanej, kt\u00f3ra \u0142\u0105czy klasyczn\u0105 estetyk\u0119 z nowoczesnym podej\u015bciem do mody.","breadcrumb":{"@id":"https:\/\/l37.eu\/en\/product\/somebody-told-me-7\/#breadcrumb"},"inLanguage":"en-US","potentialAction":[{"@type":"ReadAction","target":["https:\/\/l37.eu\/en\/product\/somebody-told-me-7\/"]}]},{"@type":"ImageObject","inLanguage":"en-US","@id":"https:\/\/l37.eu\/en\/product\/somebody-told-me-7\/#primaryimage","url":"https:\/\/l37.eu\/wp-content\/uploads\/2025\/09\/KOZ_SOTM_BURGCRO-1.jpg","contentUrl":"https:\/\/l37.eu\/wp-content\/uploads\/2025\/09\/KOZ_SOTM_BURGCRO-1.jpg","width":1875,"height":2500},{"@type":"BreadcrumbList","@id":"https:\/\/l37.eu\/en\/product\/somebody-told-me-7\/#breadcrumb","itemListElement":[{"@type":"ListItem","position":1,"name":"Home","item":"https:\/\/l37.eu\/en\/"},{"@type":"ListItem","position":2,"name":"Produkty","item":"https:\/\/l37.eu\/shop\/"},{"@type":"ListItem","position":3,"name":"SOMEBODY TOLD ME"}]},{"@type":"WebSite","@id":"https:\/\/l37.eu\/#website","url":"https:\/\/l37.eu\/","name":"L37 - polska marka obuwia i torebek sk\u00f3rzanych","description":"Discover the harmony between style and comfort in the latest collection of L37 Handmade Shoes for the spring-summer 2024 season. Inspired by nature and modern trends, this collection offers original design and exceptional comfort, emphasizing your personality in every step.","publisher":{"@id":"https:\/\/l37.eu\/#organization"},"alternateName":"L37 - obuwie i galanteria sk\u00f3rzana","potentialAction":[{"@type":"SearchAction","target":{"@type":"EntryPoint","urlTemplate":"https:\/\/l37.eu\/?s={search_term_string}"},"query-input":{"@type":"PropertyValueSpecification","valueRequired":true,"valueName":"search_term_string"}}],"inLanguage":"en-US"},{"@type":"Organization","@id":"https:\/\/l37.eu\/#organization","name":"L37 - polska marka obuwia i torebek sk\u00f3rzanych","url":"https:\/\/l37.eu\/","logo":{"@type":"ImageObject","inLanguage":"en-US","@id":"https:\/\/l37.eu\/#\/schema\/logo\/image\/","url":"","contentUrl":"","caption":"L37 - polska marka obuwia i torebek sk\u00f3rzanych"},"image":{"@id":"https:\/\/l37.eu\/#\/schema\/logo\/image\/"},"sameAs":["https:\/\/www.facebook.com\/L37.eu\/","https:\/\/www.instagram.com\/l37_official\/"]}]}},"_links":{"self":[{"href":"https:\/\/l37.eu\/en\/wp-json\/wp\/v2\/product\/250504","targetHints":{"allow":["GET"]}}],"collection":[{"href":"https:\/\/l37.eu\/en\/wp-json\/wp\/v2\/product"}],"about":[{"href":"https:\/\/l37.eu\/en\/wp-json\/wp\/v2\/types\/product"}],"replies":[{"embeddable":true,"href":"https:\/\/l37.eu\/en\/wp-json\/wp\/v2\/comments?post=250504"}],"wp:featuredmedia":[{"embeddable":true,"href":"https:\/\/l37.eu\/en\/wp-json\/wp\/v2\/media\/250491"}],"wp:attachment":[{"href":"https:\/\/l37.eu\/en\/wp-json\/wp\/v2\/media?parent=250504"}],"wp:term":[{"taxonomy":"product_brand","embeddable":true,"href":"https:\/\/l37.eu\/en\/wp-json\/wp\/v2\/product_brand?post=250504"},{"taxonomy":"product_cat","embeddable":true,"href":"https:\/\/l37.eu\/en\/wp-json\/wp\/v2\/product_cat?post=250504"},{"taxonomy":"product_tag","embeddable":true,"href":"https:\/\/l37.eu\/en\/wp-json\/wp\/v2\/product_tag?post=250504"}],"curies":[{"name":"wp","href":"https:\/\/api.w.org\/{rel}","templated":true}]}}