{"id":250482,"date":"2025-09-11T14:56:32","date_gmt":"2025-09-11T12:56:32","guid":{"rendered":"https:\/\/l37.eu\/product\/somebody-told-me-8\/"},"modified":"2026-02-05T19:06:02","modified_gmt":"2026-02-05T18:06:02","slug":"somebody-told-me-8","status":"publish","type":"product","link":"https:\/\/l37.eu\/en\/product\/somebody-told-me-8\/","title":{"rendered":"SOMEBODY TOLD ME"},"content":{"rendered":"<p>Odkryj stylow\u0105 elegancj\u0119 z kozakami SOMEBODY TOLD ME, kt\u00f3re idealnie \u0142\u0105cz\u0105 niepowtarzalny design ze znakomit\u0105 wygod\u0105. Te wyj\u0105tkowe kozaki, dost\u0119pne w rozmiarach 35-41, wykonane s\u0105 z najwy\u017cszej jako\u015bci sk\u00f3r licowej oraz naturalnej, co gwarantuje trwa\u0142o\u015b\u0107 i komfort u\u017cytkowania. G\u0142\u0119boki, niebieski kolor dodaje im wyrafinowanego charakteru, doskonale komponuj\u0105c si\u0119 z jesienno-zimowymi stylizacjami.<\/p>\n<p>Wewn\u0119trzna wy\u015bci\u00f3\u0142ka ze sk\u00f3ry naturalnej oraz polarowa podszewka zapewniaj\u0105 ciep\u0142o, niezale\u017cnie od pogody. Stabilny obcas o wysoko\u015bci 7 cm, wraz z podeszw\u0105 z wysokogatunkowego tworzywa sztucznego, oferuje doskona\u0142\u0105 przyczepno\u015b\u0107 i komfort podczas chodzenia.<\/p>\n<p>Pozw\u00f3l sobie na lekko\u015b\u0107 i swobod\u0119 w ka\u017cdych warunkach, wybieraj\u0105c kozaki SOMEBODY TOLD ME. To inwestycja w jako\u015b\u0107 i jednocze\u015bnie gwarancja zachwycaj\u0105cego wygl\u0105du. Niezale\u017cnie od okazji, te buty dodadz\u0105 Ci pewno\u015bci siebie i podkre\u015bl\u0105 Tw\u00f3j unikalny styl!<\/p>\n","protected":false},"excerpt":{"rendered":"<p>PRZYCI\u0104GAJ\u0104CE UWAG\u0118 NIEBIESKIE KOZAKI WYKONANE ZE SK\u00d3RY LICOWEJ<\/p>\n","protected":false},"featured_media":250477,"comment_status":"closed","ping_status":"closed","template":"","meta":{"_acf_changed":false},"product_brand":[],"product_cat":[2804,3027,3030],"product_tag":[],"class_list":{"0":"post-250482","1":"product","2":"type-product","3":"status-publish","4":"has-post-thumbnail","6":"product_cat-autumn-winter-2025-26","7":"product_cat-festive-shoes","8":"product_cat-winter-sale","9":"pa_f4-wysokosccholewkidlarozmiar-42-en","10":"pa_kolor-niebieski-en","11":"pa_material-skoranaturalna-en","12":"pa_material-skoralicowa-en","13":"pa_obwodcholewkidlarozmiaru37cm-39-en","14":"pa_podeszwa-high-quality-synthetic-materials","15":"pa_podszewka-fleece","16":"pa_rodzaj-kozaki-en","17":"pa_size-35-en","18":"pa_size-36-en","19":"pa_size-37-en","20":"pa_size-38-en","21":"pa_size-39-en","22":"pa_size-40-en","23":"pa_size-41-en","24":"pa_tegosc-g-en","25":"pa_wysciolka-natural-leather","26":"pa_wysokoscobcasacm-7-en","27":"miinto-order","29":"first","30":"instock","31":"shipping-taxable","32":"purchasable","33":"product-type-variable"},"acf":[],"yoast_head":"<!-- This site is optimized with the Yoast SEO plugin v27.2 - https:\/\/yoast.com\/product\/yoast-seo-wordpress\/ -->\n<title>SOMEBODY TOLD ME - HIGH BOOTS - niebieski<\/title>\n<meta name=\"description\" content=\"HIGH BOOTS - SOMEBODY TOLD ME - niebieski od L37 - polskiej marki galanterii sk\u00f3rzanej, kt\u00f3ra \u0142\u0105czy klasyczn\u0105 estetyk\u0119 z nowoczesnym podej\u015bciem do mody.\" \/>\n<meta name=\"robots\" content=\"index, follow, max-snippet:-1, max-image-preview:large, max-video-preview:-1\" \/>\n<link rel=\"canonical\" href=\"https:\/\/l37.eu\/en\/product\/somebody-told-me-8\/\" \/>\n<meta property=\"og:locale\" content=\"en_US\" \/>\n<meta property=\"og:type\" content=\"article\" \/>\n<meta property=\"og:title\" content=\"SOMEBODY TOLD ME - HIGH BOOTS - niebieski\" \/>\n<meta property=\"og:description\" content=\"HIGH BOOTS - SOMEBODY TOLD ME - niebieski od L37 - polskiej marki galanterii sk\u00f3rzanej, kt\u00f3ra \u0142\u0105czy klasyczn\u0105 estetyk\u0119 z nowoczesnym podej\u015bciem do mody.\" \/>\n<meta property=\"og:url\" content=\"https:\/\/l37.eu\/en\/product\/somebody-told-me-8\/\" \/>\n<meta property=\"og:site_name\" content=\"L37 Handmade Shoes\" \/>\n<meta property=\"article:publisher\" content=\"https:\/\/www.facebook.com\/L37.eu\/\" \/>\n<meta property=\"article:modified_time\" content=\"2026-02-05T18:06:02+00:00\" \/>\n<meta property=\"og:image\" content=\"https:\/\/l37.eu\/wp-content\/uploads\/2025\/09\/SP1-6.jpg\" \/>\n\t<meta property=\"og:image:width\" content=\"1875\" \/>\n\t<meta property=\"og:image:height\" content=\"2500\" \/>\n\t<meta property=\"og:image:type\" content=\"image\/jpeg\" \/>\n<meta name=\"twitter:card\" content=\"summary_large_image\" \/>\n<meta name=\"twitter:label1\" content=\"Est. reading time\" \/>\n\t<meta name=\"twitter:data1\" content=\"1 minute\" \/>\n<script type=\"application\/ld+json\" class=\"yoast-schema-graph\">{\"@context\":\"https:\/\/schema.org\",\"@graph\":[{\"@type\":\"WebPage\",\"@id\":\"https:\/\/l37.eu\/en\/product\/somebody-told-me-8\/\",\"url\":\"https:\/\/l37.eu\/en\/product\/somebody-told-me-8\/\",\"name\":\"SOMEBODY TOLD ME - HIGH BOOTS - niebieski\",\"isPartOf\":{\"@id\":\"https:\/\/l37.eu\/#website\"},\"primaryImageOfPage\":{\"@id\":\"https:\/\/l37.eu\/en\/product\/somebody-told-me-8\/#primaryimage\"},\"image\":{\"@id\":\"https:\/\/l37.eu\/en\/product\/somebody-told-me-8\/#primaryimage\"},\"thumbnailUrl\":\"https:\/\/l37.eu\/wp-content\/uploads\/2025\/09\/SP1-6.jpg\",\"datePublished\":\"2025-09-11T12:56:32+00:00\",\"dateModified\":\"2026-02-05T18:06:02+00:00\",\"description\":\"HIGH BOOTS - SOMEBODY TOLD ME - niebieski od L37 - polskiej marki galanterii sk\u00f3rzanej, kt\u00f3ra \u0142\u0105czy klasyczn\u0105 estetyk\u0119 z nowoczesnym podej\u015bciem do mody.\",\"breadcrumb\":{\"@id\":\"https:\/\/l37.eu\/en\/product\/somebody-told-me-8\/#breadcrumb\"},\"inLanguage\":\"en-US\",\"potentialAction\":[{\"@type\":\"ReadAction\",\"target\":[\"https:\/\/l37.eu\/en\/product\/somebody-told-me-8\/\"]}]},{\"@type\":\"ImageObject\",\"inLanguage\":\"en-US\",\"@id\":\"https:\/\/l37.eu\/en\/product\/somebody-told-me-8\/#primaryimage\",\"url\":\"https:\/\/l37.eu\/wp-content\/uploads\/2025\/09\/SP1-6.jpg\",\"contentUrl\":\"https:\/\/l37.eu\/wp-content\/uploads\/2025\/09\/SP1-6.jpg\",\"width\":1875,\"height\":2500},{\"@type\":\"BreadcrumbList\",\"@id\":\"https:\/\/l37.eu\/en\/product\/somebody-told-me-8\/#breadcrumb\",\"itemListElement\":[{\"@type\":\"ListItem\",\"position\":1,\"name\":\"Home\",\"item\":\"https:\/\/l37.eu\/en\/\"},{\"@type\":\"ListItem\",\"position\":2,\"name\":\"Produkty\",\"item\":\"https:\/\/l37.eu\/shop\/\"},{\"@type\":\"ListItem\",\"position\":3,\"name\":\"SOMEBODY TOLD ME\"}]},{\"@type\":\"WebSite\",\"@id\":\"https:\/\/l37.eu\/#website\",\"url\":\"https:\/\/l37.eu\/\",\"name\":\"L37 - polska marka obuwia i torebek sk\u00f3rzanych\",\"description\":\"Discover the harmony between style and comfort in the latest collection of L37 Handmade Shoes for the spring-summer 2024 season. Inspired by nature and modern trends, this collection offers original design and exceptional comfort, emphasizing your personality in every step.\",\"publisher\":{\"@id\":\"https:\/\/l37.eu\/#organization\"},\"alternateName\":\"L37 - obuwie i galanteria sk\u00f3rzana\",\"potentialAction\":[{\"@type\":\"SearchAction\",\"target\":{\"@type\":\"EntryPoint\",\"urlTemplate\":\"https:\/\/l37.eu\/?s={search_term_string}\"},\"query-input\":{\"@type\":\"PropertyValueSpecification\",\"valueRequired\":true,\"valueName\":\"search_term_string\"}}],\"inLanguage\":\"en-US\"},{\"@type\":\"Organization\",\"@id\":\"https:\/\/l37.eu\/#organization\",\"name\":\"L37 - polska marka obuwia i torebek sk\u00f3rzanych\",\"url\":\"https:\/\/l37.eu\/\",\"logo\":{\"@type\":\"ImageObject\",\"inLanguage\":\"en-US\",\"@id\":\"https:\/\/l37.eu\/#\/schema\/logo\/image\/\",\"url\":\"\",\"contentUrl\":\"\",\"caption\":\"L37 - polska marka obuwia i torebek sk\u00f3rzanych\"},\"image\":{\"@id\":\"https:\/\/l37.eu\/#\/schema\/logo\/image\/\"},\"sameAs\":[\"https:\/\/www.facebook.com\/L37.eu\/\",\"https:\/\/www.instagram.com\/l37_official\/\"]}]}<\/script>\n<!-- \/ Yoast SEO plugin. -->","yoast_head_json":{"title":"SOMEBODY TOLD ME - HIGH BOOTS - niebieski","description":"HIGH BOOTS - SOMEBODY TOLD ME - niebieski od L37 - polskiej marki galanterii sk\u00f3rzanej, kt\u00f3ra \u0142\u0105czy klasyczn\u0105 estetyk\u0119 z nowoczesnym podej\u015bciem do mody.","robots":{"index":"index","follow":"follow","max-snippet":"max-snippet:-1","max-image-preview":"max-image-preview:large","max-video-preview":"max-video-preview:-1"},"canonical":"https:\/\/l37.eu\/en\/product\/somebody-told-me-8\/","og_locale":"en_US","og_type":"article","og_title":"SOMEBODY TOLD ME - HIGH BOOTS - niebieski","og_description":"HIGH BOOTS - SOMEBODY TOLD ME - niebieski od L37 - polskiej marki galanterii sk\u00f3rzanej, kt\u00f3ra \u0142\u0105czy klasyczn\u0105 estetyk\u0119 z nowoczesnym podej\u015bciem do mody.","og_url":"https:\/\/l37.eu\/en\/product\/somebody-told-me-8\/","og_site_name":"L37 Handmade Shoes","article_publisher":"https:\/\/www.facebook.com\/L37.eu\/","article_modified_time":"2026-02-05T18:06:02+00:00","og_image":[{"width":1875,"height":2500,"url":"https:\/\/l37.eu\/wp-content\/uploads\/2025\/09\/SP1-6.jpg","type":"image\/jpeg"}],"twitter_card":"summary_large_image","twitter_misc":{"Est. reading time":"1 minute"},"schema":{"@context":"https:\/\/schema.org","@graph":[{"@type":"WebPage","@id":"https:\/\/l37.eu\/en\/product\/somebody-told-me-8\/","url":"https:\/\/l37.eu\/en\/product\/somebody-told-me-8\/","name":"SOMEBODY TOLD ME - HIGH BOOTS - niebieski","isPartOf":{"@id":"https:\/\/l37.eu\/#website"},"primaryImageOfPage":{"@id":"https:\/\/l37.eu\/en\/product\/somebody-told-me-8\/#primaryimage"},"image":{"@id":"https:\/\/l37.eu\/en\/product\/somebody-told-me-8\/#primaryimage"},"thumbnailUrl":"https:\/\/l37.eu\/wp-content\/uploads\/2025\/09\/SP1-6.jpg","datePublished":"2025-09-11T12:56:32+00:00","dateModified":"2026-02-05T18:06:02+00:00","description":"HIGH BOOTS - SOMEBODY TOLD ME - niebieski od L37 - polskiej marki galanterii sk\u00f3rzanej, kt\u00f3ra \u0142\u0105czy klasyczn\u0105 estetyk\u0119 z nowoczesnym podej\u015bciem do mody.","breadcrumb":{"@id":"https:\/\/l37.eu\/en\/product\/somebody-told-me-8\/#breadcrumb"},"inLanguage":"en-US","potentialAction":[{"@type":"ReadAction","target":["https:\/\/l37.eu\/en\/product\/somebody-told-me-8\/"]}]},{"@type":"ImageObject","inLanguage":"en-US","@id":"https:\/\/l37.eu\/en\/product\/somebody-told-me-8\/#primaryimage","url":"https:\/\/l37.eu\/wp-content\/uploads\/2025\/09\/SP1-6.jpg","contentUrl":"https:\/\/l37.eu\/wp-content\/uploads\/2025\/09\/SP1-6.jpg","width":1875,"height":2500},{"@type":"BreadcrumbList","@id":"https:\/\/l37.eu\/en\/product\/somebody-told-me-8\/#breadcrumb","itemListElement":[{"@type":"ListItem","position":1,"name":"Home","item":"https:\/\/l37.eu\/en\/"},{"@type":"ListItem","position":2,"name":"Produkty","item":"https:\/\/l37.eu\/shop\/"},{"@type":"ListItem","position":3,"name":"SOMEBODY TOLD ME"}]},{"@type":"WebSite","@id":"https:\/\/l37.eu\/#website","url":"https:\/\/l37.eu\/","name":"L37 - polska marka obuwia i torebek sk\u00f3rzanych","description":"Discover the harmony between style and comfort in the latest collection of L37 Handmade Shoes for the spring-summer 2024 season. Inspired by nature and modern trends, this collection offers original design and exceptional comfort, emphasizing your personality in every step.","publisher":{"@id":"https:\/\/l37.eu\/#organization"},"alternateName":"L37 - obuwie i galanteria sk\u00f3rzana","potentialAction":[{"@type":"SearchAction","target":{"@type":"EntryPoint","urlTemplate":"https:\/\/l37.eu\/?s={search_term_string}"},"query-input":{"@type":"PropertyValueSpecification","valueRequired":true,"valueName":"search_term_string"}}],"inLanguage":"en-US"},{"@type":"Organization","@id":"https:\/\/l37.eu\/#organization","name":"L37 - polska marka obuwia i torebek sk\u00f3rzanych","url":"https:\/\/l37.eu\/","logo":{"@type":"ImageObject","inLanguage":"en-US","@id":"https:\/\/l37.eu\/#\/schema\/logo\/image\/","url":"","contentUrl":"","caption":"L37 - polska marka obuwia i torebek sk\u00f3rzanych"},"image":{"@id":"https:\/\/l37.eu\/#\/schema\/logo\/image\/"},"sameAs":["https:\/\/www.facebook.com\/L37.eu\/","https:\/\/www.instagram.com\/l37_official\/"]}]}},"_links":{"self":[{"href":"https:\/\/l37.eu\/en\/wp-json\/wp\/v2\/product\/250482","targetHints":{"allow":["GET"]}}],"collection":[{"href":"https:\/\/l37.eu\/en\/wp-json\/wp\/v2\/product"}],"about":[{"href":"https:\/\/l37.eu\/en\/wp-json\/wp\/v2\/types\/product"}],"replies":[{"embeddable":true,"href":"https:\/\/l37.eu\/en\/wp-json\/wp\/v2\/comments?post=250482"}],"wp:featuredmedia":[{"embeddable":true,"href":"https:\/\/l37.eu\/en\/wp-json\/wp\/v2\/media\/250477"}],"wp:attachment":[{"href":"https:\/\/l37.eu\/en\/wp-json\/wp\/v2\/media?parent=250482"}],"wp:term":[{"taxonomy":"product_brand","embeddable":true,"href":"https:\/\/l37.eu\/en\/wp-json\/wp\/v2\/product_brand?post=250482"},{"taxonomy":"product_cat","embeddable":true,"href":"https:\/\/l37.eu\/en\/wp-json\/wp\/v2\/product_cat?post=250482"},{"taxonomy":"product_tag","embeddable":true,"href":"https:\/\/l37.eu\/en\/wp-json\/wp\/v2\/product_tag?post=250482"}],"curies":[{"name":"wp","href":"https:\/\/api.w.org\/{rel}","templated":true}]}}