{"id":250412,"date":"2025-09-11T14:56:26","date_gmt":"2025-09-11T12:56:26","guid":{"rendered":"https:\/\/l37.eu\/product\/a-lonely-place-to-be-4\/"},"modified":"2025-12-23T12:37:17","modified_gmt":"2025-12-23T11:37:17","slug":"a-lonely-place-to-be-4","status":"publish","type":"product","link":"https:\/\/l37.eu\/en\/product\/a-lonely-place-to-be-4\/","title":{"rendered":"A LONELY PLACE TO BE"},"content":{"rendered":"<p>Odkryj niezwyk\u0142y \u015bwiat komfortu i stylu z botkami &#8220;A Lonely Place to Be&#8221;. Zaprojektowane z my\u015bl\u0105 o kobietach, kt\u00f3re kochaj\u0105 \u0142\u0105czy\u0107 elegancj\u0119 z niezawodno\u015bci\u0105. Nasze botki wykonane s\u0105 z najwy\u017cszej jako\u015bci sk\u00f3ry licowej oraz naturalnej, co zapewnia niezr\u00f3wnan\u0105 trwa\u0142o\u015b\u0107 i styl. Wy\u015bci\u00f3\u0142ka z naturalnej sk\u00f3ry dba o Twoj\u0105 wygod\u0119 podczas noszenia, a polarowa podszewka gwarantuje ocieplenie w ch\u0142odne dni.<\/p>\n<p>Zachwycaj\u0105cy \u017c\u00f3\u0142ty kolor doda ka\u017cdej stylizacji unikalno\u015bci i ciep\u0142a, doskonale przykuwaj\u0105c uwag\u0119. Model ten charakteryzuje si\u0119 t\u0119go\u015bci\u0105 G, kt\u00f3ra zapewnia wygodne dopasowanie, a stabilny obcas o wysoko\u015bci 6 cm pozwala poczu\u0107 si\u0119 pewnie na ka\u017cdym kroku.<\/p>\n<p>Idealne na ka\u017cd\u0105 okazj\u0119, od o\u017cywienia codziennego stroju po wyj\u0105tkowe wyj\u015bcia. Wybierz swoje ulubione botki &#8220;A Lonely Place to Be&#8221; i ciesz si\u0119 komfortem na ka\u017cdym kroku!<\/p>\n","protected":false},"excerpt":{"rendered":"<p>UNIKATOWE \u017b\u00d3\u0141TE BOTKI ZE SK\u00d3RY NATURALNEJ<\/p>\n","protected":false},"featured_media":250407,"comment_status":"closed","ping_status":"closed","template":"","meta":{"_acf_changed":false},"product_brand":[],"product_cat":[2804,3030],"product_tag":[],"class_list":{"0":"post-250412","1":"product","2":"type-product","3":"status-publish","4":"has-post-thumbnail","6":"product_cat-autumn-winter-2025-26","7":"product_cat-winter-sale","8":"pa_f4-wysokosccholewkidlarozmiar-16-en","9":"pa_kolor-zolty-en","10":"pa_material-skoranaturalna-en","11":"pa_material-skoralicowa-en","12":"pa_obwodcholewkidlarozmiaru37cm-27-en","13":"pa_podeszwa-high-quality-synthetic-materials","14":"pa_podszewka-fleece","15":"pa_rodzaj-botki-en","16":"pa_size-35-en","17":"pa_size-36-en","18":"pa_size-37-en","19":"pa_size-38-en","20":"pa_size-39-en","21":"pa_size-40-en","22":"pa_size-41-en","23":"pa_tegosc-g-en","24":"pa_wysciolka-natural-leather","25":"pa_wysokoscobcasacm-6-en","26":"miinto-order","28":"first","29":"instock","30":"shipping-taxable","31":"purchasable","32":"product-type-variable"},"acf":[],"yoast_head":"<!-- This site is optimized with the Yoast SEO plugin v27.2 - https:\/\/yoast.com\/product\/yoast-seo-wordpress\/ -->\n<title>A LONELY PLACE TO BE - BOOTS - \u017c\u00f3\u0142ty<\/title>\n<meta name=\"description\" content=\"BOOTS - A LONELY PLACE TO BE - \u017c\u00f3\u0142ty od L37 - polskiej marki galanterii sk\u00f3rzanej, kt\u00f3ra \u0142\u0105czy klasyczn\u0105 estetyk\u0119 z nowoczesnym podej\u015bciem do mody.\" \/>\n<meta name=\"robots\" content=\"index, follow, max-snippet:-1, max-image-preview:large, max-video-preview:-1\" \/>\n<link rel=\"canonical\" href=\"https:\/\/l37.eu\/en\/product\/a-lonely-place-to-be-4\/\" \/>\n<meta property=\"og:locale\" content=\"en_US\" \/>\n<meta property=\"og:type\" content=\"article\" \/>\n<meta property=\"og:title\" content=\"A LONELY PLACE TO BE - BOOTS - \u017c\u00f3\u0142ty\" \/>\n<meta property=\"og:description\" content=\"BOOTS - A LONELY PLACE TO BE - \u017c\u00f3\u0142ty od L37 - polskiej marki galanterii sk\u00f3rzanej, kt\u00f3ra \u0142\u0105czy klasyczn\u0105 estetyk\u0119 z nowoczesnym podej\u015bciem do mody.\" \/>\n<meta property=\"og:url\" content=\"https:\/\/l37.eu\/en\/product\/a-lonely-place-to-be-4\/\" \/>\n<meta property=\"og:site_name\" content=\"L37 Handmade Shoes\" \/>\n<meta property=\"article:publisher\" content=\"https:\/\/www.facebook.com\/L37.eu\/\" \/>\n<meta property=\"article:modified_time\" content=\"2025-12-23T11:37:17+00:00\" \/>\n<meta property=\"og:image\" content=\"https:\/\/l37.eu\/wp-content\/uploads\/2025\/09\/B_ALPTB_YELLOW-5.jpg\" \/>\n\t<meta property=\"og:image:width\" content=\"1875\" \/>\n\t<meta property=\"og:image:height\" content=\"2500\" \/>\n\t<meta property=\"og:image:type\" content=\"image\/jpeg\" \/>\n<meta name=\"twitter:card\" content=\"summary_large_image\" \/>\n<meta name=\"twitter:label1\" content=\"Est. reading time\" \/>\n\t<meta name=\"twitter:data1\" content=\"1 minute\" \/>\n<script type=\"application\/ld+json\" class=\"yoast-schema-graph\">{\"@context\":\"https:\/\/schema.org\",\"@graph\":[{\"@type\":\"WebPage\",\"@id\":\"https:\/\/l37.eu\/en\/product\/a-lonely-place-to-be-4\/\",\"url\":\"https:\/\/l37.eu\/en\/product\/a-lonely-place-to-be-4\/\",\"name\":\"A LONELY PLACE TO BE - BOOTS - \u017c\u00f3\u0142ty\",\"isPartOf\":{\"@id\":\"https:\/\/l37.eu\/#website\"},\"primaryImageOfPage\":{\"@id\":\"https:\/\/l37.eu\/en\/product\/a-lonely-place-to-be-4\/#primaryimage\"},\"image\":{\"@id\":\"https:\/\/l37.eu\/en\/product\/a-lonely-place-to-be-4\/#primaryimage\"},\"thumbnailUrl\":\"https:\/\/l37.eu\/wp-content\/uploads\/2025\/09\/B_ALPTB_YELLOW-5.jpg\",\"datePublished\":\"2025-09-11T12:56:26+00:00\",\"dateModified\":\"2025-12-23T11:37:17+00:00\",\"description\":\"BOOTS - A LONELY PLACE TO BE - \u017c\u00f3\u0142ty od L37 - polskiej marki galanterii sk\u00f3rzanej, kt\u00f3ra \u0142\u0105czy klasyczn\u0105 estetyk\u0119 z nowoczesnym podej\u015bciem do mody.\",\"breadcrumb\":{\"@id\":\"https:\/\/l37.eu\/en\/product\/a-lonely-place-to-be-4\/#breadcrumb\"},\"inLanguage\":\"en-US\",\"potentialAction\":[{\"@type\":\"ReadAction\",\"target\":[\"https:\/\/l37.eu\/en\/product\/a-lonely-place-to-be-4\/\"]}]},{\"@type\":\"ImageObject\",\"inLanguage\":\"en-US\",\"@id\":\"https:\/\/l37.eu\/en\/product\/a-lonely-place-to-be-4\/#primaryimage\",\"url\":\"https:\/\/l37.eu\/wp-content\/uploads\/2025\/09\/B_ALPTB_YELLOW-5.jpg\",\"contentUrl\":\"https:\/\/l37.eu\/wp-content\/uploads\/2025\/09\/B_ALPTB_YELLOW-5.jpg\",\"width\":1875,\"height\":2500},{\"@type\":\"BreadcrumbList\",\"@id\":\"https:\/\/l37.eu\/en\/product\/a-lonely-place-to-be-4\/#breadcrumb\",\"itemListElement\":[{\"@type\":\"ListItem\",\"position\":1,\"name\":\"Home\",\"item\":\"https:\/\/l37.eu\/en\/\"},{\"@type\":\"ListItem\",\"position\":2,\"name\":\"Produkty\",\"item\":\"https:\/\/l37.eu\/shop\/\"},{\"@type\":\"ListItem\",\"position\":3,\"name\":\"A LONELY PLACE TO BE\"}]},{\"@type\":\"WebSite\",\"@id\":\"https:\/\/l37.eu\/#website\",\"url\":\"https:\/\/l37.eu\/\",\"name\":\"L37 - polska marka obuwia i torebek sk\u00f3rzanych\",\"description\":\"Discover the harmony between style and comfort in the latest collection of L37 Handmade Shoes for the spring-summer 2024 season. Inspired by nature and modern trends, this collection offers original design and exceptional comfort, emphasizing your personality in every step.\",\"publisher\":{\"@id\":\"https:\/\/l37.eu\/#organization\"},\"alternateName\":\"L37 - obuwie i galanteria sk\u00f3rzana\",\"potentialAction\":[{\"@type\":\"SearchAction\",\"target\":{\"@type\":\"EntryPoint\",\"urlTemplate\":\"https:\/\/l37.eu\/?s={search_term_string}\"},\"query-input\":{\"@type\":\"PropertyValueSpecification\",\"valueRequired\":true,\"valueName\":\"search_term_string\"}}],\"inLanguage\":\"en-US\"},{\"@type\":\"Organization\",\"@id\":\"https:\/\/l37.eu\/#organization\",\"name\":\"L37 - polska marka obuwia i torebek sk\u00f3rzanych\",\"url\":\"https:\/\/l37.eu\/\",\"logo\":{\"@type\":\"ImageObject\",\"inLanguage\":\"en-US\",\"@id\":\"https:\/\/l37.eu\/#\/schema\/logo\/image\/\",\"url\":\"\",\"contentUrl\":\"\",\"caption\":\"L37 - polska marka obuwia i torebek sk\u00f3rzanych\"},\"image\":{\"@id\":\"https:\/\/l37.eu\/#\/schema\/logo\/image\/\"},\"sameAs\":[\"https:\/\/www.facebook.com\/L37.eu\/\",\"https:\/\/www.instagram.com\/l37_official\/\"]}]}<\/script>\n<!-- \/ Yoast SEO plugin. -->","yoast_head_json":{"title":"A LONELY PLACE TO BE - BOOTS - \u017c\u00f3\u0142ty","description":"BOOTS - A LONELY PLACE TO BE - \u017c\u00f3\u0142ty od L37 - polskiej marki galanterii sk\u00f3rzanej, kt\u00f3ra \u0142\u0105czy klasyczn\u0105 estetyk\u0119 z nowoczesnym podej\u015bciem do mody.","robots":{"index":"index","follow":"follow","max-snippet":"max-snippet:-1","max-image-preview":"max-image-preview:large","max-video-preview":"max-video-preview:-1"},"canonical":"https:\/\/l37.eu\/en\/product\/a-lonely-place-to-be-4\/","og_locale":"en_US","og_type":"article","og_title":"A LONELY PLACE TO BE - BOOTS - \u017c\u00f3\u0142ty","og_description":"BOOTS - A LONELY PLACE TO BE - \u017c\u00f3\u0142ty od L37 - polskiej marki galanterii sk\u00f3rzanej, kt\u00f3ra \u0142\u0105czy klasyczn\u0105 estetyk\u0119 z nowoczesnym podej\u015bciem do mody.","og_url":"https:\/\/l37.eu\/en\/product\/a-lonely-place-to-be-4\/","og_site_name":"L37 Handmade Shoes","article_publisher":"https:\/\/www.facebook.com\/L37.eu\/","article_modified_time":"2025-12-23T11:37:17+00:00","og_image":[{"width":1875,"height":2500,"url":"https:\/\/l37.eu\/wp-content\/uploads\/2025\/09\/B_ALPTB_YELLOW-5.jpg","type":"image\/jpeg"}],"twitter_card":"summary_large_image","twitter_misc":{"Est. reading time":"1 minute"},"schema":{"@context":"https:\/\/schema.org","@graph":[{"@type":"WebPage","@id":"https:\/\/l37.eu\/en\/product\/a-lonely-place-to-be-4\/","url":"https:\/\/l37.eu\/en\/product\/a-lonely-place-to-be-4\/","name":"A LONELY PLACE TO BE - BOOTS - \u017c\u00f3\u0142ty","isPartOf":{"@id":"https:\/\/l37.eu\/#website"},"primaryImageOfPage":{"@id":"https:\/\/l37.eu\/en\/product\/a-lonely-place-to-be-4\/#primaryimage"},"image":{"@id":"https:\/\/l37.eu\/en\/product\/a-lonely-place-to-be-4\/#primaryimage"},"thumbnailUrl":"https:\/\/l37.eu\/wp-content\/uploads\/2025\/09\/B_ALPTB_YELLOW-5.jpg","datePublished":"2025-09-11T12:56:26+00:00","dateModified":"2025-12-23T11:37:17+00:00","description":"BOOTS - A LONELY PLACE TO BE - \u017c\u00f3\u0142ty od L37 - polskiej marki galanterii sk\u00f3rzanej, kt\u00f3ra \u0142\u0105czy klasyczn\u0105 estetyk\u0119 z nowoczesnym podej\u015bciem do mody.","breadcrumb":{"@id":"https:\/\/l37.eu\/en\/product\/a-lonely-place-to-be-4\/#breadcrumb"},"inLanguage":"en-US","potentialAction":[{"@type":"ReadAction","target":["https:\/\/l37.eu\/en\/product\/a-lonely-place-to-be-4\/"]}]},{"@type":"ImageObject","inLanguage":"en-US","@id":"https:\/\/l37.eu\/en\/product\/a-lonely-place-to-be-4\/#primaryimage","url":"https:\/\/l37.eu\/wp-content\/uploads\/2025\/09\/B_ALPTB_YELLOW-5.jpg","contentUrl":"https:\/\/l37.eu\/wp-content\/uploads\/2025\/09\/B_ALPTB_YELLOW-5.jpg","width":1875,"height":2500},{"@type":"BreadcrumbList","@id":"https:\/\/l37.eu\/en\/product\/a-lonely-place-to-be-4\/#breadcrumb","itemListElement":[{"@type":"ListItem","position":1,"name":"Home","item":"https:\/\/l37.eu\/en\/"},{"@type":"ListItem","position":2,"name":"Produkty","item":"https:\/\/l37.eu\/shop\/"},{"@type":"ListItem","position":3,"name":"A LONELY PLACE TO BE"}]},{"@type":"WebSite","@id":"https:\/\/l37.eu\/#website","url":"https:\/\/l37.eu\/","name":"L37 - polska marka obuwia i torebek sk\u00f3rzanych","description":"Discover the harmony between style and comfort in the latest collection of L37 Handmade Shoes for the spring-summer 2024 season. Inspired by nature and modern trends, this collection offers original design and exceptional comfort, emphasizing your personality in every step.","publisher":{"@id":"https:\/\/l37.eu\/#organization"},"alternateName":"L37 - obuwie i galanteria sk\u00f3rzana","potentialAction":[{"@type":"SearchAction","target":{"@type":"EntryPoint","urlTemplate":"https:\/\/l37.eu\/?s={search_term_string}"},"query-input":{"@type":"PropertyValueSpecification","valueRequired":true,"valueName":"search_term_string"}}],"inLanguage":"en-US"},{"@type":"Organization","@id":"https:\/\/l37.eu\/#organization","name":"L37 - polska marka obuwia i torebek sk\u00f3rzanych","url":"https:\/\/l37.eu\/","logo":{"@type":"ImageObject","inLanguage":"en-US","@id":"https:\/\/l37.eu\/#\/schema\/logo\/image\/","url":"","contentUrl":"","caption":"L37 - polska marka obuwia i torebek sk\u00f3rzanych"},"image":{"@id":"https:\/\/l37.eu\/#\/schema\/logo\/image\/"},"sameAs":["https:\/\/www.facebook.com\/L37.eu\/","https:\/\/www.instagram.com\/l37_official\/"]}]}},"_links":{"self":[{"href":"https:\/\/l37.eu\/en\/wp-json\/wp\/v2\/product\/250412","targetHints":{"allow":["GET"]}}],"collection":[{"href":"https:\/\/l37.eu\/en\/wp-json\/wp\/v2\/product"}],"about":[{"href":"https:\/\/l37.eu\/en\/wp-json\/wp\/v2\/types\/product"}],"replies":[{"embeddable":true,"href":"https:\/\/l37.eu\/en\/wp-json\/wp\/v2\/comments?post=250412"}],"wp:featuredmedia":[{"embeddable":true,"href":"https:\/\/l37.eu\/en\/wp-json\/wp\/v2\/media\/250407"}],"wp:attachment":[{"href":"https:\/\/l37.eu\/en\/wp-json\/wp\/v2\/media?parent=250412"}],"wp:term":[{"taxonomy":"product_brand","embeddable":true,"href":"https:\/\/l37.eu\/en\/wp-json\/wp\/v2\/product_brand?post=250412"},{"taxonomy":"product_cat","embeddable":true,"href":"https:\/\/l37.eu\/en\/wp-json\/wp\/v2\/product_cat?post=250412"},{"taxonomy":"product_tag","embeddable":true,"href":"https:\/\/l37.eu\/en\/wp-json\/wp\/v2\/product_tag?post=250412"}],"curies":[{"name":"wp","href":"https:\/\/api.w.org\/{rel}","templated":true}]}}