{"id":250288,"date":"2026-04-29T13:59:11","date_gmt":"2026-04-29T11:59:11","guid":{"rendered":"https:\/\/l37.eu\/product\/simple-boots-3\/"},"modified":"2026-04-29T13:59:11","modified_gmt":"2026-04-29T11:59:11","slug":"simple-boots-3","status":"publish","type":"product","link":"https:\/\/l37.eu\/en\/product\/simple-boots-3\/","title":{"rendered":"SIMPLE BOOTS"},"content":{"rendered":"<p>Idealne na ka\u017cd\u0105 okazj\u0119, nasze SIMPLE BOOTS to po\u0142\u0105czenie elegancji i wygody. Wykonane z najwy\u017cszej jako\u015bci sk\u00f3ry licowanej i naturalnej, gwarantuj\u0105 nie tylko stylowy wygl\u0105d, ale i komfort noszenia. Br\u0105zowy kolor dodaje im klasy, a uniwersalny design sprawia, \u017ce b\u0119d\u0105 idealnym uzupe\u0142nieniem ka\u017cdej garderoby.<\/p>\n<p>Design kozackowy i oficerki \u0142\u0105cz\u0105 w sobie mod\u0119 i funkcjonalno\u015b\u0107, co czyni je odpowiednimi na ka\u017cd\u0105 por\u0119 roku. Podszewka i wy\u015bci\u00f3\u0142ka z naturalnej sk\u00f3ry zapewniaj\u0105 doskona\u0142\u0105 cyrkulacj\u0119 powietrza, dzi\u0119ki czemu stopy pozostaj\u0105 \u015bwie\u017ce przez ca\u0142y dzie\u0144.<\/p>\n<p>Dzi\u0119ki obcasowi o wysoko\u015bci 2 cm, SIMPLE BOOTS oferuj\u0105 delikatne uniesienie, co zwi\u0119ksza komfort noszenia na co dzie\u0144. T\u0119go\u015b\u0107 G zapewnia wygodne dopasowanie do r\u00f3\u017cnych kszta\u0142t\u00f3w stopy. Wybierz sw\u00f3j idealny rozmiar z zakresu od 35 do 41 i ciesz si\u0119 niezr\u00f3wnanym stylem i komfortem ka\u017cdego dnia z naszymi SIMPLE BOOTS.<\/p>\n","protected":false},"excerpt":{"rendered":"<p>OFICERKI WYKONANE ZE SK\u00d3RY LICOWEJ W KOLORZE BR\u0104ZOWYM<\/p>\n","protected":false},"featured_media":250323,"comment_status":"closed","ping_status":"closed","template":"","meta":{"_acf_changed":false},"product_brand":[],"product_cat":[2330],"product_tag":[],"class_list":{"0":"post-250288","1":"product","2":"type-product","3":"status-publish","4":"has-post-thumbnail","6":"product_cat-shoes-archive-sale","7":"pa_f4-wysokosccholewkidlarozmiar-41-en","8":"pa_kolor-brown-en-2","9":"pa_material-skoranaturalna-en","10":"pa_material-skoralicowa-en","11":"pa_obwodcholewkidlarozmiaru37cm-38-en","12":"pa_podeszwa-high-quality-synthetic-materials","13":"pa_podszewka-natural-leather","14":"pa_rodzaj-kozaki-en","15":"pa_rodzaj-jackboots","16":"pa_size-35-en","17":"pa_size-36-en","18":"pa_size-37-en","19":"pa_size-38-en","20":"pa_size-39-en","21":"pa_size-40-en","22":"pa_size-41-en","23":"pa_tegosc-g-en","24":"pa_wysciolka-natural-leather","25":"pa_wysokoscobcasacm-2-en","26":"miinto-order","28":"first","29":"instock","30":"sale","31":"shipping-taxable","32":"purchasable","33":"product-type-variable"},"acf":[],"yoast_head":"<!-- This site is optimized with the Yoast SEO plugin v27.2 - https:\/\/yoast.com\/product\/yoast-seo-wordpress\/ -->\n<title>SIMPLE BOOTS - HIGH BOOTS, JACKBOOTS - brown<\/title>\n<meta name=\"description\" content=\"HIGH BOOTS, JACKBOOTS - SIMPLE BOOTS - brown od L37 - polskiej marki galanterii sk\u00f3rzanej, kt\u00f3ra \u0142\u0105czy klasyczn\u0105 estetyk\u0119 z nowoczesnym podej\u015bciem do mody.\" \/>\n<meta name=\"robots\" content=\"index, follow, max-snippet:-1, max-image-preview:large, max-video-preview:-1\" \/>\n<link rel=\"canonical\" href=\"https:\/\/l37.eu\/en\/product\/simple-boots-3\/\" \/>\n<meta property=\"og:locale\" content=\"en_US\" \/>\n<meta property=\"og:type\" content=\"article\" \/>\n<meta property=\"og:title\" content=\"SIMPLE BOOTS - HIGH BOOTS, JACKBOOTS - brown\" \/>\n<meta property=\"og:description\" content=\"HIGH BOOTS, JACKBOOTS - SIMPLE BOOTS - brown od L37 - polskiej marki galanterii sk\u00f3rzanej, kt\u00f3ra \u0142\u0105czy klasyczn\u0105 estetyk\u0119 z nowoczesnym podej\u015bciem do mody.\" \/>\n<meta property=\"og:url\" content=\"https:\/\/l37.eu\/en\/product\/simple-boots-3\/\" \/>\n<meta property=\"og:site_name\" content=\"L37 Handmade Shoes\" \/>\n<meta property=\"article:publisher\" content=\"https:\/\/www.facebook.com\/L37.eu\/\" \/>\n<meta property=\"og:image\" content=\"https:\/\/l37.eu\/wp-content\/uploads\/2025\/09\/KOZ_SBOOT_BROWN-3.jpg\" \/>\n\t<meta property=\"og:image:width\" content=\"1875\" \/>\n\t<meta property=\"og:image:height\" content=\"2500\" \/>\n\t<meta property=\"og:image:type\" content=\"image\/jpeg\" \/>\n<meta name=\"twitter:card\" content=\"summary_large_image\" \/>\n<meta name=\"twitter:label1\" content=\"Est. reading time\" \/>\n\t<meta name=\"twitter:data1\" content=\"1 minute\" \/>\n<script type=\"application\/ld+json\" class=\"yoast-schema-graph\">{\"@context\":\"https:\/\/schema.org\",\"@graph\":[{\"@type\":\"WebPage\",\"@id\":\"https:\/\/l37.eu\/en\/product\/simple-boots-3\/\",\"url\":\"https:\/\/l37.eu\/en\/product\/simple-boots-3\/\",\"name\":\"SIMPLE BOOTS - HIGH BOOTS, JACKBOOTS - brown\",\"isPartOf\":{\"@id\":\"https:\/\/l37.eu\/#website\"},\"primaryImageOfPage\":{\"@id\":\"https:\/\/l37.eu\/en\/product\/simple-boots-3\/#primaryimage\"},\"image\":{\"@id\":\"https:\/\/l37.eu\/en\/product\/simple-boots-3\/#primaryimage\"},\"thumbnailUrl\":\"https:\/\/l37.eu\/wp-content\/uploads\/2025\/09\/KOZ_SBOOT_BROWN-3.jpg\",\"datePublished\":\"2026-04-29T11:59:11+00:00\",\"description\":\"HIGH BOOTS, JACKBOOTS - SIMPLE BOOTS - brown od L37 - polskiej marki galanterii sk\u00f3rzanej, kt\u00f3ra \u0142\u0105czy klasyczn\u0105 estetyk\u0119 z nowoczesnym podej\u015bciem do mody.\",\"breadcrumb\":{\"@id\":\"https:\/\/l37.eu\/en\/product\/simple-boots-3\/#breadcrumb\"},\"inLanguage\":\"en-US\",\"potentialAction\":[{\"@type\":\"ReadAction\",\"target\":[\"https:\/\/l37.eu\/en\/product\/simple-boots-3\/\"]}]},{\"@type\":\"ImageObject\",\"inLanguage\":\"en-US\",\"@id\":\"https:\/\/l37.eu\/en\/product\/simple-boots-3\/#primaryimage\",\"url\":\"https:\/\/l37.eu\/wp-content\/uploads\/2025\/09\/KOZ_SBOOT_BROWN-3.jpg\",\"contentUrl\":\"https:\/\/l37.eu\/wp-content\/uploads\/2025\/09\/KOZ_SBOOT_BROWN-3.jpg\",\"width\":1875,\"height\":2500},{\"@type\":\"BreadcrumbList\",\"@id\":\"https:\/\/l37.eu\/en\/product\/simple-boots-3\/#breadcrumb\",\"itemListElement\":[{\"@type\":\"ListItem\",\"position\":1,\"name\":\"Home\",\"item\":\"https:\/\/l37.eu\/en\/\"},{\"@type\":\"ListItem\",\"position\":2,\"name\":\"Produkty\",\"item\":\"https:\/\/l37.eu\/shop\/\"},{\"@type\":\"ListItem\",\"position\":3,\"name\":\"SIMPLE BOOTS\"}]},{\"@type\":\"WebSite\",\"@id\":\"https:\/\/l37.eu\/#website\",\"url\":\"https:\/\/l37.eu\/\",\"name\":\"L37 - polska marka obuwia i torebek sk\u00f3rzanych\",\"description\":\"Discover the harmony between style and comfort in the latest collection of L37 Handmade Shoes for the spring-summer 2024 season. Inspired by nature and modern trends, this collection offers original design and exceptional comfort, emphasizing your personality in every step.\",\"publisher\":{\"@id\":\"https:\/\/l37.eu\/#organization\"},\"alternateName\":\"L37 - obuwie i galanteria sk\u00f3rzana\",\"potentialAction\":[{\"@type\":\"SearchAction\",\"target\":{\"@type\":\"EntryPoint\",\"urlTemplate\":\"https:\/\/l37.eu\/?s={search_term_string}\"},\"query-input\":{\"@type\":\"PropertyValueSpecification\",\"valueRequired\":true,\"valueName\":\"search_term_string\"}}],\"inLanguage\":\"en-US\"},{\"@type\":\"Organization\",\"@id\":\"https:\/\/l37.eu\/#organization\",\"name\":\"L37 - polska marka obuwia i torebek sk\u00f3rzanych\",\"url\":\"https:\/\/l37.eu\/\",\"logo\":{\"@type\":\"ImageObject\",\"inLanguage\":\"en-US\",\"@id\":\"https:\/\/l37.eu\/#\/schema\/logo\/image\/\",\"url\":\"\",\"contentUrl\":\"\",\"caption\":\"L37 - polska marka obuwia i torebek sk\u00f3rzanych\"},\"image\":{\"@id\":\"https:\/\/l37.eu\/#\/schema\/logo\/image\/\"},\"sameAs\":[\"https:\/\/www.facebook.com\/L37.eu\/\",\"https:\/\/www.instagram.com\/l37_official\/\"]}]}<\/script>\n<!-- \/ Yoast SEO plugin. -->","yoast_head_json":{"title":"SIMPLE BOOTS - HIGH BOOTS, JACKBOOTS - brown","description":"HIGH BOOTS, JACKBOOTS - SIMPLE BOOTS - brown od L37 - polskiej marki galanterii sk\u00f3rzanej, kt\u00f3ra \u0142\u0105czy klasyczn\u0105 estetyk\u0119 z nowoczesnym podej\u015bciem do mody.","robots":{"index":"index","follow":"follow","max-snippet":"max-snippet:-1","max-image-preview":"max-image-preview:large","max-video-preview":"max-video-preview:-1"},"canonical":"https:\/\/l37.eu\/en\/product\/simple-boots-3\/","og_locale":"en_US","og_type":"article","og_title":"SIMPLE BOOTS - HIGH BOOTS, JACKBOOTS - brown","og_description":"HIGH BOOTS, JACKBOOTS - SIMPLE BOOTS - brown od L37 - polskiej marki galanterii sk\u00f3rzanej, kt\u00f3ra \u0142\u0105czy klasyczn\u0105 estetyk\u0119 z nowoczesnym podej\u015bciem do mody.","og_url":"https:\/\/l37.eu\/en\/product\/simple-boots-3\/","og_site_name":"L37 Handmade Shoes","article_publisher":"https:\/\/www.facebook.com\/L37.eu\/","og_image":[{"width":1875,"height":2500,"url":"https:\/\/l37.eu\/wp-content\/uploads\/2025\/09\/KOZ_SBOOT_BROWN-3.jpg","type":"image\/jpeg"}],"twitter_card":"summary_large_image","twitter_misc":{"Est. reading time":"1 minute"},"schema":{"@context":"https:\/\/schema.org","@graph":[{"@type":"WebPage","@id":"https:\/\/l37.eu\/en\/product\/simple-boots-3\/","url":"https:\/\/l37.eu\/en\/product\/simple-boots-3\/","name":"SIMPLE BOOTS - HIGH BOOTS, JACKBOOTS - brown","isPartOf":{"@id":"https:\/\/l37.eu\/#website"},"primaryImageOfPage":{"@id":"https:\/\/l37.eu\/en\/product\/simple-boots-3\/#primaryimage"},"image":{"@id":"https:\/\/l37.eu\/en\/product\/simple-boots-3\/#primaryimage"},"thumbnailUrl":"https:\/\/l37.eu\/wp-content\/uploads\/2025\/09\/KOZ_SBOOT_BROWN-3.jpg","datePublished":"2026-04-29T11:59:11+00:00","description":"HIGH BOOTS, JACKBOOTS - SIMPLE BOOTS - brown od L37 - polskiej marki galanterii sk\u00f3rzanej, kt\u00f3ra \u0142\u0105czy klasyczn\u0105 estetyk\u0119 z nowoczesnym podej\u015bciem do mody.","breadcrumb":{"@id":"https:\/\/l37.eu\/en\/product\/simple-boots-3\/#breadcrumb"},"inLanguage":"en-US","potentialAction":[{"@type":"ReadAction","target":["https:\/\/l37.eu\/en\/product\/simple-boots-3\/"]}]},{"@type":"ImageObject","inLanguage":"en-US","@id":"https:\/\/l37.eu\/en\/product\/simple-boots-3\/#primaryimage","url":"https:\/\/l37.eu\/wp-content\/uploads\/2025\/09\/KOZ_SBOOT_BROWN-3.jpg","contentUrl":"https:\/\/l37.eu\/wp-content\/uploads\/2025\/09\/KOZ_SBOOT_BROWN-3.jpg","width":1875,"height":2500},{"@type":"BreadcrumbList","@id":"https:\/\/l37.eu\/en\/product\/simple-boots-3\/#breadcrumb","itemListElement":[{"@type":"ListItem","position":1,"name":"Home","item":"https:\/\/l37.eu\/en\/"},{"@type":"ListItem","position":2,"name":"Produkty","item":"https:\/\/l37.eu\/shop\/"},{"@type":"ListItem","position":3,"name":"SIMPLE BOOTS"}]},{"@type":"WebSite","@id":"https:\/\/l37.eu\/#website","url":"https:\/\/l37.eu\/","name":"L37 - polska marka obuwia i torebek sk\u00f3rzanych","description":"Discover the harmony between style and comfort in the latest collection of L37 Handmade Shoes for the spring-summer 2024 season. Inspired by nature and modern trends, this collection offers original design and exceptional comfort, emphasizing your personality in every step.","publisher":{"@id":"https:\/\/l37.eu\/#organization"},"alternateName":"L37 - obuwie i galanteria sk\u00f3rzana","potentialAction":[{"@type":"SearchAction","target":{"@type":"EntryPoint","urlTemplate":"https:\/\/l37.eu\/?s={search_term_string}"},"query-input":{"@type":"PropertyValueSpecification","valueRequired":true,"valueName":"search_term_string"}}],"inLanguage":"en-US"},{"@type":"Organization","@id":"https:\/\/l37.eu\/#organization","name":"L37 - polska marka obuwia i torebek sk\u00f3rzanych","url":"https:\/\/l37.eu\/","logo":{"@type":"ImageObject","inLanguage":"en-US","@id":"https:\/\/l37.eu\/#\/schema\/logo\/image\/","url":"","contentUrl":"","caption":"L37 - polska marka obuwia i torebek sk\u00f3rzanych"},"image":{"@id":"https:\/\/l37.eu\/#\/schema\/logo\/image\/"},"sameAs":["https:\/\/www.facebook.com\/L37.eu\/","https:\/\/www.instagram.com\/l37_official\/"]}]}},"_links":{"self":[{"href":"https:\/\/l37.eu\/en\/wp-json\/wp\/v2\/product\/250288","targetHints":{"allow":["GET"]}}],"collection":[{"href":"https:\/\/l37.eu\/en\/wp-json\/wp\/v2\/product"}],"about":[{"href":"https:\/\/l37.eu\/en\/wp-json\/wp\/v2\/types\/product"}],"replies":[{"embeddable":true,"href":"https:\/\/l37.eu\/en\/wp-json\/wp\/v2\/comments?post=250288"}],"wp:featuredmedia":[{"embeddable":true,"href":"https:\/\/l37.eu\/en\/wp-json\/wp\/v2\/media\/250323"}],"wp:attachment":[{"href":"https:\/\/l37.eu\/en\/wp-json\/wp\/v2\/media?parent=250288"}],"wp:term":[{"taxonomy":"product_brand","embeddable":true,"href":"https:\/\/l37.eu\/en\/wp-json\/wp\/v2\/product_brand?post=250288"},{"taxonomy":"product_cat","embeddable":true,"href":"https:\/\/l37.eu\/en\/wp-json\/wp\/v2\/product_cat?post=250288"},{"taxonomy":"product_tag","embeddable":true,"href":"https:\/\/l37.eu\/en\/wp-json\/wp\/v2\/product_tag?post=250288"}],"curies":[{"name":"wp","href":"https:\/\/api.w.org\/{rel}","templated":true}]}}