{"id":250147,"date":"2025-09-11T14:55:59","date_gmt":"2025-09-11T12:55:59","guid":{"rendered":"https:\/\/l37.eu\/product\/holly-leaves-7\/"},"modified":"2025-12-23T12:37:28","modified_gmt":"2025-12-23T11:37:28","slug":"holly-leaves-7","status":"publish","type":"product","link":"https:\/\/l37.eu\/en\/product\/holly-leaves-7\/","title":{"rendered":"HOLLY  LEAVES"},"content":{"rendered":"<p>Przenie\u015b sw\u00f3j styl na stylowy poziom dzi\u0119ki naszym botkom HOLLY LEAVES! Te eleganckie kowbojki \u0142\u0105cz\u0105 w sobie klasyk\u0119 i nowoczesno\u015b\u0107, zapewniaj\u0105c nie tylko niezwyk\u0142y komfort, ale tak\u017ce unikalny wygl\u0105d. Wykonane z najwy\u017cszej jako\u015bci sk\u00f3ry licowej oraz naturalnej, gwarantuj\u0105 wyj\u0105tkow\u0105 trwa\u0142o\u015b\u0107 i luksusowy charakter. Ich czarny kolor sprawia, \u017ce doskonale komponuj\u0105 si\u0119 z ka\u017cd\u0105 stylizacj\u0105 \u2013 od casualowych po bardziej formalne okazje.<\/p>\n<p>Zadbali\u015bmy o ka\u017cdy detal. Naturalna wy\u015bci\u00f3\u0142ka oraz podszewka s\u0105 przyjazne dla sk\u00f3ry, co sprawia, \u017ce Twoje stopy b\u0119d\u0105 komfortowo odpoczywa\u0107 podczas ka\u017cdej aktywno\u015bci. Polarowa podeszwa wraz z t\u0119go\u015bci\u0105 G oferuje \u015bwietn\u0105 stabilno\u015b\u0107 i dopasowanie, kt\u00f3re poczujesz przy ka\u017cdym kroku. Delikatny, 4-centymetrowy obcas subtelnie podkre\u015bli twoj\u0105 sylwetk\u0119, dodaj\u0105c Ci pewno\u015bci siebie.<\/p>\n<p>Pozw\u00f3l, aby botki HOLLY LEAVES sta\u0142y si\u0119 baz\u0105 Twojej garderoby na sezon! Dost\u0119pne w szerokiej gamie rozmiar\u00f3w od 35 do 41, pasuj\u0105 do ka\u017cdej kobiecej stopy. Wyr\u00f3\u017cnij si\u0119 w t\u0142umie i poczuj, jak wyj\u0105tkowym dodatkiem mog\u0105 sta\u0107 si\u0119 te buty. Idealne dla mi\u0142o\u015bniczek mody, kt\u00f3re ceni\u0105 sobie jako\u015b\u0107 i komfort na co dzie\u0144!<\/p>\n","protected":false},"excerpt":{"rendered":"<p>GUSTOWNE KOWBOJKI WYKONANE ZE SK\u00d3RY LICOWEJ<\/p>\n","protected":false},"featured_media":250146,"comment_status":"closed","ping_status":"closed","template":"","meta":{"_acf_changed":false},"product_brand":[],"product_cat":[2804,3030],"product_tag":[],"class_list":{"0":"post-250147","1":"product","2":"type-product","3":"status-publish","4":"has-post-thumbnail","6":"product_cat-autumn-winter-2025-26","7":"product_cat-winter-sale","8":"pa_f4-wysokosccholewkidlarozmiar-30-en","9":"pa_kolor-black-en-2","10":"pa_material-skoranaturalna-en","11":"pa_material-skoralicowa-en","12":"pa_obwodcholewkidlarozmiaru37cm-33-en","13":"pa_podeszwa-fleece","14":"pa_podszewka-natural-leather","15":"pa_rodzaj-botki-en","16":"pa_rodzaj-cowboy-boots","17":"pa_size-35-en","18":"pa_size-36-en","19":"pa_size-37-en","20":"pa_size-38-en","21":"pa_size-39-en","22":"pa_size-40-en","23":"pa_size-41-en","24":"pa_tegosc-g-en","25":"pa_wysciolka-natural-leather","26":"pa_wysokoscobcasacm-4-en","27":"miinto-order","29":"first","30":"instock","31":"shipping-taxable","32":"purchasable","33":"product-type-variable"},"acf":[],"yoast_head":"<!-- This site is optimized with the Yoast SEO plugin v27.2 - https:\/\/yoast.com\/product\/yoast-seo-wordpress\/ -->\n<title>HOLLY LEAVES - BOOTS, COWBOY BOOTS - black<\/title>\n<meta name=\"description\" content=\"BOOTS, COWBOY BOOTS - HOLLY LEAVES - black od L37 - polskiej marki galanterii sk\u00f3rzanej, kt\u00f3ra \u0142\u0105czy klasyczn\u0105 estetyk\u0119 z nowoczesnym podej\u015bciem do mody.\" \/>\n<meta name=\"robots\" content=\"index, follow, max-snippet:-1, max-image-preview:large, max-video-preview:-1\" \/>\n<link rel=\"canonical\" href=\"https:\/\/l37.eu\/en\/product\/holly-leaves-7\/\" \/>\n<meta property=\"og:locale\" content=\"en_US\" \/>\n<meta property=\"og:type\" content=\"article\" \/>\n<meta property=\"og:title\" content=\"HOLLY LEAVES - BOOTS, COWBOY BOOTS - black\" \/>\n<meta property=\"og:description\" content=\"BOOTS, COWBOY BOOTS - HOLLY LEAVES - black od L37 - polskiej marki galanterii sk\u00f3rzanej, kt\u00f3ra \u0142\u0105czy klasyczn\u0105 estetyk\u0119 z nowoczesnym podej\u015bciem do mody.\" \/>\n<meta property=\"og:url\" content=\"https:\/\/l37.eu\/en\/product\/holly-leaves-7\/\" \/>\n<meta property=\"og:site_name\" content=\"L37 Handmade Shoes\" \/>\n<meta property=\"article:publisher\" content=\"https:\/\/www.facebook.com\/L37.eu\/\" \/>\n<meta property=\"article:modified_time\" content=\"2025-12-23T11:37:28+00:00\" \/>\n<meta property=\"og:image\" content=\"https:\/\/l37.eu\/wp-content\/uploads\/2025\/09\/B_HL_BLACKLTH-5.jpg\" \/>\n\t<meta property=\"og:image:width\" content=\"1875\" \/>\n\t<meta property=\"og:image:height\" content=\"2500\" \/>\n\t<meta property=\"og:image:type\" content=\"image\/jpeg\" \/>\n<meta name=\"twitter:card\" content=\"summary_large_image\" \/>\n<meta name=\"twitter:label1\" content=\"Est. reading time\" \/>\n\t<meta name=\"twitter:data1\" content=\"1 minute\" \/>\n<script type=\"application\/ld+json\" class=\"yoast-schema-graph\">{\"@context\":\"https:\/\/schema.org\",\"@graph\":[{\"@type\":\"WebPage\",\"@id\":\"https:\/\/l37.eu\/en\/product\/holly-leaves-7\/\",\"url\":\"https:\/\/l37.eu\/en\/product\/holly-leaves-7\/\",\"name\":\"HOLLY LEAVES - BOOTS, COWBOY BOOTS - black\",\"isPartOf\":{\"@id\":\"https:\/\/l37.eu\/#website\"},\"primaryImageOfPage\":{\"@id\":\"https:\/\/l37.eu\/en\/product\/holly-leaves-7\/#primaryimage\"},\"image\":{\"@id\":\"https:\/\/l37.eu\/en\/product\/holly-leaves-7\/#primaryimage\"},\"thumbnailUrl\":\"https:\/\/l37.eu\/wp-content\/uploads\/2025\/09\/B_HL_BLACKLTH-5.jpg\",\"datePublished\":\"2025-09-11T12:55:59+00:00\",\"dateModified\":\"2025-12-23T11:37:28+00:00\",\"description\":\"BOOTS, COWBOY BOOTS - HOLLY LEAVES - black od L37 - polskiej marki galanterii sk\u00f3rzanej, kt\u00f3ra \u0142\u0105czy klasyczn\u0105 estetyk\u0119 z nowoczesnym podej\u015bciem do mody.\",\"breadcrumb\":{\"@id\":\"https:\/\/l37.eu\/en\/product\/holly-leaves-7\/#breadcrumb\"},\"inLanguage\":\"en-US\",\"potentialAction\":[{\"@type\":\"ReadAction\",\"target\":[\"https:\/\/l37.eu\/en\/product\/holly-leaves-7\/\"]}]},{\"@type\":\"ImageObject\",\"inLanguage\":\"en-US\",\"@id\":\"https:\/\/l37.eu\/en\/product\/holly-leaves-7\/#primaryimage\",\"url\":\"https:\/\/l37.eu\/wp-content\/uploads\/2025\/09\/B_HL_BLACKLTH-5.jpg\",\"contentUrl\":\"https:\/\/l37.eu\/wp-content\/uploads\/2025\/09\/B_HL_BLACKLTH-5.jpg\",\"width\":1875,\"height\":2500},{\"@type\":\"BreadcrumbList\",\"@id\":\"https:\/\/l37.eu\/en\/product\/holly-leaves-7\/#breadcrumb\",\"itemListElement\":[{\"@type\":\"ListItem\",\"position\":1,\"name\":\"Home\",\"item\":\"https:\/\/l37.eu\/en\/\"},{\"@type\":\"ListItem\",\"position\":2,\"name\":\"Produkty\",\"item\":\"https:\/\/l37.eu\/shop\/\"},{\"@type\":\"ListItem\",\"position\":3,\"name\":\"HOLLY LEAVES\"}]},{\"@type\":\"WebSite\",\"@id\":\"https:\/\/l37.eu\/#website\",\"url\":\"https:\/\/l37.eu\/\",\"name\":\"L37 - polska marka obuwia i torebek sk\u00f3rzanych\",\"description\":\"Discover the harmony between style and comfort in the latest collection of L37 Handmade Shoes for the spring-summer 2024 season. Inspired by nature and modern trends, this collection offers original design and exceptional comfort, emphasizing your personality in every step.\",\"publisher\":{\"@id\":\"https:\/\/l37.eu\/#organization\"},\"alternateName\":\"L37 - obuwie i galanteria sk\u00f3rzana\",\"potentialAction\":[{\"@type\":\"SearchAction\",\"target\":{\"@type\":\"EntryPoint\",\"urlTemplate\":\"https:\/\/l37.eu\/?s={search_term_string}\"},\"query-input\":{\"@type\":\"PropertyValueSpecification\",\"valueRequired\":true,\"valueName\":\"search_term_string\"}}],\"inLanguage\":\"en-US\"},{\"@type\":\"Organization\",\"@id\":\"https:\/\/l37.eu\/#organization\",\"name\":\"L37 - polska marka obuwia i torebek sk\u00f3rzanych\",\"url\":\"https:\/\/l37.eu\/\",\"logo\":{\"@type\":\"ImageObject\",\"inLanguage\":\"en-US\",\"@id\":\"https:\/\/l37.eu\/#\/schema\/logo\/image\/\",\"url\":\"\",\"contentUrl\":\"\",\"caption\":\"L37 - polska marka obuwia i torebek sk\u00f3rzanych\"},\"image\":{\"@id\":\"https:\/\/l37.eu\/#\/schema\/logo\/image\/\"},\"sameAs\":[\"https:\/\/www.facebook.com\/L37.eu\/\",\"https:\/\/www.instagram.com\/l37_official\/\"]}]}<\/script>\n<!-- \/ Yoast SEO plugin. -->","yoast_head_json":{"title":"HOLLY LEAVES - BOOTS, COWBOY BOOTS - black","description":"BOOTS, COWBOY BOOTS - HOLLY LEAVES - black od L37 - polskiej marki galanterii sk\u00f3rzanej, kt\u00f3ra \u0142\u0105czy klasyczn\u0105 estetyk\u0119 z nowoczesnym podej\u015bciem do mody.","robots":{"index":"index","follow":"follow","max-snippet":"max-snippet:-1","max-image-preview":"max-image-preview:large","max-video-preview":"max-video-preview:-1"},"canonical":"https:\/\/l37.eu\/en\/product\/holly-leaves-7\/","og_locale":"en_US","og_type":"article","og_title":"HOLLY LEAVES - BOOTS, COWBOY BOOTS - black","og_description":"BOOTS, COWBOY BOOTS - HOLLY LEAVES - black od L37 - polskiej marki galanterii sk\u00f3rzanej, kt\u00f3ra \u0142\u0105czy klasyczn\u0105 estetyk\u0119 z nowoczesnym podej\u015bciem do mody.","og_url":"https:\/\/l37.eu\/en\/product\/holly-leaves-7\/","og_site_name":"L37 Handmade Shoes","article_publisher":"https:\/\/www.facebook.com\/L37.eu\/","article_modified_time":"2025-12-23T11:37:28+00:00","og_image":[{"width":1875,"height":2500,"url":"https:\/\/l37.eu\/wp-content\/uploads\/2025\/09\/B_HL_BLACKLTH-5.jpg","type":"image\/jpeg"}],"twitter_card":"summary_large_image","twitter_misc":{"Est. reading time":"1 minute"},"schema":{"@context":"https:\/\/schema.org","@graph":[{"@type":"WebPage","@id":"https:\/\/l37.eu\/en\/product\/holly-leaves-7\/","url":"https:\/\/l37.eu\/en\/product\/holly-leaves-7\/","name":"HOLLY LEAVES - BOOTS, COWBOY BOOTS - black","isPartOf":{"@id":"https:\/\/l37.eu\/#website"},"primaryImageOfPage":{"@id":"https:\/\/l37.eu\/en\/product\/holly-leaves-7\/#primaryimage"},"image":{"@id":"https:\/\/l37.eu\/en\/product\/holly-leaves-7\/#primaryimage"},"thumbnailUrl":"https:\/\/l37.eu\/wp-content\/uploads\/2025\/09\/B_HL_BLACKLTH-5.jpg","datePublished":"2025-09-11T12:55:59+00:00","dateModified":"2025-12-23T11:37:28+00:00","description":"BOOTS, COWBOY BOOTS - HOLLY LEAVES - black od L37 - polskiej marki galanterii sk\u00f3rzanej, kt\u00f3ra \u0142\u0105czy klasyczn\u0105 estetyk\u0119 z nowoczesnym podej\u015bciem do mody.","breadcrumb":{"@id":"https:\/\/l37.eu\/en\/product\/holly-leaves-7\/#breadcrumb"},"inLanguage":"en-US","potentialAction":[{"@type":"ReadAction","target":["https:\/\/l37.eu\/en\/product\/holly-leaves-7\/"]}]},{"@type":"ImageObject","inLanguage":"en-US","@id":"https:\/\/l37.eu\/en\/product\/holly-leaves-7\/#primaryimage","url":"https:\/\/l37.eu\/wp-content\/uploads\/2025\/09\/B_HL_BLACKLTH-5.jpg","contentUrl":"https:\/\/l37.eu\/wp-content\/uploads\/2025\/09\/B_HL_BLACKLTH-5.jpg","width":1875,"height":2500},{"@type":"BreadcrumbList","@id":"https:\/\/l37.eu\/en\/product\/holly-leaves-7\/#breadcrumb","itemListElement":[{"@type":"ListItem","position":1,"name":"Home","item":"https:\/\/l37.eu\/en\/"},{"@type":"ListItem","position":2,"name":"Produkty","item":"https:\/\/l37.eu\/shop\/"},{"@type":"ListItem","position":3,"name":"HOLLY LEAVES"}]},{"@type":"WebSite","@id":"https:\/\/l37.eu\/#website","url":"https:\/\/l37.eu\/","name":"L37 - polska marka obuwia i torebek sk\u00f3rzanych","description":"Discover the harmony between style and comfort in the latest collection of L37 Handmade Shoes for the spring-summer 2024 season. Inspired by nature and modern trends, this collection offers original design and exceptional comfort, emphasizing your personality in every step.","publisher":{"@id":"https:\/\/l37.eu\/#organization"},"alternateName":"L37 - obuwie i galanteria sk\u00f3rzana","potentialAction":[{"@type":"SearchAction","target":{"@type":"EntryPoint","urlTemplate":"https:\/\/l37.eu\/?s={search_term_string}"},"query-input":{"@type":"PropertyValueSpecification","valueRequired":true,"valueName":"search_term_string"}}],"inLanguage":"en-US"},{"@type":"Organization","@id":"https:\/\/l37.eu\/#organization","name":"L37 - polska marka obuwia i torebek sk\u00f3rzanych","url":"https:\/\/l37.eu\/","logo":{"@type":"ImageObject","inLanguage":"en-US","@id":"https:\/\/l37.eu\/#\/schema\/logo\/image\/","url":"","contentUrl":"","caption":"L37 - polska marka obuwia i torebek sk\u00f3rzanych"},"image":{"@id":"https:\/\/l37.eu\/#\/schema\/logo\/image\/"},"sameAs":["https:\/\/www.facebook.com\/L37.eu\/","https:\/\/www.instagram.com\/l37_official\/"]}]}},"_links":{"self":[{"href":"https:\/\/l37.eu\/en\/wp-json\/wp\/v2\/product\/250147","targetHints":{"allow":["GET"]}}],"collection":[{"href":"https:\/\/l37.eu\/en\/wp-json\/wp\/v2\/product"}],"about":[{"href":"https:\/\/l37.eu\/en\/wp-json\/wp\/v2\/types\/product"}],"replies":[{"embeddable":true,"href":"https:\/\/l37.eu\/en\/wp-json\/wp\/v2\/comments?post=250147"}],"wp:featuredmedia":[{"embeddable":true,"href":"https:\/\/l37.eu\/en\/wp-json\/wp\/v2\/media\/250146"}],"wp:attachment":[{"href":"https:\/\/l37.eu\/en\/wp-json\/wp\/v2\/media?parent=250147"}],"wp:term":[{"taxonomy":"product_brand","embeddable":true,"href":"https:\/\/l37.eu\/en\/wp-json\/wp\/v2\/product_brand?post=250147"},{"taxonomy":"product_cat","embeddable":true,"href":"https:\/\/l37.eu\/en\/wp-json\/wp\/v2\/product_cat?post=250147"},{"taxonomy":"product_tag","embeddable":true,"href":"https:\/\/l37.eu\/en\/wp-json\/wp\/v2\/product_tag?post=250147"}],"curies":[{"name":"wp","href":"https:\/\/api.w.org\/{rel}","templated":true}]}}