{"id":248130,"date":"2025-08-29T11:24:58","date_gmt":"2025-08-29T09:24:58","guid":{"rendered":"https:\/\/l37.eu\/product\/wild-district\/"},"modified":"2026-01-26T10:53:13","modified_gmt":"2026-01-26T09:53:13","slug":"wild-district","status":"publish","type":"product","link":"https:\/\/l37.eu\/en\/product\/wild-district\/","title":{"rendered":"WILD DISTRICT"},"content":{"rendered":"<p>Odkryj niepowtarzaln\u0105 torebk\u0119 WILD DISTRICT, kt\u00f3ra stanie si\u0119 Twoim nieodzownym towarzyszem ka\u017cdego dnia! Wykonana z najwy\u017cszej jako\u015bci sk\u00f3ry licowej i naturalnej, zapewnia wyj\u0105tkow\u0105 trwa\u0142o\u015b\u0107 i luksusowy wygl\u0105d. Klasyczny czarny kolor sprawia, \u017ce torebka ta idealnie komponuje si\u0119 z ka\u017cd\u0105 stylizacj\u0105 \u2013 od casualowego looku po eleganckie wieczorowe zestawy.<\/p>\n<p>Dzi\u0119ki pojemnym wymiarom 37 cm szeroko\u015bci, 36 cm wysoko\u015bci i 13 cm g\u0142\u0119boko\u015bci, z \u0142atwo\u015bci\u0105 pomie\u015bcisz wszystkie niezb\u0119dne akcesoria, a odpowiednio dopasowane r\u0105czki o d\u0142ugo\u015bci 33 cm oraz regulowany pasek od 96 do 112 cm zapewniaj\u0105 komfortowe noszenie na r\u00f3\u017cne sposoby. Subtelne srebrne okucia dodaj\u0105 ca\u0142o\u015bci elegancji i szyku, przykuwaj\u0105c wzrok i podkre\u015blaj\u0105c unikalny charakter torebki.<\/p>\n<p>Wybierz WILD DISTRICT \u2013 torebk\u0119, kt\u00f3rej jako\u015b\u0107 i styl zadowol\u0105 nawet najbardziej wymagaj\u0105c\u0105 kobiet\u0119. Idealna na prezent lub dla Ciebie samej, by cieszy\u0107 si\u0119 codzienn\u0105 elegancj\u0105 ka\u017cdego dnia.<\/p>\n","protected":false},"excerpt":{"rendered":"<p>ELEGANCKA TORBA W KOLORZE CZARNYM WYKONANA ZE SK\u00d3RY LICOWEJ<\/p>\n","protected":false},"featured_media":249413,"comment_status":"closed","ping_status":"closed","template":"","meta":{"_acf_changed":false},"product_brand":[],"product_cat":[52],"product_tag":[],"class_list":{"0":"post-248130","1":"product","2":"type-product","3":"status-publish","4":"has-post-thumbnail","6":"product_cat-bags-en","7":"pa_glebokosc-13cm-en","8":"pa_kolor-black-en-2","9":"pa_material-skoranaturalna-en","10":"pa_material-skoralicowa-en","11":"pa_okucia-srebro-en","12":"pa_pasek-96-112-cm-en","13":"pa_raczka-33-cm-en","14":"pa_rodzaj-bag","15":"pa_szerokosc-37cm-en","16":"pa_wysokosc-36-cm-en","17":"miinto-order","19":"first","20":"instock","21":"shipping-taxable","22":"purchasable","23":"product-type-simple"},"acf":[],"yoast_head":"<!-- This site is optimized with the Yoast SEO plugin v27.2 - https:\/\/yoast.com\/product\/yoast-seo-wordpress\/ -->\n<title>WILD DISTRICT - BAG - black<\/title>\n<meta name=\"description\" content=\"BAG - WILD DISTRICT - black od L37 - polskiej marki galanterii sk\u00f3rzanej, kt\u00f3ra \u0142\u0105czy klasyczn\u0105 estetyk\u0119 z nowoczesnym podej\u015bciem do mody.\" \/>\n<meta name=\"robots\" content=\"index, follow, max-snippet:-1, max-image-preview:large, max-video-preview:-1\" \/>\n<link rel=\"canonical\" href=\"https:\/\/l37.eu\/en\/product\/wild-district\/\" \/>\n<meta property=\"og:locale\" content=\"en_US\" \/>\n<meta property=\"og:type\" content=\"article\" \/>\n<meta property=\"og:title\" content=\"WILD DISTRICT - BAG - black\" \/>\n<meta property=\"og:description\" content=\"BAG - WILD DISTRICT - black od L37 - polskiej marki galanterii sk\u00f3rzanej, kt\u00f3ra \u0142\u0105czy klasyczn\u0105 estetyk\u0119 z nowoczesnym podej\u015bciem do mody.\" \/>\n<meta property=\"og:url\" content=\"https:\/\/l37.eu\/en\/product\/wild-district\/\" \/>\n<meta property=\"og:site_name\" content=\"L37 Handmade Shoes\" \/>\n<meta property=\"article:publisher\" content=\"https:\/\/www.facebook.com\/L37.eu\/\" \/>\n<meta property=\"article:modified_time\" content=\"2026-01-26T09:53:13+00:00\" \/>\n<meta property=\"og:image\" content=\"https:\/\/l37.eu\/wp-content\/uploads\/2025\/08\/T_WIDI_BLKCRO-1.jpg\" \/>\n\t<meta property=\"og:image:width\" content=\"1875\" \/>\n\t<meta property=\"og:image:height\" content=\"2500\" \/>\n\t<meta property=\"og:image:type\" content=\"image\/jpeg\" \/>\n<meta name=\"twitter:card\" content=\"summary_large_image\" \/>\n<meta name=\"twitter:label1\" content=\"Est. reading time\" \/>\n\t<meta name=\"twitter:data1\" content=\"1 minute\" \/>\n<script type=\"application\/ld+json\" class=\"yoast-schema-graph\">{\"@context\":\"https:\/\/schema.org\",\"@graph\":[{\"@type\":\"WebPage\",\"@id\":\"https:\/\/l37.eu\/en\/product\/wild-district\/\",\"url\":\"https:\/\/l37.eu\/en\/product\/wild-district\/\",\"name\":\"WILD DISTRICT - BAG - black\",\"isPartOf\":{\"@id\":\"https:\/\/l37.eu\/#website\"},\"primaryImageOfPage\":{\"@id\":\"https:\/\/l37.eu\/en\/product\/wild-district\/#primaryimage\"},\"image\":{\"@id\":\"https:\/\/l37.eu\/en\/product\/wild-district\/#primaryimage\"},\"thumbnailUrl\":\"https:\/\/l37.eu\/wp-content\/uploads\/2025\/08\/T_WIDI_BLKCRO-1.jpg\",\"datePublished\":\"2025-08-29T09:24:58+00:00\",\"dateModified\":\"2026-01-26T09:53:13+00:00\",\"description\":\"BAG - WILD DISTRICT - black od L37 - polskiej marki galanterii sk\u00f3rzanej, kt\u00f3ra \u0142\u0105czy klasyczn\u0105 estetyk\u0119 z nowoczesnym podej\u015bciem do mody.\",\"breadcrumb\":{\"@id\":\"https:\/\/l37.eu\/en\/product\/wild-district\/#breadcrumb\"},\"inLanguage\":\"en-US\",\"potentialAction\":[{\"@type\":\"ReadAction\",\"target\":[\"https:\/\/l37.eu\/en\/product\/wild-district\/\"]}]},{\"@type\":\"ImageObject\",\"inLanguage\":\"en-US\",\"@id\":\"https:\/\/l37.eu\/en\/product\/wild-district\/#primaryimage\",\"url\":\"https:\/\/l37.eu\/wp-content\/uploads\/2025\/08\/T_WIDI_BLKCRO-1.jpg\",\"contentUrl\":\"https:\/\/l37.eu\/wp-content\/uploads\/2025\/08\/T_WIDI_BLKCRO-1.jpg\",\"width\":1875,\"height\":2500},{\"@type\":\"BreadcrumbList\",\"@id\":\"https:\/\/l37.eu\/en\/product\/wild-district\/#breadcrumb\",\"itemListElement\":[{\"@type\":\"ListItem\",\"position\":1,\"name\":\"Home\",\"item\":\"https:\/\/l37.eu\/en\/\"},{\"@type\":\"ListItem\",\"position\":2,\"name\":\"Produkty\",\"item\":\"https:\/\/l37.eu\/shop\/\"},{\"@type\":\"ListItem\",\"position\":3,\"name\":\"WILD DISTRICT\"}]},{\"@type\":\"WebSite\",\"@id\":\"https:\/\/l37.eu\/#website\",\"url\":\"https:\/\/l37.eu\/\",\"name\":\"L37 - polska marka obuwia i torebek sk\u00f3rzanych\",\"description\":\"Discover the harmony between style and comfort in the latest collection of L37 Handmade Shoes for the spring-summer 2024 season. Inspired by nature and modern trends, this collection offers original design and exceptional comfort, emphasizing your personality in every step.\",\"publisher\":{\"@id\":\"https:\/\/l37.eu\/#organization\"},\"alternateName\":\"L37 - obuwie i galanteria sk\u00f3rzana\",\"potentialAction\":[{\"@type\":\"SearchAction\",\"target\":{\"@type\":\"EntryPoint\",\"urlTemplate\":\"https:\/\/l37.eu\/?s={search_term_string}\"},\"query-input\":{\"@type\":\"PropertyValueSpecification\",\"valueRequired\":true,\"valueName\":\"search_term_string\"}}],\"inLanguage\":\"en-US\"},{\"@type\":\"Organization\",\"@id\":\"https:\/\/l37.eu\/#organization\",\"name\":\"L37 - polska marka obuwia i torebek sk\u00f3rzanych\",\"url\":\"https:\/\/l37.eu\/\",\"logo\":{\"@type\":\"ImageObject\",\"inLanguage\":\"en-US\",\"@id\":\"https:\/\/l37.eu\/#\/schema\/logo\/image\/\",\"url\":\"\",\"contentUrl\":\"\",\"caption\":\"L37 - polska marka obuwia i torebek sk\u00f3rzanych\"},\"image\":{\"@id\":\"https:\/\/l37.eu\/#\/schema\/logo\/image\/\"},\"sameAs\":[\"https:\/\/www.facebook.com\/L37.eu\/\",\"https:\/\/www.instagram.com\/l37_official\/\"]}]}<\/script>\n<!-- \/ Yoast SEO plugin. -->","yoast_head_json":{"title":"WILD DISTRICT - BAG - black","description":"BAG - WILD DISTRICT - black od L37 - polskiej marki galanterii sk\u00f3rzanej, kt\u00f3ra \u0142\u0105czy klasyczn\u0105 estetyk\u0119 z nowoczesnym podej\u015bciem do mody.","robots":{"index":"index","follow":"follow","max-snippet":"max-snippet:-1","max-image-preview":"max-image-preview:large","max-video-preview":"max-video-preview:-1"},"canonical":"https:\/\/l37.eu\/en\/product\/wild-district\/","og_locale":"en_US","og_type":"article","og_title":"WILD DISTRICT - BAG - black","og_description":"BAG - WILD DISTRICT - black od L37 - polskiej marki galanterii sk\u00f3rzanej, kt\u00f3ra \u0142\u0105czy klasyczn\u0105 estetyk\u0119 z nowoczesnym podej\u015bciem do mody.","og_url":"https:\/\/l37.eu\/en\/product\/wild-district\/","og_site_name":"L37 Handmade Shoes","article_publisher":"https:\/\/www.facebook.com\/L37.eu\/","article_modified_time":"2026-01-26T09:53:13+00:00","og_image":[{"width":1875,"height":2500,"url":"https:\/\/l37.eu\/wp-content\/uploads\/2025\/08\/T_WIDI_BLKCRO-1.jpg","type":"image\/jpeg"}],"twitter_card":"summary_large_image","twitter_misc":{"Est. reading time":"1 minute"},"schema":{"@context":"https:\/\/schema.org","@graph":[{"@type":"WebPage","@id":"https:\/\/l37.eu\/en\/product\/wild-district\/","url":"https:\/\/l37.eu\/en\/product\/wild-district\/","name":"WILD DISTRICT - BAG - black","isPartOf":{"@id":"https:\/\/l37.eu\/#website"},"primaryImageOfPage":{"@id":"https:\/\/l37.eu\/en\/product\/wild-district\/#primaryimage"},"image":{"@id":"https:\/\/l37.eu\/en\/product\/wild-district\/#primaryimage"},"thumbnailUrl":"https:\/\/l37.eu\/wp-content\/uploads\/2025\/08\/T_WIDI_BLKCRO-1.jpg","datePublished":"2025-08-29T09:24:58+00:00","dateModified":"2026-01-26T09:53:13+00:00","description":"BAG - WILD DISTRICT - black od L37 - polskiej marki galanterii sk\u00f3rzanej, kt\u00f3ra \u0142\u0105czy klasyczn\u0105 estetyk\u0119 z nowoczesnym podej\u015bciem do mody.","breadcrumb":{"@id":"https:\/\/l37.eu\/en\/product\/wild-district\/#breadcrumb"},"inLanguage":"en-US","potentialAction":[{"@type":"ReadAction","target":["https:\/\/l37.eu\/en\/product\/wild-district\/"]}]},{"@type":"ImageObject","inLanguage":"en-US","@id":"https:\/\/l37.eu\/en\/product\/wild-district\/#primaryimage","url":"https:\/\/l37.eu\/wp-content\/uploads\/2025\/08\/T_WIDI_BLKCRO-1.jpg","contentUrl":"https:\/\/l37.eu\/wp-content\/uploads\/2025\/08\/T_WIDI_BLKCRO-1.jpg","width":1875,"height":2500},{"@type":"BreadcrumbList","@id":"https:\/\/l37.eu\/en\/product\/wild-district\/#breadcrumb","itemListElement":[{"@type":"ListItem","position":1,"name":"Home","item":"https:\/\/l37.eu\/en\/"},{"@type":"ListItem","position":2,"name":"Produkty","item":"https:\/\/l37.eu\/shop\/"},{"@type":"ListItem","position":3,"name":"WILD DISTRICT"}]},{"@type":"WebSite","@id":"https:\/\/l37.eu\/#website","url":"https:\/\/l37.eu\/","name":"L37 - polska marka obuwia i torebek sk\u00f3rzanych","description":"Discover the harmony between style and comfort in the latest collection of L37 Handmade Shoes for the spring-summer 2024 season. Inspired by nature and modern trends, this collection offers original design and exceptional comfort, emphasizing your personality in every step.","publisher":{"@id":"https:\/\/l37.eu\/#organization"},"alternateName":"L37 - obuwie i galanteria sk\u00f3rzana","potentialAction":[{"@type":"SearchAction","target":{"@type":"EntryPoint","urlTemplate":"https:\/\/l37.eu\/?s={search_term_string}"},"query-input":{"@type":"PropertyValueSpecification","valueRequired":true,"valueName":"search_term_string"}}],"inLanguage":"en-US"},{"@type":"Organization","@id":"https:\/\/l37.eu\/#organization","name":"L37 - polska marka obuwia i torebek sk\u00f3rzanych","url":"https:\/\/l37.eu\/","logo":{"@type":"ImageObject","inLanguage":"en-US","@id":"https:\/\/l37.eu\/#\/schema\/logo\/image\/","url":"","contentUrl":"","caption":"L37 - polska marka obuwia i torebek sk\u00f3rzanych"},"image":{"@id":"https:\/\/l37.eu\/#\/schema\/logo\/image\/"},"sameAs":["https:\/\/www.facebook.com\/L37.eu\/","https:\/\/www.instagram.com\/l37_official\/"]}]}},"_links":{"self":[{"href":"https:\/\/l37.eu\/en\/wp-json\/wp\/v2\/product\/248130","targetHints":{"allow":["GET"]}}],"collection":[{"href":"https:\/\/l37.eu\/en\/wp-json\/wp\/v2\/product"}],"about":[{"href":"https:\/\/l37.eu\/en\/wp-json\/wp\/v2\/types\/product"}],"replies":[{"embeddable":true,"href":"https:\/\/l37.eu\/en\/wp-json\/wp\/v2\/comments?post=248130"}],"wp:featuredmedia":[{"embeddable":true,"href":"https:\/\/l37.eu\/en\/wp-json\/wp\/v2\/media\/249413"}],"wp:attachment":[{"href":"https:\/\/l37.eu\/en\/wp-json\/wp\/v2\/media?parent=248130"}],"wp:term":[{"taxonomy":"product_brand","embeddable":true,"href":"https:\/\/l37.eu\/en\/wp-json\/wp\/v2\/product_brand?post=248130"},{"taxonomy":"product_cat","embeddable":true,"href":"https:\/\/l37.eu\/en\/wp-json\/wp\/v2\/product_cat?post=248130"},{"taxonomy":"product_tag","embeddable":true,"href":"https:\/\/l37.eu\/en\/wp-json\/wp\/v2\/product_tag?post=248130"}],"curies":[{"name":"wp","href":"https:\/\/api.w.org\/{rel}","templated":true}]}}