{"id":247726,"date":"2025-08-28T16:44:12","date_gmt":"2025-08-28T14:44:12","guid":{"rendered":"https:\/\/l37.eu\/product\/lets-get-lost\/"},"modified":"2025-10-28T16:14:51","modified_gmt":"2025-10-28T15:14:51","slug":"lets-get-lost","status":"publish","type":"product","link":"https:\/\/l37.eu\/en\/product\/lets-get-lost\/","title":{"rendered":"LET&#8217;S GET LOST"},"content":{"rendered":"<p>Poznaj model LET&#8217;S GET LOST &#8211; idealne obuwie, kt\u00f3re sprawi, \u017ce poczujesz si\u0119 wyj\u0105tkowo na co dzie\u0144 i podczas specjalnych okazji. Te stylowe kowbojki i kozaki wykonane s\u0105 z najwy\u017cszej jako\u015bci naturalnej sk\u00f3ry i zamszu, zapewniaj\u0105c nie tylko niesamowity wygl\u0105d, ale tak\u017ce trwa\u0142o\u015b\u0107 i komfort noszenia. W ich wn\u0119trzu znajdziesz mi\u0119kk\u0105, naturaln\u0105 sk\u00f3rzan\u0105 wy\u015bci\u00f3\u0142k\u0119, dzi\u0119ki kt\u00f3rej ka\u017cdy krok b\u0119dzie czyst\u0105 przyjemno\u015bci\u0105.<\/p>\n<p>Dost\u0119pne w klasycznym br\u0105zowym kolorze, doskonale wpisuj\u0105 si\u0119 w aktualne trendy modowe, dodaj\u0105c charakteru ka\u017cdej stylizacji. Solidna podeszwa z wysokogatunkowego tworzywa sztucznego zapewnia stabilno\u015b\u0107 i bezpiecze\u0144stwo nawet na najbardziej wymagaj\u0105cych nawierzchniach.<\/p>\n<p>Obcas o wysoko\u015bci 4 cm to idealne po\u0142\u0105czenie wygody i kobieco\u015bci, a cholewka o wysoko\u015bci 40 cm i obwodzie 39 cm (dla rozmiaru 37) doskonale dopasowuje si\u0119 do kszta\u0142tu nogi. T\u0119go\u015b\u0107 G gwarantuje, \u017ce buty b\u0119d\u0105 pasowa\u0107 na wi\u0119kszo\u015b\u0107 sylwetek.<\/p>\n<p>Zakochaj si\u0119 w unikalnym designie i funkcjonalno\u015bci modelu LET&#8217;S GET LOST \u2013 doskonal\u0105cych ka\u017cd\u0105 modn\u0105 garderob\u0119. Sprawd\u017a, dlaczego s\u0105 wyborem tylu zadowolonych klientek!<\/p>\n","protected":false},"excerpt":{"rendered":"<p>BR\u0104ZOWE KOWBOJKI Z ZAMSZU,KOMFORTOWE I PE\u0141NE BOHO CHARAKTERU<\/p>\n","protected":false},"featured_media":247715,"comment_status":"closed","ping_status":"closed","template":"","meta":{"_acf_changed":false},"product_brand":[],"product_cat":[2804],"product_tag":[],"class_list":{"0":"post-247726","1":"product","2":"type-product","3":"status-publish","4":"has-post-thumbnail","6":"product_cat-autumn-winter-2025-26","7":"pa_f4-wysokosccholewkidlarozmiar-40-en","8":"pa_kolor-brown-en-2","9":"pa_material-skoranaturalna-en","10":"pa_material-zamsz-en","11":"pa_obwodcholewkidlarozmiaru37cm-39-en","12":"pa_podeszwa-high-quality-synthetic-materials","13":"pa_podszewka-natural-leather","14":"pa_rodzaj-cowboy-boots","15":"pa_rodzaj-kozaki-en","16":"pa_size-35-en","17":"pa_size-36-en","18":"pa_size-37-en","19":"pa_size-38-en","20":"pa_size-39-en","21":"pa_size-40-en","22":"pa_size-41-en","23":"pa_tegosc-g-en","24":"pa_wysciolka-natural-leather","25":"pa_wysokoscobcasacm-4-en","26":"miinto-order","28":"first","29":"instock","30":"shipping-taxable","31":"purchasable","32":"product-type-variable"},"acf":[],"yoast_head":"<!-- This site is optimized with the Yoast SEO plugin v27.2 - https:\/\/yoast.com\/product\/yoast-seo-wordpress\/ -->\n<title>LET&#039;S GET LOST - COWBOY BOOTS, HIGH BOOTS - brown<\/title>\n<meta name=\"description\" content=\"COWBOY BOOTS, HIGH BOOTS - LET&#039;S GET LOST - brown od L37 - polskiej marki galanterii sk\u00f3rzanej, kt\u00f3ra \u0142\u0105czy klasyczn\u0105 estetyk\u0119 z nowoczesnym podej\u015bciem do mody.\" \/>\n<meta name=\"robots\" content=\"index, follow, max-snippet:-1, max-image-preview:large, max-video-preview:-1\" \/>\n<link rel=\"canonical\" href=\"https:\/\/l37.eu\/en\/product\/lets-get-lost\/\" \/>\n<meta property=\"og:locale\" content=\"en_US\" \/>\n<meta property=\"og:type\" content=\"article\" \/>\n<meta property=\"og:title\" content=\"LET&#039;S GET LOST - COWBOY BOOTS, HIGH BOOTS - brown\" \/>\n<meta property=\"og:description\" content=\"COWBOY BOOTS, HIGH BOOTS - LET&#039;S GET LOST - brown od L37 - polskiej marki galanterii sk\u00f3rzanej, kt\u00f3ra \u0142\u0105czy klasyczn\u0105 estetyk\u0119 z nowoczesnym podej\u015bciem do mody.\" \/>\n<meta property=\"og:url\" content=\"https:\/\/l37.eu\/en\/product\/lets-get-lost\/\" \/>\n<meta property=\"og:site_name\" content=\"L37 Handmade Shoes\" \/>\n<meta property=\"article:publisher\" content=\"https:\/\/www.facebook.com\/L37.eu\/\" \/>\n<meta property=\"article:modified_time\" content=\"2025-10-28T15:14:51+00:00\" \/>\n<meta property=\"og:image\" content=\"https:\/\/l37.eu\/wp-content\/uploads\/2025\/08\/KOZ_LGL_BROWN-2.jpg\" \/>\n\t<meta property=\"og:image:width\" content=\"1875\" \/>\n\t<meta property=\"og:image:height\" content=\"2500\" \/>\n\t<meta property=\"og:image:type\" content=\"image\/jpeg\" \/>\n<meta name=\"twitter:card\" content=\"summary_large_image\" \/>\n<meta name=\"twitter:label1\" content=\"Est. reading time\" \/>\n\t<meta name=\"twitter:data1\" content=\"1 minute\" \/>\n<script type=\"application\/ld+json\" class=\"yoast-schema-graph\">{\"@context\":\"https:\/\/schema.org\",\"@graph\":[{\"@type\":\"WebPage\",\"@id\":\"https:\/\/l37.eu\/en\/product\/lets-get-lost\/\",\"url\":\"https:\/\/l37.eu\/en\/product\/lets-get-lost\/\",\"name\":\"LET'S GET LOST - COWBOY BOOTS, HIGH BOOTS - brown\",\"isPartOf\":{\"@id\":\"https:\/\/l37.eu\/#website\"},\"primaryImageOfPage\":{\"@id\":\"https:\/\/l37.eu\/en\/product\/lets-get-lost\/#primaryimage\"},\"image\":{\"@id\":\"https:\/\/l37.eu\/en\/product\/lets-get-lost\/#primaryimage\"},\"thumbnailUrl\":\"https:\/\/l37.eu\/wp-content\/uploads\/2025\/08\/KOZ_LGL_BROWN-2.jpg\",\"datePublished\":\"2025-08-28T14:44:12+00:00\",\"dateModified\":\"2025-10-28T15:14:51+00:00\",\"description\":\"COWBOY BOOTS, HIGH BOOTS - LET'S GET LOST - brown od L37 - polskiej marki galanterii sk\u00f3rzanej, kt\u00f3ra \u0142\u0105czy klasyczn\u0105 estetyk\u0119 z nowoczesnym podej\u015bciem do mody.\",\"breadcrumb\":{\"@id\":\"https:\/\/l37.eu\/en\/product\/lets-get-lost\/#breadcrumb\"},\"inLanguage\":\"en-US\",\"potentialAction\":[{\"@type\":\"ReadAction\",\"target\":[\"https:\/\/l37.eu\/en\/product\/lets-get-lost\/\"]}]},{\"@type\":\"ImageObject\",\"inLanguage\":\"en-US\",\"@id\":\"https:\/\/l37.eu\/en\/product\/lets-get-lost\/#primaryimage\",\"url\":\"https:\/\/l37.eu\/wp-content\/uploads\/2025\/08\/KOZ_LGL_BROWN-2.jpg\",\"contentUrl\":\"https:\/\/l37.eu\/wp-content\/uploads\/2025\/08\/KOZ_LGL_BROWN-2.jpg\",\"width\":1875,\"height\":2500},{\"@type\":\"BreadcrumbList\",\"@id\":\"https:\/\/l37.eu\/en\/product\/lets-get-lost\/#breadcrumb\",\"itemListElement\":[{\"@type\":\"ListItem\",\"position\":1,\"name\":\"Home\",\"item\":\"https:\/\/l37.eu\/en\/\"},{\"@type\":\"ListItem\",\"position\":2,\"name\":\"Produkty\",\"item\":\"https:\/\/l37.eu\/shop\/\"},{\"@type\":\"ListItem\",\"position\":3,\"name\":\"LET&#8217;S GET LOST\"}]},{\"@type\":\"WebSite\",\"@id\":\"https:\/\/l37.eu\/#website\",\"url\":\"https:\/\/l37.eu\/\",\"name\":\"L37 - polska marka obuwia i torebek sk\u00f3rzanych\",\"description\":\"Discover the harmony between style and comfort in the latest collection of L37 Handmade Shoes for the spring-summer 2024 season. Inspired by nature and modern trends, this collection offers original design and exceptional comfort, emphasizing your personality in every step.\",\"publisher\":{\"@id\":\"https:\/\/l37.eu\/#organization\"},\"alternateName\":\"L37 - obuwie i galanteria sk\u00f3rzana\",\"potentialAction\":[{\"@type\":\"SearchAction\",\"target\":{\"@type\":\"EntryPoint\",\"urlTemplate\":\"https:\/\/l37.eu\/?s={search_term_string}\"},\"query-input\":{\"@type\":\"PropertyValueSpecification\",\"valueRequired\":true,\"valueName\":\"search_term_string\"}}],\"inLanguage\":\"en-US\"},{\"@type\":\"Organization\",\"@id\":\"https:\/\/l37.eu\/#organization\",\"name\":\"L37 - polska marka obuwia i torebek sk\u00f3rzanych\",\"url\":\"https:\/\/l37.eu\/\",\"logo\":{\"@type\":\"ImageObject\",\"inLanguage\":\"en-US\",\"@id\":\"https:\/\/l37.eu\/#\/schema\/logo\/image\/\",\"url\":\"\",\"contentUrl\":\"\",\"caption\":\"L37 - polska marka obuwia i torebek sk\u00f3rzanych\"},\"image\":{\"@id\":\"https:\/\/l37.eu\/#\/schema\/logo\/image\/\"},\"sameAs\":[\"https:\/\/www.facebook.com\/L37.eu\/\",\"https:\/\/www.instagram.com\/l37_official\/\"]}]}<\/script>\n<!-- \/ Yoast SEO plugin. -->","yoast_head_json":{"title":"LET'S GET LOST - COWBOY BOOTS, HIGH BOOTS - brown","description":"COWBOY BOOTS, HIGH BOOTS - LET'S GET LOST - brown od L37 - polskiej marki galanterii sk\u00f3rzanej, kt\u00f3ra \u0142\u0105czy klasyczn\u0105 estetyk\u0119 z nowoczesnym podej\u015bciem do mody.","robots":{"index":"index","follow":"follow","max-snippet":"max-snippet:-1","max-image-preview":"max-image-preview:large","max-video-preview":"max-video-preview:-1"},"canonical":"https:\/\/l37.eu\/en\/product\/lets-get-lost\/","og_locale":"en_US","og_type":"article","og_title":"LET'S GET LOST - COWBOY BOOTS, HIGH BOOTS - brown","og_description":"COWBOY BOOTS, HIGH BOOTS - LET'S GET LOST - brown od L37 - polskiej marki galanterii sk\u00f3rzanej, kt\u00f3ra \u0142\u0105czy klasyczn\u0105 estetyk\u0119 z nowoczesnym podej\u015bciem do mody.","og_url":"https:\/\/l37.eu\/en\/product\/lets-get-lost\/","og_site_name":"L37 Handmade Shoes","article_publisher":"https:\/\/www.facebook.com\/L37.eu\/","article_modified_time":"2025-10-28T15:14:51+00:00","og_image":[{"width":1875,"height":2500,"url":"https:\/\/l37.eu\/wp-content\/uploads\/2025\/08\/KOZ_LGL_BROWN-2.jpg","type":"image\/jpeg"}],"twitter_card":"summary_large_image","twitter_misc":{"Est. reading time":"1 minute"},"schema":{"@context":"https:\/\/schema.org","@graph":[{"@type":"WebPage","@id":"https:\/\/l37.eu\/en\/product\/lets-get-lost\/","url":"https:\/\/l37.eu\/en\/product\/lets-get-lost\/","name":"LET'S GET LOST - COWBOY BOOTS, HIGH BOOTS - brown","isPartOf":{"@id":"https:\/\/l37.eu\/#website"},"primaryImageOfPage":{"@id":"https:\/\/l37.eu\/en\/product\/lets-get-lost\/#primaryimage"},"image":{"@id":"https:\/\/l37.eu\/en\/product\/lets-get-lost\/#primaryimage"},"thumbnailUrl":"https:\/\/l37.eu\/wp-content\/uploads\/2025\/08\/KOZ_LGL_BROWN-2.jpg","datePublished":"2025-08-28T14:44:12+00:00","dateModified":"2025-10-28T15:14:51+00:00","description":"COWBOY BOOTS, HIGH BOOTS - LET'S GET LOST - brown od L37 - polskiej marki galanterii sk\u00f3rzanej, kt\u00f3ra \u0142\u0105czy klasyczn\u0105 estetyk\u0119 z nowoczesnym podej\u015bciem do mody.","breadcrumb":{"@id":"https:\/\/l37.eu\/en\/product\/lets-get-lost\/#breadcrumb"},"inLanguage":"en-US","potentialAction":[{"@type":"ReadAction","target":["https:\/\/l37.eu\/en\/product\/lets-get-lost\/"]}]},{"@type":"ImageObject","inLanguage":"en-US","@id":"https:\/\/l37.eu\/en\/product\/lets-get-lost\/#primaryimage","url":"https:\/\/l37.eu\/wp-content\/uploads\/2025\/08\/KOZ_LGL_BROWN-2.jpg","contentUrl":"https:\/\/l37.eu\/wp-content\/uploads\/2025\/08\/KOZ_LGL_BROWN-2.jpg","width":1875,"height":2500},{"@type":"BreadcrumbList","@id":"https:\/\/l37.eu\/en\/product\/lets-get-lost\/#breadcrumb","itemListElement":[{"@type":"ListItem","position":1,"name":"Home","item":"https:\/\/l37.eu\/en\/"},{"@type":"ListItem","position":2,"name":"Produkty","item":"https:\/\/l37.eu\/shop\/"},{"@type":"ListItem","position":3,"name":"LET&#8217;S GET LOST"}]},{"@type":"WebSite","@id":"https:\/\/l37.eu\/#website","url":"https:\/\/l37.eu\/","name":"L37 - polska marka obuwia i torebek sk\u00f3rzanych","description":"Discover the harmony between style and comfort in the latest collection of L37 Handmade Shoes for the spring-summer 2024 season. Inspired by nature and modern trends, this collection offers original design and exceptional comfort, emphasizing your personality in every step.","publisher":{"@id":"https:\/\/l37.eu\/#organization"},"alternateName":"L37 - obuwie i galanteria sk\u00f3rzana","potentialAction":[{"@type":"SearchAction","target":{"@type":"EntryPoint","urlTemplate":"https:\/\/l37.eu\/?s={search_term_string}"},"query-input":{"@type":"PropertyValueSpecification","valueRequired":true,"valueName":"search_term_string"}}],"inLanguage":"en-US"},{"@type":"Organization","@id":"https:\/\/l37.eu\/#organization","name":"L37 - polska marka obuwia i torebek sk\u00f3rzanych","url":"https:\/\/l37.eu\/","logo":{"@type":"ImageObject","inLanguage":"en-US","@id":"https:\/\/l37.eu\/#\/schema\/logo\/image\/","url":"","contentUrl":"","caption":"L37 - polska marka obuwia i torebek sk\u00f3rzanych"},"image":{"@id":"https:\/\/l37.eu\/#\/schema\/logo\/image\/"},"sameAs":["https:\/\/www.facebook.com\/L37.eu\/","https:\/\/www.instagram.com\/l37_official\/"]}]}},"_links":{"self":[{"href":"https:\/\/l37.eu\/en\/wp-json\/wp\/v2\/product\/247726","targetHints":{"allow":["GET"]}}],"collection":[{"href":"https:\/\/l37.eu\/en\/wp-json\/wp\/v2\/product"}],"about":[{"href":"https:\/\/l37.eu\/en\/wp-json\/wp\/v2\/types\/product"}],"replies":[{"embeddable":true,"href":"https:\/\/l37.eu\/en\/wp-json\/wp\/v2\/comments?post=247726"}],"wp:featuredmedia":[{"embeddable":true,"href":"https:\/\/l37.eu\/en\/wp-json\/wp\/v2\/media\/247715"}],"wp:attachment":[{"href":"https:\/\/l37.eu\/en\/wp-json\/wp\/v2\/media?parent=247726"}],"wp:term":[{"taxonomy":"product_brand","embeddable":true,"href":"https:\/\/l37.eu\/en\/wp-json\/wp\/v2\/product_brand?post=247726"},{"taxonomy":"product_cat","embeddable":true,"href":"https:\/\/l37.eu\/en\/wp-json\/wp\/v2\/product_cat?post=247726"},{"taxonomy":"product_tag","embeddable":true,"href":"https:\/\/l37.eu\/en\/wp-json\/wp\/v2\/product_tag?post=247726"}],"curies":[{"name":"wp","href":"https:\/\/api.w.org\/{rel}","templated":true}]}}