{"id":247571,"date":"2025-08-28T16:43:59","date_gmt":"2025-08-28T14:43:59","guid":{"rendered":"https:\/\/l37.eu\/product\/superluminal-2\/"},"modified":"2025-12-23T18:09:22","modified_gmt":"2025-12-23T17:09:22","slug":"superluminal-2","status":"publish","type":"product","link":"https:\/\/l37.eu\/en\/product\/superluminal-2\/","title":{"rendered":"SUPERLUMINAL"},"content":{"rendered":"<p>Odkryj wyj\u0105tkow\u0105 elegancj\u0119 i niezr\u00f3wnan\u0105 wygod\u0119, jak\u0105 oferuj\u0105 botki SUPERLUMINAL. To idealne po\u0142\u0105czenie klasycznego stylu i nowoczesnego designu. Wykonane z najwy\u017cszej jako\u015bci naturalnej sk\u00f3ry i zamszu, te botki zapewniaj\u0105 nie tylko wyrafinowany wygl\u0105d, ale tak\u017ce wyj\u0105tkow\u0105 trwa\u0142o\u015b\u0107. \u015arodkowa cz\u0119\u015b\u0107 buta pokryta jest sk\u00f3r\u0105 naturaln\u0105, co gwarantuje komfort u\u017cytkowania przez ca\u0142y dzie\u0144. Stylowy br\u0105zowy kolor doda charakteru ka\u017cdej stylizacji, a wysokogatunkowa, syntetyczna podeszwa zapewnia doskona\u0142\u0105 przyczepno\u015b\u0107 i stabilno\u015b\u0107. Botki SUPERLUMINAL posiadaj\u0105 obcas o wysoko\u015bci 6 cm, kt\u00f3ry subtelnie podkre\u015bli Twoj\u0105 sylwetk\u0119, jednocze\u015bnie pozostaj\u0105c komfortowym na ka\u017cdym kroku. Dzi\u0119ki t\u0119go\u015bci G, idealnie dopasowuj\u0105 si\u0119 do ka\u017cdej stopy, zapewniaj\u0105c wygod\u0119 noszenia. Wszystkie te cechy czyni\u0105 ten model niezast\u0105pionym elementem Twojej garderoby na sezon jesienno-zimowy. Przekonaj si\u0119 sama, dlaczego botki SUPERLUMINAL to wyb\u00f3r kobiet, kt\u00f3re ceni\u0105 sobie styl i komfort.<\/p>\n","protected":false},"excerpt":{"rendered":"<p>ODWIECZNA ELEGANCJA BOTKI ZAMSZOWE W KOLORZE BR\u0104ZOWYM<\/p>\n","protected":false},"featured_media":247564,"comment_status":"closed","ping_status":"closed","template":"","meta":{"_acf_changed":false},"product_brand":[],"product_cat":[2804,3027,3030],"product_tag":[],"class_list":{"0":"post-247571","1":"product","2":"type-product","3":"status-publish","4":"has-post-thumbnail","6":"product_cat-autumn-winter-2025-26","7":"product_cat-festive-shoes","8":"product_cat-winter-sale","9":"pa_f4-wysokosccholewkidlarozmiar-13-en","10":"pa_kolor-brown-en-2","11":"pa_material-skoranaturalna-en","12":"pa_material-zamsz-en","13":"pa_obwodcholewkidlarozmiaru37cm-30-en","14":"pa_podeszwa-high-quality-synthetic-materials","15":"pa_podszewka-natural-leather","16":"pa_rodzaj-botki-en","17":"pa_size-35-en","18":"pa_size-36-en","19":"pa_size-37-en","20":"pa_size-38-en","21":"pa_size-39-en","22":"pa_size-40-en","23":"pa_size-41-en","24":"pa_tegosc-g-en","25":"pa_wysciolka-natural-leather","26":"pa_wysokoscobcasacm-6-en","27":"miinto-order","29":"first","30":"instock","31":"shipping-taxable","32":"purchasable","33":"product-type-variable"},"acf":[],"yoast_head":"<!-- This site is optimized with the Yoast SEO plugin v27.2 - https:\/\/yoast.com\/product\/yoast-seo-wordpress\/ -->\n<title>SUPERLUMINAL - BOOTS - brown<\/title>\n<meta name=\"description\" content=\"BOOTS - SUPERLUMINAL - brown od L37 - polskiej marki galanterii sk\u00f3rzanej, kt\u00f3ra \u0142\u0105czy klasyczn\u0105 estetyk\u0119 z nowoczesnym podej\u015bciem do mody.\" \/>\n<meta name=\"robots\" content=\"index, follow, max-snippet:-1, max-image-preview:large, max-video-preview:-1\" \/>\n<link rel=\"canonical\" href=\"https:\/\/l37.eu\/en\/product\/superluminal-2\/\" \/>\n<meta property=\"og:locale\" content=\"en_US\" \/>\n<meta property=\"og:type\" content=\"article\" \/>\n<meta property=\"og:title\" content=\"SUPERLUMINAL - BOOTS - brown\" \/>\n<meta property=\"og:description\" content=\"BOOTS - SUPERLUMINAL - brown od L37 - polskiej marki galanterii sk\u00f3rzanej, kt\u00f3ra \u0142\u0105czy klasyczn\u0105 estetyk\u0119 z nowoczesnym podej\u015bciem do mody.\" \/>\n<meta property=\"og:url\" content=\"https:\/\/l37.eu\/en\/product\/superluminal-2\/\" \/>\n<meta property=\"og:site_name\" content=\"L37 Handmade Shoes\" \/>\n<meta property=\"article:publisher\" content=\"https:\/\/www.facebook.com\/L37.eu\/\" \/>\n<meta property=\"article:modified_time\" content=\"2025-12-23T17:09:22+00:00\" \/>\n<meta property=\"og:image\" content=\"https:\/\/l37.eu\/wp-content\/uploads\/2025\/08\/B_SUPLUM_BROWN-2.jpg\" \/>\n\t<meta property=\"og:image:width\" content=\"1875\" \/>\n\t<meta property=\"og:image:height\" content=\"2500\" \/>\n\t<meta property=\"og:image:type\" content=\"image\/jpeg\" \/>\n<meta name=\"twitter:card\" content=\"summary_large_image\" \/>\n<meta name=\"twitter:label1\" content=\"Est. reading time\" \/>\n\t<meta name=\"twitter:data1\" content=\"1 minute\" \/>\n<script type=\"application\/ld+json\" class=\"yoast-schema-graph\">{\"@context\":\"https:\/\/schema.org\",\"@graph\":[{\"@type\":\"WebPage\",\"@id\":\"https:\/\/l37.eu\/en\/product\/superluminal-2\/\",\"url\":\"https:\/\/l37.eu\/en\/product\/superluminal-2\/\",\"name\":\"SUPERLUMINAL - BOOTS - brown\",\"isPartOf\":{\"@id\":\"https:\/\/l37.eu\/#website\"},\"primaryImageOfPage\":{\"@id\":\"https:\/\/l37.eu\/en\/product\/superluminal-2\/#primaryimage\"},\"image\":{\"@id\":\"https:\/\/l37.eu\/en\/product\/superluminal-2\/#primaryimage\"},\"thumbnailUrl\":\"https:\/\/l37.eu\/wp-content\/uploads\/2025\/08\/B_SUPLUM_BROWN-2.jpg\",\"datePublished\":\"2025-08-28T14:43:59+00:00\",\"dateModified\":\"2025-12-23T17:09:22+00:00\",\"description\":\"BOOTS - SUPERLUMINAL - brown od L37 - polskiej marki galanterii sk\u00f3rzanej, kt\u00f3ra \u0142\u0105czy klasyczn\u0105 estetyk\u0119 z nowoczesnym podej\u015bciem do mody.\",\"breadcrumb\":{\"@id\":\"https:\/\/l37.eu\/en\/product\/superluminal-2\/#breadcrumb\"},\"inLanguage\":\"en-US\",\"potentialAction\":[{\"@type\":\"ReadAction\",\"target\":[\"https:\/\/l37.eu\/en\/product\/superluminal-2\/\"]}]},{\"@type\":\"ImageObject\",\"inLanguage\":\"en-US\",\"@id\":\"https:\/\/l37.eu\/en\/product\/superluminal-2\/#primaryimage\",\"url\":\"https:\/\/l37.eu\/wp-content\/uploads\/2025\/08\/B_SUPLUM_BROWN-2.jpg\",\"contentUrl\":\"https:\/\/l37.eu\/wp-content\/uploads\/2025\/08\/B_SUPLUM_BROWN-2.jpg\",\"width\":1875,\"height\":2500},{\"@type\":\"BreadcrumbList\",\"@id\":\"https:\/\/l37.eu\/en\/product\/superluminal-2\/#breadcrumb\",\"itemListElement\":[{\"@type\":\"ListItem\",\"position\":1,\"name\":\"Home\",\"item\":\"https:\/\/l37.eu\/en\/\"},{\"@type\":\"ListItem\",\"position\":2,\"name\":\"Produkty\",\"item\":\"https:\/\/l37.eu\/shop\/\"},{\"@type\":\"ListItem\",\"position\":3,\"name\":\"SUPERLUMINAL\"}]},{\"@type\":\"WebSite\",\"@id\":\"https:\/\/l37.eu\/#website\",\"url\":\"https:\/\/l37.eu\/\",\"name\":\"L37 - polska marka obuwia i torebek sk\u00f3rzanych\",\"description\":\"Discover the harmony between style and comfort in the latest collection of L37 Handmade Shoes for the spring-summer 2024 season. Inspired by nature and modern trends, this collection offers original design and exceptional comfort, emphasizing your personality in every step.\",\"publisher\":{\"@id\":\"https:\/\/l37.eu\/#organization\"},\"alternateName\":\"L37 - obuwie i galanteria sk\u00f3rzana\",\"potentialAction\":[{\"@type\":\"SearchAction\",\"target\":{\"@type\":\"EntryPoint\",\"urlTemplate\":\"https:\/\/l37.eu\/?s={search_term_string}\"},\"query-input\":{\"@type\":\"PropertyValueSpecification\",\"valueRequired\":true,\"valueName\":\"search_term_string\"}}],\"inLanguage\":\"en-US\"},{\"@type\":\"Organization\",\"@id\":\"https:\/\/l37.eu\/#organization\",\"name\":\"L37 - polska marka obuwia i torebek sk\u00f3rzanych\",\"url\":\"https:\/\/l37.eu\/\",\"logo\":{\"@type\":\"ImageObject\",\"inLanguage\":\"en-US\",\"@id\":\"https:\/\/l37.eu\/#\/schema\/logo\/image\/\",\"url\":\"\",\"contentUrl\":\"\",\"caption\":\"L37 - polska marka obuwia i torebek sk\u00f3rzanych\"},\"image\":{\"@id\":\"https:\/\/l37.eu\/#\/schema\/logo\/image\/\"},\"sameAs\":[\"https:\/\/www.facebook.com\/L37.eu\/\",\"https:\/\/www.instagram.com\/l37_official\/\"]}]}<\/script>\n<!-- \/ Yoast SEO plugin. -->","yoast_head_json":{"title":"SUPERLUMINAL - BOOTS - brown","description":"BOOTS - SUPERLUMINAL - brown od L37 - polskiej marki galanterii sk\u00f3rzanej, kt\u00f3ra \u0142\u0105czy klasyczn\u0105 estetyk\u0119 z nowoczesnym podej\u015bciem do mody.","robots":{"index":"index","follow":"follow","max-snippet":"max-snippet:-1","max-image-preview":"max-image-preview:large","max-video-preview":"max-video-preview:-1"},"canonical":"https:\/\/l37.eu\/en\/product\/superluminal-2\/","og_locale":"en_US","og_type":"article","og_title":"SUPERLUMINAL - BOOTS - brown","og_description":"BOOTS - SUPERLUMINAL - brown od L37 - polskiej marki galanterii sk\u00f3rzanej, kt\u00f3ra \u0142\u0105czy klasyczn\u0105 estetyk\u0119 z nowoczesnym podej\u015bciem do mody.","og_url":"https:\/\/l37.eu\/en\/product\/superluminal-2\/","og_site_name":"L37 Handmade Shoes","article_publisher":"https:\/\/www.facebook.com\/L37.eu\/","article_modified_time":"2025-12-23T17:09:22+00:00","og_image":[{"width":1875,"height":2500,"url":"https:\/\/l37.eu\/wp-content\/uploads\/2025\/08\/B_SUPLUM_BROWN-2.jpg","type":"image\/jpeg"}],"twitter_card":"summary_large_image","twitter_misc":{"Est. reading time":"1 minute"},"schema":{"@context":"https:\/\/schema.org","@graph":[{"@type":"WebPage","@id":"https:\/\/l37.eu\/en\/product\/superluminal-2\/","url":"https:\/\/l37.eu\/en\/product\/superluminal-2\/","name":"SUPERLUMINAL - BOOTS - brown","isPartOf":{"@id":"https:\/\/l37.eu\/#website"},"primaryImageOfPage":{"@id":"https:\/\/l37.eu\/en\/product\/superluminal-2\/#primaryimage"},"image":{"@id":"https:\/\/l37.eu\/en\/product\/superluminal-2\/#primaryimage"},"thumbnailUrl":"https:\/\/l37.eu\/wp-content\/uploads\/2025\/08\/B_SUPLUM_BROWN-2.jpg","datePublished":"2025-08-28T14:43:59+00:00","dateModified":"2025-12-23T17:09:22+00:00","description":"BOOTS - SUPERLUMINAL - brown od L37 - polskiej marki galanterii sk\u00f3rzanej, kt\u00f3ra \u0142\u0105czy klasyczn\u0105 estetyk\u0119 z nowoczesnym podej\u015bciem do mody.","breadcrumb":{"@id":"https:\/\/l37.eu\/en\/product\/superluminal-2\/#breadcrumb"},"inLanguage":"en-US","potentialAction":[{"@type":"ReadAction","target":["https:\/\/l37.eu\/en\/product\/superluminal-2\/"]}]},{"@type":"ImageObject","inLanguage":"en-US","@id":"https:\/\/l37.eu\/en\/product\/superluminal-2\/#primaryimage","url":"https:\/\/l37.eu\/wp-content\/uploads\/2025\/08\/B_SUPLUM_BROWN-2.jpg","contentUrl":"https:\/\/l37.eu\/wp-content\/uploads\/2025\/08\/B_SUPLUM_BROWN-2.jpg","width":1875,"height":2500},{"@type":"BreadcrumbList","@id":"https:\/\/l37.eu\/en\/product\/superluminal-2\/#breadcrumb","itemListElement":[{"@type":"ListItem","position":1,"name":"Home","item":"https:\/\/l37.eu\/en\/"},{"@type":"ListItem","position":2,"name":"Produkty","item":"https:\/\/l37.eu\/shop\/"},{"@type":"ListItem","position":3,"name":"SUPERLUMINAL"}]},{"@type":"WebSite","@id":"https:\/\/l37.eu\/#website","url":"https:\/\/l37.eu\/","name":"L37 - polska marka obuwia i torebek sk\u00f3rzanych","description":"Discover the harmony between style and comfort in the latest collection of L37 Handmade Shoes for the spring-summer 2024 season. Inspired by nature and modern trends, this collection offers original design and exceptional comfort, emphasizing your personality in every step.","publisher":{"@id":"https:\/\/l37.eu\/#organization"},"alternateName":"L37 - obuwie i galanteria sk\u00f3rzana","potentialAction":[{"@type":"SearchAction","target":{"@type":"EntryPoint","urlTemplate":"https:\/\/l37.eu\/?s={search_term_string}"},"query-input":{"@type":"PropertyValueSpecification","valueRequired":true,"valueName":"search_term_string"}}],"inLanguage":"en-US"},{"@type":"Organization","@id":"https:\/\/l37.eu\/#organization","name":"L37 - polska marka obuwia i torebek sk\u00f3rzanych","url":"https:\/\/l37.eu\/","logo":{"@type":"ImageObject","inLanguage":"en-US","@id":"https:\/\/l37.eu\/#\/schema\/logo\/image\/","url":"","contentUrl":"","caption":"L37 - polska marka obuwia i torebek sk\u00f3rzanych"},"image":{"@id":"https:\/\/l37.eu\/#\/schema\/logo\/image\/"},"sameAs":["https:\/\/www.facebook.com\/L37.eu\/","https:\/\/www.instagram.com\/l37_official\/"]}]}},"_links":{"self":[{"href":"https:\/\/l37.eu\/en\/wp-json\/wp\/v2\/product\/247571","targetHints":{"allow":["GET"]}}],"collection":[{"href":"https:\/\/l37.eu\/en\/wp-json\/wp\/v2\/product"}],"about":[{"href":"https:\/\/l37.eu\/en\/wp-json\/wp\/v2\/types\/product"}],"replies":[{"embeddable":true,"href":"https:\/\/l37.eu\/en\/wp-json\/wp\/v2\/comments?post=247571"}],"wp:featuredmedia":[{"embeddable":true,"href":"https:\/\/l37.eu\/en\/wp-json\/wp\/v2\/media\/247564"}],"wp:attachment":[{"href":"https:\/\/l37.eu\/en\/wp-json\/wp\/v2\/media?parent=247571"}],"wp:term":[{"taxonomy":"product_brand","embeddable":true,"href":"https:\/\/l37.eu\/en\/wp-json\/wp\/v2\/product_brand?post=247571"},{"taxonomy":"product_cat","embeddable":true,"href":"https:\/\/l37.eu\/en\/wp-json\/wp\/v2\/product_cat?post=247571"},{"taxonomy":"product_tag","embeddable":true,"href":"https:\/\/l37.eu\/en\/wp-json\/wp\/v2\/product_tag?post=247571"}],"curies":[{"name":"wp","href":"https:\/\/api.w.org\/{rel}","templated":true}]}}