{"id":226737,"date":"2025-07-08T11:53:54","date_gmt":"2025-07-08T09:53:54","guid":{"rendered":"https:\/\/l37.eu\/product\/my-own-strength\/"},"modified":"2025-12-23T12:51:55","modified_gmt":"2025-12-23T11:51:55","slug":"my-own-strength","status":"publish","type":"product","link":"https:\/\/l37.eu\/en\/product\/my-own-strength\/","title":{"rendered":"MY OWN STRENGTH"},"content":{"rendered":"<p>Poznaj bezkompromisowe po\u0142\u0105czenie elegancji i komfortu \u2013 MY OWN STRENGTH to buty, kt\u00f3re stanowi\u0105 kwintesencj\u0119 nowoczesnego stylu z wyrafinowanym pazurem. Przeznaczone dla kobiet pewnych siebie i \u015bwiadomych swojego wyboru, doskona\u0142e na ka\u017cd\u0105 okazj\u0119, od codziennych wyzwa\u0144 po wieczorne spotkania. Nasze buty posiadaj\u0105 p\u0142aski rodzaj podeszwy, co zapewnia wygod\u0119 noszenia przez ca\u0142y dzie\u0144, a jednocze\u015bnie podkre\u015blaj\u0105 sylwetk\u0119 dzi\u0119ki platformie o grubo\u015bci 3 cm oraz obcasowi o wysoko\u015bci 6 cm.<\/p>\n<p>Zosta\u0142y wykonane z najwy\u017cszej jako\u015bci sk\u00f3ry lakierowanej oraz naturalnej, co gwarantuje nie tylko trwa\u0142o\u015b\u0107, ale tak\u017ce elegancki wygl\u0105d przez d\u0142ugi czas. Wn\u0119trze wy\u015bcie\u0142ane jest mi\u0119kk\u0105 sk\u00f3r\u0105, kt\u00f3ra dopasowuje si\u0119 do kszta\u0142tu stopy, zapewniaj\u0105c niezr\u00f3wnany komfort noszenia. Stylowe czarne wyko\u0144czenie jest nie tylko uniwersalne i ponadczasowe, ale r\u00f3wnie\u017c idealnie komponuje si\u0119 z ka\u017cd\u0105 garderob\u0105.<\/p>\n<p>Szeroko\u015b\u0107 t\u0119go\u015bci G oraz praktyczne zapi\u0119cie na sznurowad\u0142a gwarantuj\u0105 idealne dopasowanie do stopy, a okr\u0105g\u0142y czubek dodaje klasycznego uroku. Wysokogatunkowe tworzywo sztuczne podeszwy dba o stabilno\u015b\u0107 ka\u017cdego kroku, czyni\u0105c buty idealnym wyborem zar\u00f3wno do biura, jak i na miasto. Wybierz MY OWN STRENGTH i poczuj wyj\u0105tkow\u0105 moc stylu w ka\u017cdym kroku!<\/p>\n","protected":false},"excerpt":{"rendered":"<p>BUTY KT\u00d3RE \u0141\u0104CZ\u0104 ELEGANCJ\u0118 Z PEWNO\u015aCI\u0104 SIEBIE<\/p>\n","protected":false},"featured_media":226684,"comment_status":"closed","ping_status":"closed","template":"","meta":{"_acf_changed":false},"product_brand":[],"product_cat":[2804,3030],"product_tag":[],"class_list":{"0":"post-226737","1":"product","2":"type-product","3":"status-publish","4":"has-post-thumbnail","6":"product_cat-autumn-winter-2025-26","7":"product_cat-winter-sale","8":"pa_kolor-black-en-2","9":"pa_material-skoranaturalna-en","10":"pa_material-skoralakierowana-en","11":"pa_podeszwa-high-quality-synthetic-materials","12":"pa_podszewka-natural-leather","13":"pa_rodzaj-plaskie-en","14":"pa_size-35-en","15":"pa_size-36-en","16":"pa_size-37-en","17":"pa_size-38-en","18":"pa_size-39-en","19":"pa_size-40-en","20":"pa_size-41-en","21":"pa_tegosc-g-en","22":"pa_wysciolka-natural-leather","23":"pa_wysokoscobcasacm-6-en","24":"pa_zapiecie-shoelaces-2","25":"miinto-order","27":"first","28":"instock","29":"shipping-taxable","30":"purchasable","31":"product-type-variable"},"acf":[],"yoast_head":"<!-- This site is optimized with the Yoast SEO plugin v27.2 - https:\/\/yoast.com\/product\/yoast-seo-wordpress\/ -->\n<title>MY OWN STRENGTH - FLATS - black<\/title>\n<meta name=\"description\" content=\"FLATS - MY OWN STRENGTH - black od L37 - polskiej marki galanterii sk\u00f3rzanej, kt\u00f3ra \u0142\u0105czy klasyczn\u0105 estetyk\u0119 z nowoczesnym podej\u015bciem do mody.\" \/>\n<meta name=\"robots\" content=\"index, follow, max-snippet:-1, max-image-preview:large, max-video-preview:-1\" \/>\n<link rel=\"canonical\" href=\"https:\/\/l37.eu\/en\/product\/my-own-strength\/\" \/>\n<meta property=\"og:locale\" content=\"en_US\" \/>\n<meta property=\"og:type\" content=\"article\" \/>\n<meta property=\"og:title\" content=\"MY OWN STRENGTH - FLATS - black\" \/>\n<meta property=\"og:description\" content=\"FLATS - MY OWN STRENGTH - black od L37 - polskiej marki galanterii sk\u00f3rzanej, kt\u00f3ra \u0142\u0105czy klasyczn\u0105 estetyk\u0119 z nowoczesnym podej\u015bciem do mody.\" \/>\n<meta property=\"og:url\" content=\"https:\/\/l37.eu\/en\/product\/my-own-strength\/\" \/>\n<meta property=\"og:site_name\" content=\"L37 Handmade Shoes\" \/>\n<meta property=\"article:publisher\" content=\"https:\/\/www.facebook.com\/L37.eu\/\" \/>\n<meta property=\"article:modified_time\" content=\"2025-12-23T11:51:55+00:00\" \/>\n<meta property=\"og:image\" content=\"https:\/\/l37.eu\/wp-content\/uploads\/2025\/07\/P_MYOS_BLACK-1.jpg\" \/>\n\t<meta property=\"og:image:width\" content=\"1875\" \/>\n\t<meta property=\"og:image:height\" content=\"2500\" \/>\n\t<meta property=\"og:image:type\" content=\"image\/jpeg\" \/>\n<meta name=\"twitter:card\" content=\"summary_large_image\" \/>\n<meta name=\"twitter:label1\" content=\"Est. reading time\" \/>\n\t<meta name=\"twitter:data1\" content=\"1 minute\" \/>\n<script type=\"application\/ld+json\" class=\"yoast-schema-graph\">{\"@context\":\"https:\/\/schema.org\",\"@graph\":[{\"@type\":\"WebPage\",\"@id\":\"https:\/\/l37.eu\/en\/product\/my-own-strength\/\",\"url\":\"https:\/\/l37.eu\/en\/product\/my-own-strength\/\",\"name\":\"MY OWN STRENGTH - FLATS - black\",\"isPartOf\":{\"@id\":\"https:\/\/l37.eu\/#website\"},\"primaryImageOfPage\":{\"@id\":\"https:\/\/l37.eu\/en\/product\/my-own-strength\/#primaryimage\"},\"image\":{\"@id\":\"https:\/\/l37.eu\/en\/product\/my-own-strength\/#primaryimage\"},\"thumbnailUrl\":\"https:\/\/l37.eu\/wp-content\/uploads\/2025\/07\/P_MYOS_BLACK-1.jpg\",\"datePublished\":\"2025-07-08T09:53:54+00:00\",\"dateModified\":\"2025-12-23T11:51:55+00:00\",\"description\":\"FLATS - MY OWN STRENGTH - black od L37 - polskiej marki galanterii sk\u00f3rzanej, kt\u00f3ra \u0142\u0105czy klasyczn\u0105 estetyk\u0119 z nowoczesnym podej\u015bciem do mody.\",\"breadcrumb\":{\"@id\":\"https:\/\/l37.eu\/en\/product\/my-own-strength\/#breadcrumb\"},\"inLanguage\":\"en-US\",\"potentialAction\":[{\"@type\":\"ReadAction\",\"target\":[\"https:\/\/l37.eu\/en\/product\/my-own-strength\/\"]}]},{\"@type\":\"ImageObject\",\"inLanguage\":\"en-US\",\"@id\":\"https:\/\/l37.eu\/en\/product\/my-own-strength\/#primaryimage\",\"url\":\"https:\/\/l37.eu\/wp-content\/uploads\/2025\/07\/P_MYOS_BLACK-1.jpg\",\"contentUrl\":\"https:\/\/l37.eu\/wp-content\/uploads\/2025\/07\/P_MYOS_BLACK-1.jpg\",\"width\":1875,\"height\":2500},{\"@type\":\"BreadcrumbList\",\"@id\":\"https:\/\/l37.eu\/en\/product\/my-own-strength\/#breadcrumb\",\"itemListElement\":[{\"@type\":\"ListItem\",\"position\":1,\"name\":\"Home\",\"item\":\"https:\/\/l37.eu\/en\/\"},{\"@type\":\"ListItem\",\"position\":2,\"name\":\"Produkty\",\"item\":\"https:\/\/l37.eu\/shop\/\"},{\"@type\":\"ListItem\",\"position\":3,\"name\":\"MY OWN STRENGTH\"}]},{\"@type\":\"WebSite\",\"@id\":\"https:\/\/l37.eu\/#website\",\"url\":\"https:\/\/l37.eu\/\",\"name\":\"L37 - polska marka obuwia i torebek sk\u00f3rzanych\",\"description\":\"Discover the harmony between style and comfort in the latest collection of L37 Handmade Shoes for the spring-summer 2024 season. Inspired by nature and modern trends, this collection offers original design and exceptional comfort, emphasizing your personality in every step.\",\"publisher\":{\"@id\":\"https:\/\/l37.eu\/#organization\"},\"alternateName\":\"L37 - obuwie i galanteria sk\u00f3rzana\",\"potentialAction\":[{\"@type\":\"SearchAction\",\"target\":{\"@type\":\"EntryPoint\",\"urlTemplate\":\"https:\/\/l37.eu\/?s={search_term_string}\"},\"query-input\":{\"@type\":\"PropertyValueSpecification\",\"valueRequired\":true,\"valueName\":\"search_term_string\"}}],\"inLanguage\":\"en-US\"},{\"@type\":\"Organization\",\"@id\":\"https:\/\/l37.eu\/#organization\",\"name\":\"L37 - polska marka obuwia i torebek sk\u00f3rzanych\",\"url\":\"https:\/\/l37.eu\/\",\"logo\":{\"@type\":\"ImageObject\",\"inLanguage\":\"en-US\",\"@id\":\"https:\/\/l37.eu\/#\/schema\/logo\/image\/\",\"url\":\"\",\"contentUrl\":\"\",\"caption\":\"L37 - polska marka obuwia i torebek sk\u00f3rzanych\"},\"image\":{\"@id\":\"https:\/\/l37.eu\/#\/schema\/logo\/image\/\"},\"sameAs\":[\"https:\/\/www.facebook.com\/L37.eu\/\",\"https:\/\/www.instagram.com\/l37_official\/\"]}]}<\/script>\n<!-- \/ Yoast SEO plugin. -->","yoast_head_json":{"title":"MY OWN STRENGTH - FLATS - black","description":"FLATS - MY OWN STRENGTH - black od L37 - polskiej marki galanterii sk\u00f3rzanej, kt\u00f3ra \u0142\u0105czy klasyczn\u0105 estetyk\u0119 z nowoczesnym podej\u015bciem do mody.","robots":{"index":"index","follow":"follow","max-snippet":"max-snippet:-1","max-image-preview":"max-image-preview:large","max-video-preview":"max-video-preview:-1"},"canonical":"https:\/\/l37.eu\/en\/product\/my-own-strength\/","og_locale":"en_US","og_type":"article","og_title":"MY OWN STRENGTH - FLATS - black","og_description":"FLATS - MY OWN STRENGTH - black od L37 - polskiej marki galanterii sk\u00f3rzanej, kt\u00f3ra \u0142\u0105czy klasyczn\u0105 estetyk\u0119 z nowoczesnym podej\u015bciem do mody.","og_url":"https:\/\/l37.eu\/en\/product\/my-own-strength\/","og_site_name":"L37 Handmade Shoes","article_publisher":"https:\/\/www.facebook.com\/L37.eu\/","article_modified_time":"2025-12-23T11:51:55+00:00","og_image":[{"width":1875,"height":2500,"url":"https:\/\/l37.eu\/wp-content\/uploads\/2025\/07\/P_MYOS_BLACK-1.jpg","type":"image\/jpeg"}],"twitter_card":"summary_large_image","twitter_misc":{"Est. reading time":"1 minute"},"schema":{"@context":"https:\/\/schema.org","@graph":[{"@type":"WebPage","@id":"https:\/\/l37.eu\/en\/product\/my-own-strength\/","url":"https:\/\/l37.eu\/en\/product\/my-own-strength\/","name":"MY OWN STRENGTH - FLATS - black","isPartOf":{"@id":"https:\/\/l37.eu\/#website"},"primaryImageOfPage":{"@id":"https:\/\/l37.eu\/en\/product\/my-own-strength\/#primaryimage"},"image":{"@id":"https:\/\/l37.eu\/en\/product\/my-own-strength\/#primaryimage"},"thumbnailUrl":"https:\/\/l37.eu\/wp-content\/uploads\/2025\/07\/P_MYOS_BLACK-1.jpg","datePublished":"2025-07-08T09:53:54+00:00","dateModified":"2025-12-23T11:51:55+00:00","description":"FLATS - MY OWN STRENGTH - black od L37 - polskiej marki galanterii sk\u00f3rzanej, kt\u00f3ra \u0142\u0105czy klasyczn\u0105 estetyk\u0119 z nowoczesnym podej\u015bciem do mody.","breadcrumb":{"@id":"https:\/\/l37.eu\/en\/product\/my-own-strength\/#breadcrumb"},"inLanguage":"en-US","potentialAction":[{"@type":"ReadAction","target":["https:\/\/l37.eu\/en\/product\/my-own-strength\/"]}]},{"@type":"ImageObject","inLanguage":"en-US","@id":"https:\/\/l37.eu\/en\/product\/my-own-strength\/#primaryimage","url":"https:\/\/l37.eu\/wp-content\/uploads\/2025\/07\/P_MYOS_BLACK-1.jpg","contentUrl":"https:\/\/l37.eu\/wp-content\/uploads\/2025\/07\/P_MYOS_BLACK-1.jpg","width":1875,"height":2500},{"@type":"BreadcrumbList","@id":"https:\/\/l37.eu\/en\/product\/my-own-strength\/#breadcrumb","itemListElement":[{"@type":"ListItem","position":1,"name":"Home","item":"https:\/\/l37.eu\/en\/"},{"@type":"ListItem","position":2,"name":"Produkty","item":"https:\/\/l37.eu\/shop\/"},{"@type":"ListItem","position":3,"name":"MY OWN STRENGTH"}]},{"@type":"WebSite","@id":"https:\/\/l37.eu\/#website","url":"https:\/\/l37.eu\/","name":"L37 - polska marka obuwia i torebek sk\u00f3rzanych","description":"Discover the harmony between style and comfort in the latest collection of L37 Handmade Shoes for the spring-summer 2024 season. Inspired by nature and modern trends, this collection offers original design and exceptional comfort, emphasizing your personality in every step.","publisher":{"@id":"https:\/\/l37.eu\/#organization"},"alternateName":"L37 - obuwie i galanteria sk\u00f3rzana","potentialAction":[{"@type":"SearchAction","target":{"@type":"EntryPoint","urlTemplate":"https:\/\/l37.eu\/?s={search_term_string}"},"query-input":{"@type":"PropertyValueSpecification","valueRequired":true,"valueName":"search_term_string"}}],"inLanguage":"en-US"},{"@type":"Organization","@id":"https:\/\/l37.eu\/#organization","name":"L37 - polska marka obuwia i torebek sk\u00f3rzanych","url":"https:\/\/l37.eu\/","logo":{"@type":"ImageObject","inLanguage":"en-US","@id":"https:\/\/l37.eu\/#\/schema\/logo\/image\/","url":"","contentUrl":"","caption":"L37 - polska marka obuwia i torebek sk\u00f3rzanych"},"image":{"@id":"https:\/\/l37.eu\/#\/schema\/logo\/image\/"},"sameAs":["https:\/\/www.facebook.com\/L37.eu\/","https:\/\/www.instagram.com\/l37_official\/"]}]}},"_links":{"self":[{"href":"https:\/\/l37.eu\/en\/wp-json\/wp\/v2\/product\/226737","targetHints":{"allow":["GET"]}}],"collection":[{"href":"https:\/\/l37.eu\/en\/wp-json\/wp\/v2\/product"}],"about":[{"href":"https:\/\/l37.eu\/en\/wp-json\/wp\/v2\/types\/product"}],"replies":[{"embeddable":true,"href":"https:\/\/l37.eu\/en\/wp-json\/wp\/v2\/comments?post=226737"}],"wp:featuredmedia":[{"embeddable":true,"href":"https:\/\/l37.eu\/en\/wp-json\/wp\/v2\/media\/226684"}],"wp:attachment":[{"href":"https:\/\/l37.eu\/en\/wp-json\/wp\/v2\/media?parent=226737"}],"wp:term":[{"taxonomy":"product_brand","embeddable":true,"href":"https:\/\/l37.eu\/en\/wp-json\/wp\/v2\/product_brand?post=226737"},{"taxonomy":"product_cat","embeddable":true,"href":"https:\/\/l37.eu\/en\/wp-json\/wp\/v2\/product_cat?post=226737"},{"taxonomy":"product_tag","embeddable":true,"href":"https:\/\/l37.eu\/en\/wp-json\/wp\/v2\/product_tag?post=226737"}],"curies":[{"name":"wp","href":"https:\/\/api.w.org\/{rel}","templated":true}]}}