{"id":226452,"date":"2025-07-07T17:20:51","date_gmt":"2025-07-07T15:20:51","guid":{"rendered":"https:\/\/l37.eu\/product\/sky-full-of-stars-6\/"},"modified":"2026-03-03T14:47:50","modified_gmt":"2026-03-03T13:47:50","slug":"sky-full-of-stars-6","status":"publish","type":"product","link":"https:\/\/l37.eu\/en\/product\/sky-full-of-stars-6\/","title":{"rendered":"SKY FULL OF STARS"},"content":{"rendered":"<p>Indulge in a touch of luxury and comfort with our new &#8220;SKY FULL OF STARS&#8221; boot collection, featuring exceptional ankle and cowboy-style boots carefully crafted from the highest quality materials to satisfy even the most demanding customers. The upper is made of premium full-grain or natural leather, while the addition of velour accents provides a unique and sophisticated character to the design. To ensure pure pleasure and comfort throughout the entire day, the interior is lined with soft natural leather that gently wraps around your feet. The rich brown color adds a layer of timeless elegance, making these boots a truly universal addition to any styling in your wardrobe. For durability and resistance to daily wear, we have utilized a high-grade synthetic sole that forms a solid foundation for every journey. With a standard &#8220;G&#8221; width, the footwear perfectly adapts to the natural shape of your foot, while the 3 cm heel height guarantees stability and confidence during every walk. Choose the &#8220;SKY FULL OF STARS&#8221; collection and invest in quality where every step will delight both your eye and your heart.<\/p>\n","protected":false},"excerpt":{"rendered":"<p>BROWN VELOUR COWBOY BOOTS WITH DECORATIVE STAR<\/p>\n","protected":false},"featured_media":512707,"comment_status":"closed","ping_status":"closed","template":"","meta":{"_acf_changed":false},"product_brand":[],"product_cat":[3032],"product_tag":[],"class_list":{"0":"post-226452","1":"product","2":"type-product","3":"status-publish","4":"has-post-thumbnail","6":"product_cat-spring-summer-2026","7":"pa_f4-wysokosccholewkidlarozmiar-25-en","8":"pa_kolor-brown-en-2","9":"pa_material-skoranaturalna-en","10":"pa_material-skoralicowa-en","11":"pa_material-welur-en","12":"pa_obwodcholewkidlarozmiaru37cm-34-en","13":"pa_podeszwa-high-quality-synthetic-materials","14":"pa_podszewka-natural-leather","15":"pa_rodzaj-botki-en","16":"pa_rodzaj-cowboy-boots","17":"pa_size-36-en","18":"pa_size-37-en","19":"pa_size-38-en","20":"pa_size-39-en","21":"pa_size-40-en","22":"pa_size-41-en","23":"pa_size-42-en","24":"pa_tegosc-g-en","25":"pa_wysciolka-natural-leather","26":"pa_wysokoscobcasacm-3-en","27":"miinto-order","29":"first","30":"instock","31":"shipping-taxable","32":"purchasable","33":"product-type-variable"},"acf":[],"yoast_head":"<!-- This site is optimized with the Yoast SEO plugin v27.2 - https:\/\/yoast.com\/product\/yoast-seo-wordpress\/ -->\n<title>SKY FULL OF STARS - BOOTS, COWBOY BOOTS - brown<\/title>\n<meta name=\"description\" content=\"BOOTS, COWBOY BOOTS - SKY FULL OF STARS - brown od L37 - polskiej marki galanterii sk\u00f3rzanej, kt\u00f3ra \u0142\u0105czy klasyczn\u0105 estetyk\u0119 z nowoczesnym podej\u015bciem do mody.\" \/>\n<meta name=\"robots\" content=\"index, follow, max-snippet:-1, max-image-preview:large, max-video-preview:-1\" \/>\n<link rel=\"canonical\" href=\"https:\/\/l37.eu\/en\/product\/sky-full-of-stars-6\/\" \/>\n<meta property=\"og:locale\" content=\"en_US\" \/>\n<meta property=\"og:type\" content=\"article\" \/>\n<meta property=\"og:title\" content=\"SKY FULL OF STARS - BOOTS, COWBOY BOOTS - brown\" \/>\n<meta property=\"og:description\" content=\"BOOTS, COWBOY BOOTS - SKY FULL OF STARS - brown od L37 - polskiej marki galanterii sk\u00f3rzanej, kt\u00f3ra \u0142\u0105czy klasyczn\u0105 estetyk\u0119 z nowoczesnym podej\u015bciem do mody.\" \/>\n<meta property=\"og:url\" content=\"https:\/\/l37.eu\/en\/product\/sky-full-of-stars-6\/\" \/>\n<meta property=\"og:site_name\" content=\"L37 Handmade Shoes\" \/>\n<meta property=\"article:publisher\" content=\"https:\/\/www.facebook.com\/L37.eu\/\" \/>\n<meta property=\"article:modified_time\" content=\"2026-03-03T13:47:50+00:00\" \/>\n<meta property=\"og:image\" content=\"https:\/\/l37.eu\/wp-content\/uploads\/2025\/07\/1-3.jpg\" \/>\n\t<meta property=\"og:image:width\" content=\"1875\" \/>\n\t<meta property=\"og:image:height\" content=\"2500\" \/>\n\t<meta property=\"og:image:type\" content=\"image\/jpeg\" \/>\n<meta name=\"twitter:card\" content=\"summary_large_image\" \/>\n<meta name=\"twitter:label1\" content=\"Est. reading time\" \/>\n\t<meta name=\"twitter:data1\" content=\"1 minute\" \/>\n<script type=\"application\/ld+json\" class=\"yoast-schema-graph\">{\"@context\":\"https:\/\/schema.org\",\"@graph\":[{\"@type\":\"WebPage\",\"@id\":\"https:\/\/l37.eu\/en\/product\/sky-full-of-stars-6\/\",\"url\":\"https:\/\/l37.eu\/en\/product\/sky-full-of-stars-6\/\",\"name\":\"SKY FULL OF STARS - BOOTS, COWBOY BOOTS - brown\",\"isPartOf\":{\"@id\":\"https:\/\/l37.eu\/#website\"},\"primaryImageOfPage\":{\"@id\":\"https:\/\/l37.eu\/en\/product\/sky-full-of-stars-6\/#primaryimage\"},\"image\":{\"@id\":\"https:\/\/l37.eu\/en\/product\/sky-full-of-stars-6\/#primaryimage\"},\"thumbnailUrl\":\"https:\/\/l37.eu\/wp-content\/uploads\/2025\/07\/B_SFOS2_DBROWN-3.webp\",\"datePublished\":\"2025-07-07T15:20:51+00:00\",\"dateModified\":\"2026-03-03T13:47:50+00:00\",\"description\":\"BOOTS, COWBOY BOOTS - SKY FULL OF STARS - brown od L37 - polskiej marki galanterii sk\u00f3rzanej, kt\u00f3ra \u0142\u0105czy klasyczn\u0105 estetyk\u0119 z nowoczesnym podej\u015bciem do mody.\",\"breadcrumb\":{\"@id\":\"https:\/\/l37.eu\/en\/product\/sky-full-of-stars-6\/#breadcrumb\"},\"inLanguage\":\"en-US\",\"potentialAction\":[{\"@type\":\"ReadAction\",\"target\":[\"https:\/\/l37.eu\/en\/product\/sky-full-of-stars-6\/\"]}]},{\"@type\":\"ImageObject\",\"inLanguage\":\"en-US\",\"@id\":\"https:\/\/l37.eu\/en\/product\/sky-full-of-stars-6\/#primaryimage\",\"url\":\"https:\/\/l37.eu\/wp-content\/uploads\/2025\/07\/B_SFOS2_DBROWN-3.webp\",\"contentUrl\":\"https:\/\/l37.eu\/wp-content\/uploads\/2025\/07\/B_SFOS2_DBROWN-3.webp\",\"width\":1875,\"height\":2500},{\"@type\":\"BreadcrumbList\",\"@id\":\"https:\/\/l37.eu\/en\/product\/sky-full-of-stars-6\/#breadcrumb\",\"itemListElement\":[{\"@type\":\"ListItem\",\"position\":1,\"name\":\"Home\",\"item\":\"https:\/\/l37.eu\/en\/\"},{\"@type\":\"ListItem\",\"position\":2,\"name\":\"Produkty\",\"item\":\"https:\/\/l37.eu\/shop\/\"},{\"@type\":\"ListItem\",\"position\":3,\"name\":\"SKY FULL OF STARS\"}]},{\"@type\":\"WebSite\",\"@id\":\"https:\/\/l37.eu\/#website\",\"url\":\"https:\/\/l37.eu\/\",\"name\":\"L37 - polska marka obuwia i torebek sk\u00f3rzanych\",\"description\":\"Discover the harmony between style and comfort in the latest collection of L37 Handmade Shoes for the spring-summer 2024 season. Inspired by nature and modern trends, this collection offers original design and exceptional comfort, emphasizing your personality in every step.\",\"publisher\":{\"@id\":\"https:\/\/l37.eu\/#organization\"},\"alternateName\":\"L37 - obuwie i galanteria sk\u00f3rzana\",\"potentialAction\":[{\"@type\":\"SearchAction\",\"target\":{\"@type\":\"EntryPoint\",\"urlTemplate\":\"https:\/\/l37.eu\/?s={search_term_string}\"},\"query-input\":{\"@type\":\"PropertyValueSpecification\",\"valueRequired\":true,\"valueName\":\"search_term_string\"}}],\"inLanguage\":\"en-US\"},{\"@type\":\"Organization\",\"@id\":\"https:\/\/l37.eu\/#organization\",\"name\":\"L37 - polska marka obuwia i torebek sk\u00f3rzanych\",\"url\":\"https:\/\/l37.eu\/\",\"logo\":{\"@type\":\"ImageObject\",\"inLanguage\":\"en-US\",\"@id\":\"https:\/\/l37.eu\/#\/schema\/logo\/image\/\",\"url\":\"\",\"contentUrl\":\"\",\"caption\":\"L37 - polska marka obuwia i torebek sk\u00f3rzanych\"},\"image\":{\"@id\":\"https:\/\/l37.eu\/#\/schema\/logo\/image\/\"},\"sameAs\":[\"https:\/\/www.facebook.com\/L37.eu\/\",\"https:\/\/www.instagram.com\/l37_official\/\"]}]}<\/script>\n<!-- \/ Yoast SEO plugin. -->","yoast_head_json":{"title":"SKY FULL OF STARS - BOOTS, COWBOY BOOTS - brown","description":"BOOTS, COWBOY BOOTS - SKY FULL OF STARS - brown od L37 - polskiej marki galanterii sk\u00f3rzanej, kt\u00f3ra \u0142\u0105czy klasyczn\u0105 estetyk\u0119 z nowoczesnym podej\u015bciem do mody.","robots":{"index":"index","follow":"follow","max-snippet":"max-snippet:-1","max-image-preview":"max-image-preview:large","max-video-preview":"max-video-preview:-1"},"canonical":"https:\/\/l37.eu\/en\/product\/sky-full-of-stars-6\/","og_locale":"en_US","og_type":"article","og_title":"SKY FULL OF STARS - BOOTS, COWBOY BOOTS - brown","og_description":"BOOTS, COWBOY BOOTS - SKY FULL OF STARS - brown od L37 - polskiej marki galanterii sk\u00f3rzanej, kt\u00f3ra \u0142\u0105czy klasyczn\u0105 estetyk\u0119 z nowoczesnym podej\u015bciem do mody.","og_url":"https:\/\/l37.eu\/en\/product\/sky-full-of-stars-6\/","og_site_name":"L37 Handmade Shoes","article_publisher":"https:\/\/www.facebook.com\/L37.eu\/","article_modified_time":"2026-03-03T13:47:50+00:00","og_image":[{"width":1875,"height":2500,"url":"https:\/\/l37.eu\/wp-content\/uploads\/2025\/07\/1-3.jpg","type":"image\/jpeg"}],"twitter_card":"summary_large_image","twitter_misc":{"Est. reading time":"1 minute"},"schema":{"@context":"https:\/\/schema.org","@graph":[{"@type":"WebPage","@id":"https:\/\/l37.eu\/en\/product\/sky-full-of-stars-6\/","url":"https:\/\/l37.eu\/en\/product\/sky-full-of-stars-6\/","name":"SKY FULL OF STARS - BOOTS, COWBOY BOOTS - brown","isPartOf":{"@id":"https:\/\/l37.eu\/#website"},"primaryImageOfPage":{"@id":"https:\/\/l37.eu\/en\/product\/sky-full-of-stars-6\/#primaryimage"},"image":{"@id":"https:\/\/l37.eu\/en\/product\/sky-full-of-stars-6\/#primaryimage"},"thumbnailUrl":"https:\/\/l37.eu\/wp-content\/uploads\/2025\/07\/B_SFOS2_DBROWN-3.webp","datePublished":"2025-07-07T15:20:51+00:00","dateModified":"2026-03-03T13:47:50+00:00","description":"BOOTS, COWBOY BOOTS - SKY FULL OF STARS - brown od L37 - polskiej marki galanterii sk\u00f3rzanej, kt\u00f3ra \u0142\u0105czy klasyczn\u0105 estetyk\u0119 z nowoczesnym podej\u015bciem do mody.","breadcrumb":{"@id":"https:\/\/l37.eu\/en\/product\/sky-full-of-stars-6\/#breadcrumb"},"inLanguage":"en-US","potentialAction":[{"@type":"ReadAction","target":["https:\/\/l37.eu\/en\/product\/sky-full-of-stars-6\/"]}]},{"@type":"ImageObject","inLanguage":"en-US","@id":"https:\/\/l37.eu\/en\/product\/sky-full-of-stars-6\/#primaryimage","url":"https:\/\/l37.eu\/wp-content\/uploads\/2025\/07\/B_SFOS2_DBROWN-3.webp","contentUrl":"https:\/\/l37.eu\/wp-content\/uploads\/2025\/07\/B_SFOS2_DBROWN-3.webp","width":1875,"height":2500},{"@type":"BreadcrumbList","@id":"https:\/\/l37.eu\/en\/product\/sky-full-of-stars-6\/#breadcrumb","itemListElement":[{"@type":"ListItem","position":1,"name":"Home","item":"https:\/\/l37.eu\/en\/"},{"@type":"ListItem","position":2,"name":"Produkty","item":"https:\/\/l37.eu\/shop\/"},{"@type":"ListItem","position":3,"name":"SKY FULL OF STARS"}]},{"@type":"WebSite","@id":"https:\/\/l37.eu\/#website","url":"https:\/\/l37.eu\/","name":"L37 - polska marka obuwia i torebek sk\u00f3rzanych","description":"Discover the harmony between style and comfort in the latest collection of L37 Handmade Shoes for the spring-summer 2024 season. Inspired by nature and modern trends, this collection offers original design and exceptional comfort, emphasizing your personality in every step.","publisher":{"@id":"https:\/\/l37.eu\/#organization"},"alternateName":"L37 - obuwie i galanteria sk\u00f3rzana","potentialAction":[{"@type":"SearchAction","target":{"@type":"EntryPoint","urlTemplate":"https:\/\/l37.eu\/?s={search_term_string}"},"query-input":{"@type":"PropertyValueSpecification","valueRequired":true,"valueName":"search_term_string"}}],"inLanguage":"en-US"},{"@type":"Organization","@id":"https:\/\/l37.eu\/#organization","name":"L37 - polska marka obuwia i torebek sk\u00f3rzanych","url":"https:\/\/l37.eu\/","logo":{"@type":"ImageObject","inLanguage":"en-US","@id":"https:\/\/l37.eu\/#\/schema\/logo\/image\/","url":"","contentUrl":"","caption":"L37 - polska marka obuwia i torebek sk\u00f3rzanych"},"image":{"@id":"https:\/\/l37.eu\/#\/schema\/logo\/image\/"},"sameAs":["https:\/\/www.facebook.com\/L37.eu\/","https:\/\/www.instagram.com\/l37_official\/"]}]}},"_links":{"self":[{"href":"https:\/\/l37.eu\/en\/wp-json\/wp\/v2\/product\/226452","targetHints":{"allow":["GET"]}}],"collection":[{"href":"https:\/\/l37.eu\/en\/wp-json\/wp\/v2\/product"}],"about":[{"href":"https:\/\/l37.eu\/en\/wp-json\/wp\/v2\/types\/product"}],"replies":[{"embeddable":true,"href":"https:\/\/l37.eu\/en\/wp-json\/wp\/v2\/comments?post=226452"}],"wp:featuredmedia":[{"embeddable":true,"href":"https:\/\/l37.eu\/en\/wp-json\/wp\/v2\/media\/512707"}],"wp:attachment":[{"href":"https:\/\/l37.eu\/en\/wp-json\/wp\/v2\/media?parent=226452"}],"wp:term":[{"taxonomy":"product_brand","embeddable":true,"href":"https:\/\/l37.eu\/en\/wp-json\/wp\/v2\/product_brand?post=226452"},{"taxonomy":"product_cat","embeddable":true,"href":"https:\/\/l37.eu\/en\/wp-json\/wp\/v2\/product_cat?post=226452"},{"taxonomy":"product_tag","embeddable":true,"href":"https:\/\/l37.eu\/en\/wp-json\/wp\/v2\/product_tag?post=226452"}],"curies":[{"name":"wp","href":"https:\/\/api.w.org\/{rel}","templated":true}]}}