{"id":226438,"date":"2025-07-07T17:20:50","date_gmt":"2025-07-07T15:20:50","guid":{"rendered":"https:\/\/l37.eu\/product\/on-the-rocks-6\/"},"modified":"2025-12-23T12:52:03","modified_gmt":"2025-12-23T11:52:03","slug":"on-the-rocks-6","status":"publish","type":"product","link":"https:\/\/l37.eu\/en\/product\/on-the-rocks-6\/","title":{"rendered":"ON THE ROCKS"},"content":{"rendered":"<p>Odkryj styl i wygod\u0119 dzi\u0119ki naszemu modelowi &#8220;ON THE ROCKS&#8221;. Te wyrafinowane botki kowbojki to idealny dodatek do ka\u017cdej garderoby jesienno-zimowej. Wykonane z wysokiej jako\u015bci sk\u00f3ry licowej i naturalnej, zapewniaj\u0105 nie tylko trwa\u0142o\u015b\u0107, ale i doskona\u0142y komfort noszenia. Ich zamszowa podszewka i wy\u015bci\u00f3\u0142ka z naturalnej sk\u00f3ry delikatnie otulaj\u0105 stop\u0119, gwarantuj\u0105c ciep\u0142o nawet w ch\u0142odniejsze dni.<\/p>\n<p>Zachwycaj\u0105cy zielony kolor nadaje butom niepowtarzalnego charakteru, kt\u00f3ry przyci\u0105ga spojrzenia. Migda\u0142owy lub szpiczasty czubek oraz stylowy blokowy obcas o wysoko\u015bci 3 cm dodaj\u0105 elegancji, jednocze\u015bnie podkre\u015blaj\u0105c wyj\u0105tkowo\u015b\u0107 ka\u017cdej stylizacji. Dzi\u0119ki suwakowi zak\u0142adanie i zdejmowanie but\u00f3w jest szybkie i wygodne.<\/p>\n<p>Nie pozw\u00f3l, by umkn\u0119\u0142a Ci okazja na wprowadzenie do swojej szafy prawdziwego modowego hitu. Wybierz ON THE ROCKS i podbijaj \u015bwiat swoim stylem!<\/p>\n","protected":false},"excerpt":{"rendered":"<p>ZIELONE EFEKTOWNE KOZAKI ZE SK\u00d3RY LICOWEJ<\/p>\n","protected":false},"featured_media":225718,"comment_status":"closed","ping_status":"closed","template":"","meta":{"_acf_changed":false},"product_brand":[],"product_cat":[2804,3030],"product_tag":[],"class_list":{"0":"post-226438","1":"product","2":"type-product","3":"status-publish","4":"has-post-thumbnail","6":"product_cat-autumn-winter-2025-26","7":"product_cat-winter-sale","8":"pa_f4-wysokosccholewkidlarozmiar-24-en","9":"pa_kolor-zielony-en","10":"pa_material-skoranaturalna-en","11":"pa_material-skoralicowa-en","12":"pa_obwodcholewkidlarozmiaru37cm-32-en","13":"pa_podeszwa-high-quality-synthetic-materials","14":"pa_podszewka-natural-leather","15":"pa_rodzaj-botki-en","16":"pa_rodzaj-cowboy-boots","17":"pa_size-36-en","18":"pa_size-37-en","19":"pa_size-38-en","20":"pa_size-39-en","21":"pa_size-40-en","22":"pa_size-41-en","23":"pa_tegosc-g-en","24":"pa_wysciolka-natural-leather","25":"pa_wysokoscobcasacm-3-en","26":"pa_zapiecie-zipper-2","27":"miinto-order","29":"first","30":"instock","31":"shipping-taxable","32":"purchasable","33":"product-type-variable"},"acf":[],"yoast_head":"<!-- This site is optimized with the Yoast SEO plugin v27.2 - https:\/\/yoast.com\/product\/yoast-seo-wordpress\/ -->\n<title>ON THE ROCKS - BOOTS, COWBOY BOOTS - Green<\/title>\n<meta name=\"description\" content=\"BOOTS, COWBOY BOOTS - ON THE ROCKS - Green od L37 - polskiej marki galanterii sk\u00f3rzanej, kt\u00f3ra \u0142\u0105czy klasyczn\u0105 estetyk\u0119 z nowoczesnym podej\u015bciem do mody.\" \/>\n<meta name=\"robots\" content=\"index, follow, max-snippet:-1, max-image-preview:large, max-video-preview:-1\" \/>\n<link rel=\"canonical\" href=\"https:\/\/l37.eu\/en\/product\/on-the-rocks-6\/\" \/>\n<meta property=\"og:locale\" content=\"en_US\" \/>\n<meta property=\"og:type\" content=\"article\" \/>\n<meta property=\"og:title\" content=\"ON THE ROCKS - BOOTS, COWBOY BOOTS - Green\" \/>\n<meta property=\"og:description\" content=\"BOOTS, COWBOY BOOTS - ON THE ROCKS - Green od L37 - polskiej marki galanterii sk\u00f3rzanej, kt\u00f3ra \u0142\u0105czy klasyczn\u0105 estetyk\u0119 z nowoczesnym podej\u015bciem do mody.\" \/>\n<meta property=\"og:url\" content=\"https:\/\/l37.eu\/en\/product\/on-the-rocks-6\/\" \/>\n<meta property=\"og:site_name\" content=\"L37 Handmade Shoes\" \/>\n<meta property=\"article:publisher\" content=\"https:\/\/www.facebook.com\/L37.eu\/\" \/>\n<meta property=\"article:modified_time\" content=\"2025-12-23T11:52:03+00:00\" \/>\n<meta property=\"og:image\" content=\"https:\/\/l37.eu\/wp-content\/uploads\/2025\/07\/5-6.jpg\" \/>\n\t<meta property=\"og:image:width\" content=\"1874\" \/>\n\t<meta property=\"og:image:height\" content=\"2500\" \/>\n\t<meta property=\"og:image:type\" content=\"image\/jpeg\" \/>\n<meta name=\"twitter:card\" content=\"summary_large_image\" \/>\n<meta name=\"twitter:label1\" content=\"Est. reading time\" \/>\n\t<meta name=\"twitter:data1\" content=\"1 minute\" \/>\n<script type=\"application\/ld+json\" class=\"yoast-schema-graph\">{\"@context\":\"https:\/\/schema.org\",\"@graph\":[{\"@type\":\"WebPage\",\"@id\":\"https:\/\/l37.eu\/en\/product\/on-the-rocks-6\/\",\"url\":\"https:\/\/l37.eu\/en\/product\/on-the-rocks-6\/\",\"name\":\"ON THE ROCKS - BOOTS, COWBOY BOOTS - Green\",\"isPartOf\":{\"@id\":\"https:\/\/l37.eu\/#website\"},\"primaryImageOfPage\":{\"@id\":\"https:\/\/l37.eu\/en\/product\/on-the-rocks-6\/#primaryimage\"},\"image\":{\"@id\":\"https:\/\/l37.eu\/en\/product\/on-the-rocks-6\/#primaryimage\"},\"thumbnailUrl\":\"https:\/\/l37.eu\/wp-content\/uploads\/2025\/07\/5-6.jpg\",\"datePublished\":\"2025-07-07T15:20:50+00:00\",\"dateModified\":\"2025-12-23T11:52:03+00:00\",\"description\":\"BOOTS, COWBOY BOOTS - ON THE ROCKS - Green od L37 - polskiej marki galanterii sk\u00f3rzanej, kt\u00f3ra \u0142\u0105czy klasyczn\u0105 estetyk\u0119 z nowoczesnym podej\u015bciem do mody.\",\"breadcrumb\":{\"@id\":\"https:\/\/l37.eu\/en\/product\/on-the-rocks-6\/#breadcrumb\"},\"inLanguage\":\"en-US\",\"potentialAction\":[{\"@type\":\"ReadAction\",\"target\":[\"https:\/\/l37.eu\/en\/product\/on-the-rocks-6\/\"]}]},{\"@type\":\"ImageObject\",\"inLanguage\":\"en-US\",\"@id\":\"https:\/\/l37.eu\/en\/product\/on-the-rocks-6\/#primaryimage\",\"url\":\"https:\/\/l37.eu\/wp-content\/uploads\/2025\/07\/5-6.jpg\",\"contentUrl\":\"https:\/\/l37.eu\/wp-content\/uploads\/2025\/07\/5-6.jpg\",\"width\":1874,\"height\":2500},{\"@type\":\"BreadcrumbList\",\"@id\":\"https:\/\/l37.eu\/en\/product\/on-the-rocks-6\/#breadcrumb\",\"itemListElement\":[{\"@type\":\"ListItem\",\"position\":1,\"name\":\"Home\",\"item\":\"https:\/\/l37.eu\/en\/\"},{\"@type\":\"ListItem\",\"position\":2,\"name\":\"Produkty\",\"item\":\"https:\/\/l37.eu\/shop\/\"},{\"@type\":\"ListItem\",\"position\":3,\"name\":\"ON THE ROCKS\"}]},{\"@type\":\"WebSite\",\"@id\":\"https:\/\/l37.eu\/#website\",\"url\":\"https:\/\/l37.eu\/\",\"name\":\"L37 - polska marka obuwia i torebek sk\u00f3rzanych\",\"description\":\"Discover the harmony between style and comfort in the latest collection of L37 Handmade Shoes for the spring-summer 2024 season. Inspired by nature and modern trends, this collection offers original design and exceptional comfort, emphasizing your personality in every step.\",\"publisher\":{\"@id\":\"https:\/\/l37.eu\/#organization\"},\"alternateName\":\"L37 - obuwie i galanteria sk\u00f3rzana\",\"potentialAction\":[{\"@type\":\"SearchAction\",\"target\":{\"@type\":\"EntryPoint\",\"urlTemplate\":\"https:\/\/l37.eu\/?s={search_term_string}\"},\"query-input\":{\"@type\":\"PropertyValueSpecification\",\"valueRequired\":true,\"valueName\":\"search_term_string\"}}],\"inLanguage\":\"en-US\"},{\"@type\":\"Organization\",\"@id\":\"https:\/\/l37.eu\/#organization\",\"name\":\"L37 - polska marka obuwia i torebek sk\u00f3rzanych\",\"url\":\"https:\/\/l37.eu\/\",\"logo\":{\"@type\":\"ImageObject\",\"inLanguage\":\"en-US\",\"@id\":\"https:\/\/l37.eu\/#\/schema\/logo\/image\/\",\"url\":\"\",\"contentUrl\":\"\",\"caption\":\"L37 - polska marka obuwia i torebek sk\u00f3rzanych\"},\"image\":{\"@id\":\"https:\/\/l37.eu\/#\/schema\/logo\/image\/\"},\"sameAs\":[\"https:\/\/www.facebook.com\/L37.eu\/\",\"https:\/\/www.instagram.com\/l37_official\/\"]}]}<\/script>\n<!-- \/ Yoast SEO plugin. -->","yoast_head_json":{"title":"ON THE ROCKS - BOOTS, COWBOY BOOTS - Green","description":"BOOTS, COWBOY BOOTS - ON THE ROCKS - Green od L37 - polskiej marki galanterii sk\u00f3rzanej, kt\u00f3ra \u0142\u0105czy klasyczn\u0105 estetyk\u0119 z nowoczesnym podej\u015bciem do mody.","robots":{"index":"index","follow":"follow","max-snippet":"max-snippet:-1","max-image-preview":"max-image-preview:large","max-video-preview":"max-video-preview:-1"},"canonical":"https:\/\/l37.eu\/en\/product\/on-the-rocks-6\/","og_locale":"en_US","og_type":"article","og_title":"ON THE ROCKS - BOOTS, COWBOY BOOTS - Green","og_description":"BOOTS, COWBOY BOOTS - ON THE ROCKS - Green od L37 - polskiej marki galanterii sk\u00f3rzanej, kt\u00f3ra \u0142\u0105czy klasyczn\u0105 estetyk\u0119 z nowoczesnym podej\u015bciem do mody.","og_url":"https:\/\/l37.eu\/en\/product\/on-the-rocks-6\/","og_site_name":"L37 Handmade Shoes","article_publisher":"https:\/\/www.facebook.com\/L37.eu\/","article_modified_time":"2025-12-23T11:52:03+00:00","og_image":[{"width":1874,"height":2500,"url":"https:\/\/l37.eu\/wp-content\/uploads\/2025\/07\/5-6.jpg","type":"image\/jpeg"}],"twitter_card":"summary_large_image","twitter_misc":{"Est. reading time":"1 minute"},"schema":{"@context":"https:\/\/schema.org","@graph":[{"@type":"WebPage","@id":"https:\/\/l37.eu\/en\/product\/on-the-rocks-6\/","url":"https:\/\/l37.eu\/en\/product\/on-the-rocks-6\/","name":"ON THE ROCKS - BOOTS, COWBOY BOOTS - Green","isPartOf":{"@id":"https:\/\/l37.eu\/#website"},"primaryImageOfPage":{"@id":"https:\/\/l37.eu\/en\/product\/on-the-rocks-6\/#primaryimage"},"image":{"@id":"https:\/\/l37.eu\/en\/product\/on-the-rocks-6\/#primaryimage"},"thumbnailUrl":"https:\/\/l37.eu\/wp-content\/uploads\/2025\/07\/5-6.jpg","datePublished":"2025-07-07T15:20:50+00:00","dateModified":"2025-12-23T11:52:03+00:00","description":"BOOTS, COWBOY BOOTS - ON THE ROCKS - Green od L37 - polskiej marki galanterii sk\u00f3rzanej, kt\u00f3ra \u0142\u0105czy klasyczn\u0105 estetyk\u0119 z nowoczesnym podej\u015bciem do mody.","breadcrumb":{"@id":"https:\/\/l37.eu\/en\/product\/on-the-rocks-6\/#breadcrumb"},"inLanguage":"en-US","potentialAction":[{"@type":"ReadAction","target":["https:\/\/l37.eu\/en\/product\/on-the-rocks-6\/"]}]},{"@type":"ImageObject","inLanguage":"en-US","@id":"https:\/\/l37.eu\/en\/product\/on-the-rocks-6\/#primaryimage","url":"https:\/\/l37.eu\/wp-content\/uploads\/2025\/07\/5-6.jpg","contentUrl":"https:\/\/l37.eu\/wp-content\/uploads\/2025\/07\/5-6.jpg","width":1874,"height":2500},{"@type":"BreadcrumbList","@id":"https:\/\/l37.eu\/en\/product\/on-the-rocks-6\/#breadcrumb","itemListElement":[{"@type":"ListItem","position":1,"name":"Home","item":"https:\/\/l37.eu\/en\/"},{"@type":"ListItem","position":2,"name":"Produkty","item":"https:\/\/l37.eu\/shop\/"},{"@type":"ListItem","position":3,"name":"ON THE ROCKS"}]},{"@type":"WebSite","@id":"https:\/\/l37.eu\/#website","url":"https:\/\/l37.eu\/","name":"L37 - polska marka obuwia i torebek sk\u00f3rzanych","description":"Discover the harmony between style and comfort in the latest collection of L37 Handmade Shoes for the spring-summer 2024 season. Inspired by nature and modern trends, this collection offers original design and exceptional comfort, emphasizing your personality in every step.","publisher":{"@id":"https:\/\/l37.eu\/#organization"},"alternateName":"L37 - obuwie i galanteria sk\u00f3rzana","potentialAction":[{"@type":"SearchAction","target":{"@type":"EntryPoint","urlTemplate":"https:\/\/l37.eu\/?s={search_term_string}"},"query-input":{"@type":"PropertyValueSpecification","valueRequired":true,"valueName":"search_term_string"}}],"inLanguage":"en-US"},{"@type":"Organization","@id":"https:\/\/l37.eu\/#organization","name":"L37 - polska marka obuwia i torebek sk\u00f3rzanych","url":"https:\/\/l37.eu\/","logo":{"@type":"ImageObject","inLanguage":"en-US","@id":"https:\/\/l37.eu\/#\/schema\/logo\/image\/","url":"","contentUrl":"","caption":"L37 - polska marka obuwia i torebek sk\u00f3rzanych"},"image":{"@id":"https:\/\/l37.eu\/#\/schema\/logo\/image\/"},"sameAs":["https:\/\/www.facebook.com\/L37.eu\/","https:\/\/www.instagram.com\/l37_official\/"]}]}},"_links":{"self":[{"href":"https:\/\/l37.eu\/en\/wp-json\/wp\/v2\/product\/226438","targetHints":{"allow":["GET"]}}],"collection":[{"href":"https:\/\/l37.eu\/en\/wp-json\/wp\/v2\/product"}],"about":[{"href":"https:\/\/l37.eu\/en\/wp-json\/wp\/v2\/types\/product"}],"replies":[{"embeddable":true,"href":"https:\/\/l37.eu\/en\/wp-json\/wp\/v2\/comments?post=226438"}],"wp:featuredmedia":[{"embeddable":true,"href":"https:\/\/l37.eu\/en\/wp-json\/wp\/v2\/media\/225718"}],"wp:attachment":[{"href":"https:\/\/l37.eu\/en\/wp-json\/wp\/v2\/media?parent=226438"}],"wp:term":[{"taxonomy":"product_brand","embeddable":true,"href":"https:\/\/l37.eu\/en\/wp-json\/wp\/v2\/product_brand?post=226438"},{"taxonomy":"product_cat","embeddable":true,"href":"https:\/\/l37.eu\/en\/wp-json\/wp\/v2\/product_cat?post=226438"},{"taxonomy":"product_tag","embeddable":true,"href":"https:\/\/l37.eu\/en\/wp-json\/wp\/v2\/product_tag?post=226438"}],"curies":[{"name":"wp","href":"https:\/\/api.w.org\/{rel}","templated":true}]}}