{"id":208254,"date":"2025-04-14T17:09:45","date_gmt":"2025-04-14T15:09:45","guid":{"rendered":"https:\/\/l37.eu\/product\/endless-love\/"},"modified":"2026-03-03T10:37:06","modified_gmt":"2026-03-03T09:37:06","slug":"endless-love","status":"publish","type":"product","link":"https:\/\/l37.eu\/en\/product\/endless-love\/","title":{"rendered":"ENDLESS LOVE"},"content":{"rendered":"<h3 data-path-to-node=\"0\"><b data-path-to-node=\"0\" data-index-in-node=\"0\">Discover Elegance and Sophistication with ENDLESS LOVE High Heels<\/b><\/h3>\n<p data-path-to-node=\"1\">Discover elegance and sophistication with our <b data-path-to-node=\"1\" data-index-in-node=\"46\">ENDLESS LOVE<\/b> high heels. These exceptional pumps in classic black were created for confident women who wish to add a few centimeters (<b data-path-to-node=\"1\" data-index-in-node=\"180\">11 cm heel<\/b>) and emphasize their original style.<\/p>\n<p data-path-to-node=\"2\">Crafted from high-quality <b data-path-to-node=\"2\" data-index-in-node=\"26\">natural leather and satin<\/b>, they offer extraordinary wearing comfort thanks to the pleasant-to-the-touch <b data-path-to-node=\"2\" data-index-in-node=\"130\">leather insole<\/b> and durable <b data-path-to-node=\"2\" data-index-in-node=\"157\">tunileather sole<\/b>. Our model features a <b data-path-to-node=\"2\" data-index-in-node=\"196\">G width<\/b>, ensuring a perfect fit. With these shoes, you will feel not only beautiful but also comfortable from early morning until late evening. Make every step a display of confidence with <b data-path-to-node=\"2\" data-index-in-node=\"385\">ENDLESS LOVE<\/b>. Tailored to every style, they are perfect for any occasion\u2014from a formal gala to an important business meeting. No compromises \u2013 choose elegance without boundaries!<\/p>\n","protected":false},"excerpt":{"rendered":"<p>BLACK SATIN HEELS WITH A DECORATIVE HEART<\/p>\n","protected":false},"featured_media":0,"comment_status":"closed","ping_status":"closed","template":"","meta":{"_acf_changed":false},"product_brand":[],"product_cat":[3032],"product_tag":[],"class_list":{"0":"post-208254","1":"product","2":"type-product","3":"status-publish","5":"product_cat-spring-summer-2026","6":"pa_kolor-black-en-2","7":"pa_material-satyna-en","8":"pa_podeszwa-tunis-rubber","9":"pa_podszewka-natural-leather","10":"pa_rodzaj-obcasy-en","11":"pa_size-36-en","12":"pa_size-37-en","13":"pa_size-38-en","14":"pa_size-39-en","15":"pa_size-40-en","16":"pa_size-41-en","17":"pa_tegosc-g-en","18":"pa_wysciolka-natural-leather","19":"pa_wysokoscobcasacm-11-en","20":"miinto-order","22":"first","23":"instock","24":"shipping-taxable","25":"purchasable","26":"product-type-variable"},"acf":[],"yoast_head":"<!-- This site is optimized with the Yoast SEO plugin v27.5 - https:\/\/yoast.com\/product\/yoast-seo-wordpress\/ -->\n<title>ENDLESS LOVE - PUMPS - black<\/title>\n<meta name=\"description\" content=\"PUMPS - ENDLESS LOVE - black od L37 - polskiej marki galanterii sk\u00f3rzanej, kt\u00f3ra \u0142\u0105czy klasyczn\u0105 estetyk\u0119 z nowoczesnym podej\u015bciem do mody.\" \/>\n<meta name=\"robots\" content=\"index, follow, max-snippet:-1, max-image-preview:large, max-video-preview:-1\" \/>\n<link rel=\"canonical\" href=\"https:\/\/l37.eu\/en\/product\/endless-love\/\" \/>\n<meta property=\"og:locale\" content=\"en_US\" \/>\n<meta property=\"og:type\" content=\"article\" \/>\n<meta property=\"og:title\" content=\"ENDLESS LOVE - PUMPS - black\" \/>\n<meta property=\"og:description\" content=\"PUMPS - ENDLESS LOVE - black od L37 - polskiej marki galanterii sk\u00f3rzanej, kt\u00f3ra \u0142\u0105czy klasyczn\u0105 estetyk\u0119 z nowoczesnym podej\u015bciem do mody.\" \/>\n<meta property=\"og:url\" content=\"https:\/\/l37.eu\/en\/product\/endless-love\/\" \/>\n<meta property=\"og:site_name\" content=\"L37 Handmade Shoes\" \/>\n<meta property=\"article:publisher\" content=\"https:\/\/www.facebook.com\/L37.eu\/\" \/>\n<meta property=\"article:modified_time\" content=\"2026-03-03T09:37:06+00:00\" \/>\n<meta property=\"og:image\" content=\"https:\/\/l37.eu\/wp-content\/uploads\/2025\/04\/1-2.jpg\" \/>\n\t<meta property=\"og:image:width\" content=\"1875\" \/>\n\t<meta property=\"og:image:height\" content=\"2500\" \/>\n\t<meta property=\"og:image:type\" content=\"image\/jpeg\" \/>\n<meta name=\"twitter:card\" content=\"summary_large_image\" \/>\n<meta name=\"twitter:label1\" content=\"Est. reading time\" \/>\n\t<meta name=\"twitter:data1\" content=\"1 minute\" \/>\n<script type=\"application\/ld+json\" class=\"yoast-schema-graph\">{\"@context\":\"https:\\\/\\\/schema.org\",\"@graph\":[{\"@type\":\"WebPage\",\"@id\":\"https:\\\/\\\/l37.eu\\\/en\\\/product\\\/endless-love\\\/\",\"url\":\"https:\\\/\\\/l37.eu\\\/en\\\/product\\\/endless-love\\\/\",\"name\":\"ENDLESS LOVE - PUMPS - black\",\"isPartOf\":{\"@id\":\"https:\\\/\\\/l37.eu\\\/#website\"},\"datePublished\":\"2025-04-14T15:09:45+00:00\",\"dateModified\":\"2026-03-03T09:37:06+00:00\",\"description\":\"PUMPS - ENDLESS LOVE - black od L37 - polskiej marki galanterii sk\u00f3rzanej, kt\u00f3ra \u0142\u0105czy klasyczn\u0105 estetyk\u0119 z nowoczesnym podej\u015bciem do mody.\",\"breadcrumb\":{\"@id\":\"https:\\\/\\\/l37.eu\\\/en\\\/product\\\/endless-love\\\/#breadcrumb\"},\"inLanguage\":\"en-US\",\"potentialAction\":[{\"@type\":\"ReadAction\",\"target\":[\"https:\\\/\\\/l37.eu\\\/en\\\/product\\\/endless-love\\\/\"]}]},{\"@type\":\"BreadcrumbList\",\"@id\":\"https:\\\/\\\/l37.eu\\\/en\\\/product\\\/endless-love\\\/#breadcrumb\",\"itemListElement\":[{\"@type\":\"ListItem\",\"position\":1,\"name\":\"Home\",\"item\":\"https:\\\/\\\/l37.eu\\\/en\\\/\"},{\"@type\":\"ListItem\",\"position\":2,\"name\":\"Produkty\",\"item\":\"https:\\\/\\\/l37.eu\\\/shop\\\/\"},{\"@type\":\"ListItem\",\"position\":3,\"name\":\"ENDLESS LOVE\"}]},{\"@type\":\"WebSite\",\"@id\":\"https:\\\/\\\/l37.eu\\\/#website\",\"url\":\"https:\\\/\\\/l37.eu\\\/\",\"name\":\"L37 - polska marka obuwia i torebek sk\u00f3rzanych\",\"description\":\"Discover the harmony between style and comfort in the latest collection of L37 Handmade Shoes for the spring-summer 2024 season. Inspired by nature and modern trends, this collection offers original design and exceptional comfort, emphasizing your personality in every step.\",\"publisher\":{\"@id\":\"https:\\\/\\\/l37.eu\\\/#organization\"},\"alternateName\":\"L37 - obuwie i galanteria sk\u00f3rzana\",\"potentialAction\":[{\"@type\":\"SearchAction\",\"target\":{\"@type\":\"EntryPoint\",\"urlTemplate\":\"https:\\\/\\\/l37.eu\\\/?s={search_term_string}\"},\"query-input\":{\"@type\":\"PropertyValueSpecification\",\"valueRequired\":true,\"valueName\":\"search_term_string\"}}],\"inLanguage\":\"en-US\"},{\"@type\":\"Organization\",\"@id\":\"https:\\\/\\\/l37.eu\\\/#organization\",\"name\":\"L37 - polska marka obuwia i torebek sk\u00f3rzanych\",\"url\":\"https:\\\/\\\/l37.eu\\\/\",\"logo\":{\"@type\":\"ImageObject\",\"inLanguage\":\"en-US\",\"@id\":\"https:\\\/\\\/l37.eu\\\/#\\\/schema\\\/logo\\\/image\\\/\",\"url\":\"\",\"contentUrl\":\"\",\"caption\":\"L37 - polska marka obuwia i torebek sk\u00f3rzanych\"},\"image\":{\"@id\":\"https:\\\/\\\/l37.eu\\\/#\\\/schema\\\/logo\\\/image\\\/\"},\"sameAs\":[\"https:\\\/\\\/www.facebook.com\\\/L37.eu\\\/\",\"https:\\\/\\\/www.instagram.com\\\/l37_official\\\/\"]}]}<\/script>\n<!-- \/ Yoast SEO plugin. -->","yoast_head_json":{"title":"ENDLESS LOVE - PUMPS - black","description":"PUMPS - ENDLESS LOVE - black od L37 - polskiej marki galanterii sk\u00f3rzanej, kt\u00f3ra \u0142\u0105czy klasyczn\u0105 estetyk\u0119 z nowoczesnym podej\u015bciem do mody.","robots":{"index":"index","follow":"follow","max-snippet":"max-snippet:-1","max-image-preview":"max-image-preview:large","max-video-preview":"max-video-preview:-1"},"canonical":"https:\/\/l37.eu\/en\/product\/endless-love\/","og_locale":"en_US","og_type":"article","og_title":"ENDLESS LOVE - PUMPS - black","og_description":"PUMPS - ENDLESS LOVE - black od L37 - polskiej marki galanterii sk\u00f3rzanej, kt\u00f3ra \u0142\u0105czy klasyczn\u0105 estetyk\u0119 z nowoczesnym podej\u015bciem do mody.","og_url":"https:\/\/l37.eu\/en\/product\/endless-love\/","og_site_name":"L37 Handmade Shoes","article_publisher":"https:\/\/www.facebook.com\/L37.eu\/","article_modified_time":"2026-03-03T09:37:06+00:00","og_image":[{"width":1875,"height":2500,"url":"https:\/\/l37.eu\/wp-content\/uploads\/2025\/04\/1-2.jpg","type":"image\/jpeg"}],"twitter_card":"summary_large_image","twitter_misc":{"Est. reading time":"1 minute"},"schema":{"@context":"https:\/\/schema.org","@graph":[{"@type":"WebPage","@id":"https:\/\/l37.eu\/en\/product\/endless-love\/","url":"https:\/\/l37.eu\/en\/product\/endless-love\/","name":"ENDLESS LOVE - PUMPS - black","isPartOf":{"@id":"https:\/\/l37.eu\/#website"},"datePublished":"2025-04-14T15:09:45+00:00","dateModified":"2026-03-03T09:37:06+00:00","description":"PUMPS - ENDLESS LOVE - black od L37 - polskiej marki galanterii sk\u00f3rzanej, kt\u00f3ra \u0142\u0105czy klasyczn\u0105 estetyk\u0119 z nowoczesnym podej\u015bciem do mody.","breadcrumb":{"@id":"https:\/\/l37.eu\/en\/product\/endless-love\/#breadcrumb"},"inLanguage":"en-US","potentialAction":[{"@type":"ReadAction","target":["https:\/\/l37.eu\/en\/product\/endless-love\/"]}]},{"@type":"BreadcrumbList","@id":"https:\/\/l37.eu\/en\/product\/endless-love\/#breadcrumb","itemListElement":[{"@type":"ListItem","position":1,"name":"Home","item":"https:\/\/l37.eu\/en\/"},{"@type":"ListItem","position":2,"name":"Produkty","item":"https:\/\/l37.eu\/shop\/"},{"@type":"ListItem","position":3,"name":"ENDLESS LOVE"}]},{"@type":"WebSite","@id":"https:\/\/l37.eu\/#website","url":"https:\/\/l37.eu\/","name":"L37 - polska marka obuwia i torebek sk\u00f3rzanych","description":"Discover the harmony between style and comfort in the latest collection of L37 Handmade Shoes for the spring-summer 2024 season. Inspired by nature and modern trends, this collection offers original design and exceptional comfort, emphasizing your personality in every step.","publisher":{"@id":"https:\/\/l37.eu\/#organization"},"alternateName":"L37 - obuwie i galanteria sk\u00f3rzana","potentialAction":[{"@type":"SearchAction","target":{"@type":"EntryPoint","urlTemplate":"https:\/\/l37.eu\/?s={search_term_string}"},"query-input":{"@type":"PropertyValueSpecification","valueRequired":true,"valueName":"search_term_string"}}],"inLanguage":"en-US"},{"@type":"Organization","@id":"https:\/\/l37.eu\/#organization","name":"L37 - polska marka obuwia i torebek sk\u00f3rzanych","url":"https:\/\/l37.eu\/","logo":{"@type":"ImageObject","inLanguage":"en-US","@id":"https:\/\/l37.eu\/#\/schema\/logo\/image\/","url":"","contentUrl":"","caption":"L37 - polska marka obuwia i torebek sk\u00f3rzanych"},"image":{"@id":"https:\/\/l37.eu\/#\/schema\/logo\/image\/"},"sameAs":["https:\/\/www.facebook.com\/L37.eu\/","https:\/\/www.instagram.com\/l37_official\/"]}]}},"_links":{"self":[{"href":"https:\/\/l37.eu\/en\/wp-json\/wp\/v2\/product\/208254","targetHints":{"allow":["GET"]}}],"collection":[{"href":"https:\/\/l37.eu\/en\/wp-json\/wp\/v2\/product"}],"about":[{"href":"https:\/\/l37.eu\/en\/wp-json\/wp\/v2\/types\/product"}],"replies":[{"embeddable":true,"href":"https:\/\/l37.eu\/en\/wp-json\/wp\/v2\/comments?post=208254"}],"wp:attachment":[{"href":"https:\/\/l37.eu\/en\/wp-json\/wp\/v2\/media?parent=208254"}],"wp:term":[{"taxonomy":"product_brand","embeddable":true,"href":"https:\/\/l37.eu\/en\/wp-json\/wp\/v2\/product_brand?post=208254"},{"taxonomy":"product_cat","embeddable":true,"href":"https:\/\/l37.eu\/en\/wp-json\/wp\/v2\/product_cat?post=208254"},{"taxonomy":"product_tag","embeddable":true,"href":"https:\/\/l37.eu\/en\/wp-json\/wp\/v2\/product_tag?post=208254"}],"curies":[{"name":"wp","href":"https:\/\/api.w.org\/{rel}","templated":true}]}}