{"id":201682,"date":"2025-03-11T14:51:57","date_gmt":"2025-03-11T13:51:57","guid":{"rendered":"https:\/\/l37.eu\/?post_type=product&#038;p=201682"},"modified":"2026-03-03T09:59:27","modified_gmt":"2026-03-03T08:59:27","slug":"alabama-cow","status":"publish","type":"product","link":"https:\/\/l37.eu\/en\/product\/alabama-cow\/","title":{"rendered":"ALABAMA"},"content":{"rendered":"<h3 data-path-to-node=\"0\"><b data-path-to-node=\"0\" data-index-in-node=\"0\">Discover Perfect Style with ALABAMA Ankle Boots<\/b><\/h3>\n<p data-path-to-node=\"1\">Discover perfect style with <b data-path-to-node=\"1\" data-index-in-node=\"28\">ALABAMA<\/b> &#8211; our elegant ankle boots that combine comfort and modern design. Available in a wide range of sizes from <b data-path-to-node=\"1\" data-index-in-node=\"142\">35 to 41<\/b>, these versatile boots are a must-have for every wardrobe.<\/p>\n<p data-path-to-node=\"2\">Crafted from the highest quality <b data-path-to-node=\"2\" data-index-in-node=\"33\">natural leather and velour<\/b>, the ALABAMA boots impress with their durability and unique appearance. Captivating white, classic black, or warm brown \u2014 choose the color that best highlights your style.<\/p>\n<p data-path-to-node=\"3\">Our boots combine functionality with fashion: the flat design and a <b data-path-to-node=\"3\" data-index-in-node=\"68\">3 cm heel<\/b> ensure comfort with every step. The <b data-path-to-node=\"3\" data-index-in-node=\"114\">natural leather lining and insole<\/b> provide comfort and breathability for your feet all day long. The <b data-path-to-node=\"3\" data-index-in-node=\"214\">tunileather sole<\/b> guarantees durability and reliability on various surfaces.<\/p>\n<p data-path-to-node=\"4\">ALABAMA ankle boots are perfect for daily stylings as well as special occasions. Regardless of your choice of color or style, these shoes remain a symbol of class and style that will delight everyone. Add yours to the cart and enjoy unique elegance for every occasion!<\/p>\n","protected":false},"excerpt":{"rendered":"<p>VELOUR ANKLE BOOTS WITH A BOLD ORIENTAL MOTIF<\/p>\n","protected":false},"featured_media":506228,"comment_status":"closed","ping_status":"closed","template":"","meta":{"_acf_changed":false},"product_brand":[],"product_cat":[2804,3032],"product_tag":[],"class_list":{"0":"post-201682","1":"product","2":"type-product","3":"status-publish","4":"has-post-thumbnail","6":"product_cat-autumn-winter-2025-26","7":"product_cat-spring-summer-2026","8":"pa_kolor-black-en-2","9":"pa_kolor-brown-en-2","10":"pa_kolor-white-en-2","11":"pa_material-skoranaturalna-en","12":"pa_material-welur-en","13":"pa_podeszwa-tunis-rubber","14":"pa_podszewka-natural-leather","15":"pa_rodzaj-botki-en","16":"pa_rodzaj-cowboy-boots","17":"pa_rodzaj-plaskie-en","18":"pa_size-35-en","19":"pa_size-36-en","20":"pa_size-37-en","21":"pa_size-38-en","22":"pa_size-39-en","23":"pa_size-40-en","24":"pa_size-41-en","25":"pa_tegosc-g-en","26":"pa_wysciolka-natural-leather","27":"pa_wysokoscobcasacm-3-en","28":"miinto-order","30":"first","31":"instock","32":"shipping-taxable","33":"purchasable","34":"product-type-variable"},"acf":[],"yoast_head":"<!-- This site is optimized with the Yoast SEO plugin v27.2 - https:\/\/yoast.com\/product\/yoast-seo-wordpress\/ -->\n<title>ALABAMA - BOOTS, COWBOY BOOTS, FLATS - black, brown, white<\/title>\n<meta name=\"description\" content=\"BOOTS, COWBOY BOOTS, FLATS - ALABAMA - black, brown, white od L37 - polskiej marki galanterii sk\u00f3rzanej, kt\u00f3ra \u0142\u0105czy klasyczn\u0105 estetyk\u0119 z nowoczesnym podej\u015bciem do mody.\" \/>\n<meta name=\"robots\" content=\"index, follow, max-snippet:-1, max-image-preview:large, max-video-preview:-1\" \/>\n<link rel=\"canonical\" href=\"https:\/\/l37.eu\/en\/product\/alabama-cow\/\" \/>\n<meta property=\"og:locale\" content=\"en_US\" \/>\n<meta property=\"og:type\" content=\"article\" \/>\n<meta property=\"og:title\" content=\"ALABAMA - BOOTS, COWBOY BOOTS, FLATS - black, brown, white\" \/>\n<meta property=\"og:description\" content=\"BOOTS, COWBOY BOOTS, FLATS - ALABAMA - black, brown, white od L37 - polskiej marki galanterii sk\u00f3rzanej, kt\u00f3ra \u0142\u0105czy klasyczn\u0105 estetyk\u0119 z nowoczesnym podej\u015bciem do mody.\" \/>\n<meta property=\"og:url\" content=\"https:\/\/l37.eu\/en\/product\/alabama-cow\/\" \/>\n<meta property=\"og:site_name\" content=\"L37 Handmade Shoes\" \/>\n<meta property=\"article:publisher\" content=\"https:\/\/www.facebook.com\/L37.eu\/\" \/>\n<meta property=\"article:modified_time\" content=\"2026-03-03T08:59:27+00:00\" \/>\n<meta property=\"og:image\" content=\"https:\/\/l37.eu\/wp-content\/uploads\/2025\/03\/2cc-2.jpg\" \/>\n\t<meta property=\"og:image:width\" content=\"1875\" \/>\n\t<meta property=\"og:image:height\" content=\"2500\" \/>\n\t<meta property=\"og:image:type\" content=\"image\/jpeg\" \/>\n<meta name=\"twitter:card\" content=\"summary_large_image\" \/>\n<meta name=\"twitter:label1\" content=\"Est. reading time\" \/>\n\t<meta name=\"twitter:data1\" content=\"1 minute\" \/>\n<script type=\"application\/ld+json\" class=\"yoast-schema-graph\">{\"@context\":\"https:\/\/schema.org\",\"@graph\":[{\"@type\":\"WebPage\",\"@id\":\"https:\/\/l37.eu\/en\/product\/alabama-cow\/\",\"url\":\"https:\/\/l37.eu\/en\/product\/alabama-cow\/\",\"name\":\"ALABAMA - BOOTS, COWBOY BOOTS, FLATS - black, brown, white\",\"isPartOf\":{\"@id\":\"https:\/\/l37.eu\/#website\"},\"primaryImageOfPage\":{\"@id\":\"https:\/\/l37.eu\/en\/product\/alabama-cow\/#primaryimage\"},\"image\":{\"@id\":\"https:\/\/l37.eu\/en\/product\/alabama-cow\/#primaryimage\"},\"thumbnailUrl\":\"https:\/\/l37.eu\/wp-content\/uploads\/2025\/03\/B_ALAB_CW-2.webp\",\"datePublished\":\"2025-03-11T13:51:57+00:00\",\"dateModified\":\"2026-03-03T08:59:27+00:00\",\"description\":\"BOOTS, COWBOY BOOTS, FLATS - ALABAMA - black, brown, white od L37 - polskiej marki galanterii sk\u00f3rzanej, kt\u00f3ra \u0142\u0105czy klasyczn\u0105 estetyk\u0119 z nowoczesnym podej\u015bciem do mody.\",\"breadcrumb\":{\"@id\":\"https:\/\/l37.eu\/en\/product\/alabama-cow\/#breadcrumb\"},\"inLanguage\":\"en-US\",\"potentialAction\":[{\"@type\":\"ReadAction\",\"target\":[\"https:\/\/l37.eu\/en\/product\/alabama-cow\/\"]}]},{\"@type\":\"ImageObject\",\"inLanguage\":\"en-US\",\"@id\":\"https:\/\/l37.eu\/en\/product\/alabama-cow\/#primaryimage\",\"url\":\"https:\/\/l37.eu\/wp-content\/uploads\/2025\/03\/B_ALAB_CW-2.webp\",\"contentUrl\":\"https:\/\/l37.eu\/wp-content\/uploads\/2025\/03\/B_ALAB_CW-2.webp\",\"width\":1875,\"height\":2500},{\"@type\":\"BreadcrumbList\",\"@id\":\"https:\/\/l37.eu\/en\/product\/alabama-cow\/#breadcrumb\",\"itemListElement\":[{\"@type\":\"ListItem\",\"position\":1,\"name\":\"Home\",\"item\":\"https:\/\/l37.eu\/en\/\"},{\"@type\":\"ListItem\",\"position\":2,\"name\":\"Produkty\",\"item\":\"https:\/\/l37.eu\/shop\/\"},{\"@type\":\"ListItem\",\"position\":3,\"name\":\"ALABAMA\"}]},{\"@type\":\"WebSite\",\"@id\":\"https:\/\/l37.eu\/#website\",\"url\":\"https:\/\/l37.eu\/\",\"name\":\"L37 - polska marka obuwia i torebek sk\u00f3rzanych\",\"description\":\"Discover the harmony between style and comfort in the latest collection of L37 Handmade Shoes for the spring-summer 2024 season. Inspired by nature and modern trends, this collection offers original design and exceptional comfort, emphasizing your personality in every step.\",\"publisher\":{\"@id\":\"https:\/\/l37.eu\/#organization\"},\"alternateName\":\"L37 - obuwie i galanteria sk\u00f3rzana\",\"potentialAction\":[{\"@type\":\"SearchAction\",\"target\":{\"@type\":\"EntryPoint\",\"urlTemplate\":\"https:\/\/l37.eu\/?s={search_term_string}\"},\"query-input\":{\"@type\":\"PropertyValueSpecification\",\"valueRequired\":true,\"valueName\":\"search_term_string\"}}],\"inLanguage\":\"en-US\"},{\"@type\":\"Organization\",\"@id\":\"https:\/\/l37.eu\/#organization\",\"name\":\"L37 - polska marka obuwia i torebek sk\u00f3rzanych\",\"url\":\"https:\/\/l37.eu\/\",\"logo\":{\"@type\":\"ImageObject\",\"inLanguage\":\"en-US\",\"@id\":\"https:\/\/l37.eu\/#\/schema\/logo\/image\/\",\"url\":\"\",\"contentUrl\":\"\",\"caption\":\"L37 - polska marka obuwia i torebek sk\u00f3rzanych\"},\"image\":{\"@id\":\"https:\/\/l37.eu\/#\/schema\/logo\/image\/\"},\"sameAs\":[\"https:\/\/www.facebook.com\/L37.eu\/\",\"https:\/\/www.instagram.com\/l37_official\/\"]}]}<\/script>\n<!-- \/ Yoast SEO plugin. -->","yoast_head_json":{"title":"ALABAMA - BOOTS, COWBOY BOOTS, FLATS - black, brown, white","description":"BOOTS, COWBOY BOOTS, FLATS - ALABAMA - black, brown, white od L37 - polskiej marki galanterii sk\u00f3rzanej, kt\u00f3ra \u0142\u0105czy klasyczn\u0105 estetyk\u0119 z nowoczesnym podej\u015bciem do mody.","robots":{"index":"index","follow":"follow","max-snippet":"max-snippet:-1","max-image-preview":"max-image-preview:large","max-video-preview":"max-video-preview:-1"},"canonical":"https:\/\/l37.eu\/en\/product\/alabama-cow\/","og_locale":"en_US","og_type":"article","og_title":"ALABAMA - BOOTS, COWBOY BOOTS, FLATS - black, brown, white","og_description":"BOOTS, COWBOY BOOTS, FLATS - ALABAMA - black, brown, white od L37 - polskiej marki galanterii sk\u00f3rzanej, kt\u00f3ra \u0142\u0105czy klasyczn\u0105 estetyk\u0119 z nowoczesnym podej\u015bciem do mody.","og_url":"https:\/\/l37.eu\/en\/product\/alabama-cow\/","og_site_name":"L37 Handmade Shoes","article_publisher":"https:\/\/www.facebook.com\/L37.eu\/","article_modified_time":"2026-03-03T08:59:27+00:00","og_image":[{"width":1875,"height":2500,"url":"https:\/\/l37.eu\/wp-content\/uploads\/2025\/03\/2cc-2.jpg","type":"image\/jpeg"}],"twitter_card":"summary_large_image","twitter_misc":{"Est. reading time":"1 minute"},"schema":{"@context":"https:\/\/schema.org","@graph":[{"@type":"WebPage","@id":"https:\/\/l37.eu\/en\/product\/alabama-cow\/","url":"https:\/\/l37.eu\/en\/product\/alabama-cow\/","name":"ALABAMA - BOOTS, COWBOY BOOTS, FLATS - black, brown, white","isPartOf":{"@id":"https:\/\/l37.eu\/#website"},"primaryImageOfPage":{"@id":"https:\/\/l37.eu\/en\/product\/alabama-cow\/#primaryimage"},"image":{"@id":"https:\/\/l37.eu\/en\/product\/alabama-cow\/#primaryimage"},"thumbnailUrl":"https:\/\/l37.eu\/wp-content\/uploads\/2025\/03\/B_ALAB_CW-2.webp","datePublished":"2025-03-11T13:51:57+00:00","dateModified":"2026-03-03T08:59:27+00:00","description":"BOOTS, COWBOY BOOTS, FLATS - ALABAMA - black, brown, white od L37 - polskiej marki galanterii sk\u00f3rzanej, kt\u00f3ra \u0142\u0105czy klasyczn\u0105 estetyk\u0119 z nowoczesnym podej\u015bciem do mody.","breadcrumb":{"@id":"https:\/\/l37.eu\/en\/product\/alabama-cow\/#breadcrumb"},"inLanguage":"en-US","potentialAction":[{"@type":"ReadAction","target":["https:\/\/l37.eu\/en\/product\/alabama-cow\/"]}]},{"@type":"ImageObject","inLanguage":"en-US","@id":"https:\/\/l37.eu\/en\/product\/alabama-cow\/#primaryimage","url":"https:\/\/l37.eu\/wp-content\/uploads\/2025\/03\/B_ALAB_CW-2.webp","contentUrl":"https:\/\/l37.eu\/wp-content\/uploads\/2025\/03\/B_ALAB_CW-2.webp","width":1875,"height":2500},{"@type":"BreadcrumbList","@id":"https:\/\/l37.eu\/en\/product\/alabama-cow\/#breadcrumb","itemListElement":[{"@type":"ListItem","position":1,"name":"Home","item":"https:\/\/l37.eu\/en\/"},{"@type":"ListItem","position":2,"name":"Produkty","item":"https:\/\/l37.eu\/shop\/"},{"@type":"ListItem","position":3,"name":"ALABAMA"}]},{"@type":"WebSite","@id":"https:\/\/l37.eu\/#website","url":"https:\/\/l37.eu\/","name":"L37 - polska marka obuwia i torebek sk\u00f3rzanych","description":"Discover the harmony between style and comfort in the latest collection of L37 Handmade Shoes for the spring-summer 2024 season. Inspired by nature and modern trends, this collection offers original design and exceptional comfort, emphasizing your personality in every step.","publisher":{"@id":"https:\/\/l37.eu\/#organization"},"alternateName":"L37 - obuwie i galanteria sk\u00f3rzana","potentialAction":[{"@type":"SearchAction","target":{"@type":"EntryPoint","urlTemplate":"https:\/\/l37.eu\/?s={search_term_string}"},"query-input":{"@type":"PropertyValueSpecification","valueRequired":true,"valueName":"search_term_string"}}],"inLanguage":"en-US"},{"@type":"Organization","@id":"https:\/\/l37.eu\/#organization","name":"L37 - polska marka obuwia i torebek sk\u00f3rzanych","url":"https:\/\/l37.eu\/","logo":{"@type":"ImageObject","inLanguage":"en-US","@id":"https:\/\/l37.eu\/#\/schema\/logo\/image\/","url":"","contentUrl":"","caption":"L37 - polska marka obuwia i torebek sk\u00f3rzanych"},"image":{"@id":"https:\/\/l37.eu\/#\/schema\/logo\/image\/"},"sameAs":["https:\/\/www.facebook.com\/L37.eu\/","https:\/\/www.instagram.com\/l37_official\/"]}]}},"_links":{"self":[{"href":"https:\/\/l37.eu\/en\/wp-json\/wp\/v2\/product\/201682","targetHints":{"allow":["GET"]}}],"collection":[{"href":"https:\/\/l37.eu\/en\/wp-json\/wp\/v2\/product"}],"about":[{"href":"https:\/\/l37.eu\/en\/wp-json\/wp\/v2\/types\/product"}],"replies":[{"embeddable":true,"href":"https:\/\/l37.eu\/en\/wp-json\/wp\/v2\/comments?post=201682"}],"wp:featuredmedia":[{"embeddable":true,"href":"https:\/\/l37.eu\/en\/wp-json\/wp\/v2\/media\/506228"}],"wp:attachment":[{"href":"https:\/\/l37.eu\/en\/wp-json\/wp\/v2\/media?parent=201682"}],"wp:term":[{"taxonomy":"product_brand","embeddable":true,"href":"https:\/\/l37.eu\/en\/wp-json\/wp\/v2\/product_brand?post=201682"},{"taxonomy":"product_cat","embeddable":true,"href":"https:\/\/l37.eu\/en\/wp-json\/wp\/v2\/product_cat?post=201682"},{"taxonomy":"product_tag","embeddable":true,"href":"https:\/\/l37.eu\/en\/wp-json\/wp\/v2\/product_tag?post=201682"}],"curies":[{"name":"wp","href":"https:\/\/api.w.org\/{rel}","templated":true}]}}