{"id":192748,"date":"2026-02-03T12:09:13","date_gmt":"2026-02-03T11:09:13","guid":{"rendered":"https:\/\/l37.eu\/product\/up-in-the-air-2\/"},"modified":"2026-03-24T22:56:27","modified_gmt":"2026-03-24T21:56:27","slug":"up-in-the-air-2","status":"publish","type":"product","link":"https:\/\/l37.eu\/en\/product\/up-in-the-air-2\/","title":{"rendered":"UP IN THE AIR"},"content":{"rendered":"<h3 data-path-to-node=\"0\"><b data-path-to-node=\"0\" data-index-in-node=\"0\">A Style Icon in an Artisanal Edition &#8211; UP IN THE AIR Black Ballerinas<\/b><\/h3>\n<p data-path-to-node=\"1\">The <b data-path-to-node=\"1\" data-index-in-node=\"4\">UP IN THE AIR<\/b> model is the definition of luxurious comfort and timeless design. These black ballerinas were created for women seeking shoes that combine an artistic flair with the highest quality natural materials. Made of soft leather, they feature a dense, precise weave that provides visual lightness and ensures perfect air circulation for your feet.<\/p>\n<p data-path-to-node=\"2\">A subtle black bow on the toe adds a classic, feminine charm, balancing the rawer structure of the leather weave. This model gracefully complements everything from an office suit to a breezy summer dress.<\/p>\n<p data-path-to-node=\"3\"><b data-path-to-node=\"3\" data-index-in-node=\"0\">Why choose the UP IN THE AIR model?<\/b><\/p>\n<ul data-path-to-node=\"4\">\n<li>\n<p data-path-to-node=\"4,0,0\"><b data-path-to-node=\"4,0,0\" data-index-in-node=\"0\">Artistic Weave:<\/b> A unique upper structure made of interwoven leather straps that perfectly adapts to the shape of the foot.<\/p>\n<\/li>\n<li>\n<p data-path-to-node=\"4,1,0\"><b data-path-to-node=\"4,1,0\" data-index-in-node=\"0\">Subtle Detail:<\/b> A classic, thin bow in the same color as the upper, giving the shoes a timeless ballet style.<\/p>\n<\/li>\n<li>\n<p data-path-to-node=\"4,2,0\"><b data-path-to-node=\"4,2,0\" data-index-in-node=\"0\">Deep Black:<\/b> An elegant and universal color that visually slims the foot and serves as a base for any styling.<\/p>\n<\/li>\n<li>\n<p data-path-to-node=\"4,3,0\"><b data-path-to-node=\"4,3,0\" data-index-in-node=\"0\">\u201cHandmade\u201d Comfort:<\/b> A leather insole with the brand&#8217;s logo guarantees softness and comfort even during an intense day.<\/p>\n<\/li>\n<\/ul>\n","protected":false},"excerpt":{"rendered":"<p>Leather ballerinas made of artisanal weave with a subtle bow<\/p>\n","protected":false},"featured_media":498894,"comment_status":"closed","ping_status":"closed","template":"","meta":{"_acf_changed":false},"product_brand":[],"product_cat":[3032],"product_tag":[],"class_list":{"0":"post-192748","1":"product","2":"type-product","3":"status-publish","4":"has-post-thumbnail","6":"product_cat-spring-summer-2026","7":"pa_kolor-black-en-2","8":"pa_material-skoranaturalna-en","9":"pa_material-skoralicowa-en","10":"pa_podeszwa-tunis-rubber","11":"pa_podszewka-natural-leather","12":"pa_rodzaj-baleriny-en","13":"pa_rodzaj-plaskie-en","14":"pa_rodzaj-shoes","15":"pa_size-36-en","16":"pa_size-37-en","17":"pa_size-38-en","18":"pa_size-39-en","19":"pa_size-40-en","20":"pa_size-41-en","21":"pa_tegosc-g-en","22":"pa_wysciolka-natural-leather","23":"pa_wysokoscobcasacm-1-en","24":"miinto-order","26":"first","27":"instock","28":"shipping-taxable","29":"purchasable","30":"product-type-variable"},"acf":[],"yoast_head":"<!-- This site is optimized with the Yoast SEO plugin v27.2 - https:\/\/yoast.com\/product\/yoast-seo-wordpress\/ -->\n<title>UP IN THE AIR - BALLERINAS, FLATS, SHOES - black<\/title>\n<meta name=\"description\" content=\"BALLERINAS, FLATS, SHOES - UP IN THE AIR - black od L37 - polskiej marki galanterii sk\u00f3rzanej, kt\u00f3ra \u0142\u0105czy klasyczn\u0105 estetyk\u0119 z nowoczesnym podej\u015bciem do mody.\" \/>\n<meta name=\"robots\" content=\"index, follow, max-snippet:-1, max-image-preview:large, max-video-preview:-1\" \/>\n<link rel=\"canonical\" href=\"https:\/\/l37.eu\/en\/product\/up-in-the-air-2\/\" \/>\n<meta property=\"og:locale\" content=\"en_US\" \/>\n<meta property=\"og:type\" content=\"article\" \/>\n<meta property=\"og:title\" content=\"UP IN THE AIR - BALLERINAS, FLATS, SHOES - black\" \/>\n<meta property=\"og:description\" content=\"BALLERINAS, FLATS, SHOES - UP IN THE AIR - black od L37 - polskiej marki galanterii sk\u00f3rzanej, kt\u00f3ra \u0142\u0105czy klasyczn\u0105 estetyk\u0119 z nowoczesnym podej\u015bciem do mody.\" \/>\n<meta property=\"og:url\" content=\"https:\/\/l37.eu\/en\/product\/up-in-the-air-2\/\" \/>\n<meta property=\"og:site_name\" content=\"L37 Handmade Shoes\" \/>\n<meta property=\"article:publisher\" content=\"https:\/\/www.facebook.com\/L37.eu\/\" \/>\n<meta property=\"article:modified_time\" content=\"2026-03-24T21:56:27+00:00\" \/>\n<meta property=\"og:image\" content=\"https:\/\/l37.eu\/wp-content\/uploads\/2026\/02\/P_UITA_BLACK-1.webp\" \/>\n\t<meta property=\"og:image:width\" content=\"1875\" \/>\n\t<meta property=\"og:image:height\" content=\"2500\" \/>\n\t<meta property=\"og:image:type\" content=\"image\/webp\" \/>\n<meta name=\"twitter:card\" content=\"summary_large_image\" \/>\n<meta name=\"twitter:label1\" content=\"Est. reading time\" \/>\n\t<meta name=\"twitter:data1\" content=\"1 minute\" \/>\n<script type=\"application\/ld+json\" class=\"yoast-schema-graph\">{\"@context\":\"https:\/\/schema.org\",\"@graph\":[{\"@type\":\"WebPage\",\"@id\":\"https:\/\/l37.eu\/en\/product\/up-in-the-air-2\/\",\"url\":\"https:\/\/l37.eu\/en\/product\/up-in-the-air-2\/\",\"name\":\"UP IN THE AIR - BALLERINAS, FLATS, SHOES - black\",\"isPartOf\":{\"@id\":\"https:\/\/l37.eu\/#website\"},\"primaryImageOfPage\":{\"@id\":\"https:\/\/l37.eu\/en\/product\/up-in-the-air-2\/#primaryimage\"},\"image\":{\"@id\":\"https:\/\/l37.eu\/en\/product\/up-in-the-air-2\/#primaryimage\"},\"thumbnailUrl\":\"https:\/\/l37.eu\/wp-content\/uploads\/2026\/02\/P_UITA_BLACK-1.webp\",\"datePublished\":\"2026-02-03T11:09:13+00:00\",\"dateModified\":\"2026-03-24T21:56:27+00:00\",\"description\":\"BALLERINAS, FLATS, SHOES - UP IN THE AIR - black od L37 - polskiej marki galanterii sk\u00f3rzanej, kt\u00f3ra \u0142\u0105czy klasyczn\u0105 estetyk\u0119 z nowoczesnym podej\u015bciem do mody.\",\"breadcrumb\":{\"@id\":\"https:\/\/l37.eu\/en\/product\/up-in-the-air-2\/#breadcrumb\"},\"inLanguage\":\"en-US\",\"potentialAction\":[{\"@type\":\"ReadAction\",\"target\":[\"https:\/\/l37.eu\/en\/product\/up-in-the-air-2\/\"]}]},{\"@type\":\"ImageObject\",\"inLanguage\":\"en-US\",\"@id\":\"https:\/\/l37.eu\/en\/product\/up-in-the-air-2\/#primaryimage\",\"url\":\"https:\/\/l37.eu\/wp-content\/uploads\/2026\/02\/P_UITA_BLACK-1.webp\",\"contentUrl\":\"https:\/\/l37.eu\/wp-content\/uploads\/2026\/02\/P_UITA_BLACK-1.webp\",\"width\":1875,\"height\":2500,\"caption\":\"Czarne-plecione-baleriny-skorzane-UP-IN-THE-AIR-widok-z-profilu\"},{\"@type\":\"BreadcrumbList\",\"@id\":\"https:\/\/l37.eu\/en\/product\/up-in-the-air-2\/#breadcrumb\",\"itemListElement\":[{\"@type\":\"ListItem\",\"position\":1,\"name\":\"Home\",\"item\":\"https:\/\/l37.eu\/en\/\"},{\"@type\":\"ListItem\",\"position\":2,\"name\":\"Produkty\",\"item\":\"https:\/\/l37.eu\/shop\/\"},{\"@type\":\"ListItem\",\"position\":3,\"name\":\"UP IN THE AIR\"}]},{\"@type\":\"WebSite\",\"@id\":\"https:\/\/l37.eu\/#website\",\"url\":\"https:\/\/l37.eu\/\",\"name\":\"L37 - polska marka obuwia i torebek sk\u00f3rzanych\",\"description\":\"Discover the harmony between style and comfort in the latest collection of L37 Handmade Shoes for the spring-summer 2024 season. Inspired by nature and modern trends, this collection offers original design and exceptional comfort, emphasizing your personality in every step.\",\"publisher\":{\"@id\":\"https:\/\/l37.eu\/#organization\"},\"alternateName\":\"L37 - obuwie i galanteria sk\u00f3rzana\",\"potentialAction\":[{\"@type\":\"SearchAction\",\"target\":{\"@type\":\"EntryPoint\",\"urlTemplate\":\"https:\/\/l37.eu\/?s={search_term_string}\"},\"query-input\":{\"@type\":\"PropertyValueSpecification\",\"valueRequired\":true,\"valueName\":\"search_term_string\"}}],\"inLanguage\":\"en-US\"},{\"@type\":\"Organization\",\"@id\":\"https:\/\/l37.eu\/#organization\",\"name\":\"L37 - polska marka obuwia i torebek sk\u00f3rzanych\",\"url\":\"https:\/\/l37.eu\/\",\"logo\":{\"@type\":\"ImageObject\",\"inLanguage\":\"en-US\",\"@id\":\"https:\/\/l37.eu\/#\/schema\/logo\/image\/\",\"url\":\"\",\"contentUrl\":\"\",\"caption\":\"L37 - polska marka obuwia i torebek sk\u00f3rzanych\"},\"image\":{\"@id\":\"https:\/\/l37.eu\/#\/schema\/logo\/image\/\"},\"sameAs\":[\"https:\/\/www.facebook.com\/L37.eu\/\",\"https:\/\/www.instagram.com\/l37_official\/\"]}]}<\/script>\n<!-- \/ Yoast SEO plugin. -->","yoast_head_json":{"title":"UP IN THE AIR - BALLERINAS, FLATS, SHOES - black","description":"BALLERINAS, FLATS, SHOES - UP IN THE AIR - black od L37 - polskiej marki galanterii sk\u00f3rzanej, kt\u00f3ra \u0142\u0105czy klasyczn\u0105 estetyk\u0119 z nowoczesnym podej\u015bciem do mody.","robots":{"index":"index","follow":"follow","max-snippet":"max-snippet:-1","max-image-preview":"max-image-preview:large","max-video-preview":"max-video-preview:-1"},"canonical":"https:\/\/l37.eu\/en\/product\/up-in-the-air-2\/","og_locale":"en_US","og_type":"article","og_title":"UP IN THE AIR - BALLERINAS, FLATS, SHOES - black","og_description":"BALLERINAS, FLATS, SHOES - UP IN THE AIR - black od L37 - polskiej marki galanterii sk\u00f3rzanej, kt\u00f3ra \u0142\u0105czy klasyczn\u0105 estetyk\u0119 z nowoczesnym podej\u015bciem do mody.","og_url":"https:\/\/l37.eu\/en\/product\/up-in-the-air-2\/","og_site_name":"L37 Handmade Shoes","article_publisher":"https:\/\/www.facebook.com\/L37.eu\/","article_modified_time":"2026-03-24T21:56:27+00:00","og_image":[{"width":1875,"height":2500,"url":"https:\/\/l37.eu\/wp-content\/uploads\/2026\/02\/P_UITA_BLACK-1.webp","type":"image\/webp"}],"twitter_card":"summary_large_image","twitter_misc":{"Est. reading time":"1 minute"},"schema":{"@context":"https:\/\/schema.org","@graph":[{"@type":"WebPage","@id":"https:\/\/l37.eu\/en\/product\/up-in-the-air-2\/","url":"https:\/\/l37.eu\/en\/product\/up-in-the-air-2\/","name":"UP IN THE AIR - BALLERINAS, FLATS, SHOES - black","isPartOf":{"@id":"https:\/\/l37.eu\/#website"},"primaryImageOfPage":{"@id":"https:\/\/l37.eu\/en\/product\/up-in-the-air-2\/#primaryimage"},"image":{"@id":"https:\/\/l37.eu\/en\/product\/up-in-the-air-2\/#primaryimage"},"thumbnailUrl":"https:\/\/l37.eu\/wp-content\/uploads\/2026\/02\/P_UITA_BLACK-1.webp","datePublished":"2026-02-03T11:09:13+00:00","dateModified":"2026-03-24T21:56:27+00:00","description":"BALLERINAS, FLATS, SHOES - UP IN THE AIR - black od L37 - polskiej marki galanterii sk\u00f3rzanej, kt\u00f3ra \u0142\u0105czy klasyczn\u0105 estetyk\u0119 z nowoczesnym podej\u015bciem do mody.","breadcrumb":{"@id":"https:\/\/l37.eu\/en\/product\/up-in-the-air-2\/#breadcrumb"},"inLanguage":"en-US","potentialAction":[{"@type":"ReadAction","target":["https:\/\/l37.eu\/en\/product\/up-in-the-air-2\/"]}]},{"@type":"ImageObject","inLanguage":"en-US","@id":"https:\/\/l37.eu\/en\/product\/up-in-the-air-2\/#primaryimage","url":"https:\/\/l37.eu\/wp-content\/uploads\/2026\/02\/P_UITA_BLACK-1.webp","contentUrl":"https:\/\/l37.eu\/wp-content\/uploads\/2026\/02\/P_UITA_BLACK-1.webp","width":1875,"height":2500,"caption":"Czarne-plecione-baleriny-skorzane-UP-IN-THE-AIR-widok-z-profilu"},{"@type":"BreadcrumbList","@id":"https:\/\/l37.eu\/en\/product\/up-in-the-air-2\/#breadcrumb","itemListElement":[{"@type":"ListItem","position":1,"name":"Home","item":"https:\/\/l37.eu\/en\/"},{"@type":"ListItem","position":2,"name":"Produkty","item":"https:\/\/l37.eu\/shop\/"},{"@type":"ListItem","position":3,"name":"UP IN THE AIR"}]},{"@type":"WebSite","@id":"https:\/\/l37.eu\/#website","url":"https:\/\/l37.eu\/","name":"L37 - polska marka obuwia i torebek sk\u00f3rzanych","description":"Discover the harmony between style and comfort in the latest collection of L37 Handmade Shoes for the spring-summer 2024 season. Inspired by nature and modern trends, this collection offers original design and exceptional comfort, emphasizing your personality in every step.","publisher":{"@id":"https:\/\/l37.eu\/#organization"},"alternateName":"L37 - obuwie i galanteria sk\u00f3rzana","potentialAction":[{"@type":"SearchAction","target":{"@type":"EntryPoint","urlTemplate":"https:\/\/l37.eu\/?s={search_term_string}"},"query-input":{"@type":"PropertyValueSpecification","valueRequired":true,"valueName":"search_term_string"}}],"inLanguage":"en-US"},{"@type":"Organization","@id":"https:\/\/l37.eu\/#organization","name":"L37 - polska marka obuwia i torebek sk\u00f3rzanych","url":"https:\/\/l37.eu\/","logo":{"@type":"ImageObject","inLanguage":"en-US","@id":"https:\/\/l37.eu\/#\/schema\/logo\/image\/","url":"","contentUrl":"","caption":"L37 - polska marka obuwia i torebek sk\u00f3rzanych"},"image":{"@id":"https:\/\/l37.eu\/#\/schema\/logo\/image\/"},"sameAs":["https:\/\/www.facebook.com\/L37.eu\/","https:\/\/www.instagram.com\/l37_official\/"]}]}},"_links":{"self":[{"href":"https:\/\/l37.eu\/en\/wp-json\/wp\/v2\/product\/192748","targetHints":{"allow":["GET"]}}],"collection":[{"href":"https:\/\/l37.eu\/en\/wp-json\/wp\/v2\/product"}],"about":[{"href":"https:\/\/l37.eu\/en\/wp-json\/wp\/v2\/types\/product"}],"replies":[{"embeddable":true,"href":"https:\/\/l37.eu\/en\/wp-json\/wp\/v2\/comments?post=192748"}],"wp:featuredmedia":[{"embeddable":true,"href":"https:\/\/l37.eu\/en\/wp-json\/wp\/v2\/media\/498894"}],"wp:attachment":[{"href":"https:\/\/l37.eu\/en\/wp-json\/wp\/v2\/media?parent=192748"}],"wp:term":[{"taxonomy":"product_brand","embeddable":true,"href":"https:\/\/l37.eu\/en\/wp-json\/wp\/v2\/product_brand?post=192748"},{"taxonomy":"product_cat","embeddable":true,"href":"https:\/\/l37.eu\/en\/wp-json\/wp\/v2\/product_cat?post=192748"},{"taxonomy":"product_tag","embeddable":true,"href":"https:\/\/l37.eu\/en\/wp-json\/wp\/v2\/product_tag?post=192748"}],"curies":[{"name":"wp","href":"https:\/\/api.w.org\/{rel}","templated":true}]}}