{"id":192045,"date":"2025-01-07T15:35:06","date_gmt":"2025-01-07T14:35:06","guid":{"rendered":"https:\/\/l37.eu\/?post_type=product&#038;p=192045"},"modified":"2026-03-02T12:16:20","modified_gmt":"2026-03-02T11:16:20","slug":"find-a-way-out","status":"publish","type":"product","link":"https:\/\/l37.eu\/en\/product\/find-a-way-out\/","title":{"rendered":"FIND A WAY OUT"},"content":{"rendered":"<p data-start=\"67\" data-end=\"397\">Discover a new dimension of elegance with the <strong data-start=\"113\" data-end=\"133\">&#8220;FIND A WAY OUT&#8221;<\/strong> bag. This exceptional bag is crafted from premium full-grain leather, ensuring durability and a distinctive look. Its rich brown color combined with gold hardware adds a touch of class and style. Perfect for any occasion\u2014from everyday outings to special events.<\/p>\n<p data-start=\"399\" data-end=\"733\">With dimensions of 40 cm width, 24 cm height, and 12 cm depth, it is highly functional, easily accommodating all your essentials such as your wallet, keys, and cosmetics. A stylish choice for women who appreciate luxury and sophistication. Treat yourself to a touch of luxury and express your personality with this unique accessory.<\/p>\n","protected":false},"excerpt":{"rendered":"<p>Brown Basket &#8211; Style Bag<\/p>\n","protected":false},"featured_media":533541,"comment_status":"closed","ping_status":"closed","template":"","meta":{"_acf_changed":false},"product_brand":[],"product_cat":[52,2785,3032],"product_tag":[],"class_list":{"0":"post-192045","1":"product","2":"type-product","3":"status-publish","4":"has-post-thumbnail","6":"product_cat-bags-en","7":"product_cat-bestsellers","8":"product_cat-spring-summer-2026","9":"pa_glebokosc-12cm-en","10":"pa_kolor-brown-en-2","11":"pa_material-skoranaturalna-en","12":"pa_material-skoralicowa-en","13":"pa_okucia-gold","14":"pa_rodzaj-bag","15":"pa_szerokosc-40-cm-en","16":"pa_wysokosc-49-cm-en","17":"miinto-order","19":"first","20":"instock","21":"shipping-taxable","22":"purchasable","23":"product-type-simple"},"acf":[],"yoast_head":"<!-- This site is optimized with the Yoast SEO plugin v27.5 - https:\/\/yoast.com\/product\/yoast-seo-wordpress\/ -->\n<title>FIND A WAY OUT - BAG - brown<\/title>\n<meta name=\"description\" content=\"BAG - FIND A WAY OUT - brown od L37 - polskiej marki galanterii sk\u00f3rzanej, kt\u00f3ra \u0142\u0105czy klasyczn\u0105 estetyk\u0119 z nowoczesnym podej\u015bciem do mody.\" \/>\n<meta name=\"robots\" content=\"index, follow, max-snippet:-1, max-image-preview:large, max-video-preview:-1\" \/>\n<link rel=\"canonical\" href=\"https:\/\/l37.eu\/en\/product\/find-a-way-out\/\" \/>\n<meta property=\"og:locale\" content=\"en_US\" \/>\n<meta property=\"og:type\" content=\"article\" \/>\n<meta property=\"og:title\" content=\"FIND A WAY OUT - BAG - brown\" \/>\n<meta property=\"og:description\" content=\"BAG - FIND A WAY OUT - brown od L37 - polskiej marki galanterii sk\u00f3rzanej, kt\u00f3ra \u0142\u0105czy klasyczn\u0105 estetyk\u0119 z nowoczesnym podej\u015bciem do mody.\" \/>\n<meta property=\"og:url\" content=\"https:\/\/l37.eu\/en\/product\/find-a-way-out\/\" \/>\n<meta property=\"og:site_name\" content=\"L37 Handmade Shoes\" \/>\n<meta property=\"article:publisher\" content=\"https:\/\/www.facebook.com\/L37.eu\/\" \/>\n<meta property=\"article:modified_time\" content=\"2026-03-02T11:16:20+00:00\" \/>\n<meta property=\"og:image\" content=\"https:\/\/l37.eu\/wp-content\/uploads\/2025\/01\/1-2.jpg\" \/>\n\t<meta property=\"og:image:width\" content=\"1875\" \/>\n\t<meta property=\"og:image:height\" content=\"2500\" \/>\n\t<meta property=\"og:image:type\" content=\"image\/jpeg\" \/>\n<meta name=\"twitter:card\" content=\"summary_large_image\" \/>\n<meta name=\"twitter:label1\" content=\"Est. reading time\" \/>\n\t<meta name=\"twitter:data1\" content=\"1 minute\" \/>\n<script type=\"application\/ld+json\" class=\"yoast-schema-graph\">{\"@context\":\"https:\\\/\\\/schema.org\",\"@graph\":[{\"@type\":\"WebPage\",\"@id\":\"https:\\\/\\\/l37.eu\\\/en\\\/product\\\/find-a-way-out\\\/\",\"url\":\"https:\\\/\\\/l37.eu\\\/en\\\/product\\\/find-a-way-out\\\/\",\"name\":\"FIND A WAY OUT - BAG - brown\",\"isPartOf\":{\"@id\":\"https:\\\/\\\/l37.eu\\\/#website\"},\"primaryImageOfPage\":{\"@id\":\"https:\\\/\\\/l37.eu\\\/en\\\/product\\\/find-a-way-out\\\/#primaryimage\"},\"image\":{\"@id\":\"https:\\\/\\\/l37.eu\\\/en\\\/product\\\/find-a-way-out\\\/#primaryimage\"},\"thumbnailUrl\":\"https:\\\/\\\/l37.eu\\\/wp-content\\\/uploads\\\/2025\\\/01\\\/Bez-nazwy-1.webp\",\"datePublished\":\"2025-01-07T14:35:06+00:00\",\"dateModified\":\"2026-03-02T11:16:20+00:00\",\"description\":\"BAG - FIND A WAY OUT - brown od L37 - polskiej marki galanterii sk\u00f3rzanej, kt\u00f3ra \u0142\u0105czy klasyczn\u0105 estetyk\u0119 z nowoczesnym podej\u015bciem do mody.\",\"breadcrumb\":{\"@id\":\"https:\\\/\\\/l37.eu\\\/en\\\/product\\\/find-a-way-out\\\/#breadcrumb\"},\"inLanguage\":\"en-US\",\"potentialAction\":[{\"@type\":\"ReadAction\",\"target\":[\"https:\\\/\\\/l37.eu\\\/en\\\/product\\\/find-a-way-out\\\/\"]}]},{\"@type\":\"ImageObject\",\"inLanguage\":\"en-US\",\"@id\":\"https:\\\/\\\/l37.eu\\\/en\\\/product\\\/find-a-way-out\\\/#primaryimage\",\"url\":\"https:\\\/\\\/l37.eu\\\/wp-content\\\/uploads\\\/2025\\\/01\\\/Bez-nazwy-1.webp\",\"contentUrl\":\"https:\\\/\\\/l37.eu\\\/wp-content\\\/uploads\\\/2025\\\/01\\\/Bez-nazwy-1.webp\",\"width\":1890,\"height\":2521},{\"@type\":\"BreadcrumbList\",\"@id\":\"https:\\\/\\\/l37.eu\\\/en\\\/product\\\/find-a-way-out\\\/#breadcrumb\",\"itemListElement\":[{\"@type\":\"ListItem\",\"position\":1,\"name\":\"Home\",\"item\":\"https:\\\/\\\/l37.eu\\\/en\\\/\"},{\"@type\":\"ListItem\",\"position\":2,\"name\":\"Produkty\",\"item\":\"https:\\\/\\\/l37.eu\\\/shop\\\/\"},{\"@type\":\"ListItem\",\"position\":3,\"name\":\"FIND A WAY OUT\"}]},{\"@type\":\"WebSite\",\"@id\":\"https:\\\/\\\/l37.eu\\\/#website\",\"url\":\"https:\\\/\\\/l37.eu\\\/\",\"name\":\"L37 - polska marka obuwia i torebek sk\u00f3rzanych\",\"description\":\"Discover the harmony between style and comfort in the latest collection of L37 Handmade Shoes for the spring-summer 2024 season. Inspired by nature and modern trends, this collection offers original design and exceptional comfort, emphasizing your personality in every step.\",\"publisher\":{\"@id\":\"https:\\\/\\\/l37.eu\\\/#organization\"},\"alternateName\":\"L37 - obuwie i galanteria sk\u00f3rzana\",\"potentialAction\":[{\"@type\":\"SearchAction\",\"target\":{\"@type\":\"EntryPoint\",\"urlTemplate\":\"https:\\\/\\\/l37.eu\\\/?s={search_term_string}\"},\"query-input\":{\"@type\":\"PropertyValueSpecification\",\"valueRequired\":true,\"valueName\":\"search_term_string\"}}],\"inLanguage\":\"en-US\"},{\"@type\":\"Organization\",\"@id\":\"https:\\\/\\\/l37.eu\\\/#organization\",\"name\":\"L37 - polska marka obuwia i torebek sk\u00f3rzanych\",\"url\":\"https:\\\/\\\/l37.eu\\\/\",\"logo\":{\"@type\":\"ImageObject\",\"inLanguage\":\"en-US\",\"@id\":\"https:\\\/\\\/l37.eu\\\/#\\\/schema\\\/logo\\\/image\\\/\",\"url\":\"\",\"contentUrl\":\"\",\"caption\":\"L37 - polska marka obuwia i torebek sk\u00f3rzanych\"},\"image\":{\"@id\":\"https:\\\/\\\/l37.eu\\\/#\\\/schema\\\/logo\\\/image\\\/\"},\"sameAs\":[\"https:\\\/\\\/www.facebook.com\\\/L37.eu\\\/\",\"https:\\\/\\\/www.instagram.com\\\/l37_official\\\/\"]}]}<\/script>\n<!-- \/ Yoast SEO plugin. -->","yoast_head_json":{"title":"FIND A WAY OUT - BAG - brown","description":"BAG - FIND A WAY OUT - brown od L37 - polskiej marki galanterii sk\u00f3rzanej, kt\u00f3ra \u0142\u0105czy klasyczn\u0105 estetyk\u0119 z nowoczesnym podej\u015bciem do mody.","robots":{"index":"index","follow":"follow","max-snippet":"max-snippet:-1","max-image-preview":"max-image-preview:large","max-video-preview":"max-video-preview:-1"},"canonical":"https:\/\/l37.eu\/en\/product\/find-a-way-out\/","og_locale":"en_US","og_type":"article","og_title":"FIND A WAY OUT - BAG - brown","og_description":"BAG - FIND A WAY OUT - brown od L37 - polskiej marki galanterii sk\u00f3rzanej, kt\u00f3ra \u0142\u0105czy klasyczn\u0105 estetyk\u0119 z nowoczesnym podej\u015bciem do mody.","og_url":"https:\/\/l37.eu\/en\/product\/find-a-way-out\/","og_site_name":"L37 Handmade Shoes","article_publisher":"https:\/\/www.facebook.com\/L37.eu\/","article_modified_time":"2026-03-02T11:16:20+00:00","og_image":[{"width":1875,"height":2500,"url":"https:\/\/l37.eu\/wp-content\/uploads\/2025\/01\/1-2.jpg","type":"image\/jpeg"}],"twitter_card":"summary_large_image","twitter_misc":{"Est. reading time":"1 minute"},"schema":{"@context":"https:\/\/schema.org","@graph":[{"@type":"WebPage","@id":"https:\/\/l37.eu\/en\/product\/find-a-way-out\/","url":"https:\/\/l37.eu\/en\/product\/find-a-way-out\/","name":"FIND A WAY OUT - BAG - brown","isPartOf":{"@id":"https:\/\/l37.eu\/#website"},"primaryImageOfPage":{"@id":"https:\/\/l37.eu\/en\/product\/find-a-way-out\/#primaryimage"},"image":{"@id":"https:\/\/l37.eu\/en\/product\/find-a-way-out\/#primaryimage"},"thumbnailUrl":"https:\/\/l37.eu\/wp-content\/uploads\/2025\/01\/Bez-nazwy-1.webp","datePublished":"2025-01-07T14:35:06+00:00","dateModified":"2026-03-02T11:16:20+00:00","description":"BAG - FIND A WAY OUT - brown od L37 - polskiej marki galanterii sk\u00f3rzanej, kt\u00f3ra \u0142\u0105czy klasyczn\u0105 estetyk\u0119 z nowoczesnym podej\u015bciem do mody.","breadcrumb":{"@id":"https:\/\/l37.eu\/en\/product\/find-a-way-out\/#breadcrumb"},"inLanguage":"en-US","potentialAction":[{"@type":"ReadAction","target":["https:\/\/l37.eu\/en\/product\/find-a-way-out\/"]}]},{"@type":"ImageObject","inLanguage":"en-US","@id":"https:\/\/l37.eu\/en\/product\/find-a-way-out\/#primaryimage","url":"https:\/\/l37.eu\/wp-content\/uploads\/2025\/01\/Bez-nazwy-1.webp","contentUrl":"https:\/\/l37.eu\/wp-content\/uploads\/2025\/01\/Bez-nazwy-1.webp","width":1890,"height":2521},{"@type":"BreadcrumbList","@id":"https:\/\/l37.eu\/en\/product\/find-a-way-out\/#breadcrumb","itemListElement":[{"@type":"ListItem","position":1,"name":"Home","item":"https:\/\/l37.eu\/en\/"},{"@type":"ListItem","position":2,"name":"Produkty","item":"https:\/\/l37.eu\/shop\/"},{"@type":"ListItem","position":3,"name":"FIND A WAY OUT"}]},{"@type":"WebSite","@id":"https:\/\/l37.eu\/#website","url":"https:\/\/l37.eu\/","name":"L37 - polska marka obuwia i torebek sk\u00f3rzanych","description":"Discover the harmony between style and comfort in the latest collection of L37 Handmade Shoes for the spring-summer 2024 season. Inspired by nature and modern trends, this collection offers original design and exceptional comfort, emphasizing your personality in every step.","publisher":{"@id":"https:\/\/l37.eu\/#organization"},"alternateName":"L37 - obuwie i galanteria sk\u00f3rzana","potentialAction":[{"@type":"SearchAction","target":{"@type":"EntryPoint","urlTemplate":"https:\/\/l37.eu\/?s={search_term_string}"},"query-input":{"@type":"PropertyValueSpecification","valueRequired":true,"valueName":"search_term_string"}}],"inLanguage":"en-US"},{"@type":"Organization","@id":"https:\/\/l37.eu\/#organization","name":"L37 - polska marka obuwia i torebek sk\u00f3rzanych","url":"https:\/\/l37.eu\/","logo":{"@type":"ImageObject","inLanguage":"en-US","@id":"https:\/\/l37.eu\/#\/schema\/logo\/image\/","url":"","contentUrl":"","caption":"L37 - polska marka obuwia i torebek sk\u00f3rzanych"},"image":{"@id":"https:\/\/l37.eu\/#\/schema\/logo\/image\/"},"sameAs":["https:\/\/www.facebook.com\/L37.eu\/","https:\/\/www.instagram.com\/l37_official\/"]}]}},"_links":{"self":[{"href":"https:\/\/l37.eu\/en\/wp-json\/wp\/v2\/product\/192045","targetHints":{"allow":["GET"]}}],"collection":[{"href":"https:\/\/l37.eu\/en\/wp-json\/wp\/v2\/product"}],"about":[{"href":"https:\/\/l37.eu\/en\/wp-json\/wp\/v2\/types\/product"}],"replies":[{"embeddable":true,"href":"https:\/\/l37.eu\/en\/wp-json\/wp\/v2\/comments?post=192045"}],"wp:featuredmedia":[{"embeddable":true,"href":"https:\/\/l37.eu\/en\/wp-json\/wp\/v2\/media\/533541"}],"wp:attachment":[{"href":"https:\/\/l37.eu\/en\/wp-json\/wp\/v2\/media?parent=192045"}],"wp:term":[{"taxonomy":"product_brand","embeddable":true,"href":"https:\/\/l37.eu\/en\/wp-json\/wp\/v2\/product_brand?post=192045"},{"taxonomy":"product_cat","embeddable":true,"href":"https:\/\/l37.eu\/en\/wp-json\/wp\/v2\/product_cat?post=192045"},{"taxonomy":"product_tag","embeddable":true,"href":"https:\/\/l37.eu\/en\/wp-json\/wp\/v2\/product_tag?post=192045"}],"curies":[{"name":"wp","href":"https:\/\/api.w.org\/{rel}","templated":true}]}}