{"id":1864,"date":"2019-08-28T13:00:57","date_gmt":"2019-08-28T13:00:57","guid":{"rendered":"https:\/\/l37.eu\/index.php\/product\/let-s-get-lost\/"},"modified":"2025-09-12T20:33:24","modified_gmt":"2025-09-12T18:33:24","slug":"let-s-get-lost","status":"publish","type":"product","link":"https:\/\/l37.eu\/en\/product\/let-s-get-lost\/","title":{"rendered":"Let&#8217;s Get Lost"},"content":{"rendered":"","protected":false},"excerpt":{"rendered":"","protected":false},"featured_media":258504,"comment_status":"open","ping_status":"closed","template":"","meta":{"_acf_changed":false},"product_brand":[],"product_cat":[2804],"product_tag":[],"class_list":{"0":"post-1864","1":"product","2":"type-product","3":"status-publish","4":"has-post-thumbnail","6":"product_cat-autumn-winter-2025-26","7":"pa_f4-wysokosccholewkidlarozmiar-40-en","8":"pa_kolor-beige-en","9":"pa_material-skoranaturalna_zamsz-en","10":"pa_obwodcholewkidlarozmiaru37cm-39-en","11":"pa_podeszwa-tunis-rubber","12":"pa_podszewka-canvas","13":"pa_rodzaj-cowboy-boots","14":"pa_rodzaj-kozaki-en","15":"pa_size-35-en","16":"pa_size-36-en","17":"pa_size-37-en","18":"pa_size-38-en","19":"pa_size-39-en","20":"pa_size-40-en","21":"pa_size-41-en","22":"pa_size-42-en","23":"pa_wysokoscobcasacm-3_5cm-en","24":"pa_zapiecie-slip-on","25":"miinto-order","27":"first","28":"instock","29":"shipping-taxable","30":"purchasable","31":"product-type-variable"},"acf":[],"yoast_head":"<!-- This site is optimized with the Yoast SEO plugin v27.2 - https:\/\/yoast.com\/product\/yoast-seo-wordpress\/ -->\n<title>Be\u017cowe kozaki LET&#039;S GET LOST<\/title>\n<meta name=\"description\" content=\"Be\u017cowe kozaki na p\u0142askim obcasie ze sk\u00f3ry welurowej. Kowbojki z przeszyciami na cholewce.\" \/>\n<meta name=\"robots\" content=\"index, follow, max-snippet:-1, max-image-preview:large, max-video-preview:-1\" \/>\n<link rel=\"canonical\" href=\"https:\/\/l37.eu\/en\/product\/let-s-get-lost\/\" \/>\n<meta property=\"og:locale\" content=\"en_US\" \/>\n<meta property=\"og:type\" content=\"article\" \/>\n<meta property=\"og:title\" content=\"Be\u017cowe kozaki LET&#039;S GET LOST\" \/>\n<meta property=\"og:description\" content=\"Be\u017cowe kozaki na p\u0142askim obcasie ze sk\u00f3ry welurowej. Kowbojki z przeszyciami na cholewce.\" \/>\n<meta property=\"og:url\" content=\"https:\/\/l37.eu\/en\/product\/let-s-get-lost\/\" \/>\n<meta property=\"og:site_name\" content=\"L37 Handmade Shoes\" \/>\n<meta property=\"article:publisher\" content=\"https:\/\/www.facebook.com\/L37.eu\/\" \/>\n<meta property=\"article:modified_time\" content=\"2025-09-12T18:33:24+00:00\" \/>\n<meta property=\"og:image\" content=\"https:\/\/l37.eu\/wp-content\/uploads\/2019\/08\/nHG4WAfJ-1-1.jpeg\" \/>\n\t<meta property=\"og:image:width\" content=\"1875\" \/>\n\t<meta property=\"og:image:height\" content=\"2500\" \/>\n\t<meta property=\"og:image:type\" content=\"image\/jpeg\" \/>\n<meta name=\"twitter:card\" content=\"summary_large_image\" \/>\n<script type=\"application\/ld+json\" class=\"yoast-schema-graph\">{\"@context\":\"https:\/\/schema.org\",\"@graph\":[{\"@type\":\"WebPage\",\"@id\":\"https:\/\/l37.eu\/en\/product\/let-s-get-lost\/\",\"url\":\"https:\/\/l37.eu\/en\/product\/let-s-get-lost\/\",\"name\":\"Be\u017cowe kozaki LET'S GET LOST\",\"isPartOf\":{\"@id\":\"https:\/\/l37.eu\/#website\"},\"primaryImageOfPage\":{\"@id\":\"https:\/\/l37.eu\/en\/product\/let-s-get-lost\/#primaryimage\"},\"image\":{\"@id\":\"https:\/\/l37.eu\/en\/product\/let-s-get-lost\/#primaryimage\"},\"thumbnailUrl\":\"https:\/\/l37.eu\/wp-content\/uploads\/2019\/08\/nHG4WAfJ-1-2.jpeg\",\"datePublished\":\"2019-08-28T13:00:57+00:00\",\"dateModified\":\"2025-09-12T18:33:24+00:00\",\"description\":\"Be\u017cowe kozaki na p\u0142askim obcasie ze sk\u00f3ry welurowej. Kowbojki z przeszyciami na cholewce.\",\"breadcrumb\":{\"@id\":\"https:\/\/l37.eu\/en\/product\/let-s-get-lost\/#breadcrumb\"},\"inLanguage\":\"en-US\",\"potentialAction\":[{\"@type\":\"ReadAction\",\"target\":[\"https:\/\/l37.eu\/en\/product\/let-s-get-lost\/\"]}]},{\"@type\":\"ImageObject\",\"inLanguage\":\"en-US\",\"@id\":\"https:\/\/l37.eu\/en\/product\/let-s-get-lost\/#primaryimage\",\"url\":\"https:\/\/l37.eu\/wp-content\/uploads\/2019\/08\/nHG4WAfJ-1-2.jpeg\",\"contentUrl\":\"https:\/\/l37.eu\/wp-content\/uploads\/2019\/08\/nHG4WAfJ-1-2.jpeg\",\"width\":1875,\"height\":2500},{\"@type\":\"BreadcrumbList\",\"@id\":\"https:\/\/l37.eu\/en\/product\/let-s-get-lost\/#breadcrumb\",\"itemListElement\":[{\"@type\":\"ListItem\",\"position\":1,\"name\":\"Home\",\"item\":\"https:\/\/l37.eu\/en\/\"},{\"@type\":\"ListItem\",\"position\":2,\"name\":\"Produkty\",\"item\":\"https:\/\/l37.eu\/shop\/\"},{\"@type\":\"ListItem\",\"position\":3,\"name\":\"Let&#8217;s Get Lost\"}]},{\"@type\":\"WebSite\",\"@id\":\"https:\/\/l37.eu\/#website\",\"url\":\"https:\/\/l37.eu\/\",\"name\":\"L37 - polska marka obuwia i torebek sk\u00f3rzanych\",\"description\":\"Discover the harmony between style and comfort in the latest collection of L37 Handmade Shoes for the spring-summer 2024 season. Inspired by nature and modern trends, this collection offers original design and exceptional comfort, emphasizing your personality in every step.\",\"publisher\":{\"@id\":\"https:\/\/l37.eu\/#organization\"},\"alternateName\":\"L37 - obuwie i galanteria sk\u00f3rzana\",\"potentialAction\":[{\"@type\":\"SearchAction\",\"target\":{\"@type\":\"EntryPoint\",\"urlTemplate\":\"https:\/\/l37.eu\/?s={search_term_string}\"},\"query-input\":{\"@type\":\"PropertyValueSpecification\",\"valueRequired\":true,\"valueName\":\"search_term_string\"}}],\"inLanguage\":\"en-US\"},{\"@type\":\"Organization\",\"@id\":\"https:\/\/l37.eu\/#organization\",\"name\":\"L37 - polska marka obuwia i torebek sk\u00f3rzanych\",\"url\":\"https:\/\/l37.eu\/\",\"logo\":{\"@type\":\"ImageObject\",\"inLanguage\":\"en-US\",\"@id\":\"https:\/\/l37.eu\/#\/schema\/logo\/image\/\",\"url\":\"\",\"contentUrl\":\"\",\"caption\":\"L37 - polska marka obuwia i torebek sk\u00f3rzanych\"},\"image\":{\"@id\":\"https:\/\/l37.eu\/#\/schema\/logo\/image\/\"},\"sameAs\":[\"https:\/\/www.facebook.com\/L37.eu\/\",\"https:\/\/www.instagram.com\/l37_official\/\"]}]}<\/script>\n<!-- \/ Yoast SEO plugin. -->","yoast_head_json":{"title":"Be\u017cowe kozaki LET'S GET LOST","description":"Be\u017cowe kozaki na p\u0142askim obcasie ze sk\u00f3ry welurowej. Kowbojki z przeszyciami na cholewce.","robots":{"index":"index","follow":"follow","max-snippet":"max-snippet:-1","max-image-preview":"max-image-preview:large","max-video-preview":"max-video-preview:-1"},"canonical":"https:\/\/l37.eu\/en\/product\/let-s-get-lost\/","og_locale":"en_US","og_type":"article","og_title":"Be\u017cowe kozaki LET'S GET LOST","og_description":"Be\u017cowe kozaki na p\u0142askim obcasie ze sk\u00f3ry welurowej. Kowbojki z przeszyciami na cholewce.","og_url":"https:\/\/l37.eu\/en\/product\/let-s-get-lost\/","og_site_name":"L37 Handmade Shoes","article_publisher":"https:\/\/www.facebook.com\/L37.eu\/","article_modified_time":"2025-09-12T18:33:24+00:00","og_image":[{"width":1875,"height":2500,"url":"https:\/\/l37.eu\/wp-content\/uploads\/2019\/08\/nHG4WAfJ-1-1.jpeg","type":"image\/jpeg"}],"twitter_card":"summary_large_image","schema":{"@context":"https:\/\/schema.org","@graph":[{"@type":"WebPage","@id":"https:\/\/l37.eu\/en\/product\/let-s-get-lost\/","url":"https:\/\/l37.eu\/en\/product\/let-s-get-lost\/","name":"Be\u017cowe kozaki LET'S GET LOST","isPartOf":{"@id":"https:\/\/l37.eu\/#website"},"primaryImageOfPage":{"@id":"https:\/\/l37.eu\/en\/product\/let-s-get-lost\/#primaryimage"},"image":{"@id":"https:\/\/l37.eu\/en\/product\/let-s-get-lost\/#primaryimage"},"thumbnailUrl":"https:\/\/l37.eu\/wp-content\/uploads\/2019\/08\/nHG4WAfJ-1-2.jpeg","datePublished":"2019-08-28T13:00:57+00:00","dateModified":"2025-09-12T18:33:24+00:00","description":"Be\u017cowe kozaki na p\u0142askim obcasie ze sk\u00f3ry welurowej. Kowbojki z przeszyciami na cholewce.","breadcrumb":{"@id":"https:\/\/l37.eu\/en\/product\/let-s-get-lost\/#breadcrumb"},"inLanguage":"en-US","potentialAction":[{"@type":"ReadAction","target":["https:\/\/l37.eu\/en\/product\/let-s-get-lost\/"]}]},{"@type":"ImageObject","inLanguage":"en-US","@id":"https:\/\/l37.eu\/en\/product\/let-s-get-lost\/#primaryimage","url":"https:\/\/l37.eu\/wp-content\/uploads\/2019\/08\/nHG4WAfJ-1-2.jpeg","contentUrl":"https:\/\/l37.eu\/wp-content\/uploads\/2019\/08\/nHG4WAfJ-1-2.jpeg","width":1875,"height":2500},{"@type":"BreadcrumbList","@id":"https:\/\/l37.eu\/en\/product\/let-s-get-lost\/#breadcrumb","itemListElement":[{"@type":"ListItem","position":1,"name":"Home","item":"https:\/\/l37.eu\/en\/"},{"@type":"ListItem","position":2,"name":"Produkty","item":"https:\/\/l37.eu\/shop\/"},{"@type":"ListItem","position":3,"name":"Let&#8217;s Get Lost"}]},{"@type":"WebSite","@id":"https:\/\/l37.eu\/#website","url":"https:\/\/l37.eu\/","name":"L37 - polska marka obuwia i torebek sk\u00f3rzanych","description":"Discover the harmony between style and comfort in the latest collection of L37 Handmade Shoes for the spring-summer 2024 season. Inspired by nature and modern trends, this collection offers original design and exceptional comfort, emphasizing your personality in every step.","publisher":{"@id":"https:\/\/l37.eu\/#organization"},"alternateName":"L37 - obuwie i galanteria sk\u00f3rzana","potentialAction":[{"@type":"SearchAction","target":{"@type":"EntryPoint","urlTemplate":"https:\/\/l37.eu\/?s={search_term_string}"},"query-input":{"@type":"PropertyValueSpecification","valueRequired":true,"valueName":"search_term_string"}}],"inLanguage":"en-US"},{"@type":"Organization","@id":"https:\/\/l37.eu\/#organization","name":"L37 - polska marka obuwia i torebek sk\u00f3rzanych","url":"https:\/\/l37.eu\/","logo":{"@type":"ImageObject","inLanguage":"en-US","@id":"https:\/\/l37.eu\/#\/schema\/logo\/image\/","url":"","contentUrl":"","caption":"L37 - polska marka obuwia i torebek sk\u00f3rzanych"},"image":{"@id":"https:\/\/l37.eu\/#\/schema\/logo\/image\/"},"sameAs":["https:\/\/www.facebook.com\/L37.eu\/","https:\/\/www.instagram.com\/l37_official\/"]}]}},"_links":{"self":[{"href":"https:\/\/l37.eu\/en\/wp-json\/wp\/v2\/product\/1864","targetHints":{"allow":["GET"]}}],"collection":[{"href":"https:\/\/l37.eu\/en\/wp-json\/wp\/v2\/product"}],"about":[{"href":"https:\/\/l37.eu\/en\/wp-json\/wp\/v2\/types\/product"}],"replies":[{"embeddable":true,"href":"https:\/\/l37.eu\/en\/wp-json\/wp\/v2\/comments?post=1864"}],"wp:featuredmedia":[{"embeddable":true,"href":"https:\/\/l37.eu\/en\/wp-json\/wp\/v2\/media\/258504"}],"wp:attachment":[{"href":"https:\/\/l37.eu\/en\/wp-json\/wp\/v2\/media?parent=1864"}],"wp:term":[{"taxonomy":"product_brand","embeddable":true,"href":"https:\/\/l37.eu\/en\/wp-json\/wp\/v2\/product_brand?post=1864"},{"taxonomy":"product_cat","embeddable":true,"href":"https:\/\/l37.eu\/en\/wp-json\/wp\/v2\/product_cat?post=1864"},{"taxonomy":"product_tag","embeddable":true,"href":"https:\/\/l37.eu\/en\/wp-json\/wp\/v2\/product_tag?post=1864"}],"curies":[{"name":"wp","href":"https:\/\/api.w.org\/{rel}","templated":true}]}}