{"id":167065,"date":"2024-08-02T13:36:01","date_gmt":"2024-08-02T11:36:01","guid":{"rendered":"https:\/\/l37.eu\/product\/somebody-told-me-5\/"},"modified":"2025-12-23T18:09:16","modified_gmt":"2025-12-23T17:09:16","slug":"somebody-told-me-5","status":"publish","type":"product","link":"https:\/\/l37.eu\/en\/product\/somebody-told-me-5\/","title":{"rendered":"SOMEBODY TOLD ME"},"content":{"rendered":"<p>Przygotuj si\u0119 na powiew elegancji i stylu z kozakami &#8220;SOMEBODY TOLD ME&#8221; z kolekcji JESIE\u0143 &#8211; ZIMA 2024\/25. Te wyj\u0105tkowe kozaki to po\u0142\u0105czenie klasycznego designu i nowoczesnego komfortu. Wykonane z najwy\u017cszej jako\u015bci sk\u00f3ry licowej i naturalnej, gwarantuj\u0105 nie tylko trwa\u0142o\u015b\u0107, ale i wyj\u0105tkow\u0105 wygod\u0119 noszenia.<\/p>\n<p>Dost\u0119pne w szerokiej gamie rozmiar\u00f3w od 35 do 41, te stylowe kozaki idealnie podkre\u015bl\u0105 ka\u017cd\u0105 stylizacj\u0119. Klasyczny czarny kolor sprawia, \u017ce pasuj\u0105 do wszystkiego, a obcas o wysoko\u015bci 5 lub 6 cm dodaje subtelnej elegancji. Podeszwa z tunisk\u00f3ru zapewnia doskona\u0142\u0105 przyczepno\u015b\u0107, a naturalna sk\u00f3rzana wy\u015bci\u00f3\u0142ka i tkanina podszewki zadbaj\u0105 o komfort termiczny.<\/p>\n<p>Przyci\u0105gaj\u0105ca wzrok d\u0142ugo\u015b\u0107 cholewki oraz jej obw\u00f3d s\u0105 starannie dobrane, by zapewni\u0107 perfekcyjne dopasowanie i wysmukli\u0107 sylwetk\u0119. To idealny wyb\u00f3r na ch\u0142odniejsze dni, kiedy chcesz wygl\u0105da\u0107 stylowo i z klas\u0105. Nie przegap okazji, by doda\u0107 do swojej garderoby ten ponadczasowy element!<\/p>\n","protected":false},"excerpt":{"rendered":"<p>EFEKTOWNE CZARNE KOZAKI ZE SK\u00d3RY FAKTUROWANEJ<\/p>\n","protected":false},"featured_media":258493,"comment_status":"closed","ping_status":"closed","template":"","meta":{"_acf_changed":false},"product_brand":[],"product_cat":[2804,3027],"product_tag":[],"class_list":{"0":"post-167065","1":"product","2":"type-product","3":"status-publish","4":"has-post-thumbnail","6":"product_cat-autumn-winter-2025-26","7":"product_cat-festive-shoes","8":"pa_f4-wysokosccholewkidlarozmiar-42-en","9":"pa_kolor-black-en-2","10":"pa_material-skoranaturalna-en","11":"pa_material-skoralicowa-en","12":"pa_obwodcholewkidlarozmiaru37cm-39-en","13":"pa_podeszwa-tunis-rubber","14":"pa_podszewka-canvas","15":"pa_rodzaj-kozaki-en","16":"pa_rodzaj-obcasy-en","17":"pa_size-35-en","18":"pa_size-36-en","19":"pa_size-37-en","20":"pa_size-38-en","21":"pa_size-39-en","22":"pa_size-40-en","23":"pa_size-41-en","24":"pa_tegosc-g-en","25":"pa_wysciolka-natural-leather","26":"pa_wysokoscobcasacm-5-en","27":"pa_wysokoscobcasacm-6-en","28":"pa_wysokoscpodeszwycm-0-en","29":"pa_wysokoscpodeszwycm-5-en","30":"miinto-order","32":"first","33":"instock","34":"shipping-taxable","35":"purchasable","36":"product-type-variable"},"acf":[],"yoast_head":"<!-- This site is optimized with the Yoast SEO plugin v27.2 - https:\/\/yoast.com\/product\/yoast-seo-wordpress\/ -->\n<title>SOMEBODY TOLD ME - HIGH BOOTS, PUMPS - black<\/title>\n<meta name=\"description\" content=\"HIGH BOOTS, PUMPS - SOMEBODY TOLD ME - black od L37 - polskiej marki galanterii sk\u00f3rzanej, kt\u00f3ra \u0142\u0105czy klasyczn\u0105 estetyk\u0119 z nowoczesnym podej\u015bciem do mody.\" \/>\n<meta name=\"robots\" content=\"index, follow, max-snippet:-1, max-image-preview:large, max-video-preview:-1\" \/>\n<link rel=\"canonical\" href=\"https:\/\/l37.eu\/en\/product\/somebody-told-me-5\/\" \/>\n<meta property=\"og:locale\" content=\"en_US\" \/>\n<meta property=\"og:type\" content=\"article\" \/>\n<meta property=\"og:title\" content=\"SOMEBODY TOLD ME - HIGH BOOTS, PUMPS - black\" \/>\n<meta property=\"og:description\" content=\"HIGH BOOTS, PUMPS - SOMEBODY TOLD ME - black od L37 - polskiej marki galanterii sk\u00f3rzanej, kt\u00f3ra \u0142\u0105czy klasyczn\u0105 estetyk\u0119 z nowoczesnym podej\u015bciem do mody.\" \/>\n<meta property=\"og:url\" content=\"https:\/\/l37.eu\/en\/product\/somebody-told-me-5\/\" \/>\n<meta property=\"og:site_name\" content=\"L37 Handmade Shoes\" \/>\n<meta property=\"article:publisher\" content=\"https:\/\/www.facebook.com\/L37.eu\/\" \/>\n<meta property=\"article:modified_time\" content=\"2025-12-23T17:09:16+00:00\" \/>\n<meta property=\"og:image\" content=\"https:\/\/l37.eu\/wp-content\/uploads\/2024\/08\/KOZ_SOTM_BLACKCRO-5-1.jpg\" \/>\n\t<meta property=\"og:image:width\" content=\"1875\" \/>\n\t<meta property=\"og:image:height\" content=\"2500\" \/>\n\t<meta property=\"og:image:type\" content=\"image\/jpeg\" \/>\n<meta name=\"twitter:card\" content=\"summary_large_image\" \/>\n<meta name=\"twitter:label1\" content=\"Est. reading time\" \/>\n\t<meta name=\"twitter:data1\" content=\"1 minute\" \/>\n<script type=\"application\/ld+json\" class=\"yoast-schema-graph\">{\"@context\":\"https:\/\/schema.org\",\"@graph\":[{\"@type\":\"WebPage\",\"@id\":\"https:\/\/l37.eu\/en\/product\/somebody-told-me-5\/\",\"url\":\"https:\/\/l37.eu\/en\/product\/somebody-told-me-5\/\",\"name\":\"SOMEBODY TOLD ME - HIGH BOOTS, PUMPS - black\",\"isPartOf\":{\"@id\":\"https:\/\/l37.eu\/#website\"},\"primaryImageOfPage\":{\"@id\":\"https:\/\/l37.eu\/en\/product\/somebody-told-me-5\/#primaryimage\"},\"image\":{\"@id\":\"https:\/\/l37.eu\/en\/product\/somebody-told-me-5\/#primaryimage\"},\"thumbnailUrl\":\"https:\/\/l37.eu\/wp-content\/uploads\/2024\/08\/KOZ_SOTM_BLACKCRO-5-1.jpg\",\"datePublished\":\"2024-08-02T11:36:01+00:00\",\"dateModified\":\"2025-12-23T17:09:16+00:00\",\"description\":\"HIGH BOOTS, PUMPS - SOMEBODY TOLD ME - black od L37 - polskiej marki galanterii sk\u00f3rzanej, kt\u00f3ra \u0142\u0105czy klasyczn\u0105 estetyk\u0119 z nowoczesnym podej\u015bciem do mody.\",\"breadcrumb\":{\"@id\":\"https:\/\/l37.eu\/en\/product\/somebody-told-me-5\/#breadcrumb\"},\"inLanguage\":\"en-US\",\"potentialAction\":[{\"@type\":\"ReadAction\",\"target\":[\"https:\/\/l37.eu\/en\/product\/somebody-told-me-5\/\"]}]},{\"@type\":\"ImageObject\",\"inLanguage\":\"en-US\",\"@id\":\"https:\/\/l37.eu\/en\/product\/somebody-told-me-5\/#primaryimage\",\"url\":\"https:\/\/l37.eu\/wp-content\/uploads\/2024\/08\/KOZ_SOTM_BLACKCRO-5-1.jpg\",\"contentUrl\":\"https:\/\/l37.eu\/wp-content\/uploads\/2024\/08\/KOZ_SOTM_BLACKCRO-5-1.jpg\",\"width\":1875,\"height\":2500},{\"@type\":\"BreadcrumbList\",\"@id\":\"https:\/\/l37.eu\/en\/product\/somebody-told-me-5\/#breadcrumb\",\"itemListElement\":[{\"@type\":\"ListItem\",\"position\":1,\"name\":\"Home\",\"item\":\"https:\/\/l37.eu\/en\/\"},{\"@type\":\"ListItem\",\"position\":2,\"name\":\"Produkty\",\"item\":\"https:\/\/l37.eu\/shop\/\"},{\"@type\":\"ListItem\",\"position\":3,\"name\":\"SOMEBODY TOLD ME\"}]},{\"@type\":\"WebSite\",\"@id\":\"https:\/\/l37.eu\/#website\",\"url\":\"https:\/\/l37.eu\/\",\"name\":\"L37 - polska marka obuwia i torebek sk\u00f3rzanych\",\"description\":\"Discover the harmony between style and comfort in the latest collection of L37 Handmade Shoes for the spring-summer 2024 season. Inspired by nature and modern trends, this collection offers original design and exceptional comfort, emphasizing your personality in every step.\",\"publisher\":{\"@id\":\"https:\/\/l37.eu\/#organization\"},\"alternateName\":\"L37 - obuwie i galanteria sk\u00f3rzana\",\"potentialAction\":[{\"@type\":\"SearchAction\",\"target\":{\"@type\":\"EntryPoint\",\"urlTemplate\":\"https:\/\/l37.eu\/?s={search_term_string}\"},\"query-input\":{\"@type\":\"PropertyValueSpecification\",\"valueRequired\":true,\"valueName\":\"search_term_string\"}}],\"inLanguage\":\"en-US\"},{\"@type\":\"Organization\",\"@id\":\"https:\/\/l37.eu\/#organization\",\"name\":\"L37 - polska marka obuwia i torebek sk\u00f3rzanych\",\"url\":\"https:\/\/l37.eu\/\",\"logo\":{\"@type\":\"ImageObject\",\"inLanguage\":\"en-US\",\"@id\":\"https:\/\/l37.eu\/#\/schema\/logo\/image\/\",\"url\":\"\",\"contentUrl\":\"\",\"caption\":\"L37 - polska marka obuwia i torebek sk\u00f3rzanych\"},\"image\":{\"@id\":\"https:\/\/l37.eu\/#\/schema\/logo\/image\/\"},\"sameAs\":[\"https:\/\/www.facebook.com\/L37.eu\/\",\"https:\/\/www.instagram.com\/l37_official\/\"]}]}<\/script>\n<!-- \/ Yoast SEO plugin. -->","yoast_head_json":{"title":"SOMEBODY TOLD ME - HIGH BOOTS, PUMPS - black","description":"HIGH BOOTS, PUMPS - SOMEBODY TOLD ME - black od L37 - polskiej marki galanterii sk\u00f3rzanej, kt\u00f3ra \u0142\u0105czy klasyczn\u0105 estetyk\u0119 z nowoczesnym podej\u015bciem do mody.","robots":{"index":"index","follow":"follow","max-snippet":"max-snippet:-1","max-image-preview":"max-image-preview:large","max-video-preview":"max-video-preview:-1"},"canonical":"https:\/\/l37.eu\/en\/product\/somebody-told-me-5\/","og_locale":"en_US","og_type":"article","og_title":"SOMEBODY TOLD ME - HIGH BOOTS, PUMPS - black","og_description":"HIGH BOOTS, PUMPS - SOMEBODY TOLD ME - black od L37 - polskiej marki galanterii sk\u00f3rzanej, kt\u00f3ra \u0142\u0105czy klasyczn\u0105 estetyk\u0119 z nowoczesnym podej\u015bciem do mody.","og_url":"https:\/\/l37.eu\/en\/product\/somebody-told-me-5\/","og_site_name":"L37 Handmade Shoes","article_publisher":"https:\/\/www.facebook.com\/L37.eu\/","article_modified_time":"2025-12-23T17:09:16+00:00","og_image":[{"width":1875,"height":2500,"url":"https:\/\/l37.eu\/wp-content\/uploads\/2024\/08\/KOZ_SOTM_BLACKCRO-5-1.jpg","type":"image\/jpeg"}],"twitter_card":"summary_large_image","twitter_misc":{"Est. reading time":"1 minute"},"schema":{"@context":"https:\/\/schema.org","@graph":[{"@type":"WebPage","@id":"https:\/\/l37.eu\/en\/product\/somebody-told-me-5\/","url":"https:\/\/l37.eu\/en\/product\/somebody-told-me-5\/","name":"SOMEBODY TOLD ME - HIGH BOOTS, PUMPS - black","isPartOf":{"@id":"https:\/\/l37.eu\/#website"},"primaryImageOfPage":{"@id":"https:\/\/l37.eu\/en\/product\/somebody-told-me-5\/#primaryimage"},"image":{"@id":"https:\/\/l37.eu\/en\/product\/somebody-told-me-5\/#primaryimage"},"thumbnailUrl":"https:\/\/l37.eu\/wp-content\/uploads\/2024\/08\/KOZ_SOTM_BLACKCRO-5-1.jpg","datePublished":"2024-08-02T11:36:01+00:00","dateModified":"2025-12-23T17:09:16+00:00","description":"HIGH BOOTS, PUMPS - SOMEBODY TOLD ME - black od L37 - polskiej marki galanterii sk\u00f3rzanej, kt\u00f3ra \u0142\u0105czy klasyczn\u0105 estetyk\u0119 z nowoczesnym podej\u015bciem do mody.","breadcrumb":{"@id":"https:\/\/l37.eu\/en\/product\/somebody-told-me-5\/#breadcrumb"},"inLanguage":"en-US","potentialAction":[{"@type":"ReadAction","target":["https:\/\/l37.eu\/en\/product\/somebody-told-me-5\/"]}]},{"@type":"ImageObject","inLanguage":"en-US","@id":"https:\/\/l37.eu\/en\/product\/somebody-told-me-5\/#primaryimage","url":"https:\/\/l37.eu\/wp-content\/uploads\/2024\/08\/KOZ_SOTM_BLACKCRO-5-1.jpg","contentUrl":"https:\/\/l37.eu\/wp-content\/uploads\/2024\/08\/KOZ_SOTM_BLACKCRO-5-1.jpg","width":1875,"height":2500},{"@type":"BreadcrumbList","@id":"https:\/\/l37.eu\/en\/product\/somebody-told-me-5\/#breadcrumb","itemListElement":[{"@type":"ListItem","position":1,"name":"Home","item":"https:\/\/l37.eu\/en\/"},{"@type":"ListItem","position":2,"name":"Produkty","item":"https:\/\/l37.eu\/shop\/"},{"@type":"ListItem","position":3,"name":"SOMEBODY TOLD ME"}]},{"@type":"WebSite","@id":"https:\/\/l37.eu\/#website","url":"https:\/\/l37.eu\/","name":"L37 - polska marka obuwia i torebek sk\u00f3rzanych","description":"Discover the harmony between style and comfort in the latest collection of L37 Handmade Shoes for the spring-summer 2024 season. Inspired by nature and modern trends, this collection offers original design and exceptional comfort, emphasizing your personality in every step.","publisher":{"@id":"https:\/\/l37.eu\/#organization"},"alternateName":"L37 - obuwie i galanteria sk\u00f3rzana","potentialAction":[{"@type":"SearchAction","target":{"@type":"EntryPoint","urlTemplate":"https:\/\/l37.eu\/?s={search_term_string}"},"query-input":{"@type":"PropertyValueSpecification","valueRequired":true,"valueName":"search_term_string"}}],"inLanguage":"en-US"},{"@type":"Organization","@id":"https:\/\/l37.eu\/#organization","name":"L37 - polska marka obuwia i torebek sk\u00f3rzanych","url":"https:\/\/l37.eu\/","logo":{"@type":"ImageObject","inLanguage":"en-US","@id":"https:\/\/l37.eu\/#\/schema\/logo\/image\/","url":"","contentUrl":"","caption":"L37 - polska marka obuwia i torebek sk\u00f3rzanych"},"image":{"@id":"https:\/\/l37.eu\/#\/schema\/logo\/image\/"},"sameAs":["https:\/\/www.facebook.com\/L37.eu\/","https:\/\/www.instagram.com\/l37_official\/"]}]}},"_links":{"self":[{"href":"https:\/\/l37.eu\/en\/wp-json\/wp\/v2\/product\/167065","targetHints":{"allow":["GET"]}}],"collection":[{"href":"https:\/\/l37.eu\/en\/wp-json\/wp\/v2\/product"}],"about":[{"href":"https:\/\/l37.eu\/en\/wp-json\/wp\/v2\/types\/product"}],"replies":[{"embeddable":true,"href":"https:\/\/l37.eu\/en\/wp-json\/wp\/v2\/comments?post=167065"}],"wp:featuredmedia":[{"embeddable":true,"href":"https:\/\/l37.eu\/en\/wp-json\/wp\/v2\/media\/258493"}],"wp:attachment":[{"href":"https:\/\/l37.eu\/en\/wp-json\/wp\/v2\/media?parent=167065"}],"wp:term":[{"taxonomy":"product_brand","embeddable":true,"href":"https:\/\/l37.eu\/en\/wp-json\/wp\/v2\/product_brand?post=167065"},{"taxonomy":"product_cat","embeddable":true,"href":"https:\/\/l37.eu\/en\/wp-json\/wp\/v2\/product_cat?post=167065"},{"taxonomy":"product_tag","embeddable":true,"href":"https:\/\/l37.eu\/en\/wp-json\/wp\/v2\/product_tag?post=167065"}],"curies":[{"name":"wp","href":"https:\/\/api.w.org\/{rel}","templated":true}]}}