{"id":166973,"date":"2024-08-02T13:35:44","date_gmt":"2024-08-02T11:35:44","guid":{"rendered":"https:\/\/l37.eu\/product\/holly-leaves-3\/"},"modified":"2026-02-18T13:59:35","modified_gmt":"2026-02-18T12:59:35","slug":"holly-leaves-3","status":"publish","type":"product","link":"https:\/\/l37.eu\/en\/product\/holly-leaves-3\/","title":{"rendered":"HOLLY LEAVES"},"content":{"rendered":"","protected":false},"excerpt":{"rendered":"<p>BORDOWE KOWBOJKI Z PRZESZYCIAMI BEZ ZAMKA ZE SK\u00d3RY OLEJOWANEJ<\/p>\n","protected":false},"featured_media":168255,"comment_status":"closed","ping_status":"closed","template":"","meta":{"_acf_changed":false},"product_brand":[],"product_cat":[114,2709,2797],"product_tag":[],"class_list":{"0":"post-166973","1":"product","2":"type-product","3":"status-publish","4":"has-post-thumbnail","6":"product_cat-outlet","7":"product_cat-spring-summer-2025","8":"product_cat-summer-sale-en","9":"pa_f4-wysokosccholewkidlarozmiar-30-en","10":"pa_kolor-claret","11":"pa_material-skoranaturalna-en","12":"pa_material-skoralicowa-en","13":"pa_obwodcholewkidlarozmiaru37cm-33-en","14":"pa_podeszwa-tunis-rubber","15":"pa_podszewka-natural-leather","16":"pa_rodzaj-botki-en","17":"pa_rodzaj-cowboy-boots","18":"pa_rodzaj-plaskie-en","19":"pa_size-35-en","20":"pa_size-36-en","21":"pa_size-37-en","22":"pa_size-38-en","23":"pa_size-39-en","24":"pa_size-40-en","25":"pa_size-41-en","26":"pa_tegosc-g-en","27":"pa_wysciolka-natural-leather","28":"pa_wysokoscobcasacm-5-en","29":"pa_wysokoscpodeszwycm-1-en","30":"miinto-order","32":"first","33":"outofstock","34":"sale","35":"shipping-taxable","36":"purchasable","37":"product-type-variable"},"acf":[],"yoast_head":"<!-- This site is optimized with the Yoast SEO plugin v27.2 - https:\/\/yoast.com\/product\/yoast-seo-wordpress\/ -->\n<title>HOLLY LEAVES - BOOTS, COWBOY BOOTS, FLATS - claret<\/title>\n<meta name=\"description\" content=\"BOOTS, COWBOY BOOTS, FLATS - HOLLY LEAVES - claret od L37 - polskiej marki galanterii sk\u00f3rzanej, kt\u00f3ra \u0142\u0105czy klasyczn\u0105 estetyk\u0119 z nowoczesnym podej\u015bciem do mody.\" \/>\n<meta name=\"robots\" content=\"index, follow, max-snippet:-1, max-image-preview:large, max-video-preview:-1\" \/>\n<link rel=\"canonical\" href=\"https:\/\/l37.eu\/en\/product\/holly-leaves-3\/\" \/>\n<meta property=\"og:locale\" content=\"en_US\" \/>\n<meta property=\"og:type\" content=\"article\" \/>\n<meta property=\"og:title\" content=\"HOLLY LEAVES - BOOTS, COWBOY BOOTS, FLATS - claret\" \/>\n<meta property=\"og:description\" content=\"BOOTS, COWBOY BOOTS, FLATS - HOLLY LEAVES - claret od L37 - polskiej marki galanterii sk\u00f3rzanej, kt\u00f3ra \u0142\u0105czy klasyczn\u0105 estetyk\u0119 z nowoczesnym podej\u015bciem do mody.\" \/>\n<meta property=\"og:url\" content=\"https:\/\/l37.eu\/en\/product\/holly-leaves-3\/\" \/>\n<meta property=\"og:site_name\" content=\"L37 Handmade Shoes\" \/>\n<meta property=\"article:publisher\" content=\"https:\/\/www.facebook.com\/L37.eu\/\" \/>\n<meta property=\"article:modified_time\" content=\"2026-02-18T12:59:35+00:00\" \/>\n<meta property=\"og:image\" content=\"https:\/\/l37.eu\/wp-content\/uploads\/2024\/08\/Bez-nazwy-1.jpg\" \/>\n\t<meta property=\"og:image:width\" content=\"1876\" \/>\n\t<meta property=\"og:image:height\" content=\"2500\" \/>\n\t<meta property=\"og:image:type\" content=\"image\/jpeg\" \/>\n<meta name=\"twitter:card\" content=\"summary_large_image\" \/>\n<script type=\"application\/ld+json\" class=\"yoast-schema-graph\">{\"@context\":\"https:\/\/schema.org\",\"@graph\":[{\"@type\":\"WebPage\",\"@id\":\"https:\/\/l37.eu\/en\/product\/holly-leaves-3\/\",\"url\":\"https:\/\/l37.eu\/en\/product\/holly-leaves-3\/\",\"name\":\"HOLLY LEAVES - BOOTS, COWBOY BOOTS, FLATS - claret\",\"isPartOf\":{\"@id\":\"https:\/\/l37.eu\/#website\"},\"primaryImageOfPage\":{\"@id\":\"https:\/\/l37.eu\/en\/product\/holly-leaves-3\/#primaryimage\"},\"image\":{\"@id\":\"https:\/\/l37.eu\/en\/product\/holly-leaves-3\/#primaryimage\"},\"thumbnailUrl\":\"https:\/\/l37.eu\/wp-content\/uploads\/2024\/08\/Bez-nazwy-1.jpg\",\"datePublished\":\"2024-08-02T11:35:44+00:00\",\"dateModified\":\"2026-02-18T12:59:35+00:00\",\"description\":\"BOOTS, COWBOY BOOTS, FLATS - HOLLY LEAVES - claret od L37 - polskiej marki galanterii sk\u00f3rzanej, kt\u00f3ra \u0142\u0105czy klasyczn\u0105 estetyk\u0119 z nowoczesnym podej\u015bciem do mody.\",\"breadcrumb\":{\"@id\":\"https:\/\/l37.eu\/en\/product\/holly-leaves-3\/#breadcrumb\"},\"inLanguage\":\"en-US\",\"potentialAction\":[{\"@type\":\"ReadAction\",\"target\":[\"https:\/\/l37.eu\/en\/product\/holly-leaves-3\/\"]}]},{\"@type\":\"ImageObject\",\"inLanguage\":\"en-US\",\"@id\":\"https:\/\/l37.eu\/en\/product\/holly-leaves-3\/#primaryimage\",\"url\":\"https:\/\/l37.eu\/wp-content\/uploads\/2024\/08\/Bez-nazwy-1.jpg\",\"contentUrl\":\"https:\/\/l37.eu\/wp-content\/uploads\/2024\/08\/Bez-nazwy-1.jpg\",\"width\":1876,\"height\":2500},{\"@type\":\"BreadcrumbList\",\"@id\":\"https:\/\/l37.eu\/en\/product\/holly-leaves-3\/#breadcrumb\",\"itemListElement\":[{\"@type\":\"ListItem\",\"position\":1,\"name\":\"Home\",\"item\":\"https:\/\/l37.eu\/en\/\"},{\"@type\":\"ListItem\",\"position\":2,\"name\":\"Produkty\",\"item\":\"https:\/\/l37.eu\/shop\/\"},{\"@type\":\"ListItem\",\"position\":3,\"name\":\"HOLLY LEAVES\"}]},{\"@type\":\"WebSite\",\"@id\":\"https:\/\/l37.eu\/#website\",\"url\":\"https:\/\/l37.eu\/\",\"name\":\"L37 - polska marka obuwia i torebek sk\u00f3rzanych\",\"description\":\"Discover the harmony between style and comfort in the latest collection of L37 Handmade Shoes for the spring-summer 2024 season. Inspired by nature and modern trends, this collection offers original design and exceptional comfort, emphasizing your personality in every step.\",\"publisher\":{\"@id\":\"https:\/\/l37.eu\/#organization\"},\"alternateName\":\"L37 - obuwie i galanteria sk\u00f3rzana\",\"potentialAction\":[{\"@type\":\"SearchAction\",\"target\":{\"@type\":\"EntryPoint\",\"urlTemplate\":\"https:\/\/l37.eu\/?s={search_term_string}\"},\"query-input\":{\"@type\":\"PropertyValueSpecification\",\"valueRequired\":true,\"valueName\":\"search_term_string\"}}],\"inLanguage\":\"en-US\"},{\"@type\":\"Organization\",\"@id\":\"https:\/\/l37.eu\/#organization\",\"name\":\"L37 - polska marka obuwia i torebek sk\u00f3rzanych\",\"url\":\"https:\/\/l37.eu\/\",\"logo\":{\"@type\":\"ImageObject\",\"inLanguage\":\"en-US\",\"@id\":\"https:\/\/l37.eu\/#\/schema\/logo\/image\/\",\"url\":\"\",\"contentUrl\":\"\",\"caption\":\"L37 - polska marka obuwia i torebek sk\u00f3rzanych\"},\"image\":{\"@id\":\"https:\/\/l37.eu\/#\/schema\/logo\/image\/\"},\"sameAs\":[\"https:\/\/www.facebook.com\/L37.eu\/\",\"https:\/\/www.instagram.com\/l37_official\/\"]}]}<\/script>\n<!-- \/ Yoast SEO plugin. -->","yoast_head_json":{"title":"HOLLY LEAVES - BOOTS, COWBOY BOOTS, FLATS - claret","description":"BOOTS, COWBOY BOOTS, FLATS - HOLLY LEAVES - claret od L37 - polskiej marki galanterii sk\u00f3rzanej, kt\u00f3ra \u0142\u0105czy klasyczn\u0105 estetyk\u0119 z nowoczesnym podej\u015bciem do mody.","robots":{"index":"index","follow":"follow","max-snippet":"max-snippet:-1","max-image-preview":"max-image-preview:large","max-video-preview":"max-video-preview:-1"},"canonical":"https:\/\/l37.eu\/en\/product\/holly-leaves-3\/","og_locale":"en_US","og_type":"article","og_title":"HOLLY LEAVES - BOOTS, COWBOY BOOTS, FLATS - claret","og_description":"BOOTS, COWBOY BOOTS, FLATS - HOLLY LEAVES - claret od L37 - polskiej marki galanterii sk\u00f3rzanej, kt\u00f3ra \u0142\u0105czy klasyczn\u0105 estetyk\u0119 z nowoczesnym podej\u015bciem do mody.","og_url":"https:\/\/l37.eu\/en\/product\/holly-leaves-3\/","og_site_name":"L37 Handmade Shoes","article_publisher":"https:\/\/www.facebook.com\/L37.eu\/","article_modified_time":"2026-02-18T12:59:35+00:00","og_image":[{"width":1876,"height":2500,"url":"https:\/\/l37.eu\/wp-content\/uploads\/2024\/08\/Bez-nazwy-1.jpg","type":"image\/jpeg"}],"twitter_card":"summary_large_image","schema":{"@context":"https:\/\/schema.org","@graph":[{"@type":"WebPage","@id":"https:\/\/l37.eu\/en\/product\/holly-leaves-3\/","url":"https:\/\/l37.eu\/en\/product\/holly-leaves-3\/","name":"HOLLY LEAVES - BOOTS, COWBOY BOOTS, FLATS - claret","isPartOf":{"@id":"https:\/\/l37.eu\/#website"},"primaryImageOfPage":{"@id":"https:\/\/l37.eu\/en\/product\/holly-leaves-3\/#primaryimage"},"image":{"@id":"https:\/\/l37.eu\/en\/product\/holly-leaves-3\/#primaryimage"},"thumbnailUrl":"https:\/\/l37.eu\/wp-content\/uploads\/2024\/08\/Bez-nazwy-1.jpg","datePublished":"2024-08-02T11:35:44+00:00","dateModified":"2026-02-18T12:59:35+00:00","description":"BOOTS, COWBOY BOOTS, FLATS - HOLLY LEAVES - claret od L37 - polskiej marki galanterii sk\u00f3rzanej, kt\u00f3ra \u0142\u0105czy klasyczn\u0105 estetyk\u0119 z nowoczesnym podej\u015bciem do mody.","breadcrumb":{"@id":"https:\/\/l37.eu\/en\/product\/holly-leaves-3\/#breadcrumb"},"inLanguage":"en-US","potentialAction":[{"@type":"ReadAction","target":["https:\/\/l37.eu\/en\/product\/holly-leaves-3\/"]}]},{"@type":"ImageObject","inLanguage":"en-US","@id":"https:\/\/l37.eu\/en\/product\/holly-leaves-3\/#primaryimage","url":"https:\/\/l37.eu\/wp-content\/uploads\/2024\/08\/Bez-nazwy-1.jpg","contentUrl":"https:\/\/l37.eu\/wp-content\/uploads\/2024\/08\/Bez-nazwy-1.jpg","width":1876,"height":2500},{"@type":"BreadcrumbList","@id":"https:\/\/l37.eu\/en\/product\/holly-leaves-3\/#breadcrumb","itemListElement":[{"@type":"ListItem","position":1,"name":"Home","item":"https:\/\/l37.eu\/en\/"},{"@type":"ListItem","position":2,"name":"Produkty","item":"https:\/\/l37.eu\/shop\/"},{"@type":"ListItem","position":3,"name":"HOLLY LEAVES"}]},{"@type":"WebSite","@id":"https:\/\/l37.eu\/#website","url":"https:\/\/l37.eu\/","name":"L37 - polska marka obuwia i torebek sk\u00f3rzanych","description":"Discover the harmony between style and comfort in the latest collection of L37 Handmade Shoes for the spring-summer 2024 season. Inspired by nature and modern trends, this collection offers original design and exceptional comfort, emphasizing your personality in every step.","publisher":{"@id":"https:\/\/l37.eu\/#organization"},"alternateName":"L37 - obuwie i galanteria sk\u00f3rzana","potentialAction":[{"@type":"SearchAction","target":{"@type":"EntryPoint","urlTemplate":"https:\/\/l37.eu\/?s={search_term_string}"},"query-input":{"@type":"PropertyValueSpecification","valueRequired":true,"valueName":"search_term_string"}}],"inLanguage":"en-US"},{"@type":"Organization","@id":"https:\/\/l37.eu\/#organization","name":"L37 - polska marka obuwia i torebek sk\u00f3rzanych","url":"https:\/\/l37.eu\/","logo":{"@type":"ImageObject","inLanguage":"en-US","@id":"https:\/\/l37.eu\/#\/schema\/logo\/image\/","url":"","contentUrl":"","caption":"L37 - polska marka obuwia i torebek sk\u00f3rzanych"},"image":{"@id":"https:\/\/l37.eu\/#\/schema\/logo\/image\/"},"sameAs":["https:\/\/www.facebook.com\/L37.eu\/","https:\/\/www.instagram.com\/l37_official\/"]}]}},"_links":{"self":[{"href":"https:\/\/l37.eu\/en\/wp-json\/wp\/v2\/product\/166973","targetHints":{"allow":["GET"]}}],"collection":[{"href":"https:\/\/l37.eu\/en\/wp-json\/wp\/v2\/product"}],"about":[{"href":"https:\/\/l37.eu\/en\/wp-json\/wp\/v2\/types\/product"}],"replies":[{"embeddable":true,"href":"https:\/\/l37.eu\/en\/wp-json\/wp\/v2\/comments?post=166973"}],"wp:featuredmedia":[{"embeddable":true,"href":"https:\/\/l37.eu\/en\/wp-json\/wp\/v2\/media\/168255"}],"wp:attachment":[{"href":"https:\/\/l37.eu\/en\/wp-json\/wp\/v2\/media?parent=166973"}],"wp:term":[{"taxonomy":"product_brand","embeddable":true,"href":"https:\/\/l37.eu\/en\/wp-json\/wp\/v2\/product_brand?post=166973"},{"taxonomy":"product_cat","embeddable":true,"href":"https:\/\/l37.eu\/en\/wp-json\/wp\/v2\/product_cat?post=166973"},{"taxonomy":"product_tag","embeddable":true,"href":"https:\/\/l37.eu\/en\/wp-json\/wp\/v2\/product_tag?post=166973"}],"curies":[{"name":"wp","href":"https:\/\/api.w.org\/{rel}","templated":true}]}}