{"id":15293,"date":"2025-04-16T15:13:15","date_gmt":"2025-04-16T13:13:15","guid":{"rendered":"https:\/\/l37.eu\/index.php\/product\/noche-de-berlin\/"},"modified":"2025-04-16T15:11:18","modified_gmt":"2025-04-16T13:11:18","slug":"noche-de-berlin","status":"publish","type":"product","link":"https:\/\/l37.eu\/en\/product\/noche-de-berlin\/","title":{"rendered":"NOCHE DE BERLIN"},"content":{"rendered":"<p>The spring summer 2022 collection by L37 is a tribute to the 90s, but also has a large dose of irreplaceable classics. The models from the 90s that appear in the collection are of course a reflection of the prevailing trends so strongly present on catwalks but also in clothes, accessories, music and interior design.<\/p>\n<p>That is why in the latest collection there are more high heels than usual &#8211; mainly stilettos and shoes with very pointed toes. In addition, we have introduced slightly shimmery leathers, reminiscent of disco balls, to the collection.<\/p>\n<p>What colors do we offer for the coming spring? First of all, we focus on color and its juiciness. The color palette includes various shades of purple, blue, and a bit of silver. Of course, there is no shortage of brown, earth tones, skin color, and a bit of muted gold.<\/p>\n<p>As usual, in our brand we have a well-developed category of ankle boots, boots and cowboy boots. Various heel heights, delicate ruffles, wide uppers, and long, short as well as mid-height. We also have fitted lycra because who doesn\u00e2\u20ac\u2122t remember the music videos of the famous band Spice Girls in the 90s where the main singers went crazy in long, tight boots made of lycra with thick soles and heels?<\/p>\n<p>We also strongly focused on the category of sandals and flip-flops. We offer sandals with thick bottoms, that look great as part of sporty, original looks. For flip-flops we have ruffles, various types of quilting, stitching combined with architectural heels, and juicy colors.<\/p>\n<p>Our collection, as usual, is saturated with everything that is the most fashionable, but we still remembered about comfort and timeless elegance while creating it.<\/p>\n","protected":false},"excerpt":{"rendered":"<p>The spring summer 2022 collection by L37 is a tribute to the 90s, but also has a large dose of irreplaceable classics. The models from the 90s that appear in the collection are of course a reflection of the prevailing trends so strongly present on catwalks but also in clothes, accessories, music and interior design. [&hellip;]<\/p>\n","protected":false},"featured_media":40355,"comment_status":"open","ping_status":"closed","template":"","meta":{"_acf_changed":false},"product_brand":[],"product_cat":[114],"product_tag":[],"class_list":{"0":"post-15293","1":"product","2":"type-product","3":"status-publish","4":"has-post-thumbnail","6":"product_cat-outlet","7":"pa_kolor-beige-en","8":"pa_material-skoranaturalna-en","9":"pa_material-skoralicowa-en","10":"pa_okucia-srebro-en","11":"pa_podeszwa-rubber","12":"pa_podszewka-natural-leather","13":"pa_rodzaj-plaskie-en","14":"pa_size-36-en","15":"pa_size-37-en","16":"pa_size-38-en","17":"pa_size-39-en","18":"pa_size-40-en","19":"pa_size-41-en","20":"pa_tegosc-g-en","21":"pa_wysciolka-natural-leather","22":"pa_wysokoscpodeszwycm-2_5cm-en","23":"miinto-order","25":"first","26":"outofstock","27":"sale","28":"shipping-taxable","29":"purchasable","30":"product-type-variable"},"acf":[],"yoast_head":"<!-- This site is optimized with the Yoast SEO plugin v27.2 - https:\/\/yoast.com\/product\/yoast-seo-wordpress\/ -->\n<title>NOCHE DE BERLIN - FLATS - beige<\/title>\n<meta name=\"description\" content=\"FLATS - NOCHE DE BERLIN - beige od L37 - polskiej marki galanterii sk\u00f3rzanej, kt\u00f3ra \u0142\u0105czy klasyczn\u0105 estetyk\u0119 z nowoczesnym podej\u015bciem do mody.\" \/>\n<meta name=\"robots\" content=\"index, follow, max-snippet:-1, max-image-preview:large, max-video-preview:-1\" \/>\n<link rel=\"canonical\" href=\"https:\/\/l37.eu\/en\/product\/noche-de-berlin\/\" \/>\n<meta property=\"og:locale\" content=\"en_US\" \/>\n<meta property=\"og:type\" content=\"article\" \/>\n<meta property=\"og:title\" content=\"NOCHE DE BERLIN - FLATS - beige\" \/>\n<meta property=\"og:description\" content=\"FLATS - NOCHE DE BERLIN - beige od L37 - polskiej marki galanterii sk\u00f3rzanej, kt\u00f3ra \u0142\u0105czy klasyczn\u0105 estetyk\u0119 z nowoczesnym podej\u015bciem do mody.\" \/>\n<meta property=\"og:url\" content=\"https:\/\/l37.eu\/en\/product\/noche-de-berlin\/\" \/>\n<meta property=\"og:site_name\" content=\"L37 Handmade Shoes\" \/>\n<meta property=\"article:publisher\" content=\"https:\/\/www.facebook.com\/L37.eu\/\" \/>\n<meta property=\"og:image\" content=\"https:\/\/l37.eu\/wp-content\/uploads\/2022\/03\/51210-NOCHE-DE-BERLIN.jpg\" \/>\n\t<meta property=\"og:image:width\" content=\"1001\" \/>\n\t<meta property=\"og:image:height\" content=\"1037\" \/>\n\t<meta property=\"og:image:type\" content=\"image\/jpeg\" \/>\n<meta name=\"twitter:card\" content=\"summary_large_image\" \/>\n<meta name=\"twitter:label1\" content=\"Est. reading time\" \/>\n\t<meta name=\"twitter:data1\" content=\"1 minute\" \/>\n<script type=\"application\/ld+json\" class=\"yoast-schema-graph\">{\"@context\":\"https:\/\/schema.org\",\"@graph\":[{\"@type\":\"WebPage\",\"@id\":\"https:\/\/l37.eu\/en\/product\/noche-de-berlin\/\",\"url\":\"https:\/\/l37.eu\/en\/product\/noche-de-berlin\/\",\"name\":\"NOCHE DE BERLIN - FLATS - beige\",\"isPartOf\":{\"@id\":\"https:\/\/l37.eu\/#website\"},\"primaryImageOfPage\":{\"@id\":\"https:\/\/l37.eu\/en\/product\/noche-de-berlin\/#primaryimage\"},\"image\":{\"@id\":\"https:\/\/l37.eu\/en\/product\/noche-de-berlin\/#primaryimage\"},\"thumbnailUrl\":\"https:\/\/l37.eu\/wp-content\/uploads\/2022\/03\/51210-NOCHE-DE-BERLIN.jpg\",\"datePublished\":\"2025-04-16T13:13:15+00:00\",\"description\":\"FLATS - NOCHE DE BERLIN - beige od L37 - polskiej marki galanterii sk\u00f3rzanej, kt\u00f3ra \u0142\u0105czy klasyczn\u0105 estetyk\u0119 z nowoczesnym podej\u015bciem do mody.\",\"breadcrumb\":{\"@id\":\"https:\/\/l37.eu\/en\/product\/noche-de-berlin\/#breadcrumb\"},\"inLanguage\":\"en-US\",\"potentialAction\":[{\"@type\":\"ReadAction\",\"target\":[\"https:\/\/l37.eu\/en\/product\/noche-de-berlin\/\"]}]},{\"@type\":\"ImageObject\",\"inLanguage\":\"en-US\",\"@id\":\"https:\/\/l37.eu\/en\/product\/noche-de-berlin\/#primaryimage\",\"url\":\"https:\/\/l37.eu\/wp-content\/uploads\/2022\/03\/51210-NOCHE-DE-BERLIN.jpg\",\"contentUrl\":\"https:\/\/l37.eu\/wp-content\/uploads\/2022\/03\/51210-NOCHE-DE-BERLIN.jpg\",\"width\":1001,\"height\":1037},{\"@type\":\"BreadcrumbList\",\"@id\":\"https:\/\/l37.eu\/en\/product\/noche-de-berlin\/#breadcrumb\",\"itemListElement\":[{\"@type\":\"ListItem\",\"position\":1,\"name\":\"Home\",\"item\":\"https:\/\/l37.eu\/en\/\"},{\"@type\":\"ListItem\",\"position\":2,\"name\":\"Produkty\",\"item\":\"https:\/\/l37.eu\/shop\/\"},{\"@type\":\"ListItem\",\"position\":3,\"name\":\"NOCHE DE BERLIN\"}]},{\"@type\":\"WebSite\",\"@id\":\"https:\/\/l37.eu\/#website\",\"url\":\"https:\/\/l37.eu\/\",\"name\":\"L37 - polska marka obuwia i torebek sk\u00f3rzanych\",\"description\":\"Discover the harmony between style and comfort in the latest collection of L37 Handmade Shoes for the spring-summer 2024 season. Inspired by nature and modern trends, this collection offers original design and exceptional comfort, emphasizing your personality in every step.\",\"publisher\":{\"@id\":\"https:\/\/l37.eu\/#organization\"},\"alternateName\":\"L37 - obuwie i galanteria sk\u00f3rzana\",\"potentialAction\":[{\"@type\":\"SearchAction\",\"target\":{\"@type\":\"EntryPoint\",\"urlTemplate\":\"https:\/\/l37.eu\/?s={search_term_string}\"},\"query-input\":{\"@type\":\"PropertyValueSpecification\",\"valueRequired\":true,\"valueName\":\"search_term_string\"}}],\"inLanguage\":\"en-US\"},{\"@type\":\"Organization\",\"@id\":\"https:\/\/l37.eu\/#organization\",\"name\":\"L37 - polska marka obuwia i torebek sk\u00f3rzanych\",\"url\":\"https:\/\/l37.eu\/\",\"logo\":{\"@type\":\"ImageObject\",\"inLanguage\":\"en-US\",\"@id\":\"https:\/\/l37.eu\/#\/schema\/logo\/image\/\",\"url\":\"\",\"contentUrl\":\"\",\"caption\":\"L37 - polska marka obuwia i torebek sk\u00f3rzanych\"},\"image\":{\"@id\":\"https:\/\/l37.eu\/#\/schema\/logo\/image\/\"},\"sameAs\":[\"https:\/\/www.facebook.com\/L37.eu\/\",\"https:\/\/www.instagram.com\/l37_official\/\"]}]}<\/script>\n<!-- \/ Yoast SEO plugin. -->","yoast_head_json":{"title":"NOCHE DE BERLIN - FLATS - beige","description":"FLATS - NOCHE DE BERLIN - beige od L37 - polskiej marki galanterii sk\u00f3rzanej, kt\u00f3ra \u0142\u0105czy klasyczn\u0105 estetyk\u0119 z nowoczesnym podej\u015bciem do mody.","robots":{"index":"index","follow":"follow","max-snippet":"max-snippet:-1","max-image-preview":"max-image-preview:large","max-video-preview":"max-video-preview:-1"},"canonical":"https:\/\/l37.eu\/en\/product\/noche-de-berlin\/","og_locale":"en_US","og_type":"article","og_title":"NOCHE DE BERLIN - FLATS - beige","og_description":"FLATS - NOCHE DE BERLIN - beige od L37 - polskiej marki galanterii sk\u00f3rzanej, kt\u00f3ra \u0142\u0105czy klasyczn\u0105 estetyk\u0119 z nowoczesnym podej\u015bciem do mody.","og_url":"https:\/\/l37.eu\/en\/product\/noche-de-berlin\/","og_site_name":"L37 Handmade Shoes","article_publisher":"https:\/\/www.facebook.com\/L37.eu\/","og_image":[{"width":1001,"height":1037,"url":"https:\/\/l37.eu\/wp-content\/uploads\/2022\/03\/51210-NOCHE-DE-BERLIN.jpg","type":"image\/jpeg"}],"twitter_card":"summary_large_image","twitter_misc":{"Est. reading time":"1 minute"},"schema":{"@context":"https:\/\/schema.org","@graph":[{"@type":"WebPage","@id":"https:\/\/l37.eu\/en\/product\/noche-de-berlin\/","url":"https:\/\/l37.eu\/en\/product\/noche-de-berlin\/","name":"NOCHE DE BERLIN - FLATS - beige","isPartOf":{"@id":"https:\/\/l37.eu\/#website"},"primaryImageOfPage":{"@id":"https:\/\/l37.eu\/en\/product\/noche-de-berlin\/#primaryimage"},"image":{"@id":"https:\/\/l37.eu\/en\/product\/noche-de-berlin\/#primaryimage"},"thumbnailUrl":"https:\/\/l37.eu\/wp-content\/uploads\/2022\/03\/51210-NOCHE-DE-BERLIN.jpg","datePublished":"2025-04-16T13:13:15+00:00","description":"FLATS - NOCHE DE BERLIN - beige od L37 - polskiej marki galanterii sk\u00f3rzanej, kt\u00f3ra \u0142\u0105czy klasyczn\u0105 estetyk\u0119 z nowoczesnym podej\u015bciem do mody.","breadcrumb":{"@id":"https:\/\/l37.eu\/en\/product\/noche-de-berlin\/#breadcrumb"},"inLanguage":"en-US","potentialAction":[{"@type":"ReadAction","target":["https:\/\/l37.eu\/en\/product\/noche-de-berlin\/"]}]},{"@type":"ImageObject","inLanguage":"en-US","@id":"https:\/\/l37.eu\/en\/product\/noche-de-berlin\/#primaryimage","url":"https:\/\/l37.eu\/wp-content\/uploads\/2022\/03\/51210-NOCHE-DE-BERLIN.jpg","contentUrl":"https:\/\/l37.eu\/wp-content\/uploads\/2022\/03\/51210-NOCHE-DE-BERLIN.jpg","width":1001,"height":1037},{"@type":"BreadcrumbList","@id":"https:\/\/l37.eu\/en\/product\/noche-de-berlin\/#breadcrumb","itemListElement":[{"@type":"ListItem","position":1,"name":"Home","item":"https:\/\/l37.eu\/en\/"},{"@type":"ListItem","position":2,"name":"Produkty","item":"https:\/\/l37.eu\/shop\/"},{"@type":"ListItem","position":3,"name":"NOCHE DE BERLIN"}]},{"@type":"WebSite","@id":"https:\/\/l37.eu\/#website","url":"https:\/\/l37.eu\/","name":"L37 - polska marka obuwia i torebek sk\u00f3rzanych","description":"Discover the harmony between style and comfort in the latest collection of L37 Handmade Shoes for the spring-summer 2024 season. Inspired by nature and modern trends, this collection offers original design and exceptional comfort, emphasizing your personality in every step.","publisher":{"@id":"https:\/\/l37.eu\/#organization"},"alternateName":"L37 - obuwie i galanteria sk\u00f3rzana","potentialAction":[{"@type":"SearchAction","target":{"@type":"EntryPoint","urlTemplate":"https:\/\/l37.eu\/?s={search_term_string}"},"query-input":{"@type":"PropertyValueSpecification","valueRequired":true,"valueName":"search_term_string"}}],"inLanguage":"en-US"},{"@type":"Organization","@id":"https:\/\/l37.eu\/#organization","name":"L37 - polska marka obuwia i torebek sk\u00f3rzanych","url":"https:\/\/l37.eu\/","logo":{"@type":"ImageObject","inLanguage":"en-US","@id":"https:\/\/l37.eu\/#\/schema\/logo\/image\/","url":"","contentUrl":"","caption":"L37 - polska marka obuwia i torebek sk\u00f3rzanych"},"image":{"@id":"https:\/\/l37.eu\/#\/schema\/logo\/image\/"},"sameAs":["https:\/\/www.facebook.com\/L37.eu\/","https:\/\/www.instagram.com\/l37_official\/"]}]}},"_links":{"self":[{"href":"https:\/\/l37.eu\/en\/wp-json\/wp\/v2\/product\/15293","targetHints":{"allow":["GET"]}}],"collection":[{"href":"https:\/\/l37.eu\/en\/wp-json\/wp\/v2\/product"}],"about":[{"href":"https:\/\/l37.eu\/en\/wp-json\/wp\/v2\/types\/product"}],"replies":[{"embeddable":true,"href":"https:\/\/l37.eu\/en\/wp-json\/wp\/v2\/comments?post=15293"}],"wp:featuredmedia":[{"embeddable":true,"href":"https:\/\/l37.eu\/en\/wp-json\/wp\/v2\/media\/40355"}],"wp:attachment":[{"href":"https:\/\/l37.eu\/en\/wp-json\/wp\/v2\/media?parent=15293"}],"wp:term":[{"taxonomy":"product_brand","embeddable":true,"href":"https:\/\/l37.eu\/en\/wp-json\/wp\/v2\/product_brand?post=15293"},{"taxonomy":"product_cat","embeddable":true,"href":"https:\/\/l37.eu\/en\/wp-json\/wp\/v2\/product_cat?post=15293"},{"taxonomy":"product_tag","embeddable":true,"href":"https:\/\/l37.eu\/en\/wp-json\/wp\/v2\/product_tag?post=15293"}],"curies":[{"name":"wp","href":"https:\/\/api.w.org\/{rel}","templated":true}]}}