{"id":143293,"date":"2026-04-29T14:04:28","date_gmt":"2026-04-29T12:04:28","guid":{"rendered":"https:\/\/l37.eu\/?post_type=product&#038;p=143293"},"modified":"2026-04-29T14:04:28","modified_gmt":"2026-04-29T12:04:28","slug":"bag-no-105","status":"publish","type":"product","link":"https:\/\/l37.eu\/en\/product\/bag-no-105\/","title":{"rendered":"BAG NO. 105"},"content":{"rendered":"<p>Produkty z oferty WYPRZEDA\u017bY GARA\u017bOWEJ pochodz\u0105 z ekspozycji sklepowej. S\u0105 to r\u00f3wnie\u017c produkty, kt\u00f3re bra\u0142y udzia\u0142 w sesjach zdj\u0119ciowych, wzory, kt\u00f3re nigdy nie trafi\u0142y do sprzeda\u017cy oraz archiwalne projekty i ko\u0144c\u00f3wki kolekcji \u2013 mog\u0105 posiada\u0107 \u015blady mierzenia na podeszwach lub niewielkie wady. Obuwie jest wykonane ze sk\u00f3r naturalnych z najwi\u0119ksz\u0105 dok\u0142adno\u015bci\u0105 o ka\u017cdy szczeg\u00f3\u0142. Kolekcje zawsze \u0142\u0105cz\u0105 ze sob\u0105 najwy\u017csz\u0105 jako\u015b\u0107 materia\u0142\u00f3w oraz tradycyjne techniki wyrobu. Wi\u0119kszo\u015b\u0107 naszej produkcji wykonujemy w Cz\u0119stochowie w rodzinnej manufakturze. Pozosta\u0142\u0105 cz\u0119\u015b\u0107 produkujemy poza Polsk\u0105 w sprawdzonych fabrykach. Wyb\u00f3r fabryki z kt\u00f3r\u0105 wsp\u00f3\u0142pracujemy to drugi proces. Bardzo wa\u017cne jest dla nas aby nasz dostawca posiada\u0142 wszystkie certyfikaty dot dba\u0142o\u015bci o pracownik\u00f3w, o \u015brodowisko ale r\u00f3wnie\u017c certyfikaty dotycz\u0105ce sk\u00f3r z kt\u00f3rych produkujemy.<\/p>\n","protected":false},"excerpt":{"rendered":"<p>Produkty z oferty WYPRZEDA\u017bY GARA\u017bOWEJ pochodz\u0105 z ekspozycji sklepowej. S\u0105 to r\u00f3wnie\u017c produkty, kt\u00f3re bra\u0142y udzia\u0142 w sesjach zdj\u0119ciowych, wzory, kt\u00f3re nigdy nie trafi\u0142y do sprzeda\u017cy oraz archiwalne projekty i ko\u0144c\u00f3wki kolekcji \u2013 mog\u0105 posiada\u0107 \u015blady mierzenia na podeszwach lub niewielkie wady. Obuwie jest wykonane ze sk\u00f3r naturalnych z najwi\u0119ksz\u0105 dok\u0142adno\u015bci\u0105 o ka\u017cdy szczeg\u00f3\u0142. Kolekcje [&hellip;]<\/p>\n","protected":false},"featured_media":143107,"comment_status":"open","ping_status":"closed","template":"","meta":{"_acf_changed":false},"product_brand":[],"product_cat":[2524],"product_tag":[],"class_list":{"0":"post-143293","1":"product","2":"type-product","3":"status-publish","4":"has-post-thumbnail","6":"product_cat-bags-archive-sale","7":"pa_kolor-black-en-2","8":"pa_rodzaj-bag","9":"pa_size-below-a4","10":"miinto-order","12":"first","13":"outofstock","14":"shipping-taxable","15":"purchasable","16":"product-type-simple"},"acf":[],"yoast_head":"<!-- This site is optimized with the Yoast SEO plugin v27.2 - https:\/\/yoast.com\/product\/yoast-seo-wordpress\/ -->\n<title>BAG NO. 105 - BAG - black<\/title>\n<meta name=\"description\" content=\"BAG - BAG NO. 105 - black od L37 - polskiej marki galanterii sk\u00f3rzanej, kt\u00f3ra \u0142\u0105czy klasyczn\u0105 estetyk\u0119 z nowoczesnym podej\u015bciem do mody.\" \/>\n<meta name=\"robots\" content=\"index, follow, max-snippet:-1, max-image-preview:large, max-video-preview:-1\" \/>\n<link rel=\"canonical\" href=\"https:\/\/l37.eu\/en\/product\/bag-no-105\/\" \/>\n<meta property=\"og:locale\" content=\"en_US\" \/>\n<meta property=\"og:type\" content=\"article\" \/>\n<meta property=\"og:title\" content=\"BAG NO. 105 - BAG - black\" \/>\n<meta property=\"og:description\" content=\"BAG - BAG NO. 105 - black od L37 - polskiej marki galanterii sk\u00f3rzanej, kt\u00f3ra \u0142\u0105czy klasyczn\u0105 estetyk\u0119 z nowoczesnym podej\u015bciem do mody.\" \/>\n<meta property=\"og:url\" content=\"https:\/\/l37.eu\/en\/product\/bag-no-105\/\" \/>\n<meta property=\"og:site_name\" content=\"L37 Handmade Shoes\" \/>\n<meta property=\"article:publisher\" content=\"https:\/\/www.facebook.com\/L37.eu\/\" \/>\n<meta property=\"og:image\" content=\"https:\/\/l37.eu\/wp-content\/uploads\/2024\/04\/105-2.jpg\" \/>\n\t<meta property=\"og:image:width\" content=\"1875\" \/>\n\t<meta property=\"og:image:height\" content=\"2500\" \/>\n\t<meta property=\"og:image:type\" content=\"image\/jpeg\" \/>\n<meta name=\"twitter:card\" content=\"summary_large_image\" \/>\n<meta name=\"twitter:label1\" content=\"Est. reading time\" \/>\n\t<meta name=\"twitter:data1\" content=\"1 minute\" \/>\n<script type=\"application\/ld+json\" class=\"yoast-schema-graph\">{\"@context\":\"https:\/\/schema.org\",\"@graph\":[{\"@type\":\"WebPage\",\"@id\":\"https:\/\/l37.eu\/en\/product\/bag-no-105\/\",\"url\":\"https:\/\/l37.eu\/en\/product\/bag-no-105\/\",\"name\":\"BAG NO. 105 - BAG - black\",\"isPartOf\":{\"@id\":\"https:\/\/l37.eu\/#website\"},\"primaryImageOfPage\":{\"@id\":\"https:\/\/l37.eu\/en\/product\/bag-no-105\/#primaryimage\"},\"image\":{\"@id\":\"https:\/\/l37.eu\/en\/product\/bag-no-105\/#primaryimage\"},\"thumbnailUrl\":\"https:\/\/l37.eu\/wp-content\/uploads\/2024\/04\/105-2.jpg\",\"datePublished\":\"2026-04-29T12:04:28+00:00\",\"description\":\"BAG - BAG NO. 105 - black od L37 - polskiej marki galanterii sk\u00f3rzanej, kt\u00f3ra \u0142\u0105czy klasyczn\u0105 estetyk\u0119 z nowoczesnym podej\u015bciem do mody.\",\"breadcrumb\":{\"@id\":\"https:\/\/l37.eu\/en\/product\/bag-no-105\/#breadcrumb\"},\"inLanguage\":\"en-US\",\"potentialAction\":[{\"@type\":\"ReadAction\",\"target\":[\"https:\/\/l37.eu\/en\/product\/bag-no-105\/\"]}]},{\"@type\":\"ImageObject\",\"inLanguage\":\"en-US\",\"@id\":\"https:\/\/l37.eu\/en\/product\/bag-no-105\/#primaryimage\",\"url\":\"https:\/\/l37.eu\/wp-content\/uploads\/2024\/04\/105-2.jpg\",\"contentUrl\":\"https:\/\/l37.eu\/wp-content\/uploads\/2024\/04\/105-2.jpg\",\"width\":1875,\"height\":2500},{\"@type\":\"BreadcrumbList\",\"@id\":\"https:\/\/l37.eu\/en\/product\/bag-no-105\/#breadcrumb\",\"itemListElement\":[{\"@type\":\"ListItem\",\"position\":1,\"name\":\"Home\",\"item\":\"https:\/\/l37.eu\/en\/\"},{\"@type\":\"ListItem\",\"position\":2,\"name\":\"Produkty\",\"item\":\"https:\/\/l37.eu\/shop\/\"},{\"@type\":\"ListItem\",\"position\":3,\"name\":\"BAG NO. 105\"}]},{\"@type\":\"WebSite\",\"@id\":\"https:\/\/l37.eu\/#website\",\"url\":\"https:\/\/l37.eu\/\",\"name\":\"L37 - polska marka obuwia i torebek sk\u00f3rzanych\",\"description\":\"Discover the harmony between style and comfort in the latest collection of L37 Handmade Shoes for the spring-summer 2024 season. Inspired by nature and modern trends, this collection offers original design and exceptional comfort, emphasizing your personality in every step.\",\"publisher\":{\"@id\":\"https:\/\/l37.eu\/#organization\"},\"alternateName\":\"L37 - obuwie i galanteria sk\u00f3rzana\",\"potentialAction\":[{\"@type\":\"SearchAction\",\"target\":{\"@type\":\"EntryPoint\",\"urlTemplate\":\"https:\/\/l37.eu\/?s={search_term_string}\"},\"query-input\":{\"@type\":\"PropertyValueSpecification\",\"valueRequired\":true,\"valueName\":\"search_term_string\"}}],\"inLanguage\":\"en-US\"},{\"@type\":\"Organization\",\"@id\":\"https:\/\/l37.eu\/#organization\",\"name\":\"L37 - polska marka obuwia i torebek sk\u00f3rzanych\",\"url\":\"https:\/\/l37.eu\/\",\"logo\":{\"@type\":\"ImageObject\",\"inLanguage\":\"en-US\",\"@id\":\"https:\/\/l37.eu\/#\/schema\/logo\/image\/\",\"url\":\"\",\"contentUrl\":\"\",\"caption\":\"L37 - polska marka obuwia i torebek sk\u00f3rzanych\"},\"image\":{\"@id\":\"https:\/\/l37.eu\/#\/schema\/logo\/image\/\"},\"sameAs\":[\"https:\/\/www.facebook.com\/L37.eu\/\",\"https:\/\/www.instagram.com\/l37_official\/\"]}]}<\/script>\n<!-- \/ Yoast SEO plugin. -->","yoast_head_json":{"title":"BAG NO. 105 - BAG - black","description":"BAG - BAG NO. 105 - black od L37 - polskiej marki galanterii sk\u00f3rzanej, kt\u00f3ra \u0142\u0105czy klasyczn\u0105 estetyk\u0119 z nowoczesnym podej\u015bciem do mody.","robots":{"index":"index","follow":"follow","max-snippet":"max-snippet:-1","max-image-preview":"max-image-preview:large","max-video-preview":"max-video-preview:-1"},"canonical":"https:\/\/l37.eu\/en\/product\/bag-no-105\/","og_locale":"en_US","og_type":"article","og_title":"BAG NO. 105 - BAG - black","og_description":"BAG - BAG NO. 105 - black od L37 - polskiej marki galanterii sk\u00f3rzanej, kt\u00f3ra \u0142\u0105czy klasyczn\u0105 estetyk\u0119 z nowoczesnym podej\u015bciem do mody.","og_url":"https:\/\/l37.eu\/en\/product\/bag-no-105\/","og_site_name":"L37 Handmade Shoes","article_publisher":"https:\/\/www.facebook.com\/L37.eu\/","og_image":[{"width":1875,"height":2500,"url":"https:\/\/l37.eu\/wp-content\/uploads\/2024\/04\/105-2.jpg","type":"image\/jpeg"}],"twitter_card":"summary_large_image","twitter_misc":{"Est. reading time":"1 minute"},"schema":{"@context":"https:\/\/schema.org","@graph":[{"@type":"WebPage","@id":"https:\/\/l37.eu\/en\/product\/bag-no-105\/","url":"https:\/\/l37.eu\/en\/product\/bag-no-105\/","name":"BAG NO. 105 - BAG - black","isPartOf":{"@id":"https:\/\/l37.eu\/#website"},"primaryImageOfPage":{"@id":"https:\/\/l37.eu\/en\/product\/bag-no-105\/#primaryimage"},"image":{"@id":"https:\/\/l37.eu\/en\/product\/bag-no-105\/#primaryimage"},"thumbnailUrl":"https:\/\/l37.eu\/wp-content\/uploads\/2024\/04\/105-2.jpg","datePublished":"2026-04-29T12:04:28+00:00","description":"BAG - BAG NO. 105 - black od L37 - polskiej marki galanterii sk\u00f3rzanej, kt\u00f3ra \u0142\u0105czy klasyczn\u0105 estetyk\u0119 z nowoczesnym podej\u015bciem do mody.","breadcrumb":{"@id":"https:\/\/l37.eu\/en\/product\/bag-no-105\/#breadcrumb"},"inLanguage":"en-US","potentialAction":[{"@type":"ReadAction","target":["https:\/\/l37.eu\/en\/product\/bag-no-105\/"]}]},{"@type":"ImageObject","inLanguage":"en-US","@id":"https:\/\/l37.eu\/en\/product\/bag-no-105\/#primaryimage","url":"https:\/\/l37.eu\/wp-content\/uploads\/2024\/04\/105-2.jpg","contentUrl":"https:\/\/l37.eu\/wp-content\/uploads\/2024\/04\/105-2.jpg","width":1875,"height":2500},{"@type":"BreadcrumbList","@id":"https:\/\/l37.eu\/en\/product\/bag-no-105\/#breadcrumb","itemListElement":[{"@type":"ListItem","position":1,"name":"Home","item":"https:\/\/l37.eu\/en\/"},{"@type":"ListItem","position":2,"name":"Produkty","item":"https:\/\/l37.eu\/shop\/"},{"@type":"ListItem","position":3,"name":"BAG NO. 105"}]},{"@type":"WebSite","@id":"https:\/\/l37.eu\/#website","url":"https:\/\/l37.eu\/","name":"L37 - polska marka obuwia i torebek sk\u00f3rzanych","description":"Discover the harmony between style and comfort in the latest collection of L37 Handmade Shoes for the spring-summer 2024 season. Inspired by nature and modern trends, this collection offers original design and exceptional comfort, emphasizing your personality in every step.","publisher":{"@id":"https:\/\/l37.eu\/#organization"},"alternateName":"L37 - obuwie i galanteria sk\u00f3rzana","potentialAction":[{"@type":"SearchAction","target":{"@type":"EntryPoint","urlTemplate":"https:\/\/l37.eu\/?s={search_term_string}"},"query-input":{"@type":"PropertyValueSpecification","valueRequired":true,"valueName":"search_term_string"}}],"inLanguage":"en-US"},{"@type":"Organization","@id":"https:\/\/l37.eu\/#organization","name":"L37 - polska marka obuwia i torebek sk\u00f3rzanych","url":"https:\/\/l37.eu\/","logo":{"@type":"ImageObject","inLanguage":"en-US","@id":"https:\/\/l37.eu\/#\/schema\/logo\/image\/","url":"","contentUrl":"","caption":"L37 - polska marka obuwia i torebek sk\u00f3rzanych"},"image":{"@id":"https:\/\/l37.eu\/#\/schema\/logo\/image\/"},"sameAs":["https:\/\/www.facebook.com\/L37.eu\/","https:\/\/www.instagram.com\/l37_official\/"]}]}},"_links":{"self":[{"href":"https:\/\/l37.eu\/en\/wp-json\/wp\/v2\/product\/143293","targetHints":{"allow":["GET"]}}],"collection":[{"href":"https:\/\/l37.eu\/en\/wp-json\/wp\/v2\/product"}],"about":[{"href":"https:\/\/l37.eu\/en\/wp-json\/wp\/v2\/types\/product"}],"replies":[{"embeddable":true,"href":"https:\/\/l37.eu\/en\/wp-json\/wp\/v2\/comments?post=143293"}],"wp:featuredmedia":[{"embeddable":true,"href":"https:\/\/l37.eu\/en\/wp-json\/wp\/v2\/media\/143107"}],"wp:attachment":[{"href":"https:\/\/l37.eu\/en\/wp-json\/wp\/v2\/media?parent=143293"}],"wp:term":[{"taxonomy":"product_brand","embeddable":true,"href":"https:\/\/l37.eu\/en\/wp-json\/wp\/v2\/product_brand?post=143293"},{"taxonomy":"product_cat","embeddable":true,"href":"https:\/\/l37.eu\/en\/wp-json\/wp\/v2\/product_cat?post=143293"},{"taxonomy":"product_tag","embeddable":true,"href":"https:\/\/l37.eu\/en\/wp-json\/wp\/v2\/product_tag?post=143293"}],"curies":[{"name":"wp","href":"https:\/\/api.w.org\/{rel}","templated":true}]}}