{"id":11679,"date":"2021-08-03T10:38:56","date_gmt":"2021-08-03T10:38:56","guid":{"rendered":"https:\/\/l37.eu\/index.php\/product\/long-way-to-go\/"},"modified":"2026-03-03T10:29:15","modified_gmt":"2026-03-03T09:29:15","slug":"long-way-to-go","status":"publish","type":"product","link":"https:\/\/l37.eu\/en\/product\/long-way-to-go\/","title":{"rendered":"LONG WAY TO GO"},"content":{"rendered":"<p>&#8220;LONG WAY TO GO&#8221; Loafers \u2013 The Perfect Fusion of Elegance and Comfort<br \/>\nThe LONG WAY TO GO women&#8217;s loafers are an excellent choice for women who wish to combine elegance with unparalleled comfort. Crafted from the highest quality grain and natural leather, these shoes are the essence of durability and everyday convenience. Their natural leather lining guarantees excellent air circulation, which is key during long hours of wear.<\/p>\n<p>The classic black color ensures they fit perfectly into any outfit, adding chic and character. The subtle 2 cm flat tunileather sole provides stability and support, while the G width guarantees a fit for many foot types. LONG WAY TO GO loafers are an essential wardrobe piece for every woman who wants a stylish look without sacrificing comfort. Choose quality and elegance with LONG WAY TO GO.<\/p>\n","protected":false},"excerpt":{"rendered":"<p>ELEGANTLY SIMPLE BLACK LOAFERS<\/p>\n","protected":false},"featured_media":506343,"comment_status":"open","ping_status":"closed","template":"","meta":{"_acf_changed":false},"product_brand":[],"product_cat":[3032],"product_tag":[],"class_list":{"0":"post-11679","1":"product","2":"type-product","3":"status-publish","4":"has-post-thumbnail","6":"product_cat-spring-summer-2026","7":"pa_kolor-black-en-2","8":"pa_material-skoranaturalna-en","9":"pa_material-skoralicowa-en","10":"pa_podeszwa-tunis-rubber","11":"pa_podszewka-natural-leather","12":"pa_rodzaj-plaskie-en","13":"pa_rodzaj-loafers","14":"pa_rodzaj-shoes","15":"pa_size-36-en","16":"pa_size-37-en","17":"pa_size-38-en","18":"pa_size-39-en","19":"pa_size-40-en","20":"pa_size-41-en","21":"pa_size-42-en","22":"pa_tegosc-g-en","23":"pa_wysciolka-natural-leather","24":"pa_wysokoscobcasacm-2cm-en","25":"miinto-order","27":"first","28":"instock","29":"shipping-taxable","30":"purchasable","31":"product-type-variable"},"acf":[],"yoast_head":"<!-- This site is optimized with the Yoast SEO plugin v27.2 - https:\/\/yoast.com\/product\/yoast-seo-wordpress\/ -->\n<title>LONG WAY TO GO - FLATS, LOAFERS, SHOES - black<\/title>\n<meta name=\"description\" content=\"FLATS, LOAFERS, SHOES - LONG WAY TO GO - black od L37 - polskiej marki galanterii sk\u00f3rzanej, kt\u00f3ra \u0142\u0105czy klasyczn\u0105 estetyk\u0119 z nowoczesnym podej\u015bciem do mody.\" \/>\n<meta name=\"robots\" content=\"index, follow, max-snippet:-1, max-image-preview:large, max-video-preview:-1\" \/>\n<link rel=\"canonical\" href=\"https:\/\/l37.eu\/produkt\/long-way-to-go\/\" \/>\n<meta property=\"og:locale\" content=\"en_US\" \/>\n<meta property=\"og:type\" content=\"article\" \/>\n<meta property=\"og:title\" content=\"LONG WAY TO GO - FLATS, LOAFERS, SHOES - black\" \/>\n<meta property=\"og:description\" content=\"FLATS, LOAFERS, SHOES - LONG WAY TO GO - black od L37 - polskiej marki galanterii sk\u00f3rzanej, kt\u00f3ra \u0142\u0105czy klasyczn\u0105 estetyk\u0119 z nowoczesnym podej\u015bciem do mody.\" \/>\n<meta property=\"og:url\" content=\"https:\/\/l37.eu\/produkt\/long-way-to-go\/\" \/>\n<meta property=\"og:site_name\" content=\"L37 Handmade Shoes\" \/>\n<meta property=\"article:publisher\" content=\"https:\/\/www.facebook.com\/L37.eu\/\" \/>\n<meta property=\"article:modified_time\" content=\"2026-03-03T09:29:15+00:00\" \/>\n<meta property=\"og:image\" content=\"https:\/\/l37.eu\/wp-content\/uploads\/2021\/08\/P_LWTG_-3.jpg\" \/>\n\t<meta property=\"og:image:width\" content=\"1875\" \/>\n\t<meta property=\"og:image:height\" content=\"2500\" \/>\n\t<meta property=\"og:image:type\" content=\"image\/jpeg\" \/>\n<meta name=\"twitter:card\" content=\"summary_large_image\" \/>\n<meta name=\"twitter:label1\" content=\"Est. reading time\" \/>\n\t<meta name=\"twitter:data1\" content=\"1 minute\" \/>\n<script type=\"application\/ld+json\" class=\"yoast-schema-graph\">{\"@context\":\"https:\/\/schema.org\",\"@graph\":[{\"@type\":\"WebPage\",\"@id\":\"https:\/\/l37.eu\/produkt\/long-way-to-go\/\",\"url\":\"https:\/\/l37.eu\/produkt\/long-way-to-go\/\",\"name\":\"LONG WAY TO GO - FLATS, LOAFERS, SHOES - black\",\"isPartOf\":{\"@id\":\"https:\/\/l37.eu\/#website\"},\"primaryImageOfPage\":{\"@id\":\"https:\/\/l37.eu\/produkt\/long-way-to-go\/#primaryimage\"},\"image\":{\"@id\":\"https:\/\/l37.eu\/produkt\/long-way-to-go\/#primaryimage\"},\"thumbnailUrl\":\"https:\/\/l37.eu\/wp-content\/uploads\/2021\/08\/P_LWTG_-3.webp\",\"datePublished\":\"2021-08-03T10:38:56+00:00\",\"dateModified\":\"2026-03-03T09:29:15+00:00\",\"description\":\"FLATS, LOAFERS, SHOES - LONG WAY TO GO - black od L37 - polskiej marki galanterii sk\u00f3rzanej, kt\u00f3ra \u0142\u0105czy klasyczn\u0105 estetyk\u0119 z nowoczesnym podej\u015bciem do mody.\",\"breadcrumb\":{\"@id\":\"https:\/\/l37.eu\/produkt\/long-way-to-go\/#breadcrumb\"},\"inLanguage\":\"en-US\",\"potentialAction\":[{\"@type\":\"ReadAction\",\"target\":[\"https:\/\/l37.eu\/produkt\/long-way-to-go\/\"]}]},{\"@type\":\"ImageObject\",\"inLanguage\":\"en-US\",\"@id\":\"https:\/\/l37.eu\/produkt\/long-way-to-go\/#primaryimage\",\"url\":\"https:\/\/l37.eu\/wp-content\/uploads\/2021\/08\/P_LWTG_-3.webp\",\"contentUrl\":\"https:\/\/l37.eu\/wp-content\/uploads\/2021\/08\/P_LWTG_-3.webp\",\"width\":1875,\"height\":2500},{\"@type\":\"BreadcrumbList\",\"@id\":\"https:\/\/l37.eu\/produkt\/long-way-to-go\/#breadcrumb\",\"itemListElement\":[{\"@type\":\"ListItem\",\"position\":1,\"name\":\"Home\",\"item\":\"https:\/\/l37.eu\/en\/\"},{\"@type\":\"ListItem\",\"position\":2,\"name\":\"Produkty\",\"item\":\"https:\/\/l37.eu\/shop\/\"},{\"@type\":\"ListItem\",\"position\":3,\"name\":\"LONG WAY TO GO\"}]},{\"@type\":\"WebSite\",\"@id\":\"https:\/\/l37.eu\/#website\",\"url\":\"https:\/\/l37.eu\/\",\"name\":\"L37 - polska marka obuwia i torebek sk\u00f3rzanych\",\"description\":\"Discover the harmony between style and comfort in the latest collection of L37 Handmade Shoes for the spring-summer 2024 season. Inspired by nature and modern trends, this collection offers original design and exceptional comfort, emphasizing your personality in every step.\",\"publisher\":{\"@id\":\"https:\/\/l37.eu\/#organization\"},\"alternateName\":\"L37 - obuwie i galanteria sk\u00f3rzana\",\"potentialAction\":[{\"@type\":\"SearchAction\",\"target\":{\"@type\":\"EntryPoint\",\"urlTemplate\":\"https:\/\/l37.eu\/?s={search_term_string}\"},\"query-input\":{\"@type\":\"PropertyValueSpecification\",\"valueRequired\":true,\"valueName\":\"search_term_string\"}}],\"inLanguage\":\"en-US\"},{\"@type\":\"Organization\",\"@id\":\"https:\/\/l37.eu\/#organization\",\"name\":\"L37 - polska marka obuwia i torebek sk\u00f3rzanych\",\"url\":\"https:\/\/l37.eu\/\",\"logo\":{\"@type\":\"ImageObject\",\"inLanguage\":\"en-US\",\"@id\":\"https:\/\/l37.eu\/#\/schema\/logo\/image\/\",\"url\":\"\",\"contentUrl\":\"\",\"caption\":\"L37 - polska marka obuwia i torebek sk\u00f3rzanych\"},\"image\":{\"@id\":\"https:\/\/l37.eu\/#\/schema\/logo\/image\/\"},\"sameAs\":[\"https:\/\/www.facebook.com\/L37.eu\/\",\"https:\/\/www.instagram.com\/l37_official\/\"]}]}<\/script>\n<!-- \/ Yoast SEO plugin. -->","yoast_head_json":{"title":"LONG WAY TO GO - FLATS, LOAFERS, SHOES - black","description":"FLATS, LOAFERS, SHOES - LONG WAY TO GO - black od L37 - polskiej marki galanterii sk\u00f3rzanej, kt\u00f3ra \u0142\u0105czy klasyczn\u0105 estetyk\u0119 z nowoczesnym podej\u015bciem do mody.","robots":{"index":"index","follow":"follow","max-snippet":"max-snippet:-1","max-image-preview":"max-image-preview:large","max-video-preview":"max-video-preview:-1"},"canonical":"https:\/\/l37.eu\/produkt\/long-way-to-go\/","og_locale":"en_US","og_type":"article","og_title":"LONG WAY TO GO - FLATS, LOAFERS, SHOES - black","og_description":"FLATS, LOAFERS, SHOES - LONG WAY TO GO - black od L37 - polskiej marki galanterii sk\u00f3rzanej, kt\u00f3ra \u0142\u0105czy klasyczn\u0105 estetyk\u0119 z nowoczesnym podej\u015bciem do mody.","og_url":"https:\/\/l37.eu\/produkt\/long-way-to-go\/","og_site_name":"L37 Handmade Shoes","article_publisher":"https:\/\/www.facebook.com\/L37.eu\/","article_modified_time":"2026-03-03T09:29:15+00:00","og_image":[{"width":1875,"height":2500,"url":"https:\/\/l37.eu\/wp-content\/uploads\/2021\/08\/P_LWTG_-3.jpg","type":"image\/jpeg"}],"twitter_card":"summary_large_image","twitter_misc":{"Est. reading time":"1 minute"},"schema":{"@context":"https:\/\/schema.org","@graph":[{"@type":"WebPage","@id":"https:\/\/l37.eu\/produkt\/long-way-to-go\/","url":"https:\/\/l37.eu\/produkt\/long-way-to-go\/","name":"LONG WAY TO GO - FLATS, LOAFERS, SHOES - black","isPartOf":{"@id":"https:\/\/l37.eu\/#website"},"primaryImageOfPage":{"@id":"https:\/\/l37.eu\/produkt\/long-way-to-go\/#primaryimage"},"image":{"@id":"https:\/\/l37.eu\/produkt\/long-way-to-go\/#primaryimage"},"thumbnailUrl":"https:\/\/l37.eu\/wp-content\/uploads\/2021\/08\/P_LWTG_-3.webp","datePublished":"2021-08-03T10:38:56+00:00","dateModified":"2026-03-03T09:29:15+00:00","description":"FLATS, LOAFERS, SHOES - LONG WAY TO GO - black od L37 - polskiej marki galanterii sk\u00f3rzanej, kt\u00f3ra \u0142\u0105czy klasyczn\u0105 estetyk\u0119 z nowoczesnym podej\u015bciem do mody.","breadcrumb":{"@id":"https:\/\/l37.eu\/produkt\/long-way-to-go\/#breadcrumb"},"inLanguage":"en-US","potentialAction":[{"@type":"ReadAction","target":["https:\/\/l37.eu\/produkt\/long-way-to-go\/"]}]},{"@type":"ImageObject","inLanguage":"en-US","@id":"https:\/\/l37.eu\/produkt\/long-way-to-go\/#primaryimage","url":"https:\/\/l37.eu\/wp-content\/uploads\/2021\/08\/P_LWTG_-3.webp","contentUrl":"https:\/\/l37.eu\/wp-content\/uploads\/2021\/08\/P_LWTG_-3.webp","width":1875,"height":2500},{"@type":"BreadcrumbList","@id":"https:\/\/l37.eu\/produkt\/long-way-to-go\/#breadcrumb","itemListElement":[{"@type":"ListItem","position":1,"name":"Home","item":"https:\/\/l37.eu\/en\/"},{"@type":"ListItem","position":2,"name":"Produkty","item":"https:\/\/l37.eu\/shop\/"},{"@type":"ListItem","position":3,"name":"LONG WAY TO GO"}]},{"@type":"WebSite","@id":"https:\/\/l37.eu\/#website","url":"https:\/\/l37.eu\/","name":"L37 - polska marka obuwia i torebek sk\u00f3rzanych","description":"Discover the harmony between style and comfort in the latest collection of L37 Handmade Shoes for the spring-summer 2024 season. Inspired by nature and modern trends, this collection offers original design and exceptional comfort, emphasizing your personality in every step.","publisher":{"@id":"https:\/\/l37.eu\/#organization"},"alternateName":"L37 - obuwie i galanteria sk\u00f3rzana","potentialAction":[{"@type":"SearchAction","target":{"@type":"EntryPoint","urlTemplate":"https:\/\/l37.eu\/?s={search_term_string}"},"query-input":{"@type":"PropertyValueSpecification","valueRequired":true,"valueName":"search_term_string"}}],"inLanguage":"en-US"},{"@type":"Organization","@id":"https:\/\/l37.eu\/#organization","name":"L37 - polska marka obuwia i torebek sk\u00f3rzanych","url":"https:\/\/l37.eu\/","logo":{"@type":"ImageObject","inLanguage":"en-US","@id":"https:\/\/l37.eu\/#\/schema\/logo\/image\/","url":"","contentUrl":"","caption":"L37 - polska marka obuwia i torebek sk\u00f3rzanych"},"image":{"@id":"https:\/\/l37.eu\/#\/schema\/logo\/image\/"},"sameAs":["https:\/\/www.facebook.com\/L37.eu\/","https:\/\/www.instagram.com\/l37_official\/"]}]}},"_links":{"self":[{"href":"https:\/\/l37.eu\/en\/wp-json\/wp\/v2\/product\/11679","targetHints":{"allow":["GET"]}}],"collection":[{"href":"https:\/\/l37.eu\/en\/wp-json\/wp\/v2\/product"}],"about":[{"href":"https:\/\/l37.eu\/en\/wp-json\/wp\/v2\/types\/product"}],"replies":[{"embeddable":true,"href":"https:\/\/l37.eu\/en\/wp-json\/wp\/v2\/comments?post=11679"}],"wp:featuredmedia":[{"embeddable":true,"href":"https:\/\/l37.eu\/en\/wp-json\/wp\/v2\/media\/506343"}],"wp:attachment":[{"href":"https:\/\/l37.eu\/en\/wp-json\/wp\/v2\/media?parent=11679"}],"wp:term":[{"taxonomy":"product_brand","embeddable":true,"href":"https:\/\/l37.eu\/en\/wp-json\/wp\/v2\/product_brand?post=11679"},{"taxonomy":"product_cat","embeddable":true,"href":"https:\/\/l37.eu\/en\/wp-json\/wp\/v2\/product_cat?post=11679"},{"taxonomy":"product_tag","embeddable":true,"href":"https:\/\/l37.eu\/en\/wp-json\/wp\/v2\/product_tag?post=11679"}],"curies":[{"name":"wp","href":"https:\/\/api.w.org\/{rel}","templated":true}]}}