{"id":107276,"date":"2021-12-08T13:11:22","date_gmt":"2021-12-08T12:11:22","guid":{"rendered":"https:\/\/l37.eu\/?post_type=product&#038;p=107276"},"modified":"2023-12-08T13:12:40","modified_gmt":"2023-12-08T12:12:40","slug":"party-shoes-5","status":"publish","type":"product","link":"https:\/\/l37.eu\/en\/product\/party-shoes-5\/","title":{"rendered":"PARTY SHOES"},"content":{"rendered":"","protected":false},"excerpt":{"rendered":"","protected":false},"featured_media":107280,"comment_status":"closed","ping_status":"closed","template":"","meta":{"_acf_changed":false},"product_brand":[],"product_cat":[86],"product_tag":[],"class_list":{"0":"post-107276","1":"product","2":"type-product","3":"status-publish","4":"has-post-thumbnail","6":"product_cat-party-shoes-en","7":"miinto-order","9":"first","10":"instock","11":"shipping-taxable","12":"product-type-external"},"acf":[],"yoast_head":"<!-- This site is optimized with the Yoast SEO plugin v27.2 - https:\/\/yoast.com\/product\/yoast-seo-wordpress\/ -->\n<title>PARTY SHOES -<\/title>\n<meta name=\"description\" content=\"- PARTY SHOES - od L37 - polskiej marki galanterii sk\u00f3rzanej, kt\u00f3ra \u0142\u0105czy klasyczn\u0105 estetyk\u0119 z nowoczesnym podej\u015bciem do mody.\" \/>\n<meta name=\"robots\" content=\"index, follow, max-snippet:-1, max-image-preview:large, max-video-preview:-1\" \/>\n<link rel=\"canonical\" href=\"https:\/\/l37.eu\/produkt\/party-shoes-5\/\" \/>\n<meta property=\"og:locale\" content=\"en_US\" \/>\n<meta property=\"og:type\" content=\"article\" \/>\n<meta property=\"og:title\" content=\"PARTY SHOES -\" \/>\n<meta property=\"og:description\" content=\"- PARTY SHOES - od L37 - polskiej marki galanterii sk\u00f3rzanej, kt\u00f3ra \u0142\u0105czy klasyczn\u0105 estetyk\u0119 z nowoczesnym podej\u015bciem do mody.\" \/>\n<meta property=\"og:url\" content=\"https:\/\/l37.eu\/produkt\/party-shoes-5\/\" \/>\n<meta property=\"og:site_name\" content=\"L37 Handmade Shoes\" \/>\n<meta property=\"article:publisher\" content=\"https:\/\/www.facebook.com\/L37.eu\/\" \/>\n<meta property=\"article:modified_time\" content=\"2023-12-08T12:12:40+00:00\" \/>\n<meta property=\"og:image\" content=\"https:\/\/l37.eu\/wp-content\/uploads\/2023\/12\/aa.jpg\" \/>\n\t<meta property=\"og:image:width\" content=\"1875\" \/>\n\t<meta property=\"og:image:height\" content=\"2500\" \/>\n\t<meta property=\"og:image:type\" content=\"image\/jpeg\" \/>\n<meta name=\"twitter:card\" content=\"summary_large_image\" \/>\n<script type=\"application\/ld+json\" class=\"yoast-schema-graph\">{\"@context\":\"https:\/\/schema.org\",\"@graph\":[{\"@type\":\"WebPage\",\"@id\":\"https:\/\/l37.eu\/produkt\/party-shoes-5\/\",\"url\":\"https:\/\/l37.eu\/produkt\/party-shoes-5\/\",\"name\":\"PARTY SHOES -\",\"isPartOf\":{\"@id\":\"https:\/\/l37.eu\/#website\"},\"primaryImageOfPage\":{\"@id\":\"https:\/\/l37.eu\/produkt\/party-shoes-5\/#primaryimage\"},\"image\":{\"@id\":\"https:\/\/l37.eu\/produkt\/party-shoes-5\/#primaryimage\"},\"thumbnailUrl\":\"https:\/\/l37.eu\/wp-content\/uploads\/2023\/12\/aa.jpg\",\"datePublished\":\"2021-12-08T12:11:22+00:00\",\"dateModified\":\"2023-12-08T12:12:40+00:00\",\"description\":\"- PARTY SHOES - od L37 - polskiej marki galanterii sk\u00f3rzanej, kt\u00f3ra \u0142\u0105czy klasyczn\u0105 estetyk\u0119 z nowoczesnym podej\u015bciem do mody.\",\"breadcrumb\":{\"@id\":\"https:\/\/l37.eu\/produkt\/party-shoes-5\/#breadcrumb\"},\"inLanguage\":\"en-US\",\"potentialAction\":[{\"@type\":\"ReadAction\",\"target\":[\"https:\/\/l37.eu\/produkt\/party-shoes-5\/\"]}]},{\"@type\":\"ImageObject\",\"inLanguage\":\"en-US\",\"@id\":\"https:\/\/l37.eu\/produkt\/party-shoes-5\/#primaryimage\",\"url\":\"https:\/\/l37.eu\/wp-content\/uploads\/2023\/12\/aa.jpg\",\"contentUrl\":\"https:\/\/l37.eu\/wp-content\/uploads\/2023\/12\/aa.jpg\",\"width\":1875,\"height\":2500},{\"@type\":\"BreadcrumbList\",\"@id\":\"https:\/\/l37.eu\/produkt\/party-shoes-5\/#breadcrumb\",\"itemListElement\":[{\"@type\":\"ListItem\",\"position\":1,\"name\":\"Home\",\"item\":\"https:\/\/l37.eu\/en\/\"},{\"@type\":\"ListItem\",\"position\":2,\"name\":\"Produkty\",\"item\":\"https:\/\/l37.eu\/shop\/\"},{\"@type\":\"ListItem\",\"position\":3,\"name\":\"PARTY SHOES\"}]},{\"@type\":\"WebSite\",\"@id\":\"https:\/\/l37.eu\/#website\",\"url\":\"https:\/\/l37.eu\/\",\"name\":\"L37 - polska marka obuwia i torebek sk\u00f3rzanych\",\"description\":\"Discover the harmony between style and comfort in the latest collection of L37 Handmade Shoes for the spring-summer 2024 season. Inspired by nature and modern trends, this collection offers original design and exceptional comfort, emphasizing your personality in every step.\",\"publisher\":{\"@id\":\"https:\/\/l37.eu\/#organization\"},\"alternateName\":\"L37 - obuwie i galanteria sk\u00f3rzana\",\"potentialAction\":[{\"@type\":\"SearchAction\",\"target\":{\"@type\":\"EntryPoint\",\"urlTemplate\":\"https:\/\/l37.eu\/?s={search_term_string}\"},\"query-input\":{\"@type\":\"PropertyValueSpecification\",\"valueRequired\":true,\"valueName\":\"search_term_string\"}}],\"inLanguage\":\"en-US\"},{\"@type\":\"Organization\",\"@id\":\"https:\/\/l37.eu\/#organization\",\"name\":\"L37 - polska marka obuwia i torebek sk\u00f3rzanych\",\"url\":\"https:\/\/l37.eu\/\",\"logo\":{\"@type\":\"ImageObject\",\"inLanguage\":\"en-US\",\"@id\":\"https:\/\/l37.eu\/#\/schema\/logo\/image\/\",\"url\":\"\",\"contentUrl\":\"\",\"caption\":\"L37 - polska marka obuwia i torebek sk\u00f3rzanych\"},\"image\":{\"@id\":\"https:\/\/l37.eu\/#\/schema\/logo\/image\/\"},\"sameAs\":[\"https:\/\/www.facebook.com\/L37.eu\/\",\"https:\/\/www.instagram.com\/l37_official\/\"]}]}<\/script>\n<!-- \/ Yoast SEO plugin. -->","yoast_head_json":{"title":"PARTY SHOES -","description":"- PARTY SHOES - od L37 - polskiej marki galanterii sk\u00f3rzanej, kt\u00f3ra \u0142\u0105czy klasyczn\u0105 estetyk\u0119 z nowoczesnym podej\u015bciem do mody.","robots":{"index":"index","follow":"follow","max-snippet":"max-snippet:-1","max-image-preview":"max-image-preview:large","max-video-preview":"max-video-preview:-1"},"canonical":"https:\/\/l37.eu\/produkt\/party-shoes-5\/","og_locale":"en_US","og_type":"article","og_title":"PARTY SHOES -","og_description":"- PARTY SHOES - od L37 - polskiej marki galanterii sk\u00f3rzanej, kt\u00f3ra \u0142\u0105czy klasyczn\u0105 estetyk\u0119 z nowoczesnym podej\u015bciem do mody.","og_url":"https:\/\/l37.eu\/produkt\/party-shoes-5\/","og_site_name":"L37 Handmade Shoes","article_publisher":"https:\/\/www.facebook.com\/L37.eu\/","article_modified_time":"2023-12-08T12:12:40+00:00","og_image":[{"width":1875,"height":2500,"url":"https:\/\/l37.eu\/wp-content\/uploads\/2023\/12\/aa.jpg","type":"image\/jpeg"}],"twitter_card":"summary_large_image","schema":{"@context":"https:\/\/schema.org","@graph":[{"@type":"WebPage","@id":"https:\/\/l37.eu\/produkt\/party-shoes-5\/","url":"https:\/\/l37.eu\/produkt\/party-shoes-5\/","name":"PARTY SHOES -","isPartOf":{"@id":"https:\/\/l37.eu\/#website"},"primaryImageOfPage":{"@id":"https:\/\/l37.eu\/produkt\/party-shoes-5\/#primaryimage"},"image":{"@id":"https:\/\/l37.eu\/produkt\/party-shoes-5\/#primaryimage"},"thumbnailUrl":"https:\/\/l37.eu\/wp-content\/uploads\/2023\/12\/aa.jpg","datePublished":"2021-12-08T12:11:22+00:00","dateModified":"2023-12-08T12:12:40+00:00","description":"- PARTY SHOES - od L37 - polskiej marki galanterii sk\u00f3rzanej, kt\u00f3ra \u0142\u0105czy klasyczn\u0105 estetyk\u0119 z nowoczesnym podej\u015bciem do mody.","breadcrumb":{"@id":"https:\/\/l37.eu\/produkt\/party-shoes-5\/#breadcrumb"},"inLanguage":"en-US","potentialAction":[{"@type":"ReadAction","target":["https:\/\/l37.eu\/produkt\/party-shoes-5\/"]}]},{"@type":"ImageObject","inLanguage":"en-US","@id":"https:\/\/l37.eu\/produkt\/party-shoes-5\/#primaryimage","url":"https:\/\/l37.eu\/wp-content\/uploads\/2023\/12\/aa.jpg","contentUrl":"https:\/\/l37.eu\/wp-content\/uploads\/2023\/12\/aa.jpg","width":1875,"height":2500},{"@type":"BreadcrumbList","@id":"https:\/\/l37.eu\/produkt\/party-shoes-5\/#breadcrumb","itemListElement":[{"@type":"ListItem","position":1,"name":"Home","item":"https:\/\/l37.eu\/en\/"},{"@type":"ListItem","position":2,"name":"Produkty","item":"https:\/\/l37.eu\/shop\/"},{"@type":"ListItem","position":3,"name":"PARTY SHOES"}]},{"@type":"WebSite","@id":"https:\/\/l37.eu\/#website","url":"https:\/\/l37.eu\/","name":"L37 - polska marka obuwia i torebek sk\u00f3rzanych","description":"Discover the harmony between style and comfort in the latest collection of L37 Handmade Shoes for the spring-summer 2024 season. Inspired by nature and modern trends, this collection offers original design and exceptional comfort, emphasizing your personality in every step.","publisher":{"@id":"https:\/\/l37.eu\/#organization"},"alternateName":"L37 - obuwie i galanteria sk\u00f3rzana","potentialAction":[{"@type":"SearchAction","target":{"@type":"EntryPoint","urlTemplate":"https:\/\/l37.eu\/?s={search_term_string}"},"query-input":{"@type":"PropertyValueSpecification","valueRequired":true,"valueName":"search_term_string"}}],"inLanguage":"en-US"},{"@type":"Organization","@id":"https:\/\/l37.eu\/#organization","name":"L37 - polska marka obuwia i torebek sk\u00f3rzanych","url":"https:\/\/l37.eu\/","logo":{"@type":"ImageObject","inLanguage":"en-US","@id":"https:\/\/l37.eu\/#\/schema\/logo\/image\/","url":"","contentUrl":"","caption":"L37 - polska marka obuwia i torebek sk\u00f3rzanych"},"image":{"@id":"https:\/\/l37.eu\/#\/schema\/logo\/image\/"},"sameAs":["https:\/\/www.facebook.com\/L37.eu\/","https:\/\/www.instagram.com\/l37_official\/"]}]}},"_links":{"self":[{"href":"https:\/\/l37.eu\/en\/wp-json\/wp\/v2\/product\/107276","targetHints":{"allow":["GET"]}}],"collection":[{"href":"https:\/\/l37.eu\/en\/wp-json\/wp\/v2\/product"}],"about":[{"href":"https:\/\/l37.eu\/en\/wp-json\/wp\/v2\/types\/product"}],"replies":[{"embeddable":true,"href":"https:\/\/l37.eu\/en\/wp-json\/wp\/v2\/comments?post=107276"}],"wp:featuredmedia":[{"embeddable":true,"href":"https:\/\/l37.eu\/en\/wp-json\/wp\/v2\/media\/107280"}],"wp:attachment":[{"href":"https:\/\/l37.eu\/en\/wp-json\/wp\/v2\/media?parent=107276"}],"wp:term":[{"taxonomy":"product_brand","embeddable":true,"href":"https:\/\/l37.eu\/en\/wp-json\/wp\/v2\/product_brand?post=107276"},{"taxonomy":"product_cat","embeddable":true,"href":"https:\/\/l37.eu\/en\/wp-json\/wp\/v2\/product_cat?post=107276"},{"taxonomy":"product_tag","embeddable":true,"href":"https:\/\/l37.eu\/en\/wp-json\/wp\/v2\/product_tag?post=107276"}],"curies":[{"name":"wp","href":"https:\/\/api.w.org\/{rel}","templated":true}]}}